{"id":18777,"date":"2024-07-25T11:06:40","date_gmt":"2024-07-25T09:06:40","guid":{"rendered":"https:\/\/iqvagro.com\/glp-sertifikali-laboratuvar\/"},"modified":"2024-07-30T11:03:50","modified_gmt":"2024-07-30T09:03:50","slug":"glp-sertifikali-laboratuvar","status":"publish","type":"page","link":"https:\/\/iqvagro.com\/tr\/hizmetler\/glp-sertifikali-laboratuvar\/","title":{"rendered":"GLP SERT\u0130F\u0130KALI LABORATUVAR"},"content":{"rendered":"\t\t<div data-elementor-type=\"wp-page\" data-elementor-id=\"18777\" class=\"elementor elementor-18777 elementor-17096\" data-elementor-post-type=\"page\">\n\t\t\t\t\t\t<section class=\"elementor-section elementor-top-section elementor-element elementor-element-2321eb51 elementor-section-boxed elementor-section-height-default elementor-section-height-default\" data-id=\"2321eb51\" data-element_type=\"section\" data-e-type=\"section\" data-settings=\"{&quot;background_background&quot;:&quot;classic&quot;}\">\n\t\t\t\t\t\t\t<div class=\"elementor-background-overlay\"><\/div>\n\t\t\t\t\t\t\t<div class=\"elementor-container elementor-column-gap-default\">\n\t\t\t\t\t<div class=\"elementor-column elementor-col-100 elementor-top-column elementor-element elementor-element-59e544f3\" data-id=\"59e544f3\" data-element_type=\"column\" data-e-type=\"column\">\n\t\t\t<div class=\"elementor-widget-wrap elementor-element-populated\">\n\t\t\t\t\t\t<div class=\"elementor-element elementor-element-21acb775 elementor-widget elementor-widget-heading\" data-id=\"21acb775\" data-element_type=\"widget\" data-e-type=\"widget\" data-widget_type=\"heading.default\">\n\t\t\t\t<div class=\"elementor-widget-container\">\n\t\t\t\t\t<h1 class=\"elementor-heading-title elementor-size-default\">GLP SERT\u0130F\u0130KALI LABORATUVAR<\/h1>\t\t\t\t<\/div>\n\t\t\t\t<\/div>\n\t\t\t\t<div class=\"elementor-element elementor-element-3b473a10 elementor-widget elementor-widget-heading\" data-id=\"3b473a10\" data-element_type=\"widget\" data-e-type=\"widget\" data-widget_type=\"heading.default\">\n\t\t\t\t<div class=\"elementor-widget-container\">\n\t\t\t\t\t<span class=\"elementor-heading-title elementor-size-default\">Bu laboratuvar, rekabetin \u00f6tesine ge\u00e7en ve g\u00fcvenilir sonu\u00e7lar i\u00e7in yeni s\u0131n\u0131rlar olu\u015fturan bir standart belirleyerek kalite analizinde m\u00fckemmelli\u011fin zirvesini temsil etmektedir.<\/span>\t\t\t\t<\/div>\n\t\t\t\t<\/div>\n\t\t\t\t\t<\/div>\n\t\t<\/div>\n\t\t\t\t\t<\/div>\n\t\t<\/section>\n\t\t\t\t<section class=\"elementor-section elementor-top-section elementor-element elementor-element-54198d3d elementor-section-boxed elementor-section-height-default elementor-section-height-default\" data-id=\"54198d3d\" data-element_type=\"section\" data-e-type=\"section\">\n\t\t\t\t\t\t<div class=\"elementor-container elementor-column-gap-default\">\n\t\t\t\t\t<div class=\"elementor-column elementor-col-100 elementor-top-column elementor-element elementor-element-1b43641e\" data-id=\"1b43641e\" data-element_type=\"column\" data-e-type=\"column\">\n\t\t\t<div class=\"elementor-widget-wrap elementor-element-populated\">\n\t\t\t\t\t\t<div class=\"elementor-element elementor-element-657f06c6 elementor-widget elementor-widget-heading\" data-id=\"657f06c6\" data-element_type=\"widget\" data-e-type=\"widget\" data-widget_type=\"heading.default\">\n\t\t\t\t<div class=\"elementor-widget-container\">\n\t\t\t\t\t<h2 class=\"elementor-heading-title elementor-size-default\">GLP sertifikal\u0131 laboratuvar analizi: Her sonu\u00e7ta sertifikal\u0131 kalite<\/h2>\t\t\t\t<\/div>\n\t\t\t\t<\/div>\n\t\t\t\t<section class=\"elementor-section elementor-inner-section elementor-element elementor-element-25d4b768 elementor-section-boxed elementor-section-height-default elementor-section-height-default\" data-id=\"25d4b768\" data-element_type=\"section\" data-e-type=\"section\">\n\t\t\t\t\t\t<div class=\"elementor-container elementor-column-gap-default\">\n\t\t\t\t\t<div class=\"elementor-column elementor-col-100 elementor-inner-column elementor-element elementor-element-288f24fc\" data-id=\"288f24fc\" data-element_type=\"column\" data-e-type=\"column\">\n\t\t\t<div class=\"elementor-widget-wrap elementor-element-populated\">\n\t\t\t\t\t\t<div class=\"elementor-element elementor-element-9bd7ec4 elementor-widget elementor-widget-text-editor\" data-id=\"9bd7ec4\" data-element_type=\"widget\" data-e-type=\"widget\" data-widget_type=\"text-editor.default\">\n\t\t\t\t<div class=\"elementor-widget-container\">\n\t\t\t\t\t\t\t\t\t<p>Her analizin bir sonu\u00e7tan daha fazlas\u0131 oldu\u011fu, kesin do\u011fruluk ve g\u00fcvenilirli\u011fi temsil eden <strong>GLP Sertifikal\u0131 Laboratuvar\u0131m\u0131z\u0131n<\/strong> sundu\u011fu kalite g\u00fcvencesinden yararlan\u0131n. M\u00fckemmelli\u011fe olan sars\u0131lmaz ba\u011fl\u0131l\u0131\u011f\u0131m\u0131z, analiz s\u00fcrecinin her ad\u0131m\u0131na yans\u0131maktad\u0131r. Y\u00fcksek e\u011fitimli ekibimiz ve son teknoloji tesislerimiz, numunelerin al\u0131nmas\u0131ndan raporlar\u0131n d\u00fczenlenmesine kadar, her bir verinin IQV Agro&#8217;yu tan\u0131mlayan kalitenin bir kan\u0131t\u0131 olmas\u0131n\u0131 sa\u011flar.  <\/p>\n<p><strong>GLP Sertifikal\u0131 Laboratuvar\u0131m\u0131z\u0131n<\/strong> beklentilerin \u00f6tesine ge\u00e7erek \u00fcr\u00fcnlerimizin kimyasal bile\u015fiminden safl\u0131\u011f\u0131na kadar \u00e7ok \u00e7e\u015fitli analizleri nas\u0131l sundu\u011funu ke\u015ffedin. Sonu\u00e7lar\u0131m\u0131z\u0131n do\u011frulu\u011fu, sadece end\u00fcstri standartlar\u0131n\u0131 kar\u015f\u0131lamakla kalm\u0131yor, bunlar\u0131n \u00f6tesine ge\u00e7erek size sadece bir end\u00fcstri liderinin sunabilece\u011fi g\u00fcveni veriyor. Her bir sertifikal\u0131 raporla, sizi kalitenin bir taahh\u00fctten daha fazlas\u0131 oldu\u011fu IQV Agro ile \u00e7al\u0131\u015fman\u0131n huzurunu ya\u015famaya davet ediyoruz. Bizim miras\u0131m\u0131z budur.  <\/p>\t\t\t\t\t\t\t\t<\/div>\n\t\t\t\t<\/div>\n\t\t\t\t\t<\/div>\n\t\t<\/div>\n\t\t\t\t\t<\/div>\n\t\t<\/section>\n\t\t\t\t\t<\/div>\n\t\t<\/div>\n\t\t\t\t\t<\/div>\n\t\t<\/section>\n\t\t\t\t<section class=\"elementor-section elementor-top-section elementor-element elementor-element-65be1c26 elementor-section-boxed elementor-section-height-default elementor-section-height-default\" data-id=\"65be1c26\" data-element_type=\"section\" data-e-type=\"section\" id=\"productos\" data-settings=\"{&quot;background_background&quot;:&quot;classic&quot;}\">\n\t\t\t\t\t\t<div class=\"elementor-container elementor-column-gap-default\">\n\t\t\t\t\t<div class=\"elementor-column elementor-col-100 elementor-top-column elementor-element elementor-element-c5d13ae\" data-id=\"c5d13ae\" data-element_type=\"column\" data-e-type=\"column\">\n\t\t\t<div class=\"elementor-widget-wrap elementor-element-populated\">\n\t\t\t\t\t\t<div class=\"elementor-element elementor-element-5f8a832b elementor-widget elementor-widget-heading\" data-id=\"5f8a832b\" data-element_type=\"widget\" data-e-type=\"widget\" data-widget_type=\"heading.default\">\n\t\t\t\t<div class=\"elementor-widget-container\">\n\t\t\t\t\t<h2 class=\"elementor-heading-title elementor-size-default\">SON TEKNOLOJ\u0130 GLP sertifikal\u0131 laboratuvar\u0131m\u0131z\u0131n avantajlar\u0131n\u0131 ke\u015ffedin<\/h2>\t\t\t\t<\/div>\n\t\t\t\t<\/div>\n\t\t\t\t\t<\/div>\n\t\t<\/div>\n\t\t\t\t\t<\/div>\n\t\t<\/section>\n\t\t\t\t<section class=\"elementor-section elementor-top-section elementor-element elementor-element-59a33ca2 elementor-section-boxed elementor-section-height-default elementor-section-height-default\" data-id=\"59a33ca2\" data-element_type=\"section\" data-e-type=\"section\">\n\t\t\t\t\t\t<div class=\"elementor-container elementor-column-gap-default\">\n\t\t\t\t\t<div class=\"elementor-column elementor-col-100 elementor-top-column elementor-element elementor-element-5daddaa5\" data-id=\"5daddaa5\" data-element_type=\"column\" data-e-type=\"column\">\n\t\t\t<div class=\"elementor-widget-wrap elementor-element-populated\">\n\t\t\t\t\t\t<div class=\"elementor-element elementor-element-f02c020 elementor-widget elementor-widget-text-editor\" data-id=\"f02c020\" data-element_type=\"widget\" data-e-type=\"widget\" data-widget_type=\"text-editor.default\">\n\t\t\t\t<div class=\"elementor-widget-container\">\n\t\t\t\t\t\t\t\t\tEn yeni nesil <strong>GLP Sertifikal\u0131 Laboratuvar\u0131m\u0131z<\/strong> ile olas\u0131l\u0131klar d\u00fcnyas\u0131na ad\u0131m at\u0131n. Sadece standartlar\u0131 kar\u015f\u0131laman\u0131n \u00f6tesine ge\u00e7erek kendimizi s\u00fcrekli inovasyona adad\u0131k. Geli\u015fmi\u015f analitik tekniklerimizin yaln\u0131zca bug\u00fcn\u00fcn ihtiya\u00e7lar\u0131n\u0131 kar\u015f\u0131lamakla kalmay\u0131p gelecekteki zorluklar\u0131 nas\u0131l \u00f6ng\u00f6rd\u00fc\u011f\u00fcn\u00fc ve ele ald\u0131\u011f\u0131n\u0131 ke\u015ffedin. IQV Agro\u2019da en son teknoloji bizim i\u015fimiz ve <strong>GLP Sertifikal\u0131 Laboratuvar\u0131m\u0131z<\/strong> kalite g\u00fcvence devriminin merkez \u00fcss\u00fcd\u00fcr. Geleneksel beklentilerin \u00f6tesine ge\u00e7en bir laboratuvardan yararlanman\u0131n avantajlar\u0131n\u0131 ke\u015ffedin. Sonu\u00e7lar\u0131n h\u0131zl\u0131 bir \u015fekilde teslim edilmesinden hizmetimizi karakterize eden ki\u015fiselle\u015ftirilmi\u015f ilgiye kadar her \u00f6zellik, rahat\u0131n\u0131z ve memnuniyetiniz g\u00f6z \u00f6n\u00fcnde bulundurularak tasarland\u0131.     \t\t\t\t\t\t\t\t<\/div>\n\t\t\t\t<\/div>\n\t\t\t\t\t<\/div>\n\t\t<\/div>\n\t\t\t\t\t<\/div>\n\t\t<\/section>\n\t\t\t\t<section class=\"elementor-section elementor-top-section elementor-element elementor-element-f6b3020 elementor-section-boxed elementor-section-height-default elementor-section-height-default\" data-id=\"f6b3020\" data-element_type=\"section\" data-e-type=\"section\" data-settings=\"{&quot;background_background&quot;:&quot;classic&quot;}\">\n\t\t\t\t\t\t\t<div class=\"elementor-background-overlay\"><\/div>\n\t\t\t\t\t\t\t<div class=\"elementor-container elementor-column-gap-default\">\n\t\t\t\t\t<div class=\"elementor-column elementor-col-100 elementor-top-column elementor-element elementor-element-8bafb40\" data-id=\"8bafb40\" data-element_type=\"column\" data-e-type=\"column\">\n\t\t\t<div class=\"elementor-widget-wrap elementor-element-populated\">\n\t\t\t\t\t\t<div class=\"elementor-element elementor-element-7dc9600 elementor-widget elementor-widget-heading\" data-id=\"7dc9600\" data-element_type=\"widget\" data-e-type=\"widget\" data-widget_type=\"heading.default\">\n\t\t\t\t<div class=\"elementor-widget-container\">\n\t\t\t\t\t<span class=\"elementor-heading-title elementor-size-default\">IQV Agro ile fark\u0131 deneyimlemeye cesaret edin ve <strong>GLP Sertifikal\u0131 Laboratuvar\u0131m\u0131z\u0131n<\/strong> sadece standartlar\u0131 kar\u015f\u0131lamakla kalmay\u0131p bunlar\u0131 nas\u0131l yeniden tan\u0131mlad\u0131\u011f\u0131n\u0131 ke\u015ffedin.<\/span>\t\t\t\t<\/div>\n\t\t\t\t<\/div>\n\t\t\t\t\t<\/div>\n\t\t<\/div>\n\t\t\t\t\t<\/div>\n\t\t<\/section>\n\t\t\t\t<\/div>\n\t\t","protected":false},"excerpt":{"rendered":"<p>GLP SERT\u0130F\u0130KALI LABORATUVAR Bu laboratuvar, rekabetin \u00f6tesine ge\u00e7en ve g\u00fcvenilir sonu\u00e7lar i\u00e7in yeni s\u0131n\u0131rlar olu\u015fturan bir standart belirleyerek kalite analizinde m\u00fckemmelli\u011fin zirvesini temsil etmektedir. GLP sertifikal\u0131 laboratuvar analizi: Her sonu\u00e7ta sertifikal\u0131 kalite Her analizin bir sonu\u00e7tan daha fazlas\u0131 oldu\u011fu, kesin do\u011fruluk ve g\u00fcvenilirli\u011fi temsil eden GLP Sertifikal\u0131 Laboratuvar\u0131m\u0131z\u0131n sundu\u011fu kalite g\u00fcvencesinden yararlan\u0131n. M\u00fckemmelli\u011fe olan sars\u0131lmaz [&hellip;]<\/p>\n","protected":false},"author":5,"featured_media":0,"parent":18786,"menu_order":0,"comment_status":"closed","ping_status":"closed","template":"","meta":{"_acf_changed":false,"footnotes":""},"class_list":["post-18777","page","type-page","status-publish","hentry"],"acf":[],"yoast_head":"<!-- This site is optimized with the Yoast SEO plugin v27.4 - https:\/\/yoast.com\/product\/yoast-seo-wordpress\/ -->\n<title>GLP SERT\u0130F\u0130KALI LABORATUVAR - IQV Matholding Group<\/title>\n<meta name=\"description\" content=\"Investigaci\u00f3n confiable con resultados precisos. Nuestro Laboratorio BPL es tu socio en descubrimientos cient\u00edficos de alta calidad.\" \/>\n<meta name=\"robots\" content=\"index, follow, max-snippet:-1, max-image-preview:large, max-video-preview:-1\" \/>\n<link rel=\"canonical\" href=\"https:\/\/iqvagro.com\/tr-tr\/hizmetler\/glp-sertifikali-laboratuvar\/\" \/>\n<meta property=\"og:locale\" content=\"tr_TR\" \/>\n<meta property=\"og:type\" content=\"article\" \/>\n<meta property=\"og:title\" content=\"GLP SERT\u0130F\u0130KALI LABORATUVAR - IQV Matholding Group\" \/>\n<meta property=\"og:description\" content=\"Investigaci\u00f3n confiable con resultados precisos. Nuestro Laboratorio BPL es tu socio en descubrimientos cient\u00edficos de alta calidad.\" \/>\n<meta property=\"og:url\" content=\"https:\/\/iqvagro.com\/tr-tr\/hizmetler\/glp-sertifikali-laboratuvar\/\" \/>\n<meta property=\"og:site_name\" content=\"IQV Matholding Group\" \/>\n<meta property=\"article:publisher\" content=\"https:\/\/www.facebook.com\/iqv.cropscience\" \/>\n<meta property=\"article:modified_time\" content=\"2024-07-30T09:03:50+00:00\" \/>\n<meta name=\"twitter:card\" content=\"summary_large_image\" \/>\n<meta name=\"twitter:label1\" content=\"Tahmini okuma s\u00fcresi\" \/>\n\t<meta name=\"twitter:data1\" content=\"2 dakika\" \/>\n<script type=\"application\/ld+json\" class=\"yoast-schema-graph\">{\"@context\":\"https:\\\/\\\/schema.org\",\"@graph\":[{\"@type\":\"WebPage\",\"@id\":\"https:\\\/\\\/iqvagro.com\\\/tr-tr\\\/hizmetler\\\/glp-sertifikali-laboratuvar\\\/\",\"url\":\"https:\\\/\\\/iqvagro.com\\\/tr-tr\\\/hizmetler\\\/glp-sertifikali-laboratuvar\\\/\",\"name\":\"GLP SERT\u0130F\u0130KALI LABORATUVAR - IQV Matholding Group\",\"isPartOf\":{\"@id\":\"https:\\\/\\\/iqvagro.com\\\/#website\"},\"datePublished\":\"2024-07-25T09:06:40+00:00\",\"dateModified\":\"2024-07-30T09:03:50+00:00\",\"description\":\"Investigaci\u00f3n confiable con resultados precisos. Nuestro Laboratorio BPL es tu socio en descubrimientos cient\u00edficos de alta calidad.\",\"breadcrumb\":{\"@id\":\"https:\\\/\\\/iqvagro.com\\\/tr-tr\\\/hizmetler\\\/glp-sertifikali-laboratuvar\\\/#breadcrumb\"},\"inLanguage\":\"tr\",\"potentialAction\":[{\"@type\":\"ReadAction\",\"target\":[\"https:\\\/\\\/iqvagro.com\\\/tr-tr\\\/hizmetler\\\/glp-sertifikali-laboratuvar\\\/\"]}]},{\"@type\":\"BreadcrumbList\",\"@id\":\"https:\\\/\\\/iqvagro.com\\\/tr-tr\\\/hizmetler\\\/glp-sertifikali-laboratuvar\\\/#breadcrumb\",\"itemListElement\":[{\"@type\":\"ListItem\",\"position\":1,\"name\":\"Portada\",\"item\":\"https:\\\/\\\/iqvagro.com\\\/tr\\\/\"},{\"@type\":\"ListItem\",\"position\":2,\"name\":\"Hizmetler\",\"item\":\"https:\\\/\\\/iqvagro.com\\\/tr\\\/hizmetler\\\/\"},{\"@type\":\"ListItem\",\"position\":3,\"name\":\"GLP SERT\u0130F\u0130KALI LABORATUVAR\"}]},{\"@type\":\"WebSite\",\"@id\":\"https:\\\/\\\/iqvagro.com\\\/#website\",\"url\":\"https:\\\/\\\/iqvagro.com\\\/\",\"name\":\"IQV Matholding Group\",\"description\":\"Taking Care of Crops\",\"publisher\":{\"@id\":\"https:\\\/\\\/iqvagro.com\\\/#organization\"},\"potentialAction\":[{\"@type\":\"SearchAction\",\"target\":{\"@type\":\"EntryPoint\",\"urlTemplate\":\"https:\\\/\\\/iqvagro.com\\\/?s={search_term_string}\"},\"query-input\":{\"@type\":\"PropertyValueSpecification\",\"valueRequired\":true,\"valueName\":\"search_term_string\"}}],\"inLanguage\":\"tr\"},{\"@type\":\"Organization\",\"@id\":\"https:\\\/\\\/iqvagro.com\\\/#organization\",\"name\":\"IQV Matholding Group\",\"url\":\"https:\\\/\\\/iqvagro.com\\\/\",\"logo\":{\"@type\":\"ImageObject\",\"inLanguage\":\"tr\",\"@id\":\"https:\\\/\\\/iqvagro.com\\\/#\\\/schema\\\/logo\\\/image\\\/\",\"url\":\"https:\\\/\\\/iqvagro.com\\\/wp-content\\\/uploads\\\/2025\\\/05\\\/logo_IQV_new_2025.svg\",\"contentUrl\":\"https:\\\/\\\/iqvagro.com\\\/wp-content\\\/uploads\\\/2025\\\/05\\\/logo_IQV_new_2025.svg\",\"caption\":\"IQV Matholding Group\"},\"image\":{\"@id\":\"https:\\\/\\\/iqvagro.com\\\/#\\\/schema\\\/logo\\\/image\\\/\"},\"sameAs\":[\"https:\\\/\\\/www.facebook.com\\\/iqv.cropscience\",\"https:\\\/\\\/www.instagram.com\\\/iqv.cropscience\\\/\"]}]}<\/script>\n<!-- \/ Yoast SEO plugin. -->","yoast_head_json":{"title":"GLP SERT\u0130F\u0130KALI LABORATUVAR - IQV Matholding Group","description":"Investigaci\u00f3n confiable con resultados precisos. Nuestro Laboratorio BPL es tu socio en descubrimientos cient\u00edficos de alta calidad.","robots":{"index":"index","follow":"follow","max-snippet":"max-snippet:-1","max-image-preview":"max-image-preview:large","max-video-preview":"max-video-preview:-1"},"canonical":"https:\/\/iqvagro.com\/tr-tr\/hizmetler\/glp-sertifikali-laboratuvar\/","og_locale":"tr_TR","og_type":"article","og_title":"GLP SERT\u0130F\u0130KALI LABORATUVAR - IQV Matholding Group","og_description":"Investigaci\u00f3n confiable con resultados precisos. Nuestro Laboratorio BPL es tu socio en descubrimientos cient\u00edficos de alta calidad.","og_url":"https:\/\/iqvagro.com\/tr-tr\/hizmetler\/glp-sertifikali-laboratuvar\/","og_site_name":"IQV Matholding Group","article_publisher":"https:\/\/www.facebook.com\/iqv.cropscience","article_modified_time":"2024-07-30T09:03:50+00:00","twitter_card":"summary_large_image","twitter_misc":{"Tahmini okuma s\u00fcresi":"2 dakika"},"schema":{"@context":"https:\/\/schema.org","@graph":[{"@type":"WebPage","@id":"https:\/\/iqvagro.com\/tr-tr\/hizmetler\/glp-sertifikali-laboratuvar\/","url":"https:\/\/iqvagro.com\/tr-tr\/hizmetler\/glp-sertifikali-laboratuvar\/","name":"GLP SERT\u0130F\u0130KALI LABORATUVAR - IQV Matholding Group","isPartOf":{"@id":"https:\/\/iqvagro.com\/#website"},"datePublished":"2024-07-25T09:06:40+00:00","dateModified":"2024-07-30T09:03:50+00:00","description":"Investigaci\u00f3n confiable con resultados precisos. Nuestro Laboratorio BPL es tu socio en descubrimientos cient\u00edficos de alta calidad.","breadcrumb":{"@id":"https:\/\/iqvagro.com\/tr-tr\/hizmetler\/glp-sertifikali-laboratuvar\/#breadcrumb"},"inLanguage":"tr","potentialAction":[{"@type":"ReadAction","target":["https:\/\/iqvagro.com\/tr-tr\/hizmetler\/glp-sertifikali-laboratuvar\/"]}]},{"@type":"BreadcrumbList","@id":"https:\/\/iqvagro.com\/tr-tr\/hizmetler\/glp-sertifikali-laboratuvar\/#breadcrumb","itemListElement":[{"@type":"ListItem","position":1,"name":"Portada","item":"https:\/\/iqvagro.com\/tr\/"},{"@type":"ListItem","position":2,"name":"Hizmetler","item":"https:\/\/iqvagro.com\/tr\/hizmetler\/"},{"@type":"ListItem","position":3,"name":"GLP SERT\u0130F\u0130KALI LABORATUVAR"}]},{"@type":"WebSite","@id":"https:\/\/iqvagro.com\/#website","url":"https:\/\/iqvagro.com\/","name":"IQV Matholding Group","description":"Taking Care of Crops","publisher":{"@id":"https:\/\/iqvagro.com\/#organization"},"potentialAction":[{"@type":"SearchAction","target":{"@type":"EntryPoint","urlTemplate":"https:\/\/iqvagro.com\/?s={search_term_string}"},"query-input":{"@type":"PropertyValueSpecification","valueRequired":true,"valueName":"search_term_string"}}],"inLanguage":"tr"},{"@type":"Organization","@id":"https:\/\/iqvagro.com\/#organization","name":"IQV Matholding Group","url":"https:\/\/iqvagro.com\/","logo":{"@type":"ImageObject","inLanguage":"tr","@id":"https:\/\/iqvagro.com\/#\/schema\/logo\/image\/","url":"https:\/\/iqvagro.com\/wp-content\/uploads\/2025\/05\/logo_IQV_new_2025.svg","contentUrl":"https:\/\/iqvagro.com\/wp-content\/uploads\/2025\/05\/logo_IQV_new_2025.svg","caption":"IQV Matholding Group"},"image":{"@id":"https:\/\/iqvagro.com\/#\/schema\/logo\/image\/"},"sameAs":["https:\/\/www.facebook.com\/iqv.cropscience","https:\/\/www.instagram.com\/iqv.cropscience\/"]}]}},"_links":{"self":[{"href":"https:\/\/iqvagro.com\/tr\/wp-json\/wp\/v2\/pages\/18777","targetHints":{"allow":["GET"]}}],"collection":[{"href":"https:\/\/iqvagro.com\/tr\/wp-json\/wp\/v2\/pages"}],"about":[{"href":"https:\/\/iqvagro.com\/tr\/wp-json\/wp\/v2\/types\/page"}],"author":[{"embeddable":true,"href":"https:\/\/iqvagro.com\/tr\/wp-json\/wp\/v2\/users\/5"}],"replies":[{"embeddable":true,"href":"https:\/\/iqvagro.com\/tr\/wp-json\/wp\/v2\/comments?post=18777"}],"version-history":[{"count":0,"href":"https:\/\/iqvagro.com\/tr\/wp-json\/wp\/v2\/pages\/18777\/revisions"}],"up":[{"embeddable":true,"href":"https:\/\/iqvagro.com\/tr\/wp-json\/wp\/v2\/pages\/18786"}],"wp:attachment":[{"href":"https:\/\/iqvagro.com\/tr\/wp-json\/wp\/v2\/media?parent=18777"}],"curies":[{"name":"wp","href":"https:\/\/api.w.org\/{rel}","templated":true}]}}