{"id":18775,"date":"2024-07-25T11:04:25","date_gmt":"2024-07-25T09:04:25","guid":{"rendered":"https:\/\/iqvagro.com\/kimyasal-lojistik\/"},"modified":"2024-07-30T11:03:58","modified_gmt":"2024-07-30T09:03:58","slug":"kimyasal-lojistik","status":"publish","type":"page","link":"https:\/\/iqvagro.com\/tr\/hizmetler\/kimyasal-lojistik\/","title":{"rendered":"KI\u0307MYASAL LOJI\u0307STI\u0307K"},"content":{"rendered":"\t\t<div data-elementor-type=\"wp-page\" data-elementor-id=\"18775\" class=\"elementor elementor-18775 elementor-17083\" data-elementor-post-type=\"page\">\n\t\t\t\t\t\t<section class=\"elementor-section elementor-top-section elementor-element elementor-element-2321eb51 elementor-section-boxed elementor-section-height-default elementor-section-height-default\" data-id=\"2321eb51\" data-element_type=\"section\" data-e-type=\"section\" data-settings=\"{&quot;background_background&quot;:&quot;classic&quot;}\">\n\t\t\t\t\t\t\t<div class=\"elementor-background-overlay\"><\/div>\n\t\t\t\t\t\t\t<div class=\"elementor-container elementor-column-gap-default\">\n\t\t\t\t\t<div class=\"elementor-column elementor-col-100 elementor-top-column elementor-element elementor-element-59e544f3\" data-id=\"59e544f3\" data-element_type=\"column\" data-e-type=\"column\">\n\t\t\t<div class=\"elementor-widget-wrap elementor-element-populated\">\n\t\t\t\t\t\t<div class=\"elementor-element elementor-element-21acb775 elementor-widget elementor-widget-heading\" data-id=\"21acb775\" data-element_type=\"widget\" data-e-type=\"widget\" data-widget_type=\"heading.default\">\n\t\t\t\t<div class=\"elementor-widget-container\">\n\t\t\t\t\t<h1 class=\"elementor-heading-title elementor-size-default\">KI\u0307MYASAL LOJI\u0307STI\u0307K<\/h1>\t\t\t\t<\/div>\n\t\t\t\t<\/div>\n\t\t\t\t<div class=\"elementor-element elementor-element-3b473a10 elementor-widget elementor-widget-heading\" data-id=\"3b473a10\" data-element_type=\"widget\" data-e-type=\"widget\" data-widget_type=\"heading.default\">\n\t\t\t\t<div class=\"elementor-widget-container\">\n\t\t\t\t\t<span class=\"elementor-heading-title elementor-size-default\">Lojistik i\u015flemlerinizi bir \u00fcst seviyeye ta\u015f\u0131maya haz\u0131r m\u0131s\u0131n\u0131z? IQV Agro'nun <strong>kimyasal lojistik<\/strong> alan\u0131nda size stratejik bak\u0131mdan nas\u0131l bir ortakl\u0131k sa\u011flayabilece\u011fini ke\u015ffedin <\/span>\t\t\t\t<\/div>\n\t\t\t\t<\/div>\n\t\t\t\t\t<\/div>\n\t\t<\/div>\n\t\t\t\t\t<\/div>\n\t\t<\/section>\n\t\t\t\t<section class=\"elementor-section elementor-top-section elementor-element elementor-element-54198d3d elementor-section-boxed elementor-section-height-default elementor-section-height-default\" data-id=\"54198d3d\" data-element_type=\"section\" data-e-type=\"section\">\n\t\t\t\t\t\t<div class=\"elementor-container elementor-column-gap-default\">\n\t\t\t\t\t<div class=\"elementor-column elementor-col-100 elementor-top-column elementor-element elementor-element-1b43641e\" data-id=\"1b43641e\" data-element_type=\"column\" data-e-type=\"column\">\n\t\t\t<div class=\"elementor-widget-wrap elementor-element-populated\">\n\t\t\t\t\t\t<div class=\"elementor-element elementor-element-657f06c6 elementor-widget elementor-widget-heading\" data-id=\"657f06c6\" data-element_type=\"widget\" data-e-type=\"widget\" data-widget_type=\"heading.default\">\n\t\t\t\t<div class=\"elementor-widget-container\">\n\t\t\t\t\t<h2 class=\"elementor-heading-title elementor-size-default\">G\u00fcvenilir kimya \u015firketi: Uzmanla\u015fm\u0131\u015f lojistikte lider<\/h2>\t\t\t\t<\/div>\n\t\t\t\t<\/div>\n\t\t\t\t<section class=\"elementor-section elementor-inner-section elementor-element elementor-element-25d4b768 elementor-section-boxed elementor-section-height-default elementor-section-height-default\" data-id=\"25d4b768\" data-element_type=\"section\" data-e-type=\"section\">\n\t\t\t\t\t\t<div class=\"elementor-container elementor-column-gap-default\">\n\t\t\t\t\t<div class=\"elementor-column elementor-col-100 elementor-inner-column elementor-element elementor-element-288f24fc\" data-id=\"288f24fc\" data-element_type=\"column\" data-e-type=\"column\">\n\t\t\t<div class=\"elementor-widget-wrap elementor-element-populated\">\n\t\t\t\t\t\t<div class=\"elementor-element elementor-element-9bd7ec4 elementor-widget elementor-widget-text-editor\" data-id=\"9bd7ec4\" data-element_type=\"widget\" data-e-type=\"widget\" data-widget_type=\"text-editor.default\">\n\t\t\t\t<div class=\"elementor-widget-container\">\n\t\t\t\t\t\t\t\t\t<p>IQV Agro olarak, <strong>kimyasal lojisti\u011fin<\/strong>, \u00fcr\u00fcnleri bir konumdan ba\u015fka bir konuma ta\u015f\u0131maktan \u00e7ok daha fazlas\u0131 oldu\u011funun bilincindeyiz. Tar\u0131msal kalk\u0131nma ve hayvan besinleri i\u00e7in gerekli kimyasal \u00fcr\u00fcnlerin ve g\u0131da \u00fcr\u00fcnlerinin g\u00fcvenli ve verimli bir \u015fekilde teslim edilmesini taahh\u00fct eden g\u00fcvenilir kimya \u015firketiniz niteli\u011findeyiz. <strong>Entegre lojistik<\/strong> alan\u0131ndaki deneyimimiz, tedarik zincirinin her y\u00f6n\u00fcn\u00fc y\u00f6netmemize olanak tan\u0131yarak \u00fcr\u00fcnlerin kalitesini men\u015feinden nihai var\u0131\u015f noktas\u0131na kadar garanti ediyor.  <\/p>\n<h2>Kimya end\u00fcstrisine y\u00f6nelik hizmetler<\/h2>\n<p>M\u00fckemmelli\u011fe odaklanarak, <strong>kimya end\u00fcstrisinin<\/strong> \u00f6zel ihtiya\u00e7lar\u0131n\u0131 kar\u015f\u0131layan \u00f6zelle\u015ftirilmi\u015f \u00e7\u00f6z\u00fcmler sunuyoruz. G\u00fcvenli depolamadan zaman\u0131nda da\u011f\u0131t\u0131ma kadar <strong>uzman lojistik hizmetlerimiz<\/strong>, en son teknoloji ve y\u00fcksek e\u011fitimli bir ekiple desteklenmektedir. <strong>Kimyasal \u00fcr\u00fcnlere y\u00f6nelik lojistik hizmetler<\/strong> konusunda stratejik orta\u011f\u0131n\u0131z olarak bize g\u00fcvenin ve yolun her ad\u0131m\u0131nda, kendini d\u00fcr\u00fcstl\u00fck, verimlilik ve g\u00fcvene adam\u0131\u015f bir \u015firketle \u00e7al\u0131\u015fman\u0131n huzurunu ya\u015fay\u0131n.  <\/p>\n\t\t\t\t\t\t\t\t<\/div>\n\t\t\t\t<\/div>\n\t\t\t\t\t<\/div>\n\t\t<\/div>\n\t\t\t\t\t<\/div>\n\t\t<\/section>\n\t\t\t\t\t<\/div>\n\t\t<\/div>\n\t\t\t\t\t<\/div>\n\t\t<\/section>\n\t\t\t\t<section class=\"elementor-section elementor-top-section elementor-element elementor-element-65be1c26 elementor-section-boxed elementor-section-height-default elementor-section-height-default\" data-id=\"65be1c26\" data-element_type=\"section\" data-e-type=\"section\" id=\"productos\" data-settings=\"{&quot;background_background&quot;:&quot;classic&quot;}\">\n\t\t\t\t\t\t<div class=\"elementor-container elementor-column-gap-default\">\n\t\t\t\t\t<div class=\"elementor-column elementor-col-100 elementor-top-column elementor-element elementor-element-c5d13ae\" data-id=\"c5d13ae\" data-element_type=\"column\" data-e-type=\"column\">\n\t\t\t<div class=\"elementor-widget-wrap elementor-element-populated\">\n\t\t\t\t\t\t<div class=\"elementor-element elementor-element-5f8a832b elementor-widget elementor-widget-heading\" data-id=\"5f8a832b\" data-element_type=\"widget\" data-e-type=\"widget\" data-widget_type=\"heading.default\">\n\t\t\t\t<div class=\"elementor-widget-container\">\n\t\t\t\t\t<h2 class=\"elementor-heading-title elementor-size-default\">Kimya end\u00fcstrisi i\u00e7in lojistik: \u00dcr\u00fcnleriniz i\u00e7in stratejik orta\u011f\u0131n\u0131z<\/h2>\t\t\t\t<\/div>\n\t\t\t\t<\/div>\n\t\t\t\t\t<\/div>\n\t\t<\/div>\n\t\t\t\t\t<\/div>\n\t\t<\/section>\n\t\t\t\t<section class=\"elementor-section elementor-top-section elementor-element elementor-element-59a33ca2 elementor-section-boxed elementor-section-height-default elementor-section-height-default\" data-id=\"59a33ca2\" data-element_type=\"section\" data-e-type=\"section\">\n\t\t\t\t\t\t<div class=\"elementor-container elementor-column-gap-default\">\n\t\t\t\t\t<div class=\"elementor-column elementor-col-100 elementor-top-column elementor-element elementor-element-5daddaa5\" data-id=\"5daddaa5\" data-element_type=\"column\" data-e-type=\"column\">\n\t\t\t<div class=\"elementor-widget-wrap elementor-element-populated\">\n\t\t\t\t\t\t<div class=\"elementor-element elementor-element-f02c020 elementor-widget elementor-widget-text-editor\" data-id=\"f02c020\" data-element_type=\"widget\" data-e-type=\"widget\" data-widget_type=\"text-editor.default\">\n\t\t\t\t<div class=\"elementor-widget-container\">\n\t\t\t\t\t\t\t\t\t<p>IQV Agro&#8217;da, <strong>kimya end\u00fcstrisine y\u00f6nelik lojistik hizmetlerin<\/strong> i\u015flerinizde ba\u015far\u0131n\u0131n kritik bir bile\u015feni oldu\u011funun bilincindeyiz. Size basit \u00fcr\u00fcn y\u00f6netiminin \u00f6tesine ge\u00e7en lojistik \u00e7\u00f6z\u00fcmler sunarak stratejik orta\u011f\u0131n\u0131z olmaktan gurur duyuyoruz. M\u00fckemmelli\u011fe olan ba\u011fl\u0131l\u0131\u011f\u0131m\u0131z, bizi ham madde tedari\u011finden nihai teslimata kadar tedarik zincirinin her y\u00f6n\u00fcn\u00fc optimize etmeye te\u015fvik ediyor.  <\/p>\n<p><strong>Kimya end\u00fcstrisine<\/strong> <strong>y\u00f6nelik entegre lojistik<\/strong> hizmetlerimizi se\u00e7ti\u011finizde, verimli bir da\u011f\u0131t\u0131m a\u011f\u0131ndan, optimize edilmi\u015f s\u00fcre\u00e7lerden ve kendisini beklentilerinizi a\u015fmaya adam\u0131\u015f bir ekipten yararlan\u0131rs\u0131n\u0131z. G\u00fcvenilirlik ve \u015feffafl\u0131k, \u00e7al\u0131\u015fmalar\u0131m\u0131z\u0131n temelini olu\u015fturmaktad\u0131r ve y\u0131llar\u0131n getirdi\u011fi deneyim ile lojistik zorluklar\u0131n \u00fcstesinden gelmeye y\u00f6nelik proaktif bir yakla\u015f\u0131mla desteklenmektedir. <\/p>\t\t\t\t\t\t\t\t<\/div>\n\t\t\t\t<\/div>\n\t\t\t\t\t<\/div>\n\t\t<\/div>\n\t\t\t\t\t<\/div>\n\t\t<\/section>\n\t\t\t\t<section class=\"elementor-section elementor-top-section elementor-element elementor-element-d5a1798 elementor-section-boxed elementor-section-height-default elementor-section-height-default\" data-id=\"d5a1798\" data-element_type=\"section\" data-e-type=\"section\">\n\t\t\t\t\t\t<div class=\"elementor-container elementor-column-gap-default\">\n\t\t\t\t\t<div class=\"elementor-column elementor-col-100 elementor-top-column elementor-element elementor-element-034dbda\" data-id=\"034dbda\" data-element_type=\"column\" data-e-type=\"column\">\n\t\t\t<div class=\"elementor-widget-wrap elementor-element-populated\">\n\t\t\t\t\t\t<div class=\"elementor-element elementor-element-d6f8783 elementor-align-center elementor-widget elementor-widget-button\" data-id=\"d6f8783\" data-element_type=\"widget\" data-e-type=\"widget\" data-widget_type=\"button.default\">\n\t\t\t\t<div class=\"elementor-widget-container\">\n\t\t\t\t\t\t\t\t\t<div class=\"elementor-button-wrapper\">\n\t\t\t\t\t<a class=\"elementor-button elementor-button-link elementor-size-sm\" href=\"mailto:logistics@iqvagro.com\">\n\t\t\t\t\t\t<span class=\"elementor-button-content-wrapper\">\n\t\t\t\t\t\t\t\t\t<span class=\"elementor-button-text\">Dan\u0131\u015fmanla ileti\u015fime ge\u00e7<\/span>\n\t\t\t\t\t<\/span>\n\t\t\t\t\t<\/a>\n\t\t\t\t<\/div>\n\t\t\t\t\t\t\t\t<\/div>\n\t\t\t\t<\/div>\n\t\t\t\t\t<\/div>\n\t\t<\/div>\n\t\t\t\t\t<\/div>\n\t\t<\/section>\n\t\t\t\t<section class=\"elementor-section elementor-top-section elementor-element elementor-element-f6b3020 elementor-section-boxed elementor-section-height-default elementor-section-height-default\" data-id=\"f6b3020\" data-element_type=\"section\" data-e-type=\"section\" data-settings=\"{&quot;background_background&quot;:&quot;classic&quot;}\">\n\t\t\t\t\t\t\t<div class=\"elementor-background-overlay\"><\/div>\n\t\t\t\t\t\t\t<div class=\"elementor-container elementor-column-gap-default\">\n\t\t\t\t\t<div class=\"elementor-column elementor-col-100 elementor-top-column elementor-element elementor-element-8bafb40\" data-id=\"8bafb40\" data-element_type=\"column\" data-e-type=\"column\">\n\t\t\t<div class=\"elementor-widget-wrap elementor-element-populated\">\n\t\t\t\t\t\t<div class=\"elementor-element elementor-element-7dc9600 elementor-widget elementor-widget-heading\" data-id=\"7dc9600\" data-element_type=\"widget\" data-e-type=\"widget\" data-widget_type=\"heading.default\">\n\t\t\t\t<div class=\"elementor-widget-container\">\n\t\t\t\t\t<span class=\"elementor-heading-title elementor-size-default\">IQV Agro, size sadece bir hizmet sunmakla kalm\u0131yor, ayn\u0131 zamanda <strong>kimya end\u00fcstrisindeki<\/strong> ba\u015far\u0131n\u0131z\u0131 art\u0131ran stratejik bir ortakl\u0131k sunuyor. Lojistik faaliyetlerinizi bir \u00fcst seviyeye ta\u015f\u0131mak i\u00e7in bize g\u00fcvenin! <\/span>\t\t\t\t<\/div>\n\t\t\t\t<\/div>\n\t\t\t\t\t<\/div>\n\t\t<\/div>\n\t\t\t\t\t<\/div>\n\t\t<\/section>\n\t\t\t\t<\/div>\n\t\t","protected":false},"excerpt":{"rendered":"<p>KI\u0307MYASAL LOJI\u0307STI\u0307K Lojistik i\u015flemlerinizi bir \u00fcst seviyeye ta\u015f\u0131maya haz\u0131r m\u0131s\u0131n\u0131z? IQV Agro&#8217;nun kimyasal lojistik alan\u0131nda size stratejik bak\u0131mdan nas\u0131l bir ortakl\u0131k sa\u011flayabilece\u011fini ke\u015ffedin G\u00fcvenilir kimya \u015firketi: Uzmanla\u015fm\u0131\u015f lojistikte lider IQV Agro olarak, kimyasal lojisti\u011fin, \u00fcr\u00fcnleri bir konumdan ba\u015fka bir konuma ta\u015f\u0131maktan \u00e7ok daha fazlas\u0131 oldu\u011funun bilincindeyiz. Tar\u0131msal kalk\u0131nma ve hayvan besinleri i\u00e7in gerekli kimyasal \u00fcr\u00fcnlerin [&hellip;]<\/p>\n","protected":false},"author":5,"featured_media":0,"parent":18786,"menu_order":0,"comment_status":"closed","ping_status":"closed","template":"","meta":{"_acf_changed":false,"footnotes":""},"class_list":["post-18775","page","type-page","status-publish","hentry"],"acf":[],"yoast_head":"<!-- This site is optimized with the Yoast SEO plugin v27.1.1 - https:\/\/yoast.com\/product\/yoast-seo-wordpress\/ -->\n<title>KI\u0307MYASAL LOJI\u0307STI\u0307K - IQV Matholding Group<\/title>\n<meta name=\"description\" content=\"Optimiza tu cadena de suministro qu\u00edmico con nuestro servicio de log\u00edstica especializada. \u00a1Eficiencia y seguridad garantizadas!\" \/>\n<meta name=\"robots\" content=\"index, follow, max-snippet:-1, max-image-preview:large, max-video-preview:-1\" \/>\n<link rel=\"canonical\" href=\"https:\/\/iqvagro.com\/tr-tr\/hizmetler\/kimyasal-lojistik\/\" \/>\n<meta property=\"og:locale\" content=\"tr_TR\" \/>\n<meta property=\"og:type\" content=\"article\" \/>\n<meta property=\"og:title\" content=\"KI\u0307MYASAL LOJI\u0307STI\u0307K - IQV Matholding Group\" \/>\n<meta property=\"og:description\" content=\"Optimiza tu cadena de suministro qu\u00edmico con nuestro servicio de log\u00edstica especializada. \u00a1Eficiencia y seguridad garantizadas!\" \/>\n<meta property=\"og:url\" content=\"https:\/\/iqvagro.com\/tr-tr\/hizmetler\/kimyasal-lojistik\/\" \/>\n<meta property=\"og:site_name\" content=\"IQV Matholding Group\" \/>\n<meta property=\"article:publisher\" content=\"https:\/\/www.facebook.com\/iqv.cropscience\" \/>\n<meta property=\"article:modified_time\" content=\"2024-07-30T09:03:58+00:00\" \/>\n<meta name=\"twitter:card\" content=\"summary_large_image\" \/>\n<meta name=\"twitter:label1\" content=\"Tahmini okuma s\u00fcresi\" \/>\n\t<meta name=\"twitter:data1\" content=\"2 dakika\" \/>\n<script type=\"application\/ld+json\" class=\"yoast-schema-graph\">{\"@context\":\"https:\/\/schema.org\",\"@graph\":[{\"@type\":\"WebPage\",\"@id\":\"https:\/\/iqvagro.com\/tr-tr\/hizmetler\/kimyasal-lojistik\/\",\"url\":\"https:\/\/iqvagro.com\/tr-tr\/hizmetler\/kimyasal-lojistik\/\",\"name\":\"KI\u0307MYASAL LOJI\u0307STI\u0307K - IQV Matholding Group\",\"isPartOf\":{\"@id\":\"https:\/\/iqvagro.com\/#website\"},\"datePublished\":\"2024-07-25T09:04:25+00:00\",\"dateModified\":\"2024-07-30T09:03:58+00:00\",\"description\":\"Optimiza tu cadena de suministro qu\u00edmico con nuestro servicio de log\u00edstica especializada. \u00a1Eficiencia y seguridad garantizadas!\",\"breadcrumb\":{\"@id\":\"https:\/\/iqvagro.com\/tr-tr\/hizmetler\/kimyasal-lojistik\/#breadcrumb\"},\"inLanguage\":\"tr\",\"potentialAction\":[{\"@type\":\"ReadAction\",\"target\":[\"https:\/\/iqvagro.com\/tr-tr\/hizmetler\/kimyasal-lojistik\/\"]}]},{\"@type\":\"BreadcrumbList\",\"@id\":\"https:\/\/iqvagro.com\/tr-tr\/hizmetler\/kimyasal-lojistik\/#breadcrumb\",\"itemListElement\":[{\"@type\":\"ListItem\",\"position\":1,\"name\":\"Portada\",\"item\":\"https:\/\/iqvagro.com\/tr\/\"},{\"@type\":\"ListItem\",\"position\":2,\"name\":\"Hizmetler\",\"item\":\"https:\/\/iqvagro.com\/tr\/hizmetler\/\"},{\"@type\":\"ListItem\",\"position\":3,\"name\":\"KI\u0307MYASAL LOJI\u0307STI\u0307K\"}]},{\"@type\":\"WebSite\",\"@id\":\"https:\/\/iqvagro.com\/#website\",\"url\":\"https:\/\/iqvagro.com\/\",\"name\":\"IQV Matholding Group\",\"description\":\"Taking Care of Crops\",\"publisher\":{\"@id\":\"https:\/\/iqvagro.com\/#organization\"},\"potentialAction\":[{\"@type\":\"SearchAction\",\"target\":{\"@type\":\"EntryPoint\",\"urlTemplate\":\"https:\/\/iqvagro.com\/?s={search_term_string}\"},\"query-input\":{\"@type\":\"PropertyValueSpecification\",\"valueRequired\":true,\"valueName\":\"search_term_string\"}}],\"inLanguage\":\"tr\"},{\"@type\":\"Organization\",\"@id\":\"https:\/\/iqvagro.com\/#organization\",\"name\":\"IQV Matholding Group\",\"url\":\"https:\/\/iqvagro.com\/\",\"logo\":{\"@type\":\"ImageObject\",\"inLanguage\":\"tr\",\"@id\":\"https:\/\/iqvagro.com\/#\/schema\/logo\/image\/\",\"url\":\"https:\/\/iqvagro.com\/wp-content\/uploads\/2025\/05\/logo_IQV_new_2025.svg\",\"contentUrl\":\"https:\/\/iqvagro.com\/wp-content\/uploads\/2025\/05\/logo_IQV_new_2025.svg\",\"caption\":\"IQV Matholding Group\"},\"image\":{\"@id\":\"https:\/\/iqvagro.com\/#\/schema\/logo\/image\/\"},\"sameAs\":[\"https:\/\/www.facebook.com\/iqv.cropscience\",\"https:\/\/www.instagram.com\/iqv.cropscience\/\"]}]}<\/script>\n<!-- \/ Yoast SEO plugin. -->","yoast_head_json":{"title":"KI\u0307MYASAL LOJI\u0307STI\u0307K - IQV Matholding Group","description":"Optimiza tu cadena de suministro qu\u00edmico con nuestro servicio de log\u00edstica especializada. \u00a1Eficiencia y seguridad garantizadas!","robots":{"index":"index","follow":"follow","max-snippet":"max-snippet:-1","max-image-preview":"max-image-preview:large","max-video-preview":"max-video-preview:-1"},"canonical":"https:\/\/iqvagro.com\/tr-tr\/hizmetler\/kimyasal-lojistik\/","og_locale":"tr_TR","og_type":"article","og_title":"KI\u0307MYASAL LOJI\u0307STI\u0307K - IQV Matholding Group","og_description":"Optimiza tu cadena de suministro qu\u00edmico con nuestro servicio de log\u00edstica especializada. \u00a1Eficiencia y seguridad garantizadas!","og_url":"https:\/\/iqvagro.com\/tr-tr\/hizmetler\/kimyasal-lojistik\/","og_site_name":"IQV Matholding Group","article_publisher":"https:\/\/www.facebook.com\/iqv.cropscience","article_modified_time":"2024-07-30T09:03:58+00:00","twitter_card":"summary_large_image","twitter_misc":{"Tahmini okuma s\u00fcresi":"2 dakika"},"schema":{"@context":"https:\/\/schema.org","@graph":[{"@type":"WebPage","@id":"https:\/\/iqvagro.com\/tr-tr\/hizmetler\/kimyasal-lojistik\/","url":"https:\/\/iqvagro.com\/tr-tr\/hizmetler\/kimyasal-lojistik\/","name":"KI\u0307MYASAL LOJI\u0307STI\u0307K - IQV Matholding Group","isPartOf":{"@id":"https:\/\/iqvagro.com\/#website"},"datePublished":"2024-07-25T09:04:25+00:00","dateModified":"2024-07-30T09:03:58+00:00","description":"Optimiza tu cadena de suministro qu\u00edmico con nuestro servicio de log\u00edstica especializada. \u00a1Eficiencia y seguridad garantizadas!","breadcrumb":{"@id":"https:\/\/iqvagro.com\/tr-tr\/hizmetler\/kimyasal-lojistik\/#breadcrumb"},"inLanguage":"tr","potentialAction":[{"@type":"ReadAction","target":["https:\/\/iqvagro.com\/tr-tr\/hizmetler\/kimyasal-lojistik\/"]}]},{"@type":"BreadcrumbList","@id":"https:\/\/iqvagro.com\/tr-tr\/hizmetler\/kimyasal-lojistik\/#breadcrumb","itemListElement":[{"@type":"ListItem","position":1,"name":"Portada","item":"https:\/\/iqvagro.com\/tr\/"},{"@type":"ListItem","position":2,"name":"Hizmetler","item":"https:\/\/iqvagro.com\/tr\/hizmetler\/"},{"@type":"ListItem","position":3,"name":"KI\u0307MYASAL LOJI\u0307STI\u0307K"}]},{"@type":"WebSite","@id":"https:\/\/iqvagro.com\/#website","url":"https:\/\/iqvagro.com\/","name":"IQV Matholding Group","description":"Taking Care of Crops","publisher":{"@id":"https:\/\/iqvagro.com\/#organization"},"potentialAction":[{"@type":"SearchAction","target":{"@type":"EntryPoint","urlTemplate":"https:\/\/iqvagro.com\/?s={search_term_string}"},"query-input":{"@type":"PropertyValueSpecification","valueRequired":true,"valueName":"search_term_string"}}],"inLanguage":"tr"},{"@type":"Organization","@id":"https:\/\/iqvagro.com\/#organization","name":"IQV Matholding Group","url":"https:\/\/iqvagro.com\/","logo":{"@type":"ImageObject","inLanguage":"tr","@id":"https:\/\/iqvagro.com\/#\/schema\/logo\/image\/","url":"https:\/\/iqvagro.com\/wp-content\/uploads\/2025\/05\/logo_IQV_new_2025.svg","contentUrl":"https:\/\/iqvagro.com\/wp-content\/uploads\/2025\/05\/logo_IQV_new_2025.svg","caption":"IQV Matholding Group"},"image":{"@id":"https:\/\/iqvagro.com\/#\/schema\/logo\/image\/"},"sameAs":["https:\/\/www.facebook.com\/iqv.cropscience","https:\/\/www.instagram.com\/iqv.cropscience\/"]}]}},"_links":{"self":[{"href":"https:\/\/iqvagro.com\/tr\/wp-json\/wp\/v2\/pages\/18775","targetHints":{"allow":["GET"]}}],"collection":[{"href":"https:\/\/iqvagro.com\/tr\/wp-json\/wp\/v2\/pages"}],"about":[{"href":"https:\/\/iqvagro.com\/tr\/wp-json\/wp\/v2\/types\/page"}],"author":[{"embeddable":true,"href":"https:\/\/iqvagro.com\/tr\/wp-json\/wp\/v2\/users\/5"}],"replies":[{"embeddable":true,"href":"https:\/\/iqvagro.com\/tr\/wp-json\/wp\/v2\/comments?post=18775"}],"version-history":[{"count":0,"href":"https:\/\/iqvagro.com\/tr\/wp-json\/wp\/v2\/pages\/18775\/revisions"}],"up":[{"embeddable":true,"href":"https:\/\/iqvagro.com\/tr\/wp-json\/wp\/v2\/pages\/18786"}],"wp:attachment":[{"href":"https:\/\/iqvagro.com\/tr\/wp-json\/wp\/v2\/media?parent=18775"}],"curies":[{"name":"wp","href":"https:\/\/api.w.org\/{rel}","templated":true}]}}