{"id":18773,"date":"2024-07-25T11:00:53","date_gmt":"2024-07-25T09:00:53","guid":{"rendered":"https:\/\/iqvagro.com\/fason-uretim\/"},"modified":"2024-07-30T11:04:00","modified_gmt":"2024-07-30T09:04:00","slug":"fason-uretim","status":"publish","type":"page","link":"https:\/\/iqvagro.com\/tr\/hizmetler\/fason-uretim\/","title":{"rendered":"FASON \u00dcRETI\u0307M"},"content":{"rendered":"\t\t<div data-elementor-type=\"wp-page\" data-elementor-id=\"18773\" class=\"elementor elementor-18773 elementor-17066\" data-elementor-post-type=\"page\">\n\t\t\t\t\t\t<section class=\"elementor-section elementor-top-section elementor-element elementor-element-2321eb51 elementor-section-boxed elementor-section-height-default elementor-section-height-default\" data-id=\"2321eb51\" data-element_type=\"section\" data-e-type=\"section\" data-settings=\"{&quot;background_background&quot;:&quot;classic&quot;}\">\n\t\t\t\t\t\t\t<div class=\"elementor-background-overlay\"><\/div>\n\t\t\t\t\t\t\t<div class=\"elementor-container elementor-column-gap-default\">\n\t\t\t\t\t<div class=\"elementor-column elementor-col-100 elementor-top-column elementor-element elementor-element-59e544f3\" data-id=\"59e544f3\" data-element_type=\"column\" data-e-type=\"column\">\n\t\t\t<div class=\"elementor-widget-wrap elementor-element-populated\">\n\t\t\t\t\t\t<div class=\"elementor-element elementor-element-21acb775 elementor-widget elementor-widget-heading\" data-id=\"21acb775\" data-element_type=\"widget\" data-e-type=\"widget\" data-widget_type=\"heading.default\">\n\t\t\t\t<div class=\"elementor-widget-container\">\n\t\t\t\t\t<h1 class=\"elementor-heading-title elementor-size-default\">FASON \u00dcRETI\u0307M<\/h1>\t\t\t\t<\/div>\n\t\t\t\t<\/div>\n\t\t\t\t<div class=\"elementor-element elementor-element-3b473a10 elementor-widget elementor-widget-heading\" data-id=\"3b473a10\" data-element_type=\"widget\" data-e-type=\"widget\" data-widget_type=\"heading.default\">\n\t\t\t\t<div class=\"elementor-widget-container\">\n\t\t\t\t\t<span class=\"elementor-heading-title elementor-size-default\">K\u00f6kl\u00fc ge\u00e7mi\u015fimiz, \u00e7ift\u00e7ilerin ve \u00e7iftlik sahiplerinin ihtiya\u00e7lar\u0131n\u0131 derinlemesine anlamam\u0131z\u0131 sa\u011flad\u0131. Bug\u00fcn sizlere \u00fcretiminizde devrim yaratacak bir \u00e7\u00f6z\u00fcm olan <strong>fason \u00fcretim hizmetlerimizi<\/strong> sunmaktan mutluluk duyuyorum.<\/span>\t\t\t\t<\/div>\n\t\t\t\t<\/div>\n\t\t\t\t\t<\/div>\n\t\t<\/div>\n\t\t\t\t\t<\/div>\n\t\t<\/section>\n\t\t\t\t<section class=\"elementor-section elementor-top-section elementor-element elementor-element-54198d3d elementor-section-boxed elementor-section-height-default elementor-section-height-default\" data-id=\"54198d3d\" data-element_type=\"section\" data-e-type=\"section\">\n\t\t\t\t\t\t<div class=\"elementor-container elementor-column-gap-default\">\n\t\t\t\t\t<div class=\"elementor-column elementor-col-100 elementor-top-column elementor-element elementor-element-1b43641e\" data-id=\"1b43641e\" data-element_type=\"column\" data-e-type=\"column\">\n\t\t\t<div class=\"elementor-widget-wrap elementor-element-populated\">\n\t\t\t\t\t\t<div class=\"elementor-element elementor-element-657f06c6 elementor-widget elementor-widget-heading\" data-id=\"657f06c6\" data-element_type=\"widget\" data-e-type=\"widget\" data-widget_type=\"heading.default\">\n\t\t\t\t<div class=\"elementor-widget-container\">\n\t\t\t\t\t<h2 class=\"elementor-heading-title elementor-size-default\">Fason \u00fcretim hizmetlerimizle \u00fcretiminizi optimize edin ve art\u0131r\u0131n<\/h2>\t\t\t\t<\/div>\n\t\t\t\t<\/div>\n\t\t\t\t<section class=\"elementor-section elementor-inner-section elementor-element elementor-element-25d4b768 elementor-section-boxed elementor-section-height-default elementor-section-height-default\" data-id=\"25d4b768\" data-element_type=\"section\" data-e-type=\"section\">\n\t\t\t\t\t\t<div class=\"elementor-container elementor-column-gap-default\">\n\t\t\t\t\t<div class=\"elementor-column elementor-col-100 elementor-inner-column elementor-element elementor-element-288f24fc\" data-id=\"288f24fc\" data-element_type=\"column\" data-e-type=\"column\">\n\t\t\t<div class=\"elementor-widget-wrap elementor-element-populated\">\n\t\t\t\t\t\t<div class=\"elementor-element elementor-element-9bd7ec4 elementor-widget elementor-widget-text-editor\" data-id=\"9bd7ec4\" data-element_type=\"widget\" data-e-type=\"widget\" data-widget_type=\"text-editor.default\">\n\t\t\t\t<div class=\"elementor-widget-container\">\n\t\t\t\t\t\t\t\t\tIQV Agro olarak, tar\u0131m sekt\u00f6r\u00fcnde verim ve kalitenin temel konular oldu\u011funun bilincindeyiz. Bu nedenle, \u00fcretiminizi \u00f6nemli \u00f6l\u00e7\u00fcde optimize edip art\u0131rmak i\u00e7in tasarlanm\u0131\u015f <strong>fason \u00fcretim<\/strong> hizmetlerini geli\u015ftirdik. Kimya ve hayvan yemi uzmanlar\u0131ndan olu\u015fan ekibimiz, ihtiya\u00e7lar\u0131n\u0131za \u00f6zel \u00fcr\u00fcnler \u00fcreterek sizin yeti\u015ftirme ve hayvanc\u0131l\u0131k gibi sadece en iyi yapt\u0131\u011f\u0131n\u0131z i\u015flere odaklanman\u0131za olanak sa\u011flar.  <\/p>\n<p><strong>Fason \u00fcretim<\/strong> hizmetlerimizi tercih ederek sadece en y\u00fcksek kalitede \u00fcr\u00fcnlere yat\u0131r\u0131m yapmakla kalmaz, ayn\u0131 zamanda operasyonunuzdaki de\u011ferli kaynaklara da zaman kazand\u0131r\u0131rs\u0131n\u0131z. Her partinin en kat\u0131 standartlar\u0131 kar\u015f\u0131lamas\u0131n\u0131 sa\u011flayarak \u00fcretimi \u00fcstleniyoruz. B\u00f6ylece, sadece \u00fcr\u00fcnlerinizin tutarl\u0131l\u0131\u011f\u0131n\u0131 art\u0131rmakla kalm\u0131yor, ayn\u0131 zamanda ana i\u015finize kaliteden \u00f6d\u00fcn vermeden net bir \u015fekilde odaklanman\u0131z\u0131 sa\u011fl\u0131yoruz. IQV Agro ile verimlili\u011finizi art\u0131r\u0131n ve rand\u0131man\u0131n\u0131z\u0131 en \u00fcst d\u00fczeye \u00e7\u0131kar\u0131n.   <\/p>\t\t\t\t\t\t\t\t<\/div>\n\t\t\t\t<\/div>\n\t\t\t\t\t<\/div>\n\t\t<\/div>\n\t\t\t\t\t<\/div>\n\t\t<\/section>\n\t\t\t\t\t<\/div>\n\t\t<\/div>\n\t\t\t\t\t<\/div>\n\t\t<\/section>\n\t\t\t\t<section class=\"elementor-section elementor-top-section elementor-element elementor-element-65be1c26 elementor-section-boxed elementor-section-height-default elementor-section-height-default\" data-id=\"65be1c26\" data-element_type=\"section\" data-e-type=\"section\" id=\"productos\" data-settings=\"{&quot;background_background&quot;:&quot;classic&quot;}\">\n\t\t\t\t\t\t<div class=\"elementor-container elementor-column-gap-default\">\n\t\t\t\t\t<div class=\"elementor-column elementor-col-100 elementor-top-column elementor-element elementor-element-c5d13ae\" data-id=\"c5d13ae\" data-element_type=\"column\" data-e-type=\"column\">\n\t\t\t<div class=\"elementor-widget-wrap elementor-element-populated\">\n\t\t\t\t\t\t<div class=\"elementor-element elementor-element-5f8a832b elementor-widget elementor-widget-heading\" data-id=\"5f8a832b\" data-element_type=\"widget\" data-e-type=\"widget\" data-widget_type=\"heading.default\">\n\t\t\t\t<div class=\"elementor-widget-container\">\n\t\t\t\t\t<h2 class=\"elementor-heading-title elementor-size-default\">Tar\u0131msal fason \u00fcretim hizmetlerimizin faydalar\u0131n\u0131 ke\u015ffedin<\/h2>\t\t\t\t<\/div>\n\t\t\t\t<\/div>\n\t\t\t\t\t<\/div>\n\t\t<\/div>\n\t\t\t\t\t<\/div>\n\t\t<\/section>\n\t\t\t\t<section class=\"elementor-section elementor-top-section elementor-element elementor-element-59a33ca2 elementor-section-boxed elementor-section-height-default elementor-section-height-default\" data-id=\"59a33ca2\" data-element_type=\"section\" data-e-type=\"section\">\n\t\t\t\t\t\t<div class=\"elementor-container elementor-column-gap-default\">\n\t\t\t\t\t<div class=\"elementor-column elementor-col-100 elementor-top-column elementor-element elementor-element-5daddaa5\" data-id=\"5daddaa5\" data-element_type=\"column\" data-e-type=\"column\">\n\t\t\t<div class=\"elementor-widget-wrap elementor-element-populated\">\n\t\t\t\t\t\t<div class=\"elementor-element elementor-element-f02c020 elementor-widget elementor-widget-text-editor\" data-id=\"f02c020\" data-element_type=\"widget\" data-e-type=\"widget\" data-widget_type=\"text-editor.default\">\n\t\t\t\t<div class=\"elementor-widget-container\">\n\t\t\t\t\t\t\t\t\t<p>Tar\u0131msal <strong>fason \u00fcretim<\/strong> hizmetlerimiz, \u00e7al\u0131\u015fma \u015feklinizde devrim yaratacak bir dizi avantaj sunar. Size \u00f6zel kimyasal form\u00fclasyonlardan verimli \u00fcretime ve zaman\u0131nda teslimata kadar, s\u00fcrecin her ad\u0131m\u0131n\u0131n \u00f6zel ihtiya\u00e7lar\u0131n\u0131z\u0131 kar\u015f\u0131layacak \u015fekilde tasarlanmas\u0131n\u0131 sa\u011fl\u0131yoruz. Hayvan besinlerini iyile\u015ftirmek veya mahsul verimini art\u0131rmak m\u0131 istiyorsunuz? IQV Agro olarak, bu bizim i\u015fimiz.   <\/p>\n<p>Bizimle i\u015f birli\u011fi yapt\u0131\u011f\u0131n\u0131zda yaln\u0131zca \u00fcst\u00fcn kaliteli \u00fcr\u00fcnler elde etmekle kalmaz, ayn\u0131 zamanda ekibimizin deneyiminden ve kararl\u0131l\u0131\u011f\u0131ndan da faydalan\u0131rs\u0131n\u0131z.<\/p>\t\t\t\t\t\t\t\t<\/div>\n\t\t\t\t<\/div>\n\t\t\t\t\t<\/div>\n\t\t<\/div>\n\t\t\t\t\t<\/div>\n\t\t<\/section>\n\t\t\t\t<section class=\"elementor-section elementor-top-section elementor-element elementor-element-f6b3020 elementor-section-boxed elementor-section-height-default elementor-section-height-default\" data-id=\"f6b3020\" data-element_type=\"section\" data-e-type=\"section\" data-settings=\"{&quot;background_background&quot;:&quot;classic&quot;}\">\n\t\t\t\t\t\t\t<div class=\"elementor-background-overlay\"><\/div>\n\t\t\t\t\t\t\t<div class=\"elementor-container elementor-column-gap-default\">\n\t\t\t\t\t<div class=\"elementor-column elementor-col-100 elementor-top-column elementor-element elementor-element-8bafb40\" data-id=\"8bafb40\" data-element_type=\"column\" data-e-type=\"column\">\n\t\t\t<div class=\"elementor-widget-wrap elementor-element-populated\">\n\t\t\t\t\t\t<div class=\"elementor-element elementor-element-7dc9600 elementor-widget elementor-widget-heading\" data-id=\"7dc9600\" data-element_type=\"widget\" data-e-type=\"widget\" data-widget_type=\"heading.default\">\n\t\t\t\t<div class=\"elementor-widget-container\">\n\t\t\t\t\t<span class=\"elementor-heading-title elementor-size-default\">IQV Agro'ya g\u00fcvenmek, ba\u015far\u0131n\u0131z\u0131n \u00f6nceli\u011fimiz oldu\u011fu uzun s\u00fcreli bir ortakl\u0131\u011f\u0131n kap\u0131s\u0131n\u0131 a\u00e7mak demektir. <strong>Fason \u00fcretim<\/strong> hizmetlerimizin tar\u0131msal \u00fcretiminizi yeni seviyelere nas\u0131l ta\u015f\u0131yabilece\u011fini ve size i\u015finizde hak etti\u011finiz huzuru nas\u0131l sa\u011flayabilece\u011fini \u00f6\u011frenin. <\/span>\t\t\t\t<\/div>\n\t\t\t\t<\/div>\n\t\t\t\t\t<\/div>\n\t\t<\/div>\n\t\t\t\t\t<\/div>\n\t\t<\/section>\n\t\t\t\t<\/div>\n\t\t","protected":false},"excerpt":{"rendered":"<p>FASON \u00dcRETI\u0307M K\u00f6kl\u00fc ge\u00e7mi\u015fimiz, \u00e7ift\u00e7ilerin ve \u00e7iftlik sahiplerinin ihtiya\u00e7lar\u0131n\u0131 derinlemesine anlamam\u0131z\u0131 sa\u011flad\u0131. Bug\u00fcn sizlere \u00fcretiminizde devrim yaratacak bir \u00e7\u00f6z\u00fcm olan fason \u00fcretim hizmetlerimizi sunmaktan mutluluk duyuyorum. Fason \u00fcretim hizmetlerimizle \u00fcretiminizi optimize edin ve art\u0131r\u0131n IQV Agro olarak, tar\u0131m sekt\u00f6r\u00fcnde verim ve kalitenin temel konular oldu\u011funun bilincindeyiz. Bu nedenle, \u00fcretiminizi \u00f6nemli \u00f6l\u00e7\u00fcde optimize edip art\u0131rmak i\u00e7in [&hellip;]<\/p>\n","protected":false},"author":5,"featured_media":0,"parent":18786,"menu_order":0,"comment_status":"closed","ping_status":"closed","template":"","meta":{"_acf_changed":false,"footnotes":""},"class_list":["post-18773","page","type-page","status-publish","hentry"],"acf":[],"yoast_head":"<!-- This site is optimized with the Yoast SEO plugin v27.1.1 - https:\/\/yoast.com\/product\/yoast-seo-wordpress\/ -->\n<title>FASON \u00dcRETI\u0307M - IQV Matholding Group<\/title>\n<meta name=\"description\" content=\"Optimiza tu producci\u00f3n con nuestros servicios de toll manufacturing: calidad, eficiencia y resultados garantizados\" \/>\n<meta name=\"robots\" content=\"index, follow, max-snippet:-1, max-image-preview:large, max-video-preview:-1\" \/>\n<link rel=\"canonical\" href=\"https:\/\/iqvagro.com\/tr-tr\/hizmetler\/fason-uretim\/\" \/>\n<meta property=\"og:locale\" content=\"tr_TR\" \/>\n<meta property=\"og:type\" content=\"article\" \/>\n<meta property=\"og:title\" content=\"FASON \u00dcRETI\u0307M - IQV Matholding Group\" \/>\n<meta property=\"og:description\" content=\"Optimiza tu producci\u00f3n con nuestros servicios de toll manufacturing: calidad, eficiencia y resultados garantizados\" \/>\n<meta property=\"og:url\" content=\"https:\/\/iqvagro.com\/tr-tr\/hizmetler\/fason-uretim\/\" \/>\n<meta property=\"og:site_name\" content=\"IQV Matholding Group\" \/>\n<meta property=\"article:publisher\" content=\"https:\/\/www.facebook.com\/iqv.cropscience\" \/>\n<meta property=\"article:modified_time\" content=\"2024-07-30T09:04:00+00:00\" \/>\n<meta name=\"twitter:card\" content=\"summary_large_image\" \/>\n<meta name=\"twitter:label1\" content=\"Tahmini okuma s\u00fcresi\" \/>\n\t<meta name=\"twitter:data1\" content=\"2 dakika\" \/>\n<script type=\"application\/ld+json\" class=\"yoast-schema-graph\">{\"@context\":\"https:\/\/schema.org\",\"@graph\":[{\"@type\":\"WebPage\",\"@id\":\"https:\/\/iqvagro.com\/tr-tr\/hizmetler\/fason-uretim\/\",\"url\":\"https:\/\/iqvagro.com\/tr-tr\/hizmetler\/fason-uretim\/\",\"name\":\"FASON \u00dcRETI\u0307M - IQV Matholding Group\",\"isPartOf\":{\"@id\":\"https:\/\/iqvagro.com\/#website\"},\"datePublished\":\"2024-07-25T09:00:53+00:00\",\"dateModified\":\"2024-07-30T09:04:00+00:00\",\"description\":\"Optimiza tu producci\u00f3n con nuestros servicios de toll manufacturing: calidad, eficiencia y resultados garantizados\",\"breadcrumb\":{\"@id\":\"https:\/\/iqvagro.com\/tr-tr\/hizmetler\/fason-uretim\/#breadcrumb\"},\"inLanguage\":\"tr\",\"potentialAction\":[{\"@type\":\"ReadAction\",\"target\":[\"https:\/\/iqvagro.com\/tr-tr\/hizmetler\/fason-uretim\/\"]}]},{\"@type\":\"BreadcrumbList\",\"@id\":\"https:\/\/iqvagro.com\/tr-tr\/hizmetler\/fason-uretim\/#breadcrumb\",\"itemListElement\":[{\"@type\":\"ListItem\",\"position\":1,\"name\":\"Portada\",\"item\":\"https:\/\/iqvagro.com\/tr\/\"},{\"@type\":\"ListItem\",\"position\":2,\"name\":\"Hizmetler\",\"item\":\"https:\/\/iqvagro.com\/tr\/hizmetler\/\"},{\"@type\":\"ListItem\",\"position\":3,\"name\":\"FASON \u00dcRETI\u0307M\"}]},{\"@type\":\"WebSite\",\"@id\":\"https:\/\/iqvagro.com\/#website\",\"url\":\"https:\/\/iqvagro.com\/\",\"name\":\"IQV Matholding Group\",\"description\":\"Taking Care of Crops\",\"publisher\":{\"@id\":\"https:\/\/iqvagro.com\/#organization\"},\"potentialAction\":[{\"@type\":\"SearchAction\",\"target\":{\"@type\":\"EntryPoint\",\"urlTemplate\":\"https:\/\/iqvagro.com\/?s={search_term_string}\"},\"query-input\":{\"@type\":\"PropertyValueSpecification\",\"valueRequired\":true,\"valueName\":\"search_term_string\"}}],\"inLanguage\":\"tr\"},{\"@type\":\"Organization\",\"@id\":\"https:\/\/iqvagro.com\/#organization\",\"name\":\"IQV Matholding Group\",\"url\":\"https:\/\/iqvagro.com\/\",\"logo\":{\"@type\":\"ImageObject\",\"inLanguage\":\"tr\",\"@id\":\"https:\/\/iqvagro.com\/#\/schema\/logo\/image\/\",\"url\":\"https:\/\/iqvagro.com\/wp-content\/uploads\/2025\/05\/logo_IQV_new_2025.svg\",\"contentUrl\":\"https:\/\/iqvagro.com\/wp-content\/uploads\/2025\/05\/logo_IQV_new_2025.svg\",\"caption\":\"IQV Matholding Group\"},\"image\":{\"@id\":\"https:\/\/iqvagro.com\/#\/schema\/logo\/image\/\"},\"sameAs\":[\"https:\/\/www.facebook.com\/iqv.cropscience\",\"https:\/\/www.instagram.com\/iqv.cropscience\/\"]}]}<\/script>\n<!-- \/ Yoast SEO plugin. -->","yoast_head_json":{"title":"FASON \u00dcRETI\u0307M - IQV Matholding Group","description":"Optimiza tu producci\u00f3n con nuestros servicios de toll manufacturing: calidad, eficiencia y resultados garantizados","robots":{"index":"index","follow":"follow","max-snippet":"max-snippet:-1","max-image-preview":"max-image-preview:large","max-video-preview":"max-video-preview:-1"},"canonical":"https:\/\/iqvagro.com\/tr-tr\/hizmetler\/fason-uretim\/","og_locale":"tr_TR","og_type":"article","og_title":"FASON \u00dcRETI\u0307M - IQV Matholding Group","og_description":"Optimiza tu producci\u00f3n con nuestros servicios de toll manufacturing: calidad, eficiencia y resultados garantizados","og_url":"https:\/\/iqvagro.com\/tr-tr\/hizmetler\/fason-uretim\/","og_site_name":"IQV Matholding Group","article_publisher":"https:\/\/www.facebook.com\/iqv.cropscience","article_modified_time":"2024-07-30T09:04:00+00:00","twitter_card":"summary_large_image","twitter_misc":{"Tahmini okuma s\u00fcresi":"2 dakika"},"schema":{"@context":"https:\/\/schema.org","@graph":[{"@type":"WebPage","@id":"https:\/\/iqvagro.com\/tr-tr\/hizmetler\/fason-uretim\/","url":"https:\/\/iqvagro.com\/tr-tr\/hizmetler\/fason-uretim\/","name":"FASON \u00dcRETI\u0307M - IQV Matholding Group","isPartOf":{"@id":"https:\/\/iqvagro.com\/#website"},"datePublished":"2024-07-25T09:00:53+00:00","dateModified":"2024-07-30T09:04:00+00:00","description":"Optimiza tu producci\u00f3n con nuestros servicios de toll manufacturing: calidad, eficiencia y resultados garantizados","breadcrumb":{"@id":"https:\/\/iqvagro.com\/tr-tr\/hizmetler\/fason-uretim\/#breadcrumb"},"inLanguage":"tr","potentialAction":[{"@type":"ReadAction","target":["https:\/\/iqvagro.com\/tr-tr\/hizmetler\/fason-uretim\/"]}]},{"@type":"BreadcrumbList","@id":"https:\/\/iqvagro.com\/tr-tr\/hizmetler\/fason-uretim\/#breadcrumb","itemListElement":[{"@type":"ListItem","position":1,"name":"Portada","item":"https:\/\/iqvagro.com\/tr\/"},{"@type":"ListItem","position":2,"name":"Hizmetler","item":"https:\/\/iqvagro.com\/tr\/hizmetler\/"},{"@type":"ListItem","position":3,"name":"FASON \u00dcRETI\u0307M"}]},{"@type":"WebSite","@id":"https:\/\/iqvagro.com\/#website","url":"https:\/\/iqvagro.com\/","name":"IQV Matholding Group","description":"Taking Care of Crops","publisher":{"@id":"https:\/\/iqvagro.com\/#organization"},"potentialAction":[{"@type":"SearchAction","target":{"@type":"EntryPoint","urlTemplate":"https:\/\/iqvagro.com\/?s={search_term_string}"},"query-input":{"@type":"PropertyValueSpecification","valueRequired":true,"valueName":"search_term_string"}}],"inLanguage":"tr"},{"@type":"Organization","@id":"https:\/\/iqvagro.com\/#organization","name":"IQV Matholding Group","url":"https:\/\/iqvagro.com\/","logo":{"@type":"ImageObject","inLanguage":"tr","@id":"https:\/\/iqvagro.com\/#\/schema\/logo\/image\/","url":"https:\/\/iqvagro.com\/wp-content\/uploads\/2025\/05\/logo_IQV_new_2025.svg","contentUrl":"https:\/\/iqvagro.com\/wp-content\/uploads\/2025\/05\/logo_IQV_new_2025.svg","caption":"IQV Matholding Group"},"image":{"@id":"https:\/\/iqvagro.com\/#\/schema\/logo\/image\/"},"sameAs":["https:\/\/www.facebook.com\/iqv.cropscience","https:\/\/www.instagram.com\/iqv.cropscience\/"]}]}},"_links":{"self":[{"href":"https:\/\/iqvagro.com\/tr\/wp-json\/wp\/v2\/pages\/18773","targetHints":{"allow":["GET"]}}],"collection":[{"href":"https:\/\/iqvagro.com\/tr\/wp-json\/wp\/v2\/pages"}],"about":[{"href":"https:\/\/iqvagro.com\/tr\/wp-json\/wp\/v2\/types\/page"}],"author":[{"embeddable":true,"href":"https:\/\/iqvagro.com\/tr\/wp-json\/wp\/v2\/users\/5"}],"replies":[{"embeddable":true,"href":"https:\/\/iqvagro.com\/tr\/wp-json\/wp\/v2\/comments?post=18773"}],"version-history":[{"count":0,"href":"https:\/\/iqvagro.com\/tr\/wp-json\/wp\/v2\/pages\/18773\/revisions"}],"up":[{"embeddable":true,"href":"https:\/\/iqvagro.com\/tr\/wp-json\/wp\/v2\/pages\/18786"}],"wp:attachment":[{"href":"https:\/\/iqvagro.com\/tr\/wp-json\/wp\/v2\/media?parent=18773"}],"curies":[{"name":"wp","href":"https:\/\/api.w.org\/{rel}","templated":true}]}}