{"id":18763,"date":"2021-01-13T20:44:32","date_gmt":"2021-01-13T19:44:32","guid":{"rendered":"https:\/\/iqvagro.com\/politica-de-cookies\/"},"modified":"2021-01-13T20:44:32","modified_gmt":"2021-01-13T19:44:32","slug":"politica-de-cookies","status":"publish","type":"page","link":"https:\/\/iqvagro.com\/tr\/politica-de-cookies\/","title":{"rendered":"Pol\u00edtica de cookies"},"content":{"rendered":"<h1><\/h1>\n<h1>Pol\u00edtica de Cookies<\/h1>\n<p><strong><em>\u00bfQu\u00e9 son<\/em><\/strong><strong><em> las cookies?<\/em><\/strong><\/p>\n<p>Esta p\u00e1gina web utiliza cookies. Una cookie es un archivo de descarga que se instala en el navegador de su ordenador. Las cookies permiten a una p\u00e1gina web, entre otras cosas, almacenar y recuperar informaci\u00f3n acerca de los h\u00e1bitos de navegaci\u00f3n del usuario o de su ordenador y, dependiendo de la informaci\u00f3n que contenga y de la forma en que utilice su ordenador, pueden utilizarse para reconocer al usuario.<\/p>\n<p><strong><em>\u00bfQu\u00e9 tipolog\u00eda de cookies se utilizan en esta web?<\/em><\/strong><\/p>\n<p>Tipos de cookies seg\u00fan quien sea la entidad que gestione el equipo o dominio desde donde se env\u00edan las cookies y trate los datos que se obtengan, podemos distinguir:<\/p>\n<ul>\n<li><strong><em>Cookies propias:<\/em><\/strong> Son aqu\u00e9llas que se env\u00edan al equipo terminal del usuario desde un equipo o dominio gestionado por el propio editor y desde el que se presta el servicio solicitado por el usuario.<\/li>\n<\/ul>\n<ul>\n<li><strong><em>Cookies de terceros:<\/em><\/strong> Son aqu\u00e9llas que se env\u00edan al equipo terminal del usuario desde un equipo o dominio que no es gestionado por el editor, sino por otra entidad que trata los datos obtenidos trav\u00e9s de las cookies.<\/li>\n<\/ul>\n<p>Tipos de cookies seg\u00fan el plazo de tiempo que permanecen activadas en el equipo terminal:<\/p>\n<ul>\n<li><strong><em>Cookies de sesi\u00f3n<\/em><\/strong>: Son un tipo de cookies dise\u00f1adas para recabar y almacenar datos mientras el usuario accede a una p\u00e1gina web.<\/li>\n<\/ul>\n<ul>\n<li><strong><em>Cookies persistentes<\/em><\/strong>: Son un tipo de cookies que permiten que los datos se almacenen en el terminal y pueden ser accedidos y tratados durante un periodo definido por el responsable de la cookie, y que puede ir de unos minutos a varios a\u00f1os.<\/li>\n<\/ul>\n<p>Tipos de cookies seg\u00fan su finalidad:<\/p>\n<ul>\n<li><strong><em>Cookies t\u00e9cnicas<\/em><\/strong><strong>:<\/strong> Son aquellas necesarias para el buen funcionamiento de la p\u00e1gina web y que son imprescindibles para que el usuario pueda utilizar los servicios y acceder al contenido que solicite el usuario e interactuar con sus funcionalidades. Su desactivaci\u00f3n podr\u00eda impedir el correcto funcionamiento de la p\u00e1gina web.<\/li>\n<\/ul>\n<ul>\n<li><strong><em>Cookies anal\u00edticas<\/em><\/strong><strong>:<\/strong> son aquellas que permiten el seguimiento y an\u00e1lisis del comportamiento del usuario del sitio web al que est\u00e1n vinculadas. La informaci\u00f3n que se recaba se utiliza para la medici\u00f3n de\u00a0 audiencias, tr\u00e1fico e implicaci\u00f3n con la p\u00e1gina web.\u00a0 Asimismo, permiten conocer el navegador utilizado o el idioma elegido, entre otras. Estas cookies, se activan de forma autom\u00e1tica en nuestra p\u00e1gina web, no obstante, puede deshabilitar estas cookies mediante los sistemas de exclusi\u00f3n proporcionados por las herramientas o mediante la configuraci\u00f3n del navegador.<\/li>\n<\/ul>\n<p>Las aplicaciones utilizadas para obtener esta informaci\u00f3n son las siguientes:<\/p>\n<ul>\n<li>Google Analytics:<\/li>\n<\/ul>\n<p style=\"padding-left: 60px;\">Google Analytics es una herramienta sencilla y f\u00e1cil de usar que ayuda a los propietarios de sitios web a medir c\u00f3mo interact\u00faan los usuarios con el contenido del sitio. Cuando un usuario navega por las p\u00e1ginas de un sitio web, Google Analytics proporciona al propietario de dicho sitio etiquetas JavaScript (bibliotecas) para registrar la informaci\u00f3n sobre la p\u00e1gina que ha visto un usuario; por ejemplo, la URL de la p\u00e1gina. Las bibliotecas JavaScript de Google Analytics usan\u00a0cookies HTTP para &#8220;recordar&#8221; lo que ha hecho un usuario en p\u00e1ginas o en interacciones con el sitio web anteriores.<\/p>\n<p style=\"padding-left: 60px;\">Google Analytics admite dos bibliotecas JavaScript (etiquetas) para medir el uso de los sitios web:\u00a0analytics.js\u00a0y\u00a0ga.js. En las secciones siguientes se describe c\u00f3mo usa las cookies cada una de estas bibliotecas.<\/p>\n<p>analytics.js configura las cookies siguientes:<\/p>\n<div class=\"devsite-table-wrapper\">\n<table>\n<tbody>\n<tr>\n<th>Nombre de la cookie<\/th>\n<th>Duraci\u00f3n<\/th>\n<th>Descripci\u00f3n<\/th>\n<\/tr>\n<tr>\n<td><code>_<wbr \/>ga<\/code><\/td>\n<td>2 a\u00f1os<\/td>\n<td>Se usa para distinguir a los usuarios.<\/td>\n<\/tr>\n<tr>\n<td><code>_<wbr \/>gid<\/code><\/td>\n<td>24\u00a0horas<\/td>\n<td>Se usa para distinguir a los usuarios.<\/td>\n<\/tr>\n<tr>\n<td><code>_<wbr \/>gat<\/code><\/td>\n<td>1\u00a0minuto<\/td>\n<td>Se usa para limitar el porcentaje de solicitudes.<\/td>\n<\/tr>\n<tr>\n<td><code>AMP_<wbr \/>TOKEN<\/code><\/td>\n<td>30\u00a0segundos a 1\u00a0a\u00f1o<\/td>\n<td>Incluye un token que se puede utilizar para recuperar un ID de cliente del servicio de ID de cliente de AMP. Otros posibles valores indican inhabilitaciones, solicitudes en curso o errores obtenidos al recuperar un ID del servicio de ID de cliente de AMP.<\/td>\n<\/tr>\n<tr>\n<td><code>_<wbr \/>gac_<wbr \/><\/code><\/td>\n<td>90\u00a0d\u00edas<\/td>\n<td>Incluye informaci\u00f3n de la campa\u00f1a relativa al usuario. Si has vinculado tus cuentas de Google Analytics y AdWords, las etiquetas de conversi\u00f3n de sitios web leer\u00e1n esta cookie, a menos que la inhabilites.<\/td>\n<\/tr>\n<\/tbody>\n<\/table>\n<\/div>\n<p>Si no quiere que\u00a0Google Analytics\u00a0recoja y utilice informaci\u00f3n, puede instalar un sistema de rechazo (\u201copt-out\u201d) en su navegador web:\u00a0 <a href=\"https:\/\/tools.google.com\/dlpage\/gaoptout?hl=None\">https:\/\/tools.google.com\/dlpage\/gaoptout?hl=None<\/a><\/p>\n<p>Asimismo, le informamos que el usuario puede ajustar con facilidad la configuraci\u00f3n de su navegador para bloquear o eliminar las cookies instaladas en cualquier momento. No obstante, esta deshabilitaci\u00f3n podr\u00eda modificar el funcionamiento de la p\u00e1gina web y provocar que determinados servicios de la p\u00e1gina web no se encuentren disponibles.<\/p>\n<p>Cada navegador tiene una configuraci\u00f3n distinta para inhabilitar las cookies. A continuaci\u00f3n se muestran los pasos a seguir para desactivar o eliminar las cookies en sus principales navegadores:<\/p>\n<ul>\n<li>Chrome: <a href=\"http:\/\/support.google.com\/chrome\/bin\/answer.py?hl=es&amp;answer=95647\">http:\/\/support.google.com\/chrome\/bin\/answer.py?hl=es&amp;answer=95647<\/a><\/li>\n<li>Explorer: <a href=\"http:\/\/windows.microsoft.com\/es-es\/windows7\/how-to-manage-Cookies-in-internet-explorer-9\">http:\/\/windows.microsoft.com\/es-es\/windows7\/how-to-manage-Cookies-in-internet-explorer-9<\/a><\/li>\n<li>Firefox: <a href=\"http:\/\/support.mozilla.org\/es\/kb\/habilitar-y-deshabilitar-Cookies-que-los-sitios-we\">http:\/\/support.mozilla.org\/es\/kb\/habilitar-y-deshabilitar-Cookies-que-los-sitios-we<\/a><\/li>\n<li>Safari <a href=\"http:\/\/support.apple.com\/kb\/ph5042\">http:\/\/support.apple.com\/kb\/ph5042<\/a><\/li>\n<\/ul>\n<p>Esta Pol\u00edtica de Cookies puede ser modificada en funci\u00f3n de las modificaciones legislativas a fin de adaptarla a las instrucciones dictadas por la Agencias Espa\u00f1ola de Protecci\u00f3n de Datos, por lo que se recomienda a los usuarios que la consulten peri\u00f3dicamente.<\/p>\n","protected":false},"excerpt":{"rendered":"<p>Pol\u00edtica de Cookies \u00bfQu\u00e9 son las cookies? Esta p\u00e1gina web utiliza cookies. Una cookie es un archivo de descarga que se instala en el navegador de su ordenador. Las cookies permiten a una p\u00e1gina web, entre otras cosas, almacenar y recuperar informaci\u00f3n acerca de los h\u00e1bitos de navegaci\u00f3n del usuario o de su ordenador y, [&hellip;]<\/p>\n","protected":false},"author":4,"featured_media":0,"parent":0,"menu_order":0,"comment_status":"closed","ping_status":"closed","template":"","meta":{"_acf_changed":false,"footnotes":""},"class_list":["post-18763","page","type-page","status-publish","hentry"],"acf":[],"yoast_head":"<!-- This site is optimized with the Yoast SEO plugin v27.1.1 - https:\/\/yoast.com\/product\/yoast-seo-wordpress\/ -->\n<title>Pol\u00edtica de cookies - IQV Matholding Group<\/title>\n<meta name=\"robots\" content=\"index, follow, max-snippet:-1, max-image-preview:large, max-video-preview:-1\" \/>\n<link rel=\"canonical\" href=\"https:\/\/iqvagro.com\/tr\/politica-de-cookies\/\" \/>\n<meta property=\"og:locale\" content=\"tr_TR\" \/>\n<meta property=\"og:type\" content=\"article\" \/>\n<meta property=\"og:title\" content=\"Pol\u00edtica de cookies - IQV Matholding Group\" \/>\n<meta property=\"og:description\" content=\"Pol\u00edtica de Cookies \u00bfQu\u00e9 son las cookies? Esta p\u00e1gina web utiliza cookies. Una cookie es un archivo de descarga que se instala en el navegador de su ordenador. Las cookies permiten a una p\u00e1gina web, entre otras cosas, almacenar y recuperar informaci\u00f3n acerca de los h\u00e1bitos de navegaci\u00f3n del usuario o de su ordenador y, [&hellip;]\" \/>\n<meta property=\"og:url\" content=\"https:\/\/iqvagro.com\/tr\/politica-de-cookies\/\" \/>\n<meta property=\"og:site_name\" content=\"IQV Matholding Group\" \/>\n<meta property=\"article:publisher\" content=\"https:\/\/www.facebook.com\/iqv.cropscience\" \/>\n<meta name=\"twitter:card\" content=\"summary_large_image\" \/>\n<meta name=\"twitter:label1\" content=\"Tahmini okuma s\u00fcresi\" \/>\n\t<meta name=\"twitter:data1\" content=\"5 dakika\" \/>\n<script type=\"application\/ld+json\" class=\"yoast-schema-graph\">{\"@context\":\"https:\/\/schema.org\",\"@graph\":[{\"@type\":\"WebPage\",\"@id\":\"https:\/\/iqvagro.com\/tr\/politica-de-cookies\/\",\"url\":\"https:\/\/iqvagro.com\/tr\/politica-de-cookies\/\",\"name\":\"Pol\u00edtica de cookies - IQV Matholding Group\",\"isPartOf\":{\"@id\":\"https:\/\/iqvagro.com\/#website\"},\"datePublished\":\"2021-01-13T19:44:32+00:00\",\"breadcrumb\":{\"@id\":\"https:\/\/iqvagro.com\/tr\/politica-de-cookies\/#breadcrumb\"},\"inLanguage\":\"tr\",\"potentialAction\":[{\"@type\":\"ReadAction\",\"target\":[\"https:\/\/iqvagro.com\/tr\/politica-de-cookies\/\"]}]},{\"@type\":\"BreadcrumbList\",\"@id\":\"https:\/\/iqvagro.com\/tr\/politica-de-cookies\/#breadcrumb\",\"itemListElement\":[{\"@type\":\"ListItem\",\"position\":1,\"name\":\"Portada\",\"item\":\"https:\/\/iqvagro.com\/tr\/\"},{\"@type\":\"ListItem\",\"position\":2,\"name\":\"Pol\u00edtica de cookies\"}]},{\"@type\":\"WebSite\",\"@id\":\"https:\/\/iqvagro.com\/#website\",\"url\":\"https:\/\/iqvagro.com\/\",\"name\":\"IQV Matholding Group\",\"description\":\"Taking Care of Crops\",\"publisher\":{\"@id\":\"https:\/\/iqvagro.com\/#organization\"},\"potentialAction\":[{\"@type\":\"SearchAction\",\"target\":{\"@type\":\"EntryPoint\",\"urlTemplate\":\"https:\/\/iqvagro.com\/?s={search_term_string}\"},\"query-input\":{\"@type\":\"PropertyValueSpecification\",\"valueRequired\":true,\"valueName\":\"search_term_string\"}}],\"inLanguage\":\"tr\"},{\"@type\":\"Organization\",\"@id\":\"https:\/\/iqvagro.com\/#organization\",\"name\":\"IQV Matholding Group\",\"url\":\"https:\/\/iqvagro.com\/\",\"logo\":{\"@type\":\"ImageObject\",\"inLanguage\":\"tr\",\"@id\":\"https:\/\/iqvagro.com\/#\/schema\/logo\/image\/\",\"url\":\"https:\/\/iqvagro.com\/wp-content\/uploads\/2025\/05\/logo_IQV_new_2025.svg\",\"contentUrl\":\"https:\/\/iqvagro.com\/wp-content\/uploads\/2025\/05\/logo_IQV_new_2025.svg\",\"caption\":\"IQV Matholding Group\"},\"image\":{\"@id\":\"https:\/\/iqvagro.com\/#\/schema\/logo\/image\/\"},\"sameAs\":[\"https:\/\/www.facebook.com\/iqv.cropscience\",\"https:\/\/www.instagram.com\/iqv.cropscience\/\"]}]}<\/script>\n<!-- \/ Yoast SEO plugin. -->","yoast_head_json":{"title":"Pol\u00edtica de cookies - IQV Matholding Group","robots":{"index":"index","follow":"follow","max-snippet":"max-snippet:-1","max-image-preview":"max-image-preview:large","max-video-preview":"max-video-preview:-1"},"canonical":"https:\/\/iqvagro.com\/tr\/politica-de-cookies\/","og_locale":"tr_TR","og_type":"article","og_title":"Pol\u00edtica de cookies - IQV Matholding Group","og_description":"Pol\u00edtica de Cookies \u00bfQu\u00e9 son las cookies? Esta p\u00e1gina web utiliza cookies. Una cookie es un archivo de descarga que se instala en el navegador de su ordenador. Las cookies permiten a una p\u00e1gina web, entre otras cosas, almacenar y recuperar informaci\u00f3n acerca de los h\u00e1bitos de navegaci\u00f3n del usuario o de su ordenador y, [&hellip;]","og_url":"https:\/\/iqvagro.com\/tr\/politica-de-cookies\/","og_site_name":"IQV Matholding Group","article_publisher":"https:\/\/www.facebook.com\/iqv.cropscience","twitter_card":"summary_large_image","twitter_misc":{"Tahmini okuma s\u00fcresi":"5 dakika"},"schema":{"@context":"https:\/\/schema.org","@graph":[{"@type":"WebPage","@id":"https:\/\/iqvagro.com\/tr\/politica-de-cookies\/","url":"https:\/\/iqvagro.com\/tr\/politica-de-cookies\/","name":"Pol\u00edtica de cookies - IQV Matholding Group","isPartOf":{"@id":"https:\/\/iqvagro.com\/#website"},"datePublished":"2021-01-13T19:44:32+00:00","breadcrumb":{"@id":"https:\/\/iqvagro.com\/tr\/politica-de-cookies\/#breadcrumb"},"inLanguage":"tr","potentialAction":[{"@type":"ReadAction","target":["https:\/\/iqvagro.com\/tr\/politica-de-cookies\/"]}]},{"@type":"BreadcrumbList","@id":"https:\/\/iqvagro.com\/tr\/politica-de-cookies\/#breadcrumb","itemListElement":[{"@type":"ListItem","position":1,"name":"Portada","item":"https:\/\/iqvagro.com\/tr\/"},{"@type":"ListItem","position":2,"name":"Pol\u00edtica de cookies"}]},{"@type":"WebSite","@id":"https:\/\/iqvagro.com\/#website","url":"https:\/\/iqvagro.com\/","name":"IQV Matholding Group","description":"Taking Care of Crops","publisher":{"@id":"https:\/\/iqvagro.com\/#organization"},"potentialAction":[{"@type":"SearchAction","target":{"@type":"EntryPoint","urlTemplate":"https:\/\/iqvagro.com\/?s={search_term_string}"},"query-input":{"@type":"PropertyValueSpecification","valueRequired":true,"valueName":"search_term_string"}}],"inLanguage":"tr"},{"@type":"Organization","@id":"https:\/\/iqvagro.com\/#organization","name":"IQV Matholding Group","url":"https:\/\/iqvagro.com\/","logo":{"@type":"ImageObject","inLanguage":"tr","@id":"https:\/\/iqvagro.com\/#\/schema\/logo\/image\/","url":"https:\/\/iqvagro.com\/wp-content\/uploads\/2025\/05\/logo_IQV_new_2025.svg","contentUrl":"https:\/\/iqvagro.com\/wp-content\/uploads\/2025\/05\/logo_IQV_new_2025.svg","caption":"IQV Matholding Group"},"image":{"@id":"https:\/\/iqvagro.com\/#\/schema\/logo\/image\/"},"sameAs":["https:\/\/www.facebook.com\/iqv.cropscience","https:\/\/www.instagram.com\/iqv.cropscience\/"]}]}},"_links":{"self":[{"href":"https:\/\/iqvagro.com\/tr\/wp-json\/wp\/v2\/pages\/18763","targetHints":{"allow":["GET"]}}],"collection":[{"href":"https:\/\/iqvagro.com\/tr\/wp-json\/wp\/v2\/pages"}],"about":[{"href":"https:\/\/iqvagro.com\/tr\/wp-json\/wp\/v2\/types\/page"}],"author":[{"embeddable":true,"href":"https:\/\/iqvagro.com\/tr\/wp-json\/wp\/v2\/users\/4"}],"replies":[{"embeddable":true,"href":"https:\/\/iqvagro.com\/tr\/wp-json\/wp\/v2\/comments?post=18763"}],"version-history":[{"count":0,"href":"https:\/\/iqvagro.com\/tr\/wp-json\/wp\/v2\/pages\/18763\/revisions"}],"wp:attachment":[{"href":"https:\/\/iqvagro.com\/tr\/wp-json\/wp\/v2\/media?parent=18763"}],"curies":[{"name":"wp","href":"https:\/\/api.w.org\/{rel}","templated":true}]}}