{"id":14243,"date":"2023-01-13T12:16:40","date_gmt":"2023-01-13T11:16:40","guid":{"rendered":"https:\/\/iqvagro.com\/?page_id=14243"},"modified":"2023-03-07T15:31:47","modified_gmt":"2023-03-07T14:31:47","slug":"gama-de-productos","status":"publish","type":"page","link":"https:\/\/iqvagro.com\/tr\/gama-de-productos\/","title":{"rendered":"Gama de Productos"},"content":{"rendered":"","protected":false},"excerpt":{"rendered":"","protected":false},"author":4,"featured_media":0,"parent":0,"menu_order":0,"comment_status":"closed","ping_status":"closed","template":"","meta":{"_acf_changed":false,"footnotes":""},"class_list":["post-14243","page","type-page","status-publish","hentry"],"acf":[],"yoast_head":"<!-- This site is optimized with the Yoast SEO plugin v27.1.1 - https:\/\/yoast.com\/product\/yoast-seo-wordpress\/ -->\n<title>Gama de productos IQV: respetuosos, de alta calidad y eficacia<\/title>\n<meta name=\"description\" content=\"Nuestras m\u00e1s de 300 referencias re\u00fanen un completo cat\u00e1logo de productos fungicidas en base Cobre y Metalaxil, herbicidas, insecticidas y otros.\" \/>\n<meta name=\"robots\" content=\"index, follow, max-snippet:-1, max-image-preview:large, max-video-preview:-1\" \/>\n<link rel=\"canonical\" href=\"https:\/\/iqvagro.com\/gama-de-productos\/\" \/>\n<meta property=\"og:locale\" content=\"tr_TR\" \/>\n<meta property=\"og:type\" content=\"article\" \/>\n<meta property=\"og:title\" content=\"Gama de productos IQV: respetuosos, de alta calidad y eficacia\" \/>\n<meta property=\"og:description\" content=\"Nuestras m\u00e1s de 300 referencias re\u00fanen un completo cat\u00e1logo de productos fungicidas en base Cobre y Metalaxil, herbicidas, insecticidas y otros.\" \/>\n<meta property=\"og:url\" content=\"https:\/\/iqvagro.com\/gama-de-productos\/\" \/>\n<meta property=\"og:site_name\" content=\"IQV Matholding Group\" \/>\n<meta property=\"article:publisher\" content=\"https:\/\/www.facebook.com\/iqv.cropscience\" \/>\n<meta property=\"article:modified_time\" content=\"2023-03-07T14:31:47+00:00\" \/>\n<meta name=\"twitter:card\" content=\"summary_large_image\" \/>\n<script type=\"application\/ld+json\" class=\"yoast-schema-graph\">{\"@context\":\"https:\/\/schema.org\",\"@graph\":[{\"@type\":\"WebPage\",\"@id\":\"https:\/\/iqvagro.com\/gama-de-productos\/\",\"url\":\"https:\/\/iqvagro.com\/gama-de-productos\/\",\"name\":\"Gama de productos IQV: respetuosos, de alta calidad y eficacia\",\"isPartOf\":{\"@id\":\"https:\/\/iqvagro.com\/#website\"},\"datePublished\":\"2023-01-13T11:16:40+00:00\",\"dateModified\":\"2023-03-07T14:31:47+00:00\",\"description\":\"Nuestras m\u00e1s de 300 referencias re\u00fanen un completo cat\u00e1logo de productos fungicidas en base Cobre y Metalaxil, herbicidas, insecticidas y otros.\",\"breadcrumb\":{\"@id\":\"https:\/\/iqvagro.com\/gama-de-productos\/#breadcrumb\"},\"inLanguage\":\"tr\",\"potentialAction\":[{\"@type\":\"ReadAction\",\"target\":[\"https:\/\/iqvagro.com\/gama-de-productos\/\"]}]},{\"@type\":\"BreadcrumbList\",\"@id\":\"https:\/\/iqvagro.com\/gama-de-productos\/#breadcrumb\",\"itemListElement\":[{\"@type\":\"ListItem\",\"position\":1,\"name\":\"Portada\",\"item\":\"https:\/\/iqvagro.com\/tr\/\"},{\"@type\":\"ListItem\",\"position\":2,\"name\":\"Gama de Productos\"}]},{\"@type\":\"WebSite\",\"@id\":\"https:\/\/iqvagro.com\/#website\",\"url\":\"https:\/\/iqvagro.com\/\",\"name\":\"IQV Matholding Group\",\"description\":\"Taking Care of Crops\",\"publisher\":{\"@id\":\"https:\/\/iqvagro.com\/#organization\"},\"potentialAction\":[{\"@type\":\"SearchAction\",\"target\":{\"@type\":\"EntryPoint\",\"urlTemplate\":\"https:\/\/iqvagro.com\/?s={search_term_string}\"},\"query-input\":{\"@type\":\"PropertyValueSpecification\",\"valueRequired\":true,\"valueName\":\"search_term_string\"}}],\"inLanguage\":\"tr\"},{\"@type\":\"Organization\",\"@id\":\"https:\/\/iqvagro.com\/#organization\",\"name\":\"IQV Matholding Group\",\"url\":\"https:\/\/iqvagro.com\/\",\"logo\":{\"@type\":\"ImageObject\",\"inLanguage\":\"tr\",\"@id\":\"https:\/\/iqvagro.com\/#\/schema\/logo\/image\/\",\"url\":\"https:\/\/iqvagro.com\/wp-content\/uploads\/2025\/05\/logo_IQV_new_2025.svg\",\"contentUrl\":\"https:\/\/iqvagro.com\/wp-content\/uploads\/2025\/05\/logo_IQV_new_2025.svg\",\"caption\":\"IQV Matholding Group\"},\"image\":{\"@id\":\"https:\/\/iqvagro.com\/#\/schema\/logo\/image\/\"},\"sameAs\":[\"https:\/\/www.facebook.com\/iqv.cropscience\",\"https:\/\/www.instagram.com\/iqv.cropscience\/\"]}]}<\/script>\n<!-- \/ Yoast SEO plugin. -->","yoast_head_json":{"title":"Gama de productos IQV: respetuosos, de alta calidad y eficacia","description":"Nuestras m\u00e1s de 300 referencias re\u00fanen un completo cat\u00e1logo de productos fungicidas en base Cobre y Metalaxil, herbicidas, insecticidas y otros.","robots":{"index":"index","follow":"follow","max-snippet":"max-snippet:-1","max-image-preview":"max-image-preview:large","max-video-preview":"max-video-preview:-1"},"canonical":"https:\/\/iqvagro.com\/gama-de-productos\/","og_locale":"tr_TR","og_type":"article","og_title":"Gama de productos IQV: respetuosos, de alta calidad y eficacia","og_description":"Nuestras m\u00e1s de 300 referencias re\u00fanen un completo cat\u00e1logo de productos fungicidas en base Cobre y Metalaxil, herbicidas, insecticidas y otros.","og_url":"https:\/\/iqvagro.com\/gama-de-productos\/","og_site_name":"IQV Matholding Group","article_publisher":"https:\/\/www.facebook.com\/iqv.cropscience","article_modified_time":"2023-03-07T14:31:47+00:00","twitter_card":"summary_large_image","schema":{"@context":"https:\/\/schema.org","@graph":[{"@type":"WebPage","@id":"https:\/\/iqvagro.com\/gama-de-productos\/","url":"https:\/\/iqvagro.com\/gama-de-productos\/","name":"Gama de productos IQV: respetuosos, de alta calidad y eficacia","isPartOf":{"@id":"https:\/\/iqvagro.com\/#website"},"datePublished":"2023-01-13T11:16:40+00:00","dateModified":"2023-03-07T14:31:47+00:00","description":"Nuestras m\u00e1s de 300 referencias re\u00fanen un completo cat\u00e1logo de productos fungicidas en base Cobre y Metalaxil, herbicidas, insecticidas y otros.","breadcrumb":{"@id":"https:\/\/iqvagro.com\/gama-de-productos\/#breadcrumb"},"inLanguage":"tr","potentialAction":[{"@type":"ReadAction","target":["https:\/\/iqvagro.com\/gama-de-productos\/"]}]},{"@type":"BreadcrumbList","@id":"https:\/\/iqvagro.com\/gama-de-productos\/#breadcrumb","itemListElement":[{"@type":"ListItem","position":1,"name":"Portada","item":"https:\/\/iqvagro.com\/tr\/"},{"@type":"ListItem","position":2,"name":"Gama de Productos"}]},{"@type":"WebSite","@id":"https:\/\/iqvagro.com\/#website","url":"https:\/\/iqvagro.com\/","name":"IQV Matholding Group","description":"Taking Care of Crops","publisher":{"@id":"https:\/\/iqvagro.com\/#organization"},"potentialAction":[{"@type":"SearchAction","target":{"@type":"EntryPoint","urlTemplate":"https:\/\/iqvagro.com\/?s={search_term_string}"},"query-input":{"@type":"PropertyValueSpecification","valueRequired":true,"valueName":"search_term_string"}}],"inLanguage":"tr"},{"@type":"Organization","@id":"https:\/\/iqvagro.com\/#organization","name":"IQV Matholding Group","url":"https:\/\/iqvagro.com\/","logo":{"@type":"ImageObject","inLanguage":"tr","@id":"https:\/\/iqvagro.com\/#\/schema\/logo\/image\/","url":"https:\/\/iqvagro.com\/wp-content\/uploads\/2025\/05\/logo_IQV_new_2025.svg","contentUrl":"https:\/\/iqvagro.com\/wp-content\/uploads\/2025\/05\/logo_IQV_new_2025.svg","caption":"IQV Matholding Group"},"image":{"@id":"https:\/\/iqvagro.com\/#\/schema\/logo\/image\/"},"sameAs":["https:\/\/www.facebook.com\/iqv.cropscience","https:\/\/www.instagram.com\/iqv.cropscience\/"]}]}},"_links":{"self":[{"href":"https:\/\/iqvagro.com\/tr\/wp-json\/wp\/v2\/pages\/14243","targetHints":{"allow":["GET"]}}],"collection":[{"href":"https:\/\/iqvagro.com\/tr\/wp-json\/wp\/v2\/pages"}],"about":[{"href":"https:\/\/iqvagro.com\/tr\/wp-json\/wp\/v2\/types\/page"}],"author":[{"embeddable":true,"href":"https:\/\/iqvagro.com\/tr\/wp-json\/wp\/v2\/users\/4"}],"replies":[{"embeddable":true,"href":"https:\/\/iqvagro.com\/tr\/wp-json\/wp\/v2\/comments?post=14243"}],"version-history":[{"count":0,"href":"https:\/\/iqvagro.com\/tr\/wp-json\/wp\/v2\/pages\/14243\/revisions"}],"wp:attachment":[{"href":"https:\/\/iqvagro.com\/tr\/wp-json\/wp\/v2\/media?parent=14243"}],"curies":[{"name":"wp","href":"https:\/\/api.w.org\/{rel}","templated":true}]}}