{"id":19475,"date":"2024-10-31T12:15:30","date_gmt":"2024-10-31T11:15:30","guid":{"rendered":"https:\/\/iqvagro.com\/?page_id=19475"},"modified":"2026-01-21T15:43:15","modified_gmt":"2026-01-21T14:43:15","slug":"ekibimiz","status":"publish","type":"page","link":"https:\/\/iqvagro.com\/tr-tr\/ekibimiz\/","title":{"rendered":"Ekibimiz"},"content":{"rendered":"\t\t<div data-elementor-type=\"wp-page\" data-elementor-id=\"19475\" class=\"elementor elementor-19475\" data-elementor-post-type=\"page\">\n\t\t\t\t\t\t<section class=\"elementor-section elementor-top-section elementor-element elementor-element-730f51bd elementor-section-boxed elementor-section-height-default elementor-section-height-default\" data-id=\"730f51bd\" data-element_type=\"section\" data-e-type=\"section\" data-settings=\"{&quot;background_background&quot;:&quot;classic&quot;}\">\n\t\t\t\t\t\t\t<div class=\"elementor-background-overlay\"><\/div>\n\t\t\t\t\t\t\t<div class=\"elementor-container elementor-column-gap-default\">\n\t\t\t\t\t<div class=\"elementor-column elementor-col-100 elementor-top-column elementor-element elementor-element-1ae17958\" data-id=\"1ae17958\" data-element_type=\"column\" data-e-type=\"column\">\n\t\t\t<div class=\"elementor-widget-wrap elementor-element-populated\">\n\t\t\t\t\t\t<div class=\"elementor-element elementor-element-74f9bc1e elementor-widget elementor-widget-heading\" data-id=\"74f9bc1e\" data-element_type=\"widget\" data-e-type=\"widget\" data-widget_type=\"heading.default\">\n\t\t\t\t<div class=\"elementor-widget-container\">\n\t\t\t\t\t<h1 class=\"elementor-heading-title elementor-size-default\">Ekibimiz<\/h1>\t\t\t\t<\/div>\n\t\t\t\t<\/div>\n\t\t\t\t<div class=\"elementor-element elementor-element-2e733353 elementor-widget elementor-widget-heading\" data-id=\"2e733353\" data-element_type=\"widget\" data-e-type=\"widget\" data-widget_type=\"heading.default\">\n\t\t\t\t<div class=\"elementor-widget-container\">\n\t\t\t\t\t<span class=\"elementor-heading-title elementor-size-default\">B\u0130TK\u0130 SA\u011eLI\u011eI H\u0130ZMET\u0130NDE<\/span>\t\t\t\t<\/div>\n\t\t\t\t<\/div>\n\t\t\t\t\t<\/div>\n\t\t<\/div>\n\t\t\t\t\t<\/div>\n\t\t<\/section>\n\t\t\t\t<section class=\"elementor-section elementor-top-section elementor-element elementor-element-5d7a85b1 elementor-section-boxed elementor-section-height-default elementor-section-height-default\" data-id=\"5d7a85b1\" data-element_type=\"section\" data-e-type=\"section\">\n\t\t\t\t\t\t<div class=\"elementor-container elementor-column-gap-default\">\n\t\t\t\t\t<div class=\"elementor-column elementor-col-100 elementor-top-column elementor-element elementor-element-6c6146d3\" data-id=\"6c6146d3\" data-element_type=\"column\" data-e-type=\"column\">\n\t\t\t<div class=\"elementor-widget-wrap elementor-element-populated\">\n\t\t\t\t\t\t<div class=\"elementor-element elementor-element-3107bccc elementor-widget elementor-widget-heading\" data-id=\"3107bccc\" data-element_type=\"widget\" data-e-type=\"widget\" data-widget_type=\"heading.default\">\n\t\t\t\t<div class=\"elementor-widget-container\">\n\t\t\t\t\t<h2 class=\"elementor-heading-title elementor-size-default\">Size nas\u0131l yard\u0131mc\u0131 olabiliriz?<\/h2>\t\t\t\t<\/div>\n\t\t\t\t<\/div>\n\t\t\t\t\t<\/div>\n\t\t<\/div>\n\t\t\t\t\t<\/div>\n\t\t<\/section>\n\t\t\t\t<section class=\"elementor-section elementor-top-section elementor-element elementor-element-c698e27 elementor-section-content-middle elementor-section-boxed elementor-section-height-default elementor-section-height-default\" data-id=\"c698e27\" data-element_type=\"section\" data-e-type=\"section\" data-settings=\"{&quot;background_background&quot;:&quot;classic&quot;}\">\n\t\t\t\t\t\t<div class=\"elementor-container elementor-column-gap-default\">\n\t\t\t\t\t<div class=\"elementor-column elementor-col-50 elementor-top-column elementor-element elementor-element-fae0fae\" data-id=\"fae0fae\" data-element_type=\"column\" data-e-type=\"column\">\n\t\t\t<div class=\"elementor-widget-wrap elementor-element-populated\">\n\t\t\t\t\t\t<div class=\"elementor-element elementor-element-c60167c elementor-widget elementor-widget-image\" data-id=\"c60167c\" data-element_type=\"widget\" data-e-type=\"widget\" data-widget_type=\"image.default\">\n\t\t\t\t<div class=\"elementor-widget-container\">\n\t\t\t\t\t\t\t\t\t\t\t\t\t\t\t<img fetchpriority=\"high\" decoding=\"async\" width=\"346\" height=\"395\" src=\"https:\/\/iqvagro.com\/wp-content\/uploads\/2024\/10\/Team_TR-e1769006579313.jpg\" class=\"attachment-large size-large wp-image-19507\" alt=\"\" srcset=\"https:\/\/iqvagro.com\/wp-content\/uploads\/2024\/10\/Team_TR-e1769006579313.jpg 346w, https:\/\/iqvagro.com\/wp-content\/uploads\/2024\/10\/Team_TR-e1769006579313-263x300.jpg 263w\" sizes=\"(max-width: 346px) 100vw, 346px\" \/>\t\t\t\t\t\t\t\t\t\t\t\t\t\t\t<\/div>\n\t\t\t\t<\/div>\n\t\t\t\t\t<\/div>\n\t\t<\/div>\n\t\t\t\t<div class=\"elementor-column elementor-col-50 elementor-top-column elementor-element elementor-element-bf55529\" data-id=\"bf55529\" data-element_type=\"column\" data-e-type=\"column\">\n\t\t\t<div class=\"elementor-widget-wrap elementor-element-populated\">\n\t\t\t\t\t\t<div class=\"elementor-element elementor-element-65b50378 elementor-widget elementor-widget-heading\" data-id=\"65b50378\" data-element_type=\"widget\" data-e-type=\"widget\" data-widget_type=\"heading.default\">\n\t\t\t\t<div class=\"elementor-widget-container\">\n\t\t\t\t\t<p class=\"elementor-heading-title elementor-size-default\">Sat\u0131\u015f Pazarlama \u00dclke M\u00fcd\u00fcr\u00fc<\/p>\t\t\t\t<\/div>\n\t\t\t\t<\/div>\n\t\t\t\t<div class=\"elementor-element elementor-element-3aaa4978 elementor-widget elementor-widget-text-editor\" data-id=\"3aaa4978\" data-element_type=\"widget\" data-e-type=\"widget\" data-widget_type=\"text-editor.default\">\n\t\t\t\t<div class=\"elementor-widget-container\">\n\t\t\t\t\t\t\t\t\t<p>Mustafa Dere<br \/>Tel.: +90 533 283 13 24<br \/><a href=\"mailto:mdere@iqvagro.com\">mdere@iqvagro.com<\/a><\/p>\t\t\t\t\t\t\t\t<\/div>\n\t\t\t\t<\/div>\n\t\t\t\t<div class=\"elementor-element elementor-element-0dd2bf2 elementor-widget-divider--view-line elementor-widget elementor-widget-divider\" data-id=\"0dd2bf2\" data-element_type=\"widget\" data-e-type=\"widget\" data-widget_type=\"divider.default\">\n\t\t\t\t<div class=\"elementor-widget-container\">\n\t\t\t\t\t\t\t<div class=\"elementor-divider\">\n\t\t\t<span class=\"elementor-divider-separator\">\n\t\t\t\t\t\t<\/span>\n\t\t<\/div>\n\t\t\t\t\t\t<\/div>\n\t\t\t\t<\/div>\n\t\t\t\t\t<\/div>\n\t\t<\/div>\n\t\t\t\t\t<\/div>\n\t\t<\/section>\n\t\t\t\t<section class=\"elementor-section elementor-top-section elementor-element elementor-element-29d76620 elementor-section-boxed elementor-section-height-default elementor-section-height-default\" data-id=\"29d76620\" data-element_type=\"section\" data-e-type=\"section\" data-settings=\"{&quot;background_background&quot;:&quot;classic&quot;}\">\n\t\t\t\t\t\t<div class=\"elementor-container elementor-column-gap-default\">\n\t\t\t\t\t<div class=\"elementor-column elementor-col-100 elementor-top-column elementor-element elementor-element-1666d051\" data-id=\"1666d051\" data-element_type=\"column\" data-e-type=\"column\">\n\t\t\t<div class=\"elementor-widget-wrap elementor-element-populated\">\n\t\t\t\t\t\t<div class=\"elementor-element elementor-element-30ad3191 elementor-widget elementor-widget-heading\" data-id=\"30ad3191\" data-element_type=\"widget\" data-e-type=\"widget\" data-widget_type=\"heading.default\">\n\t\t\t\t<div class=\"elementor-widget-container\">\n\t\t\t\t\t<h3 class=\"elementor-heading-title elementor-size-default\">Caring for Crops<\/h3>\t\t\t\t<\/div>\n\t\t\t\t<\/div>\n\t\t\t\t\t<\/div>\n\t\t<\/div>\n\t\t\t\t\t<\/div>\n\t\t<\/section>\n\t\t\t\t<\/div>\n\t\t","protected":false},"excerpt":{"rendered":"<p>B\u0130TK\u0130 SA\u011eLI\u011eI H\u0130ZMET\u0130NDE Size nas\u0131l yard\u0131mc\u0131 olabiliriz? Sat\u0131\u015f Pazarlama \u00dclke M\u00fcd\u00fcr\u00fc Mustafa DereTel.: +90 533 283 13 24mdere@iqvagro.com Caring for Crops<\/p>\n","protected":false},"author":4,"featured_media":0,"parent":0,"menu_order":0,"comment_status":"closed","ping_status":"closed","template":"","meta":{"_acf_changed":false,"footnotes":""},"class_list":["post-19475","page","type-page","status-publish","hentry"],"acf":[],"yoast_head":"<!-- This site is optimized with the Yoast SEO plugin v27.1.1 - https:\/\/yoast.com\/product\/yoast-seo-wordpress\/ -->\n<title>Ekibimiz - IQV Matholding Group<\/title>\n<meta name=\"robots\" content=\"index, follow, max-snippet:-1, max-image-preview:large, max-video-preview:-1\" \/>\n<link rel=\"canonical\" href=\"https:\/\/iqvagro.com\/tr-tr\/ekibimiz\/\" \/>\n<meta property=\"og:locale\" content=\"tr_TR\" \/>\n<meta property=\"og:type\" content=\"article\" \/>\n<meta property=\"og:title\" content=\"Ekibimiz - IQV Matholding Group\" \/>\n<meta property=\"og:description\" content=\"B\u0130TK\u0130 SA\u011eLI\u011eI H\u0130ZMET\u0130NDE Size nas\u0131l yard\u0131mc\u0131 olabiliriz? Sat\u0131\u015f Pazarlama \u00dclke M\u00fcd\u00fcr\u00fc Mustafa DereTel.: +90 533 283 13 24mdere@iqvagro.com Caring for Crops\" \/>\n<meta property=\"og:url\" content=\"https:\/\/iqvagro.com\/tr-tr\/ekibimiz\/\" \/>\n<meta property=\"og:site_name\" content=\"IQV Matholding Group\" \/>\n<meta property=\"article:publisher\" content=\"https:\/\/www.facebook.com\/iqv.cropscience\" \/>\n<meta property=\"article:modified_time\" content=\"2026-01-21T14:43:15+00:00\" \/>\n<meta property=\"og:image\" content=\"https:\/\/iqvagro.com\/wp-content\/uploads\/2024\/10\/Team_TR-e1769006579313.jpg\" \/>\n<meta name=\"twitter:card\" content=\"summary_large_image\" \/>\n<meta name=\"twitter:label1\" content=\"Est. reading time\" \/>\n\t<meta name=\"twitter:data1\" content=\"1 minute\" \/>\n<script type=\"application\/ld+json\" class=\"yoast-schema-graph\">{\"@context\":\"https:\/\/schema.org\",\"@graph\":[{\"@type\":\"WebPage\",\"@id\":\"https:\/\/iqvagro.com\/tr-tr\/ekibimiz\/\",\"url\":\"https:\/\/iqvagro.com\/tr-tr\/ekibimiz\/\",\"name\":\"Ekibimiz - IQV Matholding Group\",\"isPartOf\":{\"@id\":\"https:\/\/iqvagro.com\/#website\"},\"primaryImageOfPage\":{\"@id\":\"https:\/\/iqvagro.com\/tr-tr\/ekibimiz\/#primaryimage\"},\"image\":{\"@id\":\"https:\/\/iqvagro.com\/tr-tr\/ekibimiz\/#primaryimage\"},\"thumbnailUrl\":\"https:\/\/iqvagro.com\/wp-content\/uploads\/2024\/10\/Team_TR-e1769006579313.jpg\",\"datePublished\":\"2024-10-31T11:15:30+00:00\",\"dateModified\":\"2026-01-21T14:43:15+00:00\",\"breadcrumb\":{\"@id\":\"https:\/\/iqvagro.com\/tr-tr\/ekibimiz\/#breadcrumb\"},\"inLanguage\":\"tr-TR-TR\",\"potentialAction\":[{\"@type\":\"ReadAction\",\"target\":[\"https:\/\/iqvagro.com\/tr-tr\/ekibimiz\/\"]}]},{\"@type\":\"ImageObject\",\"inLanguage\":\"tr-TR-TR\",\"@id\":\"https:\/\/iqvagro.com\/tr-tr\/ekibimiz\/#primaryimage\",\"url\":\"https:\/\/iqvagro.com\/wp-content\/uploads\/2024\/10\/Team_TR-e1769006579313.jpg\",\"contentUrl\":\"https:\/\/iqvagro.com\/wp-content\/uploads\/2024\/10\/Team_TR-e1769006579313.jpg\"},{\"@type\":\"BreadcrumbList\",\"@id\":\"https:\/\/iqvagro.com\/tr-tr\/ekibimiz\/#breadcrumb\",\"itemListElement\":[{\"@type\":\"ListItem\",\"position\":1,\"name\":\"Portada\",\"item\":\"https:\/\/iqvagro.com\/tr-tr\/\"},{\"@type\":\"ListItem\",\"position\":2,\"name\":\"Ekibimiz\"}]},{\"@type\":\"WebSite\",\"@id\":\"https:\/\/iqvagro.com\/#website\",\"url\":\"https:\/\/iqvagro.com\/\",\"name\":\"IQV Matholding Group\",\"description\":\"Taking Care of Crops\",\"publisher\":{\"@id\":\"https:\/\/iqvagro.com\/#organization\"},\"potentialAction\":[{\"@type\":\"SearchAction\",\"target\":{\"@type\":\"EntryPoint\",\"urlTemplate\":\"https:\/\/iqvagro.com\/?s={search_term_string}\"},\"query-input\":{\"@type\":\"PropertyValueSpecification\",\"valueRequired\":true,\"valueName\":\"search_term_string\"}}],\"inLanguage\":\"tr-TR-TR\"},{\"@type\":\"Organization\",\"@id\":\"https:\/\/iqvagro.com\/#organization\",\"name\":\"IQV Matholding Group\",\"url\":\"https:\/\/iqvagro.com\/\",\"logo\":{\"@type\":\"ImageObject\",\"inLanguage\":\"tr-TR-TR\",\"@id\":\"https:\/\/iqvagro.com\/#\/schema\/logo\/image\/\",\"url\":\"https:\/\/iqvagro.com\/wp-content\/uploads\/2025\/05\/logo_IQV_new_2025.svg\",\"contentUrl\":\"https:\/\/iqvagro.com\/wp-content\/uploads\/2025\/05\/logo_IQV_new_2025.svg\",\"caption\":\"IQV Matholding Group\"},\"image\":{\"@id\":\"https:\/\/iqvagro.com\/#\/schema\/logo\/image\/\"},\"sameAs\":[\"https:\/\/www.facebook.com\/iqv.cropscience\",\"https:\/\/www.instagram.com\/iqv.cropscience\/\"]}]}<\/script>\n<!-- \/ Yoast SEO plugin. -->","yoast_head_json":{"title":"Ekibimiz - IQV Matholding Group","robots":{"index":"index","follow":"follow","max-snippet":"max-snippet:-1","max-image-preview":"max-image-preview:large","max-video-preview":"max-video-preview:-1"},"canonical":"https:\/\/iqvagro.com\/tr-tr\/ekibimiz\/","og_locale":"tr_TR","og_type":"article","og_title":"Ekibimiz - IQV Matholding Group","og_description":"B\u0130TK\u0130 SA\u011eLI\u011eI H\u0130ZMET\u0130NDE Size nas\u0131l yard\u0131mc\u0131 olabiliriz? Sat\u0131\u015f Pazarlama \u00dclke M\u00fcd\u00fcr\u00fc Mustafa DereTel.: +90 533 283 13 24mdere@iqvagro.com Caring for Crops","og_url":"https:\/\/iqvagro.com\/tr-tr\/ekibimiz\/","og_site_name":"IQV Matholding Group","article_publisher":"https:\/\/www.facebook.com\/iqv.cropscience","article_modified_time":"2026-01-21T14:43:15+00:00","og_image":[{"url":"https:\/\/iqvagro.com\/wp-content\/uploads\/2024\/10\/Team_TR-e1769006579313.jpg","type":"","width":"","height":""}],"twitter_card":"summary_large_image","twitter_misc":{"Est. reading time":"1 minute"},"schema":{"@context":"https:\/\/schema.org","@graph":[{"@type":"WebPage","@id":"https:\/\/iqvagro.com\/tr-tr\/ekibimiz\/","url":"https:\/\/iqvagro.com\/tr-tr\/ekibimiz\/","name":"Ekibimiz - IQV Matholding Group","isPartOf":{"@id":"https:\/\/iqvagro.com\/#website"},"primaryImageOfPage":{"@id":"https:\/\/iqvagro.com\/tr-tr\/ekibimiz\/#primaryimage"},"image":{"@id":"https:\/\/iqvagro.com\/tr-tr\/ekibimiz\/#primaryimage"},"thumbnailUrl":"https:\/\/iqvagro.com\/wp-content\/uploads\/2024\/10\/Team_TR-e1769006579313.jpg","datePublished":"2024-10-31T11:15:30+00:00","dateModified":"2026-01-21T14:43:15+00:00","breadcrumb":{"@id":"https:\/\/iqvagro.com\/tr-tr\/ekibimiz\/#breadcrumb"},"inLanguage":"tr-TR-TR","potentialAction":[{"@type":"ReadAction","target":["https:\/\/iqvagro.com\/tr-tr\/ekibimiz\/"]}]},{"@type":"ImageObject","inLanguage":"tr-TR-TR","@id":"https:\/\/iqvagro.com\/tr-tr\/ekibimiz\/#primaryimage","url":"https:\/\/iqvagro.com\/wp-content\/uploads\/2024\/10\/Team_TR-e1769006579313.jpg","contentUrl":"https:\/\/iqvagro.com\/wp-content\/uploads\/2024\/10\/Team_TR-e1769006579313.jpg"},{"@type":"BreadcrumbList","@id":"https:\/\/iqvagro.com\/tr-tr\/ekibimiz\/#breadcrumb","itemListElement":[{"@type":"ListItem","position":1,"name":"Portada","item":"https:\/\/iqvagro.com\/tr-tr\/"},{"@type":"ListItem","position":2,"name":"Ekibimiz"}]},{"@type":"WebSite","@id":"https:\/\/iqvagro.com\/#website","url":"https:\/\/iqvagro.com\/","name":"IQV Matholding Group","description":"Taking Care of Crops","publisher":{"@id":"https:\/\/iqvagro.com\/#organization"},"potentialAction":[{"@type":"SearchAction","target":{"@type":"EntryPoint","urlTemplate":"https:\/\/iqvagro.com\/?s={search_term_string}"},"query-input":{"@type":"PropertyValueSpecification","valueRequired":true,"valueName":"search_term_string"}}],"inLanguage":"tr-TR-TR"},{"@type":"Organization","@id":"https:\/\/iqvagro.com\/#organization","name":"IQV Matholding Group","url":"https:\/\/iqvagro.com\/","logo":{"@type":"ImageObject","inLanguage":"tr-TR-TR","@id":"https:\/\/iqvagro.com\/#\/schema\/logo\/image\/","url":"https:\/\/iqvagro.com\/wp-content\/uploads\/2025\/05\/logo_IQV_new_2025.svg","contentUrl":"https:\/\/iqvagro.com\/wp-content\/uploads\/2025\/05\/logo_IQV_new_2025.svg","caption":"IQV Matholding Group"},"image":{"@id":"https:\/\/iqvagro.com\/#\/schema\/logo\/image\/"},"sameAs":["https:\/\/www.facebook.com\/iqv.cropscience","https:\/\/www.instagram.com\/iqv.cropscience\/"]}]}},"_links":{"self":[{"href":"https:\/\/iqvagro.com\/tr-tr\/wp-json\/wp\/v2\/pages\/19475","targetHints":{"allow":["GET"]}}],"collection":[{"href":"https:\/\/iqvagro.com\/tr-tr\/wp-json\/wp\/v2\/pages"}],"about":[{"href":"https:\/\/iqvagro.com\/tr-tr\/wp-json\/wp\/v2\/types\/page"}],"author":[{"embeddable":true,"href":"https:\/\/iqvagro.com\/tr-tr\/wp-json\/wp\/v2\/users\/4"}],"replies":[{"embeddable":true,"href":"https:\/\/iqvagro.com\/tr-tr\/wp-json\/wp\/v2\/comments?post=19475"}],"version-history":[{"count":3,"href":"https:\/\/iqvagro.com\/tr-tr\/wp-json\/wp\/v2\/pages\/19475\/revisions"}],"predecessor-version":[{"id":21387,"href":"https:\/\/iqvagro.com\/tr-tr\/wp-json\/wp\/v2\/pages\/19475\/revisions\/21387"}],"wp:attachment":[{"href":"https:\/\/iqvagro.com\/tr-tr\/wp-json\/wp\/v2\/media?parent=19475"}],"curies":[{"name":"wp","href":"https:\/\/api.w.org\/{rel}","templated":true}]}}