{"id":19054,"date":"2024-07-25T10:50:10","date_gmt":"2024-07-25T08:50:10","guid":{"rendered":"https:\/\/iqvagro.com\/hayvan-yemi\/"},"modified":"2024-07-30T19:31:25","modified_gmt":"2024-07-30T17:31:25","slug":"hayvan-yemi","status":"publish","type":"page","link":"https:\/\/iqvagro.com\/tr-tr\/hayvan-yemi\/","title":{"rendered":"HAYVAN YEM\u0130"},"content":{"rendered":"\t\t<div data-elementor-type=\"wp-page\" data-elementor-id=\"19054\" class=\"elementor elementor-19054 elementor-15151\" data-elementor-post-type=\"page\">\n\t\t\t\t\t\t<section class=\"elementor-section elementor-top-section elementor-element elementor-element-2f7352f4 elementor-section-boxed elementor-section-height-default elementor-section-height-default\" data-id=\"2f7352f4\" data-element_type=\"section\" data-e-type=\"section\" data-settings=\"{&quot;background_background&quot;:&quot;classic&quot;}\">\n\t\t\t\t\t\t\t<div class=\"elementor-background-overlay\"><\/div>\n\t\t\t\t\t\t\t<div class=\"elementor-container elementor-column-gap-default\">\n\t\t\t\t\t<div class=\"elementor-column elementor-col-100 elementor-top-column elementor-element elementor-element-7c1608f7\" data-id=\"7c1608f7\" data-element_type=\"column\" data-e-type=\"column\">\n\t\t\t<div class=\"elementor-widget-wrap elementor-element-populated\">\n\t\t\t\t\t\t<div class=\"elementor-element elementor-element-1c3d5bd7 elementor-widget elementor-widget-heading\" data-id=\"1c3d5bd7\" data-element_type=\"widget\" data-e-type=\"widget\" data-widget_type=\"heading.default\">\n\t\t\t\t<div class=\"elementor-widget-container\">\n\t\t\t\t\t<h1 class=\"elementor-heading-title elementor-size-default\">Hayvan yemleri i\u00e7in besin katk\u0131 maddeleri<\/h1>\t\t\t\t<\/div>\n\t\t\t\t<\/div>\n\t\t\t\t<div class=\"elementor-element elementor-element-5750c666 elementor-widget elementor-widget-heading\" data-id=\"5750c666\" data-element_type=\"widget\" data-e-type=\"widget\" data-widget_type=\"heading.default\">\n\t\t\t\t<div class=\"elementor-widget-container\">\n\t\t\t\t\t<span class=\"elementor-heading-title elementor-size-default\">Birincil bak\u0131r eksikli\u011fini gidermek, i\u015ftah\u0131 ve b\u00fcy\u00fcme h\u0131z\u0131n\u0131 art\u0131rmak i\u00e7in en iyi \u00e7\u00f6z\u00fcmler<\/span>\t\t\t\t<\/div>\n\t\t\t\t<\/div>\n\t\t\t\t\t<\/div>\n\t\t<\/div>\n\t\t\t\t\t<\/div>\n\t\t<\/section>\n\t\t\t\t<section class=\"elementor-section elementor-top-section elementor-element elementor-element-7c04c02 elementor-section-boxed elementor-section-height-default elementor-section-height-default\" data-id=\"7c04c02\" data-element_type=\"section\" data-e-type=\"section\">\n\t\t\t\t\t\t<div class=\"elementor-container elementor-column-gap-default\">\n\t\t\t\t\t<div class=\"elementor-column elementor-col-100 elementor-top-column elementor-element elementor-element-9718e98\" data-id=\"9718e98\" data-element_type=\"column\" data-e-type=\"column\">\n\t\t\t<div class=\"elementor-widget-wrap elementor-element-populated\">\n\t\t\t\t\t\t<div class=\"elementor-element elementor-element-0f1ebd4 elementor-widget elementor-widget-heading\" data-id=\"0f1ebd4\" data-element_type=\"widget\" data-e-type=\"widget\" data-widget_type=\"heading.default\">\n\t\t\t\t<div class=\"elementor-widget-container\">\n\t\t\t\t\t<h2 class=\"elementor-heading-title elementor-size-default\">Bak\u0131r bazl\u0131 besin katk\u0131 maddesi.<\/h2>\t\t\t\t<\/div>\n\t\t\t\t<\/div>\n\t\t\t\t<section class=\"elementor-section elementor-inner-section elementor-element elementor-element-2850749 elementor-section-boxed elementor-section-height-default elementor-section-height-default\" data-id=\"2850749\" data-element_type=\"section\" data-e-type=\"section\">\n\t\t\t\t\t\t<div class=\"elementor-container elementor-column-gap-default\">\n\t\t\t\t\t<div class=\"elementor-column elementor-col-100 elementor-inner-column elementor-element elementor-element-c9f3371\" data-id=\"c9f3371\" data-element_type=\"column\" data-e-type=\"column\">\n\t\t\t<div class=\"elementor-widget-wrap elementor-element-populated\">\n\t\t\t\t\t\t<div class=\"elementor-element elementor-element-a587cd7 elementor-widget elementor-widget-text-editor\" data-id=\"a587cd7\" data-element_type=\"widget\" data-e-type=\"widget\" data-widget_type=\"text-editor.default\">\n\t\t\t\t<div class=\"elementor-widget-container\">\n\t\t\t\t\t\t\t\t\t<p>\u00dcr\u00fcnlerimizin y\u00fcksek kalitesi, \u00f6zelliklerinde belirtilen de\u011ferlerin, Avrupa makamlar\u0131 taraf\u0131ndan belirlenen de\u011ferleri \u00f6nemli \u00f6l\u00e7\u00fcde geli\u015ftirmesini sa\u011flayan bir form\u00fclasyonun sonucudur.<\/p>\n\t\t\t\t\t\t\t\t<\/div>\n\t\t\t\t<\/div>\n\t\t\t\t\t<\/div>\n\t\t<\/div>\n\t\t\t\t\t<\/div>\n\t\t<\/section>\n\t\t\t\t<section class=\"elementor-section elementor-inner-section elementor-element elementor-element-a54c54b elementor-section-boxed elementor-section-height-default elementor-section-height-default\" data-id=\"a54c54b\" data-element_type=\"section\" data-e-type=\"section\">\n\t\t\t\t\t\t<div class=\"elementor-container elementor-column-gap-default\">\n\t\t\t\t\t<div class=\"elementor-column elementor-col-33 elementor-inner-column elementor-element elementor-element-2547259\" data-id=\"2547259\" data-element_type=\"column\" data-e-type=\"column\">\n\t\t\t<div class=\"elementor-widget-wrap elementor-element-populated\">\n\t\t\t\t\t\t<div class=\"elementor-element elementor-element-4968e74 elementor-align-center elementor-widget elementor-widget-button\" data-id=\"4968e74\" data-element_type=\"widget\" data-e-type=\"widget\" data-widget_type=\"button.default\">\n\t\t\t\t<div class=\"elementor-widget-container\">\n\t\t\t\t\t\t\t\t\t<div class=\"elementor-button-wrapper\">\n\t\t\t\t\t<a class=\"elementor-button elementor-button-link elementor-size-sm\" href=\"https:\/\/iqvagro.com\/catalogo-internacional\/?_sft_product_cat=alimentacion-animal\">\n\t\t\t\t\t\t<span class=\"elementor-button-content-wrapper\">\n\t\t\t\t\t\t\t\t\t<span class=\"elementor-button-text\">Katalo\u011fa git<\/span>\n\t\t\t\t\t<\/span>\n\t\t\t\t\t<\/a>\n\t\t\t\t<\/div>\n\t\t\t\t\t\t\t\t<\/div>\n\t\t\t\t<\/div>\n\t\t\t\t\t<\/div>\n\t\t<\/div>\n\t\t\t\t<div class=\"elementor-column elementor-col-33 elementor-inner-column elementor-element elementor-element-3e732e3\" data-id=\"3e732e3\" data-element_type=\"column\" data-e-type=\"column\">\n\t\t\t<div class=\"elementor-widget-wrap elementor-element-populated\">\n\t\t\t\t\t\t<div class=\"elementor-element elementor-element-0d00656 elementor-align-center elementor-widget elementor-widget-button\" data-id=\"0d00656\" data-element_type=\"widget\" data-e-type=\"widget\" data-widget_type=\"button.default\">\n\t\t\t\t<div class=\"elementor-widget-container\">\n\t\t\t\t\t\t\t\t\t<div class=\"elementor-button-wrapper\">\n\t\t\t\t\t<a class=\"elementor-button elementor-button-link elementor-size-sm\" href=\"mailto:info@iqvagro.com\">\n\t\t\t\t\t\t<span class=\"elementor-button-content-wrapper\">\n\t\t\t\t\t\t\t\t\t<span class=\"elementor-button-text\">Bro\u015f\u00fcr talep et<\/span>\n\t\t\t\t\t<\/span>\n\t\t\t\t\t<\/a>\n\t\t\t\t<\/div>\n\t\t\t\t\t\t\t\t<\/div>\n\t\t\t\t<\/div>\n\t\t\t\t\t<\/div>\n\t\t<\/div>\n\t\t\t\t<div class=\"elementor-column elementor-col-33 elementor-inner-column elementor-element elementor-element-a77e76e\" data-id=\"a77e76e\" data-element_type=\"column\" data-e-type=\"column\">\n\t\t\t<div class=\"elementor-widget-wrap elementor-element-populated\">\n\t\t\t\t\t\t<div class=\"elementor-element elementor-element-d031b32 elementor-align-center elementor-widget elementor-widget-button\" data-id=\"d031b32\" data-element_type=\"widget\" data-e-type=\"widget\" data-widget_type=\"button.default\">\n\t\t\t\t<div class=\"elementor-widget-container\">\n\t\t\t\t\t\t\t\t\t<div class=\"elementor-button-wrapper\">\n\t\t\t\t\t<a class=\"elementor-button elementor-button-link elementor-size-sm\" href=\"https:\/\/iqvagro.com\/iqv-industria\/\">\n\t\t\t\t\t\t<span class=\"elementor-button-content-wrapper\">\n\t\t\t\t\t\t\t\t\t<span class=\"elementor-button-text\">Dan\u0131\u015fmanla ileti\u015fime ge\u00e7<\/span>\n\t\t\t\t\t<\/span>\n\t\t\t\t\t<\/a>\n\t\t\t\t<\/div>\n\t\t\t\t\t\t\t\t<\/div>\n\t\t\t\t<\/div>\n\t\t\t\t\t<\/div>\n\t\t<\/div>\n\t\t\t\t\t<\/div>\n\t\t<\/section>\n\t\t\t\t\t<\/div>\n\t\t<\/div>\n\t\t\t\t\t<\/div>\n\t\t<\/section>\n\t\t\t\t<section class=\"elementor-section elementor-top-section elementor-element elementor-element-72eb967 elementor-section-boxed elementor-section-height-default elementor-section-height-default\" data-id=\"72eb967\" data-element_type=\"section\" data-e-type=\"section\" data-settings=\"{&quot;background_background&quot;:&quot;classic&quot;}\">\n\t\t\t\t\t\t<div class=\"elementor-container elementor-column-gap-default\">\n\t\t\t\t\t<div class=\"elementor-column elementor-col-100 elementor-top-column elementor-element elementor-element-769ce5d\" data-id=\"769ce5d\" data-element_type=\"column\" data-e-type=\"column\">\n\t\t\t<div class=\"elementor-widget-wrap elementor-element-populated\">\n\t\t\t\t\t\t<div class=\"elementor-element elementor-element-59a9c05 elementor-widget elementor-widget-heading\" data-id=\"59a9c05\" data-element_type=\"widget\" data-e-type=\"widget\" data-widget_type=\"heading.default\">\n\t\t\t\t<div class=\"elementor-widget-container\">\n\t\t\t\t\t<h2 class=\"elementor-heading-title elementor-size-default\">Hayvan yemi<\/h2>\t\t\t\t<\/div>\n\t\t\t\t<\/div>\n\t\t\t\t\t<\/div>\n\t\t<\/div>\n\t\t\t\t\t<\/div>\n\t\t<\/section>\n\t\t\t\t<section class=\"elementor-section elementor-top-section elementor-element elementor-element-01a5b80 elementor-section-boxed elementor-section-height-default elementor-section-height-default\" data-id=\"01a5b80\" data-element_type=\"section\" data-e-type=\"section\">\n\t\t\t\t\t\t<div class=\"elementor-container elementor-column-gap-default\">\n\t\t\t\t\t<div class=\"elementor-column elementor-col-100 elementor-top-column elementor-element elementor-element-d2822cf\" data-id=\"d2822cf\" data-element_type=\"column\" data-e-type=\"column\">\n\t\t\t<div class=\"elementor-widget-wrap elementor-element-populated\">\n\t\t\t\t\t\t<div class=\"elementor-element elementor-element-3b493f3 elementor-widget elementor-widget-text-editor\" data-id=\"3b493f3\" data-element_type=\"widget\" data-e-type=\"widget\" data-widget_type=\"text-editor.default\">\n\t\t\t\t<div class=\"elementor-widget-container\">\n\t\t\t\t\t\t\t\t\t<p>Bak\u0131r tuzlar\u0131 konusunda uzman olarak, bak\u0131r\u0131n kullan\u0131ld\u0131\u011f\u0131 t\u00fcm sekt\u00f6rlere y\u00f6nelik \u00e7\u00f6z\u00fcmler hakk\u0131nda bilgi almak ve bunlar\u0131 geli\u015ftirilmek i\u00e7in \u00e7al\u0131\u015fmalar yap\u0131yoruz. Bu nedenle, bak\u0131r s\u00fclfat\u0131m\u0131z ve \u00fcr\u00fcn yelpazemize k\u0131sa zaman \u00f6nce dahil etti\u011fimiz bak\u0131r oksiklor\u00fcr veya bak\u0131r klor\u00fcr trihidroksit ile, \u00e7al\u0131\u015fmalar\u0131m\u0131za ba\u015flad\u0131\u011f\u0131m\u0131z ilk g\u00fcnlerden beri hayvan yemi katk\u0131 maddesi form\u00fclasyonlar\u0131 olu\u015fturuyoruz.<br \/>Bak\u0131r, t\u00fcm canl\u0131 organizmalar i\u00e7in gerekli bir maddedir ve bak\u0131r eksikli\u011fi, hipokuproz, ishal, b\u00fcy\u00fcmenin azalmas\u0131, kemik deformiteleri ve spontan kemik k\u0131r\u0131lmalar\u0131na yol a\u00e7abilir. \u0130ki t\u00fcr bak\u0131r eksikli\u011fi vard\u0131r: Cu al\u0131m\u0131n\u0131n hayvan\u0131n ihtiya\u00e7lar\u0131n\u0131 kar\u015f\u0131lamak i\u00e7in yetersiz oldu\u011fu birincil eksiklik ve molibden, demir ve protein seviyeleri gibi bir dizi unsurun Cu metabolizmas\u0131na m\u00fcdahale etmesinden kaynaklanan ikincil eksiklik.<br \/>Bak\u0131r s\u00fclfat veya dikopper klor\u00fcr trihidroksidin domuz, k\u00fcmes hayvanlar\u0131 ve gevi\u015f getiren hayvanlar\u0131n besinlerine dahil edilmesi, birincil bak\u0131r eksikli\u011fini giderir, i\u015ftah\u0131 art\u0131r\u0131r ve yem d\u00f6n\u00fc\u015f\u00fcm\u00fcnde belirgin bir iyile\u015fme olu\u015fturarak b\u00fcy\u00fcme oran\u0131n\u0131 art\u0131r\u0131r.    <\/p>\n\t\t\t\t\t\t\t\t<\/div>\n\t\t\t\t<\/div>\n\t\t\t\t\t<\/div>\n\t\t<\/div>\n\t\t\t\t\t<\/div>\n\t\t<\/section>\n\t\t\t\t<section class=\"elementor-section elementor-top-section elementor-element elementor-element-7a4699b elementor-section-boxed elementor-section-height-default elementor-section-height-default\" data-id=\"7a4699b\" data-element_type=\"section\" data-e-type=\"section\" data-settings=\"{&quot;background_background&quot;:&quot;classic&quot;}\">\n\t\t\t\t\t\t<div class=\"elementor-container elementor-column-gap-default\">\n\t\t\t\t\t<div class=\"elementor-column elementor-col-100 elementor-top-column elementor-element elementor-element-9d29c8f\" data-id=\"9d29c8f\" data-element_type=\"column\" data-e-type=\"column\">\n\t\t\t<div class=\"elementor-widget-wrap elementor-element-populated\">\n\t\t\t\t\t\t<div class=\"elementor-element elementor-element-d57ca06 elementor-widget elementor-widget-heading\" data-id=\"d57ca06\" data-element_type=\"widget\" data-e-type=\"widget\" data-widget_type=\"heading.default\">\n\t\t\t\t<div class=\"elementor-widget-container\">\n\t\t\t\t\t<h2 class=\"elementor-heading-title elementor-size-default\">FAMI QS Sertifikasyonu<\/h2>\t\t\t\t<\/div>\n\t\t\t\t<\/div>\n\t\t\t\t\t<\/div>\n\t\t<\/div>\n\t\t\t\t\t<\/div>\n\t\t<\/section>\n\t\t\t\t<section class=\"elementor-section elementor-top-section elementor-element elementor-element-6d0f107 elementor-section-boxed elementor-section-height-default elementor-section-height-default\" data-id=\"6d0f107\" data-element_type=\"section\" data-e-type=\"section\">\n\t\t\t\t\t\t<div class=\"elementor-container elementor-column-gap-default\">\n\t\t\t\t\t<div class=\"elementor-column elementor-col-50 elementor-top-column elementor-element elementor-element-8b863ab\" data-id=\"8b863ab\" data-element_type=\"column\" data-e-type=\"column\">\n\t\t\t<div class=\"elementor-widget-wrap elementor-element-populated\">\n\t\t\t\t\t\t<div class=\"elementor-element elementor-element-883b387 elementor-widget elementor-widget-text-editor\" data-id=\"883b387\" data-element_type=\"widget\" data-e-type=\"widget\" data-widget_type=\"text-editor.default\">\n\t\t\t\t<div class=\"elementor-widget-container\">\n\t\t\t\t\t\t\t\t\t<p>Bu amaca y\u00f6nelik t\u00fcm \u00fcr\u00fcnlerimiz, yem katk\u0131 maddesi olarak kullan\u0131m i\u00e7in FAMI QS (Yem Katk\u0131 Maddeleri ve \u00d6n Kar\u0131\u015f\u0131mlar i\u00e7in Avrupa Kalite Sistemi) sertifikas\u0131na sahiptir.<\/p>\n\t\t\t\t\t\t\t\t<\/div>\n\t\t\t\t<\/div>\n\t\t\t\t\t<\/div>\n\t\t<\/div>\n\t\t\t\t<div class=\"elementor-column elementor-col-50 elementor-top-column elementor-element elementor-element-4de10d4\" data-id=\"4de10d4\" data-element_type=\"column\" data-e-type=\"column\">\n\t\t\t<div class=\"elementor-widget-wrap elementor-element-populated\">\n\t\t\t\t\t\t<div class=\"elementor-element elementor-element-657e019 elementor-widget elementor-widget-image\" data-id=\"657e019\" data-element_type=\"widget\" data-e-type=\"widget\" data-widget_type=\"image.default\">\n\t\t\t\t<div class=\"elementor-widget-container\">\n\t\t\t\t\t\t\t\t\t\t\t\t\t\t\t<img decoding=\"async\" width=\"304\" height=\"93\" src=\"https:\/\/iqvagro.com\/wp-content\/uploads\/2020\/03\/test-logo2.png\" class=\"attachment-large size-large wp-image-7774\" alt=\"\" \/>\t\t\t\t\t\t\t\t\t\t\t\t\t\t\t<\/div>\n\t\t\t\t<\/div>\n\t\t\t\t\t<\/div>\n\t\t<\/div>\n\t\t\t\t\t<\/div>\n\t\t<\/section>\n\t\t\t\t<\/div>\n\t\t","protected":false},"excerpt":{"rendered":"<p>Aditivos nutricionales para la alimentaci\u00f3n animal Las mejores soluciones para revertir la deficiencia de cobre primaria, estimular el apetito y aumentar la tasa de crecimiento. Aditivos nutricionales base cobre. La alta calidad de nuestros productos es resultado de una formulaci\u00f3n donde los valores obtenidos ens sus especificaciones mejoran sustancialmente las especificaciones fijadas por las autoridades [&hellip;]<\/p>\n","protected":false},"author":4,"featured_media":0,"parent":0,"menu_order":0,"comment_status":"closed","ping_status":"closed","template":"","meta":{"_acf_changed":false,"footnotes":""},"class_list":["post-19054","page","type-page","status-publish","hentry"],"acf":[],"yoast_head":"<!-- This site is optimized with the Yoast SEO plugin v27.1.1 - https:\/\/yoast.com\/product\/yoast-seo-wordpress\/ -->\n<title>HAYVAN YEM\u0130 - IQV Matholding Group<\/title>\n<meta name=\"description\" content=\"Las mejores soluciones para revertir la deficiencia de cobre primaria, estimular el apetito y aumentar la tasa de crecimiento.\" \/>\n<meta name=\"robots\" content=\"index, follow, max-snippet:-1, max-image-preview:large, max-video-preview:-1\" \/>\n<link rel=\"canonical\" href=\"https:\/\/iqvagro.com\/tr-tr\/hayvan-yemi\/\" \/>\n<meta property=\"og:locale\" content=\"tr_TR\" \/>\n<meta property=\"og:type\" content=\"article\" \/>\n<meta property=\"og:title\" content=\"HAYVAN YEM\u0130 - IQV Matholding Group\" \/>\n<meta property=\"og:description\" content=\"Las mejores soluciones para revertir la deficiencia de cobre primaria, estimular el apetito y aumentar la tasa de crecimiento.\" \/>\n<meta property=\"og:url\" content=\"https:\/\/iqvagro.com\/tr-tr\/hayvan-yemi\/\" \/>\n<meta property=\"og:site_name\" content=\"IQV Matholding Group\" \/>\n<meta property=\"article:publisher\" content=\"https:\/\/www.facebook.com\/iqv.cropscience\" \/>\n<meta property=\"article:modified_time\" content=\"2024-07-30T17:31:25+00:00\" \/>\n<meta property=\"og:image\" content=\"https:\/\/iqvagro.com\/wp-content\/uploads\/2020\/03\/test-logo2.png\" \/>\n<meta name=\"twitter:card\" content=\"summary_large_image\" \/>\n<meta name=\"twitter:label1\" content=\"Est. reading time\" \/>\n\t<meta name=\"twitter:data1\" content=\"1 minute\" \/>\n<script type=\"application\/ld+json\" class=\"yoast-schema-graph\">{\"@context\":\"https:\/\/schema.org\",\"@graph\":[{\"@type\":\"WebPage\",\"@id\":\"https:\/\/iqvagro.com\/tr-tr\/hayvan-yemi\/\",\"url\":\"https:\/\/iqvagro.com\/tr-tr\/hayvan-yemi\/\",\"name\":\"HAYVAN YEM\u0130 - IQV Matholding Group\",\"isPartOf\":{\"@id\":\"https:\/\/iqvagro.com\/#website\"},\"primaryImageOfPage\":{\"@id\":\"https:\/\/iqvagro.com\/tr-tr\/hayvan-yemi\/#primaryimage\"},\"image\":{\"@id\":\"https:\/\/iqvagro.com\/tr-tr\/hayvan-yemi\/#primaryimage\"},\"thumbnailUrl\":\"https:\/\/iqvagro.com\/wp-content\/uploads\/2020\/03\/test-logo2.png\",\"datePublished\":\"2024-07-25T08:50:10+00:00\",\"dateModified\":\"2024-07-30T17:31:25+00:00\",\"description\":\"Las mejores soluciones para revertir la deficiencia de cobre primaria, estimular el apetito y aumentar la tasa de crecimiento.\",\"breadcrumb\":{\"@id\":\"https:\/\/iqvagro.com\/tr-tr\/hayvan-yemi\/#breadcrumb\"},\"inLanguage\":\"tr-TR-TR\",\"potentialAction\":[{\"@type\":\"ReadAction\",\"target\":[\"https:\/\/iqvagro.com\/tr-tr\/hayvan-yemi\/\"]}]},{\"@type\":\"ImageObject\",\"inLanguage\":\"tr-TR-TR\",\"@id\":\"https:\/\/iqvagro.com\/tr-tr\/hayvan-yemi\/#primaryimage\",\"url\":\"https:\/\/iqvagro.com\/wp-content\/uploads\/2020\/03\/test-logo2.png\",\"contentUrl\":\"https:\/\/iqvagro.com\/wp-content\/uploads\/2020\/03\/test-logo2.png\"},{\"@type\":\"BreadcrumbList\",\"@id\":\"https:\/\/iqvagro.com\/tr-tr\/hayvan-yemi\/#breadcrumb\",\"itemListElement\":[{\"@type\":\"ListItem\",\"position\":1,\"name\":\"Portada\",\"item\":\"https:\/\/iqvagro.com\/tr-tr\/\"},{\"@type\":\"ListItem\",\"position\":2,\"name\":\"HAYVAN YEM\u0130\"}]},{\"@type\":\"WebSite\",\"@id\":\"https:\/\/iqvagro.com\/#website\",\"url\":\"https:\/\/iqvagro.com\/\",\"name\":\"IQV Matholding Group\",\"description\":\"Taking Care of Crops\",\"publisher\":{\"@id\":\"https:\/\/iqvagro.com\/#organization\"},\"potentialAction\":[{\"@type\":\"SearchAction\",\"target\":{\"@type\":\"EntryPoint\",\"urlTemplate\":\"https:\/\/iqvagro.com\/?s={search_term_string}\"},\"query-input\":{\"@type\":\"PropertyValueSpecification\",\"valueRequired\":true,\"valueName\":\"search_term_string\"}}],\"inLanguage\":\"tr-TR-TR\"},{\"@type\":\"Organization\",\"@id\":\"https:\/\/iqvagro.com\/#organization\",\"name\":\"IQV Matholding Group\",\"url\":\"https:\/\/iqvagro.com\/\",\"logo\":{\"@type\":\"ImageObject\",\"inLanguage\":\"tr-TR-TR\",\"@id\":\"https:\/\/iqvagro.com\/#\/schema\/logo\/image\/\",\"url\":\"https:\/\/iqvagro.com\/wp-content\/uploads\/2025\/05\/logo_IQV_new_2025.svg\",\"contentUrl\":\"https:\/\/iqvagro.com\/wp-content\/uploads\/2025\/05\/logo_IQV_new_2025.svg\",\"caption\":\"IQV Matholding Group\"},\"image\":{\"@id\":\"https:\/\/iqvagro.com\/#\/schema\/logo\/image\/\"},\"sameAs\":[\"https:\/\/www.facebook.com\/iqv.cropscience\",\"https:\/\/www.instagram.com\/iqv.cropscience\/\"]}]}<\/script>\n<!-- \/ Yoast SEO plugin. -->","yoast_head_json":{"title":"HAYVAN YEM\u0130 - IQV Matholding Group","description":"Las mejores soluciones para revertir la deficiencia de cobre primaria, estimular el apetito y aumentar la tasa de crecimiento.","robots":{"index":"index","follow":"follow","max-snippet":"max-snippet:-1","max-image-preview":"max-image-preview:large","max-video-preview":"max-video-preview:-1"},"canonical":"https:\/\/iqvagro.com\/tr-tr\/hayvan-yemi\/","og_locale":"tr_TR","og_type":"article","og_title":"HAYVAN YEM\u0130 - IQV Matholding Group","og_description":"Las mejores soluciones para revertir la deficiencia de cobre primaria, estimular el apetito y aumentar la tasa de crecimiento.","og_url":"https:\/\/iqvagro.com\/tr-tr\/hayvan-yemi\/","og_site_name":"IQV Matholding Group","article_publisher":"https:\/\/www.facebook.com\/iqv.cropscience","article_modified_time":"2024-07-30T17:31:25+00:00","og_image":[{"url":"https:\/\/iqvagro.com\/wp-content\/uploads\/2020\/03\/test-logo2.png","type":"","width":"","height":""}],"twitter_card":"summary_large_image","twitter_misc":{"Est. reading time":"1 minute"},"schema":{"@context":"https:\/\/schema.org","@graph":[{"@type":"WebPage","@id":"https:\/\/iqvagro.com\/tr-tr\/hayvan-yemi\/","url":"https:\/\/iqvagro.com\/tr-tr\/hayvan-yemi\/","name":"HAYVAN YEM\u0130 - IQV Matholding Group","isPartOf":{"@id":"https:\/\/iqvagro.com\/#website"},"primaryImageOfPage":{"@id":"https:\/\/iqvagro.com\/tr-tr\/hayvan-yemi\/#primaryimage"},"image":{"@id":"https:\/\/iqvagro.com\/tr-tr\/hayvan-yemi\/#primaryimage"},"thumbnailUrl":"https:\/\/iqvagro.com\/wp-content\/uploads\/2020\/03\/test-logo2.png","datePublished":"2024-07-25T08:50:10+00:00","dateModified":"2024-07-30T17:31:25+00:00","description":"Las mejores soluciones para revertir la deficiencia de cobre primaria, estimular el apetito y aumentar la tasa de crecimiento.","breadcrumb":{"@id":"https:\/\/iqvagro.com\/tr-tr\/hayvan-yemi\/#breadcrumb"},"inLanguage":"tr-TR-TR","potentialAction":[{"@type":"ReadAction","target":["https:\/\/iqvagro.com\/tr-tr\/hayvan-yemi\/"]}]},{"@type":"ImageObject","inLanguage":"tr-TR-TR","@id":"https:\/\/iqvagro.com\/tr-tr\/hayvan-yemi\/#primaryimage","url":"https:\/\/iqvagro.com\/wp-content\/uploads\/2020\/03\/test-logo2.png","contentUrl":"https:\/\/iqvagro.com\/wp-content\/uploads\/2020\/03\/test-logo2.png"},{"@type":"BreadcrumbList","@id":"https:\/\/iqvagro.com\/tr-tr\/hayvan-yemi\/#breadcrumb","itemListElement":[{"@type":"ListItem","position":1,"name":"Portada","item":"https:\/\/iqvagro.com\/tr-tr\/"},{"@type":"ListItem","position":2,"name":"HAYVAN YEM\u0130"}]},{"@type":"WebSite","@id":"https:\/\/iqvagro.com\/#website","url":"https:\/\/iqvagro.com\/","name":"IQV Matholding Group","description":"Taking Care of Crops","publisher":{"@id":"https:\/\/iqvagro.com\/#organization"},"potentialAction":[{"@type":"SearchAction","target":{"@type":"EntryPoint","urlTemplate":"https:\/\/iqvagro.com\/?s={search_term_string}"},"query-input":{"@type":"PropertyValueSpecification","valueRequired":true,"valueName":"search_term_string"}}],"inLanguage":"tr-TR-TR"},{"@type":"Organization","@id":"https:\/\/iqvagro.com\/#organization","name":"IQV Matholding Group","url":"https:\/\/iqvagro.com\/","logo":{"@type":"ImageObject","inLanguage":"tr-TR-TR","@id":"https:\/\/iqvagro.com\/#\/schema\/logo\/image\/","url":"https:\/\/iqvagro.com\/wp-content\/uploads\/2025\/05\/logo_IQV_new_2025.svg","contentUrl":"https:\/\/iqvagro.com\/wp-content\/uploads\/2025\/05\/logo_IQV_new_2025.svg","caption":"IQV Matholding Group"},"image":{"@id":"https:\/\/iqvagro.com\/#\/schema\/logo\/image\/"},"sameAs":["https:\/\/www.facebook.com\/iqv.cropscience","https:\/\/www.instagram.com\/iqv.cropscience\/"]}]}},"_links":{"self":[{"href":"https:\/\/iqvagro.com\/tr-tr\/wp-json\/wp\/v2\/pages\/19054","targetHints":{"allow":["GET"]}}],"collection":[{"href":"https:\/\/iqvagro.com\/tr-tr\/wp-json\/wp\/v2\/pages"}],"about":[{"href":"https:\/\/iqvagro.com\/tr-tr\/wp-json\/wp\/v2\/types\/page"}],"author":[{"embeddable":true,"href":"https:\/\/iqvagro.com\/tr-tr\/wp-json\/wp\/v2\/users\/4"}],"replies":[{"embeddable":true,"href":"https:\/\/iqvagro.com\/tr-tr\/wp-json\/wp\/v2\/comments?post=19054"}],"version-history":[{"count":0,"href":"https:\/\/iqvagro.com\/tr-tr\/wp-json\/wp\/v2\/pages\/19054\/revisions"}],"wp:attachment":[{"href":"https:\/\/iqvagro.com\/tr-tr\/wp-json\/wp\/v2\/media?parent=19054"}],"curies":[{"name":"wp","href":"https:\/\/api.w.org\/{rel}","templated":true}]}}