{"id":18764,"date":"2024-03-25T09:57:41","date_gmt":"2024-03-25T08:57:41","guid":{"rendered":"https:\/\/iqvagro.com\/politica-de-privacidad\/"},"modified":"2024-07-30T10:39:22","modified_gmt":"2024-07-30T08:39:22","slug":"gizlilik-politikasi","status":"publish","type":"page","link":"https:\/\/iqvagro.com\/tr-tr\/gizlilik-politikasi\/","title":{"rendered":"Gizlilik Politikas\u0131"},"content":{"rendered":"<h1><span>Gizlilik Politikas\u0131<\/span><\/h1>\n<p><strong><span>Ki\u015fisel verilerin GDPR&#8217;ye g\u00f6re korunmas\u0131<\/span><\/strong><\/p>\n<p><a href=\"https:\/\/translate.google.com\/website?sl=tr&amp;tl=es&amp;hl=es&amp;client=webapp&amp;u=https:\/\/protecciondatos-lopd.com\/auditoria\/proteccion-datos\/\"><span>Industrias Qu\u00edmicas Del Vall\u00e9s, SA, ki\u015fisel verilerin korunmas\u0131na<\/span><\/a><span>\u00a0ili\u015fkin mevcut d\u00fczenlemelerin uygulanmas\u0131nda\u00a0 ,\u00a0<\/span><a href=\"https:\/\/iqvagro-com.translate.goog\/es-es\/?_x_tr_sl=tr&amp;_x_tr_tl=es&amp;_x_tr_hl=es&amp;_x_tr_pto=wapp\"><span>https:\/\/iqvagro.com\/es-es\/<\/span><\/a><span>\u00a0\u00a0adresindeki Web Sitesindeki formlar arac\u0131l\u0131\u011f\u0131yla toplanan ki\u015fisel verilerin\u00a0\u00f6zel d\u00fczenlemelere dahil oldu\u011funu bildirir. Industrias Qu\u00edmicas Del Vall\u00e9s, SA hizmetlerinin kullan\u0131c\u0131lar\u0131n\u0131n otomatik dosyalar\u0131<\/span><\/p>\n<p><span>Ki\u015fisel verilerin toplanmas\u0131n\u0131n ve otomatik olarak i\u015flenmesinin amac\u0131, Industrias Qu\u00edmicas Del Vall\u00e9s, SA&#8217;n\u0131n ticari ili\u015fkisini ve bilgi, e\u011fitim, tavsiye ve di\u011fer faaliyetlerinin performans\u0131n\u0131 s\u00fcrd\u00fcrmektir.<\/span><\/p>\n<p><span>Bu veriler yaln\u0131zca daha \u00f6nce belirtilen amaca uymak amac\u0131yla gerekli olan kurulu\u015flara aktar\u0131lacakt\u0131r.<\/span><\/p>\n<p><span>Industrias Qu\u00edmicas Del Vall\u00e9s, SA, Avrupa Parlamentosu ve Konseyinin 27 Nisan 2016 tarihli (AB) 2016\/679 say\u0131l\u0131 Y\u00f6netmeli\u011finin h\u00fck\u00fcmleri uyar\u0131nca verilerin g\u00fcvenli\u011fini, b\u00fct\u00fcnl\u00fc\u011f\u00fcn\u00fc ve gizlili\u011fini garanti alt\u0131na almak i\u00e7in gerekli \u00f6nlemleri al\u0131r. ki\u015fisel verilerin i\u015flenmesi ve bunlar\u0131n serbest dola\u015f\u0131m\u0131yla ilgili olarak ger\u00e7ek ki\u015filerin korunmas\u0131na ve eski LOPD&#8217;nin y\u00fcr\u00fcrl\u00fckten kald\u0131r\u0131lmas\u0131na, Verilerin Korunmas\u0131 ve Haklar\u0131n Garantisine ili\u015fkin 5 Aral\u0131k tarihli yeni Organik Kanun 3\/2018 Dijital (LOPDGDD) ).<\/span><\/p>\n<p><span>Kullan\u0131c\u0131, yukar\u0131da belirtilen Y\u00f6netmelik (AB) kapsam\u0131nda tan\u0131nan eri\u015fim, itiraz, d\u00fczeltme, iptal, s\u0131n\u0131rlama ve ta\u015f\u0131nabilirlik haklar\u0131n\u0131 diledi\u011fi zaman kullanabilir. Kullan\u0131c\u0131 bu haklar\u0131n\u0131\u00a0<\/span><a href=\"mailto:protecciondedatos@matholding.com?_x_tr_sl=tr&amp;_x_tr_tl=es&amp;_x_tr_hl=es&amp;_x_tr_pto=wapp\"><span>protecciondedatos@matholding.com<\/span><\/a><span>\u00a0adresine e-posta g\u00f6ndererek veya \u015fu adresten kullanabilir: Avda. Rafael Casanova, 81, CP 08100 \u2013 Mollet Del Vall\u00e9s (Barcelona).<\/span><\/p>\n<p><span>Kullan\u0131c\u0131, kendisi taraf\u0131ndan sa\u011flanan t\u00fcm verilerin ger\u00e7ek ve do\u011fru oldu\u011funu beyan eder ve bunlar\u0131 g\u00fcncel tutmay\u0131 ve de\u011fi\u015fiklikleri Industrias Qu\u00edmicas Del Vall\u00e9s, SA&#8217;ya iletmeyi taahh\u00fct eder.<\/span><\/p>\n<p><strong><span>Ki\u015fisel verilerin i\u015flenme amac\u0131:<\/span><\/strong><\/p>\n<p><strong><span>Ki\u015fisel verilerinizi hangi ama\u00e7la i\u015fleyece\u011fiz?<\/span><\/strong><\/p>\n<p><span>Industrias Qu\u00edmicas Del Vall\u00e9s, SA olarak, Web Sitesi arac\u0131l\u0131\u011f\u0131yla toplanan ki\u015fisel verilerinizi a\u015fa\u011f\u0131daki ama\u00e7larla i\u015fleyece\u011fiz: https:\/\/iqvagro.com\/es-es\/:<\/span><\/p>\n<ol>\n<li><span>\u0130mzalad\u0131\u011f\u0131 s\u00f6zle\u015fmeleri yerine getirmek i\u00e7in m\u00fc\u015fterilerinin \u00f6zel ihtiya\u00e7lar\u0131na uygun olarak hizmetlerini sunmak.<\/span><\/li>\n<li><span>Web&#8217;de ve sekt\u00f6rde sunulan yeni hizmetler hakk\u0131nda ticari bilgiler ve b\u00fcltenler g\u00f6ndermek.<\/span><\/li>\n<li><span>Promosyon bilgilerini elektronik olarak g\u00f6nderin.<\/span><\/li>\n<li><span>KULLANICI taraf\u0131ndan, KONTROL\u00d6R&#8217;\u00fcn web sitesinde yer alan ileti\u015fim formlar\u0131ndan herhangi biri arac\u0131l\u0131\u011f\u0131yla yap\u0131lan sorulara veya her t\u00fcrl\u00fc talebe yan\u0131t vermek.<\/span><\/li>\n<\/ol>\n<p><span>Yukar\u0131da belirtilen adrese e-posta g\u00f6ndererek, istedi\u011finiz zaman ve herhangi bir y\u00f6ntemle ticari ileti\u015fim g\u00f6nderilmesine itiraz edebilece\u011finizi hat\u0131rlat\u0131r\u0131z.<\/span><\/p>\n<p><span>Bu kay\u0131tlar\u0131n alanlar\u0131n\u0131n doldurulmas\u0131 zorunludur ve bu verilerin sa\u011flanmamas\u0131 durumunda belirtilen ama\u00e7lara ula\u015f\u0131lmas\u0131 m\u00fcmk\u00fcn de\u011fildir.<\/span><\/p>\n<p><strong><span>Toplanan ki\u015fisel veriler ne kadar s\u00fcreyle saklan\u0131yor?<\/span><\/strong><\/p>\n<p><span>Sa\u011flanan ki\u015fisel veriler, ticari ili\u015fki devam etti\u011fi veya silinmesini talep etmedi\u011finiz s\u00fcrece ve sunulan hizmetlere ili\u015fkin hukuki sorumluluklar\u0131n do\u011fabilece\u011fi s\u00fcre boyunca saklanacakt\u0131r.<\/span><\/p>\n<p><span>Me\u015frula\u015ft\u0131rma:<\/span><\/p>\n<p><span>Verilerinizin i\u015flenmesi, bunu me\u015frula\u015ft\u0131ran a\u015fa\u011f\u0131daki yasal dayanaklarla ger\u00e7ekle\u015ftirilir:<\/span><\/p>\n<ol>\n<li><span>Industrias Qu\u00edmicas Del Vall\u00e9s, SA&#8217;n\u0131n bilgi talebi ve\/veya hizmetlerinin s\u00f6zle\u015fmeye ba\u011flanmas\u0131, h\u00fck\u00fcm ve ko\u015fullar\u0131 her durumda olas\u0131 bir s\u00f6zle\u015fmeden \u00f6nce taraf\u0131n\u0131za sunulacakt\u0131r.<\/span><\/li>\n<li><span>Bu gizlilik politikas\u0131n\u0131 kullan\u0131m\u0131n\u0131za sunarak sizi bilgilendirdi\u011fimiz \u00fccretsiz, spesifik, bilgilendirilmi\u015f ve kesin onay; okuduktan sonra, kabul ederseniz, bir beyan veya sa\u011flanan bir kutuyu i\u015faretlemek gibi a\u00e7\u0131k bir olumlu eylem yoluyla kabul edebilirsiniz. bu ama\u00e7 i\u00e7in.<\/span><\/li>\n<\/ol>\n<p><span>Verilerinizi bize sa\u011flamazsan\u0131z veya bunu yanl\u0131\u015f veya eksik yaparsan\u0131z, talebinize yan\u0131t veremeyece\u011fiz, bu da talep edilen bilgilerin size sa\u011flanmas\u0131n\u0131 veya hizmet s\u00f6zle\u015fmelerinin yerine getirilmesini tamamen imkans\u0131z k\u0131lacakt\u0131r.<\/span><\/p>\n<p><span>Al\u0131c\u0131lar:<\/span><\/p>\n<p><span>Veriler, yasal y\u00fck\u00fcml\u00fcl\u00fckler d\u0131\u015f\u0131nda Industrias Qu\u00edmicas Del Vall\u00e9s, SA d\u0131\u015f\u0131nda herhangi bir \u00fc\u00e7\u00fcnc\u00fc tarafa iletilmeyecektir.<\/span><\/p>\n<p><span>Hizmetlerin kullan\u0131c\u0131lar\u0131 taraf\u0131ndan toplanan veriler<\/span><\/p>\n<p><span>Kullan\u0131c\u0131n\u0131n ki\u015fisel verileri i\u00e7eren dosyalar\u0131 payla\u015f\u0131lan bar\u0131nd\u0131rma sunucular\u0131na dahil etti\u011fi durumlarda, Industrias Qu\u00edmicas Del Vall\u00e9s, SA kullan\u0131c\u0131n\u0131n RGPD&#8217;ye uymamas\u0131ndan sorumlu de\u011fildir.<\/span><\/p>\n<p><span>Fikri m\u00fclkiyet haklar\u0131 https:\/\/iqvagro.com\/es-es\/<\/span><\/p>\n<p><span>Industrias Qu\u00edmicas Del Vall\u00e9s, SA, https:\/\/iqvagro.com\/es-es\/ web sitesinin i\u00e7eri\u011fine ve burada sunulan hizmetlere ili\u015fkin t\u00fcm telif haklar\u0131n\u0131n, fikri ve s\u0131nai m\u00fclkiyetin, \u201cknow-how\u201d\u0131n ve di\u011fer haklar\u0131n sahibidir. ve bunlar\u0131n uygulanmas\u0131 i\u00e7in gerekli programlar ve ilgili bilgiler.<\/span><\/p>\n<p><span>https:\/\/iqvagro.com\/es-es\/ web sitesinin i\u00e7eri\u011finin tamamen veya k\u0131smen \u00e7o\u011falt\u0131lmas\u0131na, yay\u0131nlanmas\u0131na ve\/veya kesinlikle \u00f6zel olmayan kullan\u0131m\u0131na \u00f6nceden yaz\u0131l\u0131 izin al\u0131nmadan izin verilmez.<\/span><\/p>\n<p><span>Yaz\u0131l\u0131m\u0131n Fikri M\u00fclkiyeti<\/span><\/p>\n<p><span>Kullan\u0131c\u0131, \u00fccretsiz ve\/veya kamuya a\u00e7\u0131k olsa bile, Industrias Qu\u00edmicas Del Vall\u00e9s, SA taraf\u0131ndan kullan\u0131ma sunulan \u00fc\u00e7\u00fcnc\u00fc taraf programlar\u0131na sayg\u0131 duymal\u0131d\u0131r.<\/span><\/p>\n<p><span>Industrias Qu\u00edmicas Del Vall\u00e9s, SA, yaz\u0131l\u0131m\u0131n gerekli kullan\u0131m ve fikri m\u00fclkiyet haklar\u0131na sahiptir.<\/span><\/p>\n<p><span>Kullan\u0131c\u0131, s\u00f6zle\u015fme konusu hizmetlerin yerine getirilmesi i\u00e7in gerekli olan hak ve lisanslar d\u0131\u015f\u0131nda, s\u00f6zle\u015fme konusu hizmete ili\u015fkin, hizmetin sa\u011flanmas\u0131 i\u00e7in gerekli olan yaz\u0131l\u0131ma veya hizmetin izlenmesine ili\u015fkin teknik bilgilere ili\u015fkin herhangi bir hak veya lisans edinemez ve yaln\u0131zca s\u00fcreleri boyunca.<\/span><\/p>\n<p><span>S\u00f6zle\u015fmenin yerine getirilmesini a\u015fan herhangi bir eylem i\u00e7in, kullan\u0131c\u0131n\u0131n Industrias Qu\u00edmicas Del Vall\u00e9s, SA&#8217;dan yaz\u0131l\u0131 izne ihtiyac\u0131 olacakt\u0131r ve kullan\u0131c\u0131n\u0131n Industrias Qu\u00edmicas Del&#8217;e ait sunucular\u0131n yap\u0131land\u0131rmas\u0131na, yap\u0131s\u0131na ve dosyalar\u0131na eri\u015fmesi, bunlar\u0131 de\u011fi\u015ftirmesi ve g\u00f6r\u00fcnt\u00fclemesi yasakt\u0131r. Vall\u00e9s, SA, kendi ihmali veya k\u00f6t\u00fc niyetli eyleminin do\u011frudan sonucu olarak sunucularda ve g\u00fcvenlik sistemlerinde meydana gelebilecek her t\u00fcrl\u00fc olaydan kaynaklanan hukuki ve cezai sorumlulu\u011fu \u00fcstlenmektedir.<\/span><\/p>\n<p><span>Bar\u0131nd\u0131r\u0131lan i\u00e7eri\u011fin fikri m\u00fclkiyeti<\/span><\/p>\n<p><span>Industrias Qu\u00edmicas Del Vall\u00e9s, SA taraf\u0131ndan sa\u011flanan hizmetlerin ve \u00f6zellikle a\u015fa\u011f\u0131dakilerin fikri m\u00fclkiyet mevzuat\u0131na ayk\u0131r\u0131 kullan\u0131m\u0131:<\/span><\/p>\n<ol>\n<li><span>\u0130spanyol yasalar\u0131na ayk\u0131r\u0131 veya \u00fc\u00e7\u00fcnc\u00fc taraflar\u0131n haklar\u0131n\u0131 ihlal eden kullan\u0131m.<\/span><\/li>\n<li><span>Industrias Qu\u00edmicas Del Vall\u00e9s, SA&#8217;n\u0131n g\u00f6r\u00fc\u015f\u00fcne g\u00f6re \u015fiddet i\u00e7eren, m\u00fcstehcen, taciz edici, yasa d\u0131\u015f\u0131, \u0131rk\u00e7\u0131, yabanc\u0131 d\u00fc\u015fman\u0131 veya karalay\u0131c\u0131 olan herhangi bir i\u00e7eri\u011fin yay\u0131nlanmas\u0131 veya iletilmesi.<\/span><\/li>\n<li><span>Crack&#8217;ler, program seri numaralar\u0131 veya \u00fc\u00e7\u00fcnc\u00fc taraflar\u0131n fikri m\u00fclkiyet haklar\u0131n\u0131 ihlal eden di\u011fer i\u00e7erikler.<\/span><\/li>\n<li><span>Di\u011fer kullan\u0131c\u0131lar\u0131n ki\u015fisel verilerinin, onlar\u0131n a\u00e7\u0131k r\u0131zas\u0131 olmadan veya korunmas\u0131na ili\u015fkin 27 Nisan 2016 tarihli (AB) 2016\/679 say\u0131l\u0131 Avrupa Parlamentosu ve Konseyi T\u00fcz\u00fc\u011f\u00fc h\u00fck\u00fcmlerine ayk\u0131r\u0131 olarak toplanmas\u0131 ve\/veya kullan\u0131lmas\u0131. ki\u015fisel verilerin i\u015flenmesi ve bu verilerin serbest dola\u015f\u0131m\u0131 ile ilgili olarak bireyler.<\/span><\/li>\n<li><span>\u0130stenmeyen toplu posta g\u00f6ndermek i\u00e7in alan ad\u0131n\u0131n posta sunucusunun ve e-posta adreslerinin kullan\u0131lmas\u0131.<\/span><\/li>\n<\/ol>\n<p><span>Kullan\u0131c\u0131, web sitesinin i\u00e7eri\u011finden, iletilen ve saklanan bilgilerden, hiper metin ba\u011flant\u0131lar\u0131ndan, \u00fc\u00e7\u00fcnc\u00fc taraf iddialar\u0131ndan ve fikri m\u00fclkiyet, \u00fc\u00e7\u00fcnc\u00fc taraf haklar\u0131 ve k\u00fc\u00e7\u00fcklerin korunmas\u0131na ili\u015fkin yasal i\u015flemlerden tam olarak sorumludur.<\/span><\/p>\n<p><span>Kullan\u0131c\u0131, \u00e7evrimi\u00e7i hizmetin i\u015fleyi\u015fi, elektronik ticaret, telif hakk\u0131, kamu d\u00fczeninin korunmas\u0131 ve \u0130nternet kullan\u0131m\u0131n\u0131n evrensel ilkeleri ile ilgili y\u00fcr\u00fcrl\u00fckteki yasa ve d\u00fczenlemeler ile kurallardan sorumludur.<\/span><\/p>\n<p><span>Kullan\u0131c\u0131, Industrias Qu\u00edmicas Del Vall\u00e9s, SA&#8217;n\u0131n isnat edilmesinden kaynaklanan masraflar\u0131, hukuki savunma \u00fccretleri ve masraflar\u0131 da dahil olmak \u00fczere, adli karar durumunda dahi, sorumlulu\u011fu kullan\u0131c\u0131ya atfedilebilen her durumda tazmin edecektir. kesin de\u011fil.<\/span><\/p>\n<p><span>Bar\u0131nd\u0131r\u0131lan bilgilerin korunmas\u0131<\/span><\/p>\n<p><span>Industrias Qu\u00edmicas Del Vall\u00e9s, SA, sunucular\u0131nda bar\u0131nd\u0131r\u0131lan i\u00e7eri\u011fin yedek kopyalar\u0131n\u0131 olu\u015fturur ancak verilerin kullan\u0131c\u0131lar taraf\u0131ndan kaybolmas\u0131ndan veya kazara silinmesinden sorumlu de\u011fildir. Ayn\u0131 \u015fekilde, yukar\u0131da belirtilen veriler son yedek kopyadan bu yana ge\u00e7en s\u00fcre i\u00e7erisinde silinmi\u015f ve\/veya de\u011fi\u015ftirilmi\u015f olabilece\u011finden, kullan\u0131c\u0131lar taraf\u0131ndan silinen verilerin tamamen yenilenmesi garanti edilmez.<\/span><\/p>\n<p><span>Belirli yedekleme hizmetleri haricinde sunulan hizmetler, Industrias Qu\u00edmicas Del Vall\u00e9s, SA taraf\u0131ndan haz\u0131rlanan yedek kopyalarda saklanan i\u00e7eriklerin, bu kay\u0131p kullan\u0131c\u0131ya atfedilebilir oldu\u011funda de\u011fi\u015ftirilmesini i\u00e7ermez; Bu durumda, kurtarma i\u015fleminin karma\u015f\u0131kl\u0131\u011f\u0131na ve hacmine g\u00f6re, her zaman kullan\u0131c\u0131n\u0131n \u00f6nceden kabul etmesi \u015fart\u0131yla bir oran belirlenecektir.<\/span><\/p>\n<p><span>Silinen verilerin de\u011fi\u015ftirilmesi yaln\u0131zca i\u00e7erik kayb\u0131n\u0131n Industrias Qu\u00edmicas Del Vall\u00e9s, SA&#8217;ya atfedilebilen nedenlerden kaynaklanmas\u0131 durumunda hizmet fiyat\u0131na dahildir.<\/span><\/p>\n<p><span>Ticari ileti\u015fim<\/span><\/p>\n<p><span>LSSI uygulamas\u0131nda. Industrias Qu\u00edmicas Del Vall\u00e9s, SA, al\u0131c\u0131lar\u0131 taraf\u0131ndan \u00f6nceden talep edilmeyen veya a\u00e7\u0131k\u00e7a yetkilendirilmeyen e-posta veya di\u011fer e\u015fde\u011fer elektronik ileti\u015fim ara\u00e7lar\u0131yla reklam veya promosyon ileti\u015fimleri g\u00f6ndermeyecektir.<\/span><\/p>\n<p><span>\u00d6nceden s\u00f6zle\u015fmeye dayal\u0131 bir ili\u015fki bulunan kullan\u0131c\u0131lar s\u00f6z konusu oldu\u011funda, Industrias Qu\u00edmicas Del Vall\u00e9s, SA, Industrias Qu\u00edmicas Del Vall\u00e9s, SA&#8217;n\u0131n \u00fcr\u00fcnleri veya hizmetlerine ili\u015fkin, ba\u015flang\u0131\u00e7ta s\u00f6zle\u015fmeye konu olanlara benzer ticari ileti\u015fimler g\u00f6ndermeye yetkilidir. m\u00fc\u015fteri.<\/span><\/p>\n<p><span>Kullan\u0131c\u0131, her durumda kimli\u011fini kan\u0131tlad\u0131ktan sonra M\u00fc\u015fteri Hizmetleri kanallar\u0131 \u00fczerinden kendisine ba\u015fka ticari bilgi g\u00f6nderilmemesini talep edebilir.<\/span><\/p>\n<p><span>REV: 20.3009<\/span><\/p>\n","protected":false},"excerpt":{"rendered":"<p>Gizlilik Politikas\u0131 Ki\u015fisel verilerin GDPR&#8217;ye g\u00f6re korunmas\u0131 Industrias Qu\u00edmicas Del Vall\u00e9s, SA, ki\u015fisel verilerin korunmas\u0131na\u00a0ili\u015fkin mevcut d\u00fczenlemelerin uygulanmas\u0131nda\u00a0 ,\u00a0https:\/\/iqvagro.com\/es-es\/\u00a0\u00a0adresindeki Web Sitesindeki formlar arac\u0131l\u0131\u011f\u0131yla toplanan ki\u015fisel verilerin\u00a0\u00f6zel d\u00fczenlemelere dahil oldu\u011funu bildirir. Industrias Qu\u00edmicas Del Vall\u00e9s, SA hizmetlerinin kullan\u0131c\u0131lar\u0131n\u0131n otomatik dosyalar\u0131 Ki\u015fisel verilerin toplanmas\u0131n\u0131n ve otomatik olarak i\u015flenmesinin amac\u0131, Industrias Qu\u00edmicas Del Vall\u00e9s, SA&#8217;n\u0131n ticari ili\u015fkisini ve [&hellip;]<\/p>\n","protected":false},"author":4,"featured_media":0,"parent":0,"menu_order":0,"comment_status":"closed","ping_status":"closed","template":"","meta":{"_acf_changed":false,"footnotes":""},"class_list":["post-18764","page","type-page","status-publish","hentry"],"acf":[],"yoast_head":"<!-- This site is optimized with the Yoast SEO plugin v27.1.1 - https:\/\/yoast.com\/product\/yoast-seo-wordpress\/ -->\n<title>Gizlilik Politikas\u0131 - IQV Matholding Group<\/title>\n<meta name=\"robots\" content=\"index, follow, max-snippet:-1, max-image-preview:large, max-video-preview:-1\" \/>\n<link rel=\"canonical\" href=\"https:\/\/iqvagro.com\/tr-tr\/gizlilik-politikasi\/\" \/>\n<meta property=\"og:locale\" content=\"tr_TR\" \/>\n<meta property=\"og:type\" content=\"article\" \/>\n<meta property=\"og:title\" content=\"Gizlilik Politikas\u0131 - IQV Matholding Group\" \/>\n<meta property=\"og:description\" content=\"Gizlilik Politikas\u0131 Ki\u015fisel verilerin GDPR&#8217;ye g\u00f6re korunmas\u0131 Industrias Qu\u00edmicas Del Vall\u00e9s, SA, ki\u015fisel verilerin korunmas\u0131na\u00a0ili\u015fkin mevcut d\u00fczenlemelerin uygulanmas\u0131nda\u00a0 ,\u00a0https:\/\/iqvagro.com\/es-es\/\u00a0\u00a0adresindeki Web Sitesindeki formlar arac\u0131l\u0131\u011f\u0131yla toplanan ki\u015fisel verilerin\u00a0\u00f6zel d\u00fczenlemelere dahil oldu\u011funu bildirir. Industrias Qu\u00edmicas Del Vall\u00e9s, SA hizmetlerinin kullan\u0131c\u0131lar\u0131n\u0131n otomatik dosyalar\u0131 Ki\u015fisel verilerin toplanmas\u0131n\u0131n ve otomatik olarak i\u015flenmesinin amac\u0131, Industrias Qu\u00edmicas Del Vall\u00e9s, SA&#8217;n\u0131n ticari ili\u015fkisini ve [&hellip;]\" \/>\n<meta property=\"og:url\" content=\"https:\/\/iqvagro.com\/tr-tr\/gizlilik-politikasi\/\" \/>\n<meta property=\"og:site_name\" content=\"IQV Matholding Group\" \/>\n<meta property=\"article:publisher\" content=\"https:\/\/www.facebook.com\/iqv.cropscience\" \/>\n<meta property=\"article:modified_time\" content=\"2024-07-30T08:39:22+00:00\" \/>\n<meta name=\"twitter:card\" content=\"summary_large_image\" \/>\n<meta name=\"twitter:label1\" content=\"Est. reading time\" \/>\n\t<meta name=\"twitter:data1\" content=\"5 minutes\" \/>\n<script type=\"application\/ld+json\" class=\"yoast-schema-graph\">{\"@context\":\"https:\/\/schema.org\",\"@graph\":[{\"@type\":\"WebPage\",\"@id\":\"https:\/\/iqvagro.com\/tr-tr\/gizlilik-politikasi\/\",\"url\":\"https:\/\/iqvagro.com\/tr-tr\/gizlilik-politikasi\/\",\"name\":\"Gizlilik Politikas\u0131 - IQV Matholding Group\",\"isPartOf\":{\"@id\":\"https:\/\/iqvagro.com\/#website\"},\"datePublished\":\"2024-03-25T08:57:41+00:00\",\"dateModified\":\"2024-07-30T08:39:22+00:00\",\"breadcrumb\":{\"@id\":\"https:\/\/iqvagro.com\/tr-tr\/gizlilik-politikasi\/#breadcrumb\"},\"inLanguage\":\"tr-TR-TR\",\"potentialAction\":[{\"@type\":\"ReadAction\",\"target\":[\"https:\/\/iqvagro.com\/tr-tr\/gizlilik-politikasi\/\"]}]},{\"@type\":\"BreadcrumbList\",\"@id\":\"https:\/\/iqvagro.com\/tr-tr\/gizlilik-politikasi\/#breadcrumb\",\"itemListElement\":[{\"@type\":\"ListItem\",\"position\":1,\"name\":\"Portada\",\"item\":\"https:\/\/iqvagro.com\/tr-tr\/\"},{\"@type\":\"ListItem\",\"position\":2,\"name\":\"Gizlilik Politikas\u0131\"}]},{\"@type\":\"WebSite\",\"@id\":\"https:\/\/iqvagro.com\/#website\",\"url\":\"https:\/\/iqvagro.com\/\",\"name\":\"IQV Matholding Group\",\"description\":\"Taking Care of Crops\",\"publisher\":{\"@id\":\"https:\/\/iqvagro.com\/#organization\"},\"potentialAction\":[{\"@type\":\"SearchAction\",\"target\":{\"@type\":\"EntryPoint\",\"urlTemplate\":\"https:\/\/iqvagro.com\/?s={search_term_string}\"},\"query-input\":{\"@type\":\"PropertyValueSpecification\",\"valueRequired\":true,\"valueName\":\"search_term_string\"}}],\"inLanguage\":\"tr-TR-TR\"},{\"@type\":\"Organization\",\"@id\":\"https:\/\/iqvagro.com\/#organization\",\"name\":\"IQV Matholding Group\",\"url\":\"https:\/\/iqvagro.com\/\",\"logo\":{\"@type\":\"ImageObject\",\"inLanguage\":\"tr-TR-TR\",\"@id\":\"https:\/\/iqvagro.com\/#\/schema\/logo\/image\/\",\"url\":\"https:\/\/iqvagro.com\/wp-content\/uploads\/2025\/05\/logo_IQV_new_2025.svg\",\"contentUrl\":\"https:\/\/iqvagro.com\/wp-content\/uploads\/2025\/05\/logo_IQV_new_2025.svg\",\"caption\":\"IQV Matholding Group\"},\"image\":{\"@id\":\"https:\/\/iqvagro.com\/#\/schema\/logo\/image\/\"},\"sameAs\":[\"https:\/\/www.facebook.com\/iqv.cropscience\",\"https:\/\/www.instagram.com\/iqv.cropscience\/\"]}]}<\/script>\n<!-- \/ Yoast SEO plugin. -->","yoast_head_json":{"title":"Gizlilik Politikas\u0131 - IQV Matholding Group","robots":{"index":"index","follow":"follow","max-snippet":"max-snippet:-1","max-image-preview":"max-image-preview:large","max-video-preview":"max-video-preview:-1"},"canonical":"https:\/\/iqvagro.com\/tr-tr\/gizlilik-politikasi\/","og_locale":"tr_TR","og_type":"article","og_title":"Gizlilik Politikas\u0131 - IQV Matholding Group","og_description":"Gizlilik Politikas\u0131 Ki\u015fisel verilerin GDPR&#8217;ye g\u00f6re korunmas\u0131 Industrias Qu\u00edmicas Del Vall\u00e9s, SA, ki\u015fisel verilerin korunmas\u0131na\u00a0ili\u015fkin mevcut d\u00fczenlemelerin uygulanmas\u0131nda\u00a0 ,\u00a0https:\/\/iqvagro.com\/es-es\/\u00a0\u00a0adresindeki Web Sitesindeki formlar arac\u0131l\u0131\u011f\u0131yla toplanan ki\u015fisel verilerin\u00a0\u00f6zel d\u00fczenlemelere dahil oldu\u011funu bildirir. Industrias Qu\u00edmicas Del Vall\u00e9s, SA hizmetlerinin kullan\u0131c\u0131lar\u0131n\u0131n otomatik dosyalar\u0131 Ki\u015fisel verilerin toplanmas\u0131n\u0131n ve otomatik olarak i\u015flenmesinin amac\u0131, Industrias Qu\u00edmicas Del Vall\u00e9s, SA&#8217;n\u0131n ticari ili\u015fkisini ve [&hellip;]","og_url":"https:\/\/iqvagro.com\/tr-tr\/gizlilik-politikasi\/","og_site_name":"IQV Matholding Group","article_publisher":"https:\/\/www.facebook.com\/iqv.cropscience","article_modified_time":"2024-07-30T08:39:22+00:00","twitter_card":"summary_large_image","twitter_misc":{"Est. reading time":"5 minutes"},"schema":{"@context":"https:\/\/schema.org","@graph":[{"@type":"WebPage","@id":"https:\/\/iqvagro.com\/tr-tr\/gizlilik-politikasi\/","url":"https:\/\/iqvagro.com\/tr-tr\/gizlilik-politikasi\/","name":"Gizlilik Politikas\u0131 - IQV Matholding Group","isPartOf":{"@id":"https:\/\/iqvagro.com\/#website"},"datePublished":"2024-03-25T08:57:41+00:00","dateModified":"2024-07-30T08:39:22+00:00","breadcrumb":{"@id":"https:\/\/iqvagro.com\/tr-tr\/gizlilik-politikasi\/#breadcrumb"},"inLanguage":"tr-TR-TR","potentialAction":[{"@type":"ReadAction","target":["https:\/\/iqvagro.com\/tr-tr\/gizlilik-politikasi\/"]}]},{"@type":"BreadcrumbList","@id":"https:\/\/iqvagro.com\/tr-tr\/gizlilik-politikasi\/#breadcrumb","itemListElement":[{"@type":"ListItem","position":1,"name":"Portada","item":"https:\/\/iqvagro.com\/tr-tr\/"},{"@type":"ListItem","position":2,"name":"Gizlilik Politikas\u0131"}]},{"@type":"WebSite","@id":"https:\/\/iqvagro.com\/#website","url":"https:\/\/iqvagro.com\/","name":"IQV Matholding Group","description":"Taking Care of Crops","publisher":{"@id":"https:\/\/iqvagro.com\/#organization"},"potentialAction":[{"@type":"SearchAction","target":{"@type":"EntryPoint","urlTemplate":"https:\/\/iqvagro.com\/?s={search_term_string}"},"query-input":{"@type":"PropertyValueSpecification","valueRequired":true,"valueName":"search_term_string"}}],"inLanguage":"tr-TR-TR"},{"@type":"Organization","@id":"https:\/\/iqvagro.com\/#organization","name":"IQV Matholding Group","url":"https:\/\/iqvagro.com\/","logo":{"@type":"ImageObject","inLanguage":"tr-TR-TR","@id":"https:\/\/iqvagro.com\/#\/schema\/logo\/image\/","url":"https:\/\/iqvagro.com\/wp-content\/uploads\/2025\/05\/logo_IQV_new_2025.svg","contentUrl":"https:\/\/iqvagro.com\/wp-content\/uploads\/2025\/05\/logo_IQV_new_2025.svg","caption":"IQV Matholding Group"},"image":{"@id":"https:\/\/iqvagro.com\/#\/schema\/logo\/image\/"},"sameAs":["https:\/\/www.facebook.com\/iqv.cropscience","https:\/\/www.instagram.com\/iqv.cropscience\/"]}]}},"_links":{"self":[{"href":"https:\/\/iqvagro.com\/tr-tr\/wp-json\/wp\/v2\/pages\/18764","targetHints":{"allow":["GET"]}}],"collection":[{"href":"https:\/\/iqvagro.com\/tr-tr\/wp-json\/wp\/v2\/pages"}],"about":[{"href":"https:\/\/iqvagro.com\/tr-tr\/wp-json\/wp\/v2\/types\/page"}],"author":[{"embeddable":true,"href":"https:\/\/iqvagro.com\/tr-tr\/wp-json\/wp\/v2\/users\/4"}],"replies":[{"embeddable":true,"href":"https:\/\/iqvagro.com\/tr-tr\/wp-json\/wp\/v2\/comments?post=18764"}],"version-history":[{"count":0,"href":"https:\/\/iqvagro.com\/tr-tr\/wp-json\/wp\/v2\/pages\/18764\/revisions"}],"wp:attachment":[{"href":"https:\/\/iqvagro.com\/tr-tr\/wp-json\/wp\/v2\/media?parent=18764"}],"curies":[{"name":"wp","href":"https:\/\/api.w.org\/{rel}","templated":true}]}}