{"id":18762,"date":"2021-01-13T20:44:32","date_gmt":"2021-01-13T19:44:32","guid":{"rendered":"https:\/\/iqvagro.com\/politica-de-cookies\/"},"modified":"2024-07-30T10:40:13","modified_gmt":"2024-07-30T08:40:13","slug":"cerez-politikasi","status":"publish","type":"page","link":"https:\/\/iqvagro.com\/tr-tr\/cerez-politikasi\/","title":{"rendered":"\u00c7erez politikas\u0131"},"content":{"rendered":"<h1><span>\u00c7erez politikas\u0131<\/span><\/h1>\n<p><strong><em><span>\u00c7erezler nedir\u00a0<\/span><\/em><\/strong><strong><em><span>?<\/span><\/em><\/strong><\/p>\n<p><span>Bu web sitesi \u00e7erezleri kullan\u0131r. \u00c7erez, bilgisayar\u0131n\u0131z\u0131n taray\u0131c\u0131s\u0131na y\u00fcklenen bir indirme dosyas\u0131d\u0131r. \u00c7erezler, bir web sitesinin, di\u011fer \u015feylerin yan\u0131 s\u0131ra, kullan\u0131c\u0131n\u0131n veya bilgisayar\u0131n\u0131n gezinme al\u0131\u015fkanl\u0131klar\u0131 hakk\u0131nda bilgi depolamas\u0131na ve almas\u0131na olanak tan\u0131r ve i\u00e7erdi\u011fi bilgilere ve bilgisayar\u0131n\u0131z\u0131 kullanma \u015feklinize ba\u011fl\u0131 olarak kullan\u0131c\u0131y\u0131 tan\u0131mak i\u00e7in kullan\u0131labilir.<\/span><\/p>\n<p><strong><em><span>Bu web sitesinde ne t\u00fcr \u00e7erezler kullan\u0131l\u0131yor?<\/span><\/em><\/strong><\/p>\n<p><span>\u00c7erezlerin g\u00f6nderildi\u011fi ekipman\u0131 veya etki alan\u0131n\u0131 y\u00f6neten ve elde edilen verileri i\u015fleyen kurulu\u015fun kim oldu\u011funa ba\u011fl\u0131 olarak \u00e7erez t\u00fcrlerini ay\u0131rt edebiliriz:<\/span><\/p>\n<ul>\n<li><strong><em><span>Kendi \u00e7erezleri:<\/span><\/em><\/strong><span>\u00a0Kullan\u0131c\u0131n\u0131n talep etti\u011fi hizmetin sa\u011fland\u0131\u011f\u0131 ve edit\u00f6r\u00fcn kendisi taraf\u0131ndan y\u00f6netilen bir bilgisayar veya alan ad\u0131ndan kullan\u0131c\u0131n\u0131n terminal ekipman\u0131na g\u00f6nderilen \u00e7erezlerdir.<\/span><\/li>\n<\/ul>\n<ul>\n<li><strong><em><span>\u00dc\u00e7\u00fcnc\u00fc taraf \u00e7erezleri:<\/span><\/em><\/strong><span>\u00a0Edit\u00f6r taraf\u0131ndan y\u00f6netilmeyen bir bilgisayar veya alan ad\u0131ndan, \u00e7erezler arac\u0131l\u0131\u011f\u0131yla elde edilen verileri i\u015fleyen ba\u015fka bir kurulu\u015f taraf\u0131ndan kullan\u0131c\u0131n\u0131n terminal ekipman\u0131na g\u00f6nderilen \u00e7erezlerdir.<\/span><\/li>\n<\/ul>\n<p><span>Terminal ekipman\u0131nda aktif kald\u0131klar\u0131 s\u00fcreye g\u00f6re \u00e7erez t\u00fcrleri:<\/span><\/p>\n<ul>\n<li><strong><em><span>Oturum \u00e7erezleri<\/span><\/em><\/strong><span>\u00a0: Kullan\u0131c\u0131 bir web sayfas\u0131na eri\u015firken veri toplamak ve depolamak i\u00e7in tasarlanm\u0131\u015f \u00e7erez t\u00fcr\u00fcd\u00fcr.<\/span><\/li>\n<\/ul>\n<ul>\n<li><strong><em><span>Kal\u0131c\u0131 \u00e7erezler<\/span><\/em><\/strong><span>\u00a0: Verilerin terminalde saklanmas\u0131na olanak tan\u0131yan ve \u00e7erezden sorumlu ki\u015fi taraf\u0131ndan tan\u0131mlanan, birka\u00e7 dakikadan birka\u00e7 y\u0131la kadar de\u011fi\u015febilen s\u00fcre boyunca eri\u015filip i\u015flenebilen \u00e7erez t\u00fcr\u00fcd\u00fcr.<\/span><\/li>\n<\/ul>\n<p><span>Ama\u00e7lar\u0131na g\u00f6re \u00e7erez t\u00fcrleri:<\/span><\/p>\n<ul>\n<li><strong><em><span>Teknik \u00e7erezler<\/span><\/em><\/strong><strong><span>\u00a0:<\/span><\/strong><span>\u00a0Bunlar, web sitesinin d\u00fczg\u00fcn \u00e7al\u0131\u015fmas\u0131 i\u00e7in gerekli olan ve kullan\u0131c\u0131n\u0131n hizmetleri kullanabilmesi, kullan\u0131c\u0131 taraf\u0131ndan talep edilen i\u00e7eri\u011fe eri\u015febilmesi ve i\u015flevleriyle etkile\u015fimde bulunabilmesi i\u00e7in gerekli olan \u00e7erezlerdir. Devre d\u0131\u015f\u0131 b\u0131rak\u0131lmas\u0131 web sitesinin d\u00fczg\u00fcn \u00e7al\u0131\u015fmas\u0131n\u0131 engelleyebilir.<\/span><\/li>\n<\/ul>\n<ul>\n<li><strong><em><span>Analitik \u00e7erezler<\/span><\/em><\/strong><strong><span>\u00a0:<\/span><\/strong><span>\u00a0Ba\u011flant\u0131l\u0131 olduklar\u0131 web sitesindeki kullan\u0131c\u0131 davran\u0131\u015flar\u0131n\u0131n izlenmesine ve analiz edilmesine olanak sa\u011flayan \u00e7erezlerdir. Toplanan bilgiler izleyicileri, trafi\u011fi ve web sitesine olan etkile\u015fimi \u00f6l\u00e7mek i\u00e7in kullan\u0131l\u0131r. Benzer \u015fekilde, di\u011ferlerinin yan\u0131 s\u0131ra, kullan\u0131lan taray\u0131c\u0131y\u0131 veya se\u00e7ilen dili bilmenizi sa\u011flarlar. Bu \u00e7erezler web sitemizde otomatik olarak etkinle\u015ftirilir, ancak bu \u00e7erezleri ara\u00e7lar\u0131n sa\u011flad\u0131\u011f\u0131 hari\u00e7 tutma sistemleri veya taray\u0131c\u0131 ayarlar\u0131 arac\u0131l\u0131\u011f\u0131yla devre d\u0131\u015f\u0131 b\u0131rakabilirsiniz.<\/span><\/li>\n<\/ul>\n<p><span>Bu bilgiyi elde etmek i\u00e7in kullan\u0131lan uygulamalar \u015funlard\u0131r:<\/span><\/p>\n<ul>\n<li><span>Google Analytics:<\/span><\/li>\n<\/ul>\n<p><span>Google Analytics, web sitesi sahiplerinin, kullan\u0131c\u0131lar\u0131n site i\u00e7eri\u011fiyle nas\u0131l etkile\u015fim kurdu\u011funu \u00f6l\u00e7mesine yard\u0131mc\u0131 olan basit, kullan\u0131m\u0131 kolay bir ara\u00e7t\u0131r. Bir kullan\u0131c\u0131 bir web sitesinin sayfalar\u0131na g\u00f6z att\u0131\u011f\u0131nda Google Analytics, o sitenin sahibine, kullan\u0131c\u0131n\u0131n g\u00f6r\u00fcnt\u00fcledi\u011fi sayfa hakk\u0131ndaki bilgileri kaydetmesi i\u00e7in JavaScript etiketleri (kitapl\u0131klar) sa\u011flar; \u00f6rne\u011fin sayfan\u0131n URL&#8217;si. Google Analytics JavaScript kitapl\u0131klar\u0131, bir kullan\u0131c\u0131n\u0131n \u00f6nceki sayfalarda veya web sitesi etkile\u015fimlerinde yapt\u0131klar\u0131n\u0131 &#8220;hat\u0131rlamak&#8221; i\u00e7in HTTP \u00e7erezlerini kullan\u0131r.<\/span><\/p>\n<p><span>Google Analytics, web sitesi kullan\u0131m\u0131n\u0131 \u00f6l\u00e7mek i\u00e7in iki JavaScript kitapl\u0131\u011f\u0131n\u0131 (etiketleri) destekler: Analytics.js ve ga.js. A\u015fa\u011f\u0131daki b\u00f6l\u00fcmlerde bu kitapl\u0131klar\u0131n her birinin \u00e7erezleri nas\u0131l kulland\u0131\u011f\u0131 a\u00e7\u0131klanmaktad\u0131r.<\/span><\/p>\n<p><span>Analytics.js a\u015fa\u011f\u0131daki \u00e7erezleri ayarlar:<\/span><\/p>\n<div class=\"devsite-table-wrapper\">\n<table>\n<tbody>\n<tr>\n<th><span>\u00c7erez ad\u0131<\/span><\/th>\n<th><span>S\u00fcre<\/span><\/th>\n<th><span>Tan\u0131m<\/span><\/th>\n<\/tr>\n<tr>\n<td><code>_<wbr \/>ga<\/code><\/td>\n<td><span>2 y\u0131l<\/span><\/td>\n<td><span>Kullan\u0131c\u0131lar\u0131 ay\u0131rt etmek i\u00e7in kullan\u0131l\u0131r.<\/span><\/td>\n<\/tr>\n<tr>\n<td><code>_<wbr \/>gid<\/code><\/td>\n<td><span>24 saat<\/span><\/td>\n<td><span>Kullan\u0131c\u0131lar\u0131 ay\u0131rt etmek i\u00e7in kullan\u0131l\u0131r.<\/span><\/td>\n<\/tr>\n<tr>\n<td><code>_<wbr \/>gat<\/code><\/td>\n<td><span>1 dakika<\/span><\/td>\n<td><span>\u0130steklerin y\u00fczdesini s\u0131n\u0131rlamak i\u00e7in kullan\u0131l\u0131r.<\/span><\/td>\n<\/tr>\n<tr>\n<td><code>AMP_<wbr \/>TOKEN<\/code><\/td>\n<td><span>30 saniyeden 1 y\u0131la kadar<\/span><\/td>\n<td><span>AMP \u0130stemci Kimli\u011fi hizmetinden istemci kimli\u011fini almak i\u00e7in kullan\u0131labilecek bir jeton i\u00e7erir. Di\u011fer olas\u0131 de\u011ferler, devre d\u0131\u015f\u0131 b\u0131rakmalar\u0131, devam eden istekleri veya AMP \u0130stemci Kimli\u011fi hizmetinden kimlik al\u0131n\u0131rken elde edilen hatalar\u0131 g\u00f6sterir.<\/span><\/td>\n<\/tr>\n<tr>\n<td><code>_<wbr \/>gac_<wbr \/><\/code><\/td>\n<td><span>90 g\u00fcn<\/span><\/td>\n<td><span>Kullan\u0131c\u0131ya ili\u015fkin kampanya bilgilerini i\u00e7erir. Google Analytics ve AdWords hesaplar\u0131n\u0131z\u0131 ba\u011flad\u0131ysan\u0131z, web sitesi d\u00f6n\u00fc\u015f\u00fcm etiketleri, siz devre d\u0131\u015f\u0131 b\u0131rakmad\u0131\u011f\u0131n\u0131z s\u00fcrece bu \u00e7erezi okuyacakt\u0131r.<\/span><\/td>\n<\/tr>\n<\/tbody>\n<\/table>\n<\/div>\n<p><span>Google Analytics&#8217;in bilgi toplamas\u0131n\u0131 ve kullanmas\u0131n\u0131 istemiyorsan\u0131z web taray\u0131c\u0131n\u0131za bir devre d\u0131\u015f\u0131 b\u0131rakma sistemi kurabilirsiniz:\u00a0\u00a0<\/span><a href=\"https:\/\/translate.google.com\/website?sl=tr&amp;tl=es&amp;hl=es&amp;client=webapp&amp;u=https:\/\/tools.google.com\/dlpage\/gaoptout?hl%3DNone\"><span>https:\/\/tools.google.com\/dlpage\/gaoptout?hl=None<\/span><\/a><\/p>\n<p><span>Ayn\u0131 \u015fekilde, kullan\u0131c\u0131n\u0131n taray\u0131c\u0131 ayarlar\u0131n\u0131 istedi\u011fi zaman y\u00fckl\u00fc \u00e7erezleri engelleyecek veya silecek \u015fekilde kolayca ayarlayabilece\u011fini de size bildiririz. Ancak bu devre d\u0131\u015f\u0131 b\u0131rakma, web sitesinin i\u015fleyi\u015fini de\u011fi\u015ftirebilir ve web sitesindeki baz\u0131 hizmetlerin kullan\u0131lamamas\u0131na neden olabilir.<\/span><\/p>\n<p><span>\u00c7erezleri devre d\u0131\u015f\u0131 b\u0131rakmak i\u00e7in her taray\u0131c\u0131n\u0131n farkl\u0131 ayarlar\u0131 vard\u0131r. Ana taray\u0131c\u0131lar\u0131n\u0131zda \u00e7erezleri devre d\u0131\u015f\u0131 b\u0131rakmak veya silmek i\u00e7in izlemeniz gereken ad\u0131mlar a\u015fa\u011f\u0131da verilmi\u015ftir:<\/span><\/p>\n<ul>\n<li><span>Chrome:\u00a0<\/span><a href=\"https:\/\/translate.google.com\/website?sl=tr&amp;tl=es&amp;hl=es&amp;client=webapp&amp;u=http:\/\/support.google.com\/chrome\/bin\/answer.py?hl%3Des%26answer%3D95647\"><span>http:\/\/support.google.com\/chrome\/bin\/answer.py?hl=es&amp;answer=95647<\/span><\/a><\/li>\n<li><span>Gezgin:\u00a0<\/span><a href=\"https:\/\/translate.google.com\/website?sl=tr&amp;tl=es&amp;hl=es&amp;client=webapp&amp;u=http:\/\/windows.microsoft.com\/es-es\/windows7\/how-to-manage-Cookies-in-internet-explorer-9\"><span>http:\/\/windows.microsoft.com\/es-es\/windows7\/how-to-manage-Cookies-in-internet-explorer-9<\/span><\/a><\/li>\n<li><span>Firefox:\u00a0<\/span><a href=\"https:\/\/translate.google.com\/website?sl=tr&amp;tl=es&amp;hl=es&amp;client=webapp&amp;u=http:\/\/support.mozilla.org\/es\/kb\/habilitar-y-deshabilitar-Cookies-que-los-sitios-we\"><span>http:\/\/support.mozilla.org\/es\/kb\/habilitar-y-deshabilitar-Cookies-que-los-sitios-we<\/span><\/a><\/li>\n<li><span>Safari\u00a0<\/span><a href=\"https:\/\/translate.google.com\/website?sl=tr&amp;tl=es&amp;hl=es&amp;client=webapp&amp;u=http:\/\/support.apple.com\/kb\/ph5042\"><span>http:\/\/support.apple.com\/kb\/ph5042<\/span><\/a><\/li>\n<\/ul>\n<p><span>Bu \u00c7erez Politikas\u0131, \u0130spanyol Veri Koruma Kurumlar\u0131 taraf\u0131ndan yay\u0131nlanan talimatlara uyarlamak amac\u0131yla mevzuat de\u011fi\u015fikliklerine g\u00f6re de\u011fi\u015ftirilebilir; bu nedenle kullan\u0131c\u0131lar\u0131n bu politikaya periyodik olarak ba\u015fvurmalar\u0131 \u00f6nerilir.<\/span><\/p>\n","protected":false},"excerpt":{"rendered":"<p>\u00c7erez politikas\u0131 \u00c7erezler nedir\u00a0? Bu web sitesi \u00e7erezleri kullan\u0131r. \u00c7erez, bilgisayar\u0131n\u0131z\u0131n taray\u0131c\u0131s\u0131na y\u00fcklenen bir indirme dosyas\u0131d\u0131r. \u00c7erezler, bir web sitesinin, di\u011fer \u015feylerin yan\u0131 s\u0131ra, kullan\u0131c\u0131n\u0131n veya bilgisayar\u0131n\u0131n gezinme al\u0131\u015fkanl\u0131klar\u0131 hakk\u0131nda bilgi depolamas\u0131na ve almas\u0131na olanak tan\u0131r ve i\u00e7erdi\u011fi bilgilere ve bilgisayar\u0131n\u0131z\u0131 kullanma \u015feklinize ba\u011fl\u0131 olarak kullan\u0131c\u0131y\u0131 tan\u0131mak i\u00e7in kullan\u0131labilir. Bu web sitesinde ne t\u00fcr \u00e7erezler [&hellip;]<\/p>\n","protected":false},"author":4,"featured_media":0,"parent":0,"menu_order":0,"comment_status":"closed","ping_status":"closed","template":"","meta":{"_acf_changed":false,"footnotes":""},"class_list":["post-18762","page","type-page","status-publish","hentry"],"acf":[],"yoast_head":"<!-- This site is optimized with the Yoast SEO plugin v27.4 - https:\/\/yoast.com\/product\/yoast-seo-wordpress\/ -->\n<title>\u00c7erez politikas\u0131 - IQV Matholding Group<\/title>\n<meta name=\"robots\" content=\"noindex, follow\" \/>\n<meta property=\"og:locale\" content=\"tr_TR\" \/>\n<meta property=\"og:type\" content=\"article\" \/>\n<meta property=\"og:title\" content=\"\u00c7erez politikas\u0131 - IQV Matholding Group\" \/>\n<meta property=\"og:description\" content=\"\u00c7erez politikas\u0131 \u00c7erezler nedir\u00a0? Bu web sitesi \u00e7erezleri kullan\u0131r. \u00c7erez, bilgisayar\u0131n\u0131z\u0131n taray\u0131c\u0131s\u0131na y\u00fcklenen bir indirme dosyas\u0131d\u0131r. \u00c7erezler, bir web sitesinin, di\u011fer \u015feylerin yan\u0131 s\u0131ra, kullan\u0131c\u0131n\u0131n veya bilgisayar\u0131n\u0131n gezinme al\u0131\u015fkanl\u0131klar\u0131 hakk\u0131nda bilgi depolamas\u0131na ve almas\u0131na olanak tan\u0131r ve i\u00e7erdi\u011fi bilgilere ve bilgisayar\u0131n\u0131z\u0131 kullanma \u015feklinize ba\u011fl\u0131 olarak kullan\u0131c\u0131y\u0131 tan\u0131mak i\u00e7in kullan\u0131labilir. Bu web sitesinde ne t\u00fcr \u00e7erezler [&hellip;]\" \/>\n<meta property=\"og:url\" content=\"https:\/\/iqvagro.com\/tr-tr\/cerez-politikasi\/\" \/>\n<meta property=\"og:site_name\" content=\"IQV Matholding Group\" \/>\n<meta property=\"article:publisher\" content=\"https:\/\/www.facebook.com\/iqv.cropscience\" \/>\n<meta property=\"article:modified_time\" content=\"2024-07-30T08:40:13+00:00\" \/>\n<meta name=\"twitter:card\" content=\"summary_large_image\" \/>\n<meta name=\"twitter:label1\" content=\"Est. reading time\" \/>\n\t<meta name=\"twitter:data1\" content=\"3 minutes\" \/>\n<script type=\"application\/ld+json\" class=\"yoast-schema-graph\">{\"@context\":\"https:\\\/\\\/schema.org\",\"@graph\":[{\"@type\":\"WebPage\",\"@id\":\"https:\\\/\\\/iqvagro.com\\\/tr-tr\\\/cerez-politikasi\\\/\",\"url\":\"https:\\\/\\\/iqvagro.com\\\/tr-tr\\\/cerez-politikasi\\\/\",\"name\":\"\u00c7erez politikas\u0131 - IQV Matholding Group\",\"isPartOf\":{\"@id\":\"https:\\\/\\\/iqvagro.com\\\/#website\"},\"datePublished\":\"2021-01-13T19:44:32+00:00\",\"dateModified\":\"2024-07-30T08:40:13+00:00\",\"breadcrumb\":{\"@id\":\"https:\\\/\\\/iqvagro.com\\\/tr-tr\\\/cerez-politikasi\\\/#breadcrumb\"},\"inLanguage\":\"tr-TR-TR\",\"potentialAction\":[{\"@type\":\"ReadAction\",\"target\":[\"https:\\\/\\\/iqvagro.com\\\/tr-tr\\\/cerez-politikasi\\\/\"]}]},{\"@type\":\"BreadcrumbList\",\"@id\":\"https:\\\/\\\/iqvagro.com\\\/tr-tr\\\/cerez-politikasi\\\/#breadcrumb\",\"itemListElement\":[{\"@type\":\"ListItem\",\"position\":1,\"name\":\"Portada\",\"item\":\"https:\\\/\\\/iqvagro.com\\\/tr-tr\\\/\"},{\"@type\":\"ListItem\",\"position\":2,\"name\":\"\u00c7erez politikas\u0131\"}]},{\"@type\":\"WebSite\",\"@id\":\"https:\\\/\\\/iqvagro.com\\\/#website\",\"url\":\"https:\\\/\\\/iqvagro.com\\\/\",\"name\":\"IQV Matholding Group\",\"description\":\"Taking Care of Crops\",\"publisher\":{\"@id\":\"https:\\\/\\\/iqvagro.com\\\/#organization\"},\"potentialAction\":[{\"@type\":\"SearchAction\",\"target\":{\"@type\":\"EntryPoint\",\"urlTemplate\":\"https:\\\/\\\/iqvagro.com\\\/?s={search_term_string}\"},\"query-input\":{\"@type\":\"PropertyValueSpecification\",\"valueRequired\":true,\"valueName\":\"search_term_string\"}}],\"inLanguage\":\"tr-TR-TR\"},{\"@type\":\"Organization\",\"@id\":\"https:\\\/\\\/iqvagro.com\\\/#organization\",\"name\":\"IQV Matholding Group\",\"url\":\"https:\\\/\\\/iqvagro.com\\\/\",\"logo\":{\"@type\":\"ImageObject\",\"inLanguage\":\"tr-TR-TR\",\"@id\":\"https:\\\/\\\/iqvagro.com\\\/#\\\/schema\\\/logo\\\/image\\\/\",\"url\":\"https:\\\/\\\/iqvagro.com\\\/wp-content\\\/uploads\\\/2025\\\/05\\\/logo_IQV_new_2025.svg\",\"contentUrl\":\"https:\\\/\\\/iqvagro.com\\\/wp-content\\\/uploads\\\/2025\\\/05\\\/logo_IQV_new_2025.svg\",\"caption\":\"IQV Matholding Group\"},\"image\":{\"@id\":\"https:\\\/\\\/iqvagro.com\\\/#\\\/schema\\\/logo\\\/image\\\/\"},\"sameAs\":[\"https:\\\/\\\/www.facebook.com\\\/iqv.cropscience\",\"https:\\\/\\\/www.instagram.com\\\/iqv.cropscience\\\/\"]}]}<\/script>\n<!-- \/ Yoast SEO plugin. -->","yoast_head_json":{"title":"\u00c7erez politikas\u0131 - IQV Matholding Group","robots":{"index":"noindex","follow":"follow"},"og_locale":"tr_TR","og_type":"article","og_title":"\u00c7erez politikas\u0131 - IQV Matholding Group","og_description":"\u00c7erez politikas\u0131 \u00c7erezler nedir\u00a0? Bu web sitesi \u00e7erezleri kullan\u0131r. \u00c7erez, bilgisayar\u0131n\u0131z\u0131n taray\u0131c\u0131s\u0131na y\u00fcklenen bir indirme dosyas\u0131d\u0131r. \u00c7erezler, bir web sitesinin, di\u011fer \u015feylerin yan\u0131 s\u0131ra, kullan\u0131c\u0131n\u0131n veya bilgisayar\u0131n\u0131n gezinme al\u0131\u015fkanl\u0131klar\u0131 hakk\u0131nda bilgi depolamas\u0131na ve almas\u0131na olanak tan\u0131r ve i\u00e7erdi\u011fi bilgilere ve bilgisayar\u0131n\u0131z\u0131 kullanma \u015feklinize ba\u011fl\u0131 olarak kullan\u0131c\u0131y\u0131 tan\u0131mak i\u00e7in kullan\u0131labilir. Bu web sitesinde ne t\u00fcr \u00e7erezler [&hellip;]","og_url":"https:\/\/iqvagro.com\/tr-tr\/cerez-politikasi\/","og_site_name":"IQV Matholding Group","article_publisher":"https:\/\/www.facebook.com\/iqv.cropscience","article_modified_time":"2024-07-30T08:40:13+00:00","twitter_card":"summary_large_image","twitter_misc":{"Est. reading time":"3 minutes"},"schema":{"@context":"https:\/\/schema.org","@graph":[{"@type":"WebPage","@id":"https:\/\/iqvagro.com\/tr-tr\/cerez-politikasi\/","url":"https:\/\/iqvagro.com\/tr-tr\/cerez-politikasi\/","name":"\u00c7erez politikas\u0131 - IQV Matholding Group","isPartOf":{"@id":"https:\/\/iqvagro.com\/#website"},"datePublished":"2021-01-13T19:44:32+00:00","dateModified":"2024-07-30T08:40:13+00:00","breadcrumb":{"@id":"https:\/\/iqvagro.com\/tr-tr\/cerez-politikasi\/#breadcrumb"},"inLanguage":"tr-TR-TR","potentialAction":[{"@type":"ReadAction","target":["https:\/\/iqvagro.com\/tr-tr\/cerez-politikasi\/"]}]},{"@type":"BreadcrumbList","@id":"https:\/\/iqvagro.com\/tr-tr\/cerez-politikasi\/#breadcrumb","itemListElement":[{"@type":"ListItem","position":1,"name":"Portada","item":"https:\/\/iqvagro.com\/tr-tr\/"},{"@type":"ListItem","position":2,"name":"\u00c7erez politikas\u0131"}]},{"@type":"WebSite","@id":"https:\/\/iqvagro.com\/#website","url":"https:\/\/iqvagro.com\/","name":"IQV Matholding Group","description":"Taking Care of Crops","publisher":{"@id":"https:\/\/iqvagro.com\/#organization"},"potentialAction":[{"@type":"SearchAction","target":{"@type":"EntryPoint","urlTemplate":"https:\/\/iqvagro.com\/?s={search_term_string}"},"query-input":{"@type":"PropertyValueSpecification","valueRequired":true,"valueName":"search_term_string"}}],"inLanguage":"tr-TR-TR"},{"@type":"Organization","@id":"https:\/\/iqvagro.com\/#organization","name":"IQV Matholding Group","url":"https:\/\/iqvagro.com\/","logo":{"@type":"ImageObject","inLanguage":"tr-TR-TR","@id":"https:\/\/iqvagro.com\/#\/schema\/logo\/image\/","url":"https:\/\/iqvagro.com\/wp-content\/uploads\/2025\/05\/logo_IQV_new_2025.svg","contentUrl":"https:\/\/iqvagro.com\/wp-content\/uploads\/2025\/05\/logo_IQV_new_2025.svg","caption":"IQV Matholding Group"},"image":{"@id":"https:\/\/iqvagro.com\/#\/schema\/logo\/image\/"},"sameAs":["https:\/\/www.facebook.com\/iqv.cropscience","https:\/\/www.instagram.com\/iqv.cropscience\/"]}]}},"_links":{"self":[{"href":"https:\/\/iqvagro.com\/tr-tr\/wp-json\/wp\/v2\/pages\/18762","targetHints":{"allow":["GET"]}}],"collection":[{"href":"https:\/\/iqvagro.com\/tr-tr\/wp-json\/wp\/v2\/pages"}],"about":[{"href":"https:\/\/iqvagro.com\/tr-tr\/wp-json\/wp\/v2\/types\/page"}],"author":[{"embeddable":true,"href":"https:\/\/iqvagro.com\/tr-tr\/wp-json\/wp\/v2\/users\/4"}],"replies":[{"embeddable":true,"href":"https:\/\/iqvagro.com\/tr-tr\/wp-json\/wp\/v2\/comments?post=18762"}],"version-history":[{"count":0,"href":"https:\/\/iqvagro.com\/tr-tr\/wp-json\/wp\/v2\/pages\/18762\/revisions"}],"wp:attachment":[{"href":"https:\/\/iqvagro.com\/tr-tr\/wp-json\/wp\/v2\/media?parent=18762"}],"curies":[{"name":"wp","href":"https:\/\/api.w.org\/{rel}","templated":true}]}}