{"id":18758,"date":"2017-11-17T10:12:06","date_gmt":"2017-11-17T09:12:06","guid":{"rendered":"https:\/\/iqvagro.com\/aviso-legal\/"},"modified":"2024-07-25T10:46:56","modified_gmt":"2024-07-25T08:46:56","slug":"yasal-uyari","status":"publish","type":"page","link":"https:\/\/iqvagro.com\/tr-tr\/yasal-uyari\/","title":{"rendered":"Yasal uyar\u0131"},"content":{"rendered":"<h1><span>Yasal uyar\u0131<\/span><\/h1>\n<h3><span>1.- VER\u0130LER\u0130N TANIMLANMASI<\/span><\/h3>\n<p><span>Web alan ad\u0131n\u0131n sahibi olan \u015firket Industrias Qu\u00edmicas del Vall\u00e9s SA&#8217;d\u0131r (bundan b\u00f6yle IQV olarak an\u0131lacakt\u0131r), adresi Avda&#8217;d\u0131r. Rafael Casanova, 81 &#8211; Mollet del Vall\u00e9s Vall\u00e8s, Barselona CIF numaras\u0131: A08035149, Barselona Ticaret Sicili&#8217;nde kay\u0131tl\u0131d\u0131r, Cilt. 44942, Folyo 206, Sayfa No. 62788.<\/span><\/p>\n<p><span>\u0130leti\u015fim e-postas\u0131: iqv@iqvagro.com<\/span><\/p>\n<h3><span>2.- KULLANICILAR<\/span><\/h3>\n<p><span>Bu IQV portal\u0131na eri\u015fim ve\/veya kullan\u0131m, s\u00f6z konusu eri\u015fim ve\/veya kullan\u0131mdan burada belirtilen Genel Kullan\u0131m Ko\u015fullar\u0131n\u0131 kabul eden KULLANICI&#8217;n\u0131n ko\u015fuluna at\u0131f yapar. Yukar\u0131da belirtilen Ko\u015fullar, varsa zorunlu olan Genel S\u00f6zle\u015fme Ko\u015fullar\u0131ndan ba\u011f\u0131ms\u0131z olarak ge\u00e7erli olacakt\u0131r.<\/span><\/p>\n<h3><span>3.- PORTALIN KULLANIMI<\/span><\/h3>\n<p><a href=\"https:\/\/translate.google.com\/website?sl=es&amp;tl=tr&amp;hl=es&amp;client=webapp&amp;u=https:\/\/www.matholding.com\/\"><span>www.iqvagro.com,<\/span><\/a><span>\u00a0\u00a0KULLANICI&#8217;n\u0131n eri\u015febilece\u011fi, IQV&#8217;ye veya lisans verenlerine ait \u0130nternet \u00fczerindeki \u00e7ok say\u0131da bilgi, hizmet, program veya veriye (bundan sonra &#8220;i\u00e7erikler&#8221; olarak an\u0131lacakt\u0131r) eri\u015fim sa\u011flar. KULLANICI portal\u0131n kullan\u0131m\u0131n\u0131n sorumlulu\u011funu \u00fcstlenir. Bu sorumluluk, varsa belirli hizmetlere veya i\u00e7eri\u011fe eri\u015fim i\u00e7in gerekli olan kayd\u0131 da kapsar. S\u00f6z konusu kay\u0131tta, bilgilerin do\u011fru ve hukuka uygun olarak sa\u011flanmas\u0131ndan KULLANICI sorumlu olacakt\u0131r.<\/span><\/p>\n<p><span>KULLANICI, web sitesini olu\u015fturan \u015firketin portal\u0131 arac\u0131l\u0131\u011f\u0131yla sundu\u011fu i\u00e7erik ve hizmetlerden uygun \u015fekilde yararlanmay\u0131 ve bunlar\u0131 (i) yasad\u0131\u015f\u0131, yasa d\u0131\u015f\u0131 veya ayk\u0131r\u0131 faaliyetlerde bulunmak amac\u0131yla kullanmamay\u0131, \u00f6rnek olarak ancak bunlarla s\u0131n\u0131rl\u0131 olmamak \u00fczere taahh\u00fct eder. iyi niyet ve kamu d\u00fczenine; (ii) IQV&#8217;nin, tedarik\u00e7ilerinin veya \u00fc\u00e7\u00fcnc\u00fc taraflar\u0131n fiziksel ve mant\u0131ksal sistemlerine zarar vermek, a\u011fa veya yukar\u0131da belirtilen zarara neden olmas\u0131 muhtemel di\u011fer fiziksel veya mant\u0131ksal sistemlere bilgisayar vir\u00fcsleri eklemek veya yaymak; (iii) di\u011fer kullan\u0131c\u0131lar\u0131n e-posta hesaplar\u0131na eri\u015fmeye ve uygun oldu\u011funda bunlar\u0131 kullanmaya ve onlar\u0131n mesajlar\u0131n\u0131 de\u011fi\u015ftirmeye veya manip\u00fcle etmeye te\u015febb\u00fcs etmek. IQV, en son teknolojiye, risk de\u011ferlendirmesine ve veri tipolojisine uygun olarak ki\u015fisel verilerin korunmas\u0131n\u0131 garanti alt\u0131na almak ve de\u011fi\u015ftirilmesini, kaybolmas\u0131n\u0131, i\u015flenmesini ve\/veya yetkisiz eri\u015fimini \u00f6nlemek i\u00e7in gerekli teknik ve organizasyonel \u00f6nlemleri al\u0131r.<\/span><\/p>\n<h3><span>4.- F\u0130KR\u0130 VE SINA\u0130 M\u00dcLK\u0130YET<\/span><\/h3>\n<p><span>IQV&#8217;nin kendisi veya devrald\u0131\u011f\u0131 ki\u015fi olarak, web sitesinin t\u00fcm fikri ve s\u0131nai m\u00fclkiyet haklar\u0131n\u0131n ve ayr\u0131ca burada yer alan unsurlar\u0131n (\u00f6rne\u011fin, g\u00f6rseller, ses, ses, video, yaz\u0131l\u0131m veya metinler; markalar) sahibidir. veya logolar, renk kombinasyonlar\u0131, yap\u0131 ve tasar\u0131m, kullan\u0131lan malzemelerin se\u00e7imi, \u00e7al\u0131\u015fmas\u0131 i\u00e7in gerekli bilgisayar programlar\u0131, eri\u015fim ve kullan\u0131m vb.) aksi belirtilmedik\u00e7e.<\/span><\/p>\n<p><span>Her hakk\u0131 sakl\u0131d\u0131r. Fikri M\u00fclkiyet Kanunu&#8217;nun 8. ve 32.1. maddelerinin ikinci f\u0131kras\u0131 h\u00fck\u00fcmleri gere\u011fince, bu sitede yer alan i\u00e7eriklerin tamam\u0131n\u0131n veya bir k\u0131sm\u0131n\u0131n ticari ama\u00e7larla \u00e7o\u011falt\u0131lmas\u0131, da\u011f\u0131t\u0131lmas\u0131 ve sunulma y\u00f6ntemi de dahil olmak \u00fczere kamuya iletilmesi, IQV&#8217;nin izni olmadan, herhangi bir ortamda ve herhangi bir teknik yolla. KULLANICI, IQV&#8217;nin sahip oldu\u011fu Fikri ve S\u0131nai M\u00fclkiyet haklar\u0131na sayg\u0131 g\u00f6stermeyi taahh\u00fct eder. Portal\u0131n unsurlar\u0131n\u0131 g\u00f6r\u00fcnt\u00fcleyebilir ve hatta bunlar\u0131 yaln\u0131zca ve \u00f6zel olarak ki\u015fisel ve \u00f6zel kullan\u0131m\u0131n\u0131z i\u00e7in yazd\u0131rabilir, kopyalayabilir ve bilgisayar\u0131n\u0131z\u0131n sabit diskinde veya ba\u015fka herhangi bir fiziksel ortamda saklayabilirsiniz. KULLANICI, IQV sayfalar\u0131na y\u00fcklenmi\u015f olan herhangi bir koruma cihaz\u0131n\u0131 veya g\u00fcvenlik sistemini silmekten, de\u011fi\u015ftirmekten, ka\u00e7\u0131nmaktan veya manip\u00fcle etmekten ka\u00e7\u0131nmal\u0131d\u0131r.<\/span><\/p>\n<h3><span>5.- GARANT\u0130 VE SORUMLULUK HAR\u0130\u00c7 TUTULMASI<\/span><\/h3>\n<p><span>IQV hi\u00e7bir durumda a\u015fa\u011f\u0131daki \u00f6rneklerden kaynaklanabilecek herhangi bir zarardan sorumlu de\u011fildir: i\u00e7erikteki hatalar veya eksiklikler, portal\u0131n kullan\u0131labilir olmamas\u0131 veya i\u00e7eriklerde vir\u00fcs veya k\u00f6t\u00fc niyetli veya zararl\u0131 programlar\u0131n bula\u015fmas\u0131 Bunu \u00f6nlemek i\u00e7in gerekli t\u00fcm teknolojik \u00f6nlemleri alm\u0131\u015f olmam\u0131za ra\u011fmen.<\/span><\/p>\n<h3><span>\u00a06.- DE\u011e\u0130\u015e\u0130KL\u0130KLER<\/span><\/h3>\n<p><span>IQV, \u00f6nceden bildirimde bulunmaks\u0131z\u0131n portal\u0131nda uygun g\u00f6rece\u011fi her t\u00fcrl\u00fc de\u011fi\u015fikli\u011fi yapma hakk\u0131n\u0131 sakl\u0131 tutar ve kendisi arac\u0131l\u0131\u011f\u0131yla sa\u011flanan i\u00e7erik ve hizmetleri ve bunlar\u0131n web sitenizde sunulma veya yerle\u015ftirilme \u015feklini de\u011fi\u015ftirebilir, silebilir veya ekleyebilir. portal.<\/span><\/p>\n<h3><span>\u00a07.- BA\u011eLANTILAR<\/span><\/h3>\n<p><span>www.iqvagro.com&#8217;un di\u011fer \u0130nternet sitelerine ba\u011flant\u0131lar veya k\u00f6pr\u00fcler i\u00e7ermesi durumunda, IQV s\u00f6z konusu siteler ve i\u00e7erik \u00fczerinde herhangi bir kontrol uygulamayacakt\u0131r. IQV hi\u00e7bir durumda bir \u00fc\u00e7\u00fcnc\u00fc taraf web sitesine ait herhangi bir ba\u011flant\u0131n\u0131n i\u00e7eri\u011fine ili\u015fkin herhangi bir sorumluluk kabul etmeyecek ve burada yer alan herhangi bir materyal veya bilginin teknik kullan\u0131labilirli\u011fini, kalitesini, g\u00fcvenilirli\u011fini, do\u011frulu\u011funu, kapsam\u0131n\u0131, do\u011frulu\u011funu, ge\u00e7erlili\u011fini ve anayasaya uygunlu\u011funu garanti etmeyecektir. s\u00f6z konusu web sitelerinden veya di\u011fer \u0130nternet sitelerinden herhangi biri.<\/span><\/p>\n<p><span>Benzer \u015fekilde, bu d\u0131\u015f ba\u011flant\u0131lar\u0131n dahil edilmesi, ba\u011fl\u0131 kurulu\u015flarla herhangi bir t\u00fcr ortakl\u0131k, birle\u015fme veya kat\u0131l\u0131m anlam\u0131na gelmez.<\/span><\/p>\n<h3><span>8.- GENELL\u0130KLER<\/span><\/h3>\n<p><span>IQV, kanunen ge\u00e7erli olabilecek t\u00fcm hukuki ve cezai i\u015flemleri ger\u00e7ekle\u015ftirerek, bu ko\u015fullara uyulmamas\u0131n\u0131 ve portal\u0131n\u0131n uygunsuz kullan\u0131m\u0131n\u0131 takip edecektir.<\/span><\/p>\n<h3><span>\u00a09.- BU KO\u015eULLARIN VE S\u00dcRES\u0130N\u0130N DE\u011e\u0130\u015eT\u0130R\u0130LMES\u0130<\/span><\/h3>\n<p><span>IQV, burada belirtilen ko\u015fullar\u0131, burada g\u00f6r\u00fcnd\u00fckleri \u015fekliyle usul\u00fcne uygun olarak yay\u0131nlayarak, herhangi bir zamanda de\u011fi\u015ftirebilir.<\/span><\/p>\n<p><span>Yukar\u0131da belirtilen ko\u015fullar\u0131n ge\u00e7erlili\u011fi, bunlar\u0131n varl\u0131\u011f\u0131na ba\u011fl\u0131 olacakt\u0131r ve ba\u015fkalar\u0131 taraf\u0131ndan de\u011fi\u015ftirilinceye kadar usul\u00fcne uygun olarak yay\u0131nlanacakt\u0131r.<\/span><\/p>\n<h3><span>10.- GE\u00c7ERL\u0130 MEVZUAT VE YARGI YETK\u0130LER\u0130<\/span><\/h3>\n<p><span>IQV ile KULLANICI aras\u0131ndaki ili\u015fki mevcut \u0130spanyol y\u00f6netmeliklerine g\u00f6re y\u00f6netilecek ve herhangi bir ihtilaf Barselona \u015fehrinin Mahkemelerine sunulacakt\u0131r.<\/span><\/p>\n","protected":false},"excerpt":{"rendered":"<p>Yasal uyar\u0131 1.- VER\u0130LER\u0130N TANIMLANMASI Web alan ad\u0131n\u0131n sahibi olan \u015firket Industrias Qu\u00edmicas del Vall\u00e9s SA&#8217;d\u0131r (bundan b\u00f6yle IQV olarak an\u0131lacakt\u0131r), adresi Avda&#8217;d\u0131r. Rafael Casanova, 81 &#8211; Mollet del Vall\u00e9s Vall\u00e8s, Barselona CIF numaras\u0131: A08035149, Barselona Ticaret Sicili&#8217;nde kay\u0131tl\u0131d\u0131r, Cilt. 44942, Folyo 206, Sayfa No. 62788. \u0130leti\u015fim e-postas\u0131: iqv@iqvagro.com 2.- KULLANICILAR Bu IQV portal\u0131na eri\u015fim [&hellip;]<\/p>\n","protected":false},"author":4,"featured_media":0,"parent":0,"menu_order":0,"comment_status":"closed","ping_status":"closed","template":"","meta":{"_acf_changed":false,"footnotes":""},"class_list":["post-18758","page","type-page","status-publish","hentry"],"acf":[],"yoast_head":"<!-- This site is optimized with the Yoast SEO plugin v27.1.1 - https:\/\/yoast.com\/product\/yoast-seo-wordpress\/ -->\n<title>Yasal uyar\u0131 - IQV Matholding Group<\/title>\n<meta name=\"robots\" content=\"noindex, follow\" \/>\n<meta property=\"og:locale\" content=\"tr_TR\" \/>\n<meta property=\"og:type\" content=\"article\" \/>\n<meta property=\"og:title\" content=\"Yasal uyar\u0131 - IQV Matholding Group\" \/>\n<meta property=\"og:description\" content=\"Yasal uyar\u0131 1.- VER\u0130LER\u0130N TANIMLANMASI Web alan ad\u0131n\u0131n sahibi olan \u015firket Industrias Qu\u00edmicas del Vall\u00e9s SA&#8217;d\u0131r (bundan b\u00f6yle IQV olarak an\u0131lacakt\u0131r), adresi Avda&#8217;d\u0131r. Rafael Casanova, 81 &#8211; Mollet del Vall\u00e9s Vall\u00e8s, Barselona CIF numaras\u0131: A08035149, Barselona Ticaret Sicili&#8217;nde kay\u0131tl\u0131d\u0131r, Cilt. 44942, Folyo 206, Sayfa No. 62788. \u0130leti\u015fim e-postas\u0131: iqv@iqvagro.com 2.- KULLANICILAR Bu IQV portal\u0131na eri\u015fim [&hellip;]\" \/>\n<meta property=\"og:url\" content=\"https:\/\/iqvagro.com\/tr-tr\/yasal-uyari\/\" \/>\n<meta property=\"og:site_name\" content=\"IQV Matholding Group\" \/>\n<meta property=\"article:publisher\" content=\"https:\/\/www.facebook.com\/iqv.cropscience\" \/>\n<meta property=\"article:modified_time\" content=\"2024-07-25T08:46:56+00:00\" \/>\n<meta name=\"twitter:card\" content=\"summary_large_image\" \/>\n<meta name=\"twitter:label1\" content=\"Est. reading time\" \/>\n\t<meta name=\"twitter:data1\" content=\"4 minutes\" \/>\n<script type=\"application\/ld+json\" class=\"yoast-schema-graph\">{\"@context\":\"https:\/\/schema.org\",\"@graph\":[{\"@type\":\"WebPage\",\"@id\":\"https:\/\/iqvagro.com\/tr-tr\/yasal-uyari\/\",\"url\":\"https:\/\/iqvagro.com\/tr-tr\/yasal-uyari\/\",\"name\":\"Yasal uyar\u0131 - IQV Matholding Group\",\"isPartOf\":{\"@id\":\"https:\/\/iqvagro.com\/#website\"},\"datePublished\":\"2017-11-17T09:12:06+00:00\",\"dateModified\":\"2024-07-25T08:46:56+00:00\",\"breadcrumb\":{\"@id\":\"https:\/\/iqvagro.com\/tr-tr\/yasal-uyari\/#breadcrumb\"},\"inLanguage\":\"tr-TR-TR\",\"potentialAction\":[{\"@type\":\"ReadAction\",\"target\":[\"https:\/\/iqvagro.com\/tr-tr\/yasal-uyari\/\"]}]},{\"@type\":\"BreadcrumbList\",\"@id\":\"https:\/\/iqvagro.com\/tr-tr\/yasal-uyari\/#breadcrumb\",\"itemListElement\":[{\"@type\":\"ListItem\",\"position\":1,\"name\":\"Portada\",\"item\":\"https:\/\/iqvagro.com\/tr-tr\/\"},{\"@type\":\"ListItem\",\"position\":2,\"name\":\"Yasal uyar\u0131\"}]},{\"@type\":\"WebSite\",\"@id\":\"https:\/\/iqvagro.com\/#website\",\"url\":\"https:\/\/iqvagro.com\/\",\"name\":\"IQV Matholding Group\",\"description\":\"Taking Care of Crops\",\"publisher\":{\"@id\":\"https:\/\/iqvagro.com\/#organization\"},\"potentialAction\":[{\"@type\":\"SearchAction\",\"target\":{\"@type\":\"EntryPoint\",\"urlTemplate\":\"https:\/\/iqvagro.com\/?s={search_term_string}\"},\"query-input\":{\"@type\":\"PropertyValueSpecification\",\"valueRequired\":true,\"valueName\":\"search_term_string\"}}],\"inLanguage\":\"tr-TR-TR\"},{\"@type\":\"Organization\",\"@id\":\"https:\/\/iqvagro.com\/#organization\",\"name\":\"IQV Matholding Group\",\"url\":\"https:\/\/iqvagro.com\/\",\"logo\":{\"@type\":\"ImageObject\",\"inLanguage\":\"tr-TR-TR\",\"@id\":\"https:\/\/iqvagro.com\/#\/schema\/logo\/image\/\",\"url\":\"https:\/\/iqvagro.com\/wp-content\/uploads\/2025\/05\/logo_IQV_new_2025.svg\",\"contentUrl\":\"https:\/\/iqvagro.com\/wp-content\/uploads\/2025\/05\/logo_IQV_new_2025.svg\",\"caption\":\"IQV Matholding Group\"},\"image\":{\"@id\":\"https:\/\/iqvagro.com\/#\/schema\/logo\/image\/\"},\"sameAs\":[\"https:\/\/www.facebook.com\/iqv.cropscience\",\"https:\/\/www.instagram.com\/iqv.cropscience\/\"]}]}<\/script>\n<!-- \/ Yoast SEO plugin. -->","yoast_head_json":{"title":"Yasal uyar\u0131 - IQV Matholding Group","robots":{"index":"noindex","follow":"follow"},"og_locale":"tr_TR","og_type":"article","og_title":"Yasal uyar\u0131 - IQV Matholding Group","og_description":"Yasal uyar\u0131 1.- VER\u0130LER\u0130N TANIMLANMASI Web alan ad\u0131n\u0131n sahibi olan \u015firket Industrias Qu\u00edmicas del Vall\u00e9s SA&#8217;d\u0131r (bundan b\u00f6yle IQV olarak an\u0131lacakt\u0131r), adresi Avda&#8217;d\u0131r. Rafael Casanova, 81 &#8211; Mollet del Vall\u00e9s Vall\u00e8s, Barselona CIF numaras\u0131: A08035149, Barselona Ticaret Sicili&#8217;nde kay\u0131tl\u0131d\u0131r, Cilt. 44942, Folyo 206, Sayfa No. 62788. \u0130leti\u015fim e-postas\u0131: iqv@iqvagro.com 2.- KULLANICILAR Bu IQV portal\u0131na eri\u015fim [&hellip;]","og_url":"https:\/\/iqvagro.com\/tr-tr\/yasal-uyari\/","og_site_name":"IQV Matholding Group","article_publisher":"https:\/\/www.facebook.com\/iqv.cropscience","article_modified_time":"2024-07-25T08:46:56+00:00","twitter_card":"summary_large_image","twitter_misc":{"Est. reading time":"4 minutes"},"schema":{"@context":"https:\/\/schema.org","@graph":[{"@type":"WebPage","@id":"https:\/\/iqvagro.com\/tr-tr\/yasal-uyari\/","url":"https:\/\/iqvagro.com\/tr-tr\/yasal-uyari\/","name":"Yasal uyar\u0131 - IQV Matholding Group","isPartOf":{"@id":"https:\/\/iqvagro.com\/#website"},"datePublished":"2017-11-17T09:12:06+00:00","dateModified":"2024-07-25T08:46:56+00:00","breadcrumb":{"@id":"https:\/\/iqvagro.com\/tr-tr\/yasal-uyari\/#breadcrumb"},"inLanguage":"tr-TR-TR","potentialAction":[{"@type":"ReadAction","target":["https:\/\/iqvagro.com\/tr-tr\/yasal-uyari\/"]}]},{"@type":"BreadcrumbList","@id":"https:\/\/iqvagro.com\/tr-tr\/yasal-uyari\/#breadcrumb","itemListElement":[{"@type":"ListItem","position":1,"name":"Portada","item":"https:\/\/iqvagro.com\/tr-tr\/"},{"@type":"ListItem","position":2,"name":"Yasal uyar\u0131"}]},{"@type":"WebSite","@id":"https:\/\/iqvagro.com\/#website","url":"https:\/\/iqvagro.com\/","name":"IQV Matholding Group","description":"Taking Care of Crops","publisher":{"@id":"https:\/\/iqvagro.com\/#organization"},"potentialAction":[{"@type":"SearchAction","target":{"@type":"EntryPoint","urlTemplate":"https:\/\/iqvagro.com\/?s={search_term_string}"},"query-input":{"@type":"PropertyValueSpecification","valueRequired":true,"valueName":"search_term_string"}}],"inLanguage":"tr-TR-TR"},{"@type":"Organization","@id":"https:\/\/iqvagro.com\/#organization","name":"IQV Matholding Group","url":"https:\/\/iqvagro.com\/","logo":{"@type":"ImageObject","inLanguage":"tr-TR-TR","@id":"https:\/\/iqvagro.com\/#\/schema\/logo\/image\/","url":"https:\/\/iqvagro.com\/wp-content\/uploads\/2025\/05\/logo_IQV_new_2025.svg","contentUrl":"https:\/\/iqvagro.com\/wp-content\/uploads\/2025\/05\/logo_IQV_new_2025.svg","caption":"IQV Matholding Group"},"image":{"@id":"https:\/\/iqvagro.com\/#\/schema\/logo\/image\/"},"sameAs":["https:\/\/www.facebook.com\/iqv.cropscience","https:\/\/www.instagram.com\/iqv.cropscience\/"]}]}},"_links":{"self":[{"href":"https:\/\/iqvagro.com\/tr-tr\/wp-json\/wp\/v2\/pages\/18758","targetHints":{"allow":["GET"]}}],"collection":[{"href":"https:\/\/iqvagro.com\/tr-tr\/wp-json\/wp\/v2\/pages"}],"about":[{"href":"https:\/\/iqvagro.com\/tr-tr\/wp-json\/wp\/v2\/types\/page"}],"author":[{"embeddable":true,"href":"https:\/\/iqvagro.com\/tr-tr\/wp-json\/wp\/v2\/users\/4"}],"replies":[{"embeddable":true,"href":"https:\/\/iqvagro.com\/tr-tr\/wp-json\/wp\/v2\/comments?post=18758"}],"version-history":[{"count":0,"href":"https:\/\/iqvagro.com\/tr-tr\/wp-json\/wp\/v2\/pages\/18758\/revisions"}],"wp:attachment":[{"href":"https:\/\/iqvagro.com\/tr-tr\/wp-json\/wp\/v2\/media?parent=18758"}],"curies":[{"name":"wp","href":"https:\/\/api.w.org\/{rel}","templated":true}]}}