{"id":20146,"date":"2025-02-19T15:54:59","date_gmt":"2025-02-19T14:54:59","guid":{"rendered":"https:\/\/iqvagro.com\/?post_type=product&#038;p=20146"},"modified":"2026-01-23T12:30:58","modified_gmt":"2026-01-23T11:30:58","slug":"fluroxival","status":"publish","type":"product","link":"https:\/\/iqvagro.com\/pt-pt\/product\/fluroxival\/","title":{"rendered":"Fluroxival"},"content":{"rendered":"<p>Herbicida para o controlo de infestantes dicotiled\u00f3neas em cereais, gram\u00edneas forrageiras, prado de gram\u00edneas, pomares de macieiras, oliveira e citrinos.<\/p>\n","protected":false},"excerpt":{"rendered":"<p>Herbicida para o controlo de infestantes dicotiled\u00f3neas em cereais, gram\u00edneas forrageiras, prado de gram\u00edneas, pomares de macieiras, oliveira e citrinos.<\/p>\n","protected":false},"featured_media":21330,"template":"","meta":{"_acf_changed":false},"product_brand":[],"product_cat":[624],"product_tag":[592],"class_list":{"0":"post-20146","1":"product","2":"type-product","3":"status-publish","4":"has-post-thumbnail","6":"product_cat-herbicidas","7":"product_tag-portugal-pt-pt","8":"pa_marca-fluroxival","9":"pa_materia-activa-fluroxipir","10":"bg-cat-id-624","12":"first","13":"instock","14":"virtual","15":"product-type-simple"},"acf":[],"yoast_head":"<!-- This site is optimized with the Yoast SEO plugin v27.1.1 - https:\/\/yoast.com\/product\/yoast-seo-wordpress\/ -->\n<title>Fluroxival - IQV Matholding Group<\/title>\n<meta name=\"robots\" content=\"index, follow, max-snippet:-1, max-image-preview:large, max-video-preview:-1\" \/>\n<link rel=\"canonical\" href=\"https:\/\/iqvagro.com\/pt-pt\/product\/fluroxival\/\" \/>\n<meta property=\"og:locale\" content=\"pt_PT\" \/>\n<meta property=\"og:type\" content=\"article\" \/>\n<meta property=\"og:title\" content=\"Fluroxival - IQV Matholding Group\" \/>\n<meta property=\"og:description\" content=\"Herbicida para o controlo de infestantes dicotiled\u00f3neas em cereais, gram\u00edneas forrageiras, prado de gram\u00edneas, pomares de macieiras, oliveira e citrinos.\" \/>\n<meta property=\"og:url\" content=\"https:\/\/iqvagro.com\/pt-pt\/product\/fluroxival\/\" \/>\n<meta property=\"og:site_name\" content=\"IQV Matholding Group\" \/>\n<meta property=\"article:publisher\" content=\"https:\/\/www.facebook.com\/iqv.cropscience\" \/>\n<meta property=\"article:modified_time\" content=\"2026-01-23T11:30:58+00:00\" \/>\n<meta property=\"og:image\" content=\"https:\/\/iqvagro.com\/wp-content\/uploads\/2025\/02\/FLUROXIVAL.png\" \/>\n\t<meta property=\"og:image:width\" content=\"878\" \/>\n\t<meta property=\"og:image:height\" content=\"955\" \/>\n\t<meta property=\"og:image:type\" content=\"image\/png\" \/>\n<meta name=\"twitter:card\" content=\"summary_large_image\" \/>\n<meta name=\"twitter:label1\" content=\"Tempo estimado de leitura\" \/>\n\t<meta name=\"twitter:data1\" content=\"1 minuto\" \/>\n<script type=\"application\/ld+json\" class=\"yoast-schema-graph\">{\"@context\":\"https:\/\/schema.org\",\"@graph\":[{\"@type\":\"WebPage\",\"@id\":\"https:\/\/iqvagro.com\/pt-pt\/product\/fluroxival\/\",\"url\":\"https:\/\/iqvagro.com\/pt-pt\/product\/fluroxival\/\",\"name\":\"Fluroxival - IQV Matholding Group\",\"isPartOf\":{\"@id\":\"https:\/\/iqvagro.com\/#website\"},\"primaryImageOfPage\":{\"@id\":\"https:\/\/iqvagro.com\/pt-pt\/product\/fluroxival\/#primaryimage\"},\"image\":{\"@id\":\"https:\/\/iqvagro.com\/pt-pt\/product\/fluroxival\/#primaryimage\"},\"thumbnailUrl\":\"https:\/\/iqvagro.com\/wp-content\/uploads\/2025\/02\/FLUROXIVAL.png\",\"datePublished\":\"2025-02-19T14:54:59+00:00\",\"dateModified\":\"2026-01-23T11:30:58+00:00\",\"breadcrumb\":{\"@id\":\"https:\/\/iqvagro.com\/pt-pt\/product\/fluroxival\/#breadcrumb\"},\"inLanguage\":\"pt-PT\",\"potentialAction\":[{\"@type\":\"ReadAction\",\"target\":[\"https:\/\/iqvagro.com\/pt-pt\/product\/fluroxival\/\"]}]},{\"@type\":\"ImageObject\",\"inLanguage\":\"pt-PT\",\"@id\":\"https:\/\/iqvagro.com\/pt-pt\/product\/fluroxival\/#primaryimage\",\"url\":\"https:\/\/iqvagro.com\/wp-content\/uploads\/2025\/02\/FLUROXIVAL.png\",\"contentUrl\":\"https:\/\/iqvagro.com\/wp-content\/uploads\/2025\/02\/FLUROXIVAL.png\",\"width\":878,\"height\":955},{\"@type\":\"BreadcrumbList\",\"@id\":\"https:\/\/iqvagro.com\/pt-pt\/product\/fluroxival\/#breadcrumb\",\"itemListElement\":[{\"@type\":\"ListItem\",\"position\":1,\"name\":\"Portada\",\"item\":\"https:\/\/iqvagro.com\/pt-pt\/\"},{\"@type\":\"ListItem\",\"position\":2,\"name\":\"Produtos\",\"item\":\"https:\/\/iqvagro.com\/produtos\/\"},{\"@type\":\"ListItem\",\"position\":3,\"name\":\"Fluroxival\"}]},{\"@type\":\"WebSite\",\"@id\":\"https:\/\/iqvagro.com\/#website\",\"url\":\"https:\/\/iqvagro.com\/\",\"name\":\"IQV Matholding Group\",\"description\":\"Taking Care of Crops\",\"publisher\":{\"@id\":\"https:\/\/iqvagro.com\/#organization\"},\"potentialAction\":[{\"@type\":\"SearchAction\",\"target\":{\"@type\":\"EntryPoint\",\"urlTemplate\":\"https:\/\/iqvagro.com\/?s={search_term_string}\"},\"query-input\":{\"@type\":\"PropertyValueSpecification\",\"valueRequired\":true,\"valueName\":\"search_term_string\"}}],\"inLanguage\":\"pt-PT\"},{\"@type\":\"Organization\",\"@id\":\"https:\/\/iqvagro.com\/#organization\",\"name\":\"IQV Matholding Group\",\"url\":\"https:\/\/iqvagro.com\/\",\"logo\":{\"@type\":\"ImageObject\",\"inLanguage\":\"pt-PT\",\"@id\":\"https:\/\/iqvagro.com\/#\/schema\/logo\/image\/\",\"url\":\"https:\/\/iqvagro.com\/wp-content\/uploads\/2025\/05\/logo_IQV_new_2025.svg\",\"contentUrl\":\"https:\/\/iqvagro.com\/wp-content\/uploads\/2025\/05\/logo_IQV_new_2025.svg\",\"caption\":\"IQV Matholding Group\"},\"image\":{\"@id\":\"https:\/\/iqvagro.com\/#\/schema\/logo\/image\/\"},\"sameAs\":[\"https:\/\/www.facebook.com\/iqv.cropscience\",\"https:\/\/www.instagram.com\/iqv.cropscience\/\"]}]}<\/script>\n<!-- \/ Yoast SEO plugin. -->","yoast_head_json":{"title":"Fluroxival - IQV Matholding Group","robots":{"index":"index","follow":"follow","max-snippet":"max-snippet:-1","max-image-preview":"max-image-preview:large","max-video-preview":"max-video-preview:-1"},"canonical":"https:\/\/iqvagro.com\/pt-pt\/product\/fluroxival\/","og_locale":"pt_PT","og_type":"article","og_title":"Fluroxival - IQV Matholding Group","og_description":"Herbicida para o controlo de infestantes dicotiled\u00f3neas em cereais, gram\u00edneas forrageiras, prado de gram\u00edneas, pomares de macieiras, oliveira e citrinos.","og_url":"https:\/\/iqvagro.com\/pt-pt\/product\/fluroxival\/","og_site_name":"IQV Matholding Group","article_publisher":"https:\/\/www.facebook.com\/iqv.cropscience","article_modified_time":"2026-01-23T11:30:58+00:00","og_image":[{"width":878,"height":955,"url":"https:\/\/iqvagro.com\/wp-content\/uploads\/2025\/02\/FLUROXIVAL.png","type":"image\/png"}],"twitter_card":"summary_large_image","twitter_misc":{"Tempo estimado de leitura":"1 minuto"},"schema":{"@context":"https:\/\/schema.org","@graph":[{"@type":"WebPage","@id":"https:\/\/iqvagro.com\/pt-pt\/product\/fluroxival\/","url":"https:\/\/iqvagro.com\/pt-pt\/product\/fluroxival\/","name":"Fluroxival - IQV Matholding Group","isPartOf":{"@id":"https:\/\/iqvagro.com\/#website"},"primaryImageOfPage":{"@id":"https:\/\/iqvagro.com\/pt-pt\/product\/fluroxival\/#primaryimage"},"image":{"@id":"https:\/\/iqvagro.com\/pt-pt\/product\/fluroxival\/#primaryimage"},"thumbnailUrl":"https:\/\/iqvagro.com\/wp-content\/uploads\/2025\/02\/FLUROXIVAL.png","datePublished":"2025-02-19T14:54:59+00:00","dateModified":"2026-01-23T11:30:58+00:00","breadcrumb":{"@id":"https:\/\/iqvagro.com\/pt-pt\/product\/fluroxival\/#breadcrumb"},"inLanguage":"pt-PT","potentialAction":[{"@type":"ReadAction","target":["https:\/\/iqvagro.com\/pt-pt\/product\/fluroxival\/"]}]},{"@type":"ImageObject","inLanguage":"pt-PT","@id":"https:\/\/iqvagro.com\/pt-pt\/product\/fluroxival\/#primaryimage","url":"https:\/\/iqvagro.com\/wp-content\/uploads\/2025\/02\/FLUROXIVAL.png","contentUrl":"https:\/\/iqvagro.com\/wp-content\/uploads\/2025\/02\/FLUROXIVAL.png","width":878,"height":955},{"@type":"BreadcrumbList","@id":"https:\/\/iqvagro.com\/pt-pt\/product\/fluroxival\/#breadcrumb","itemListElement":[{"@type":"ListItem","position":1,"name":"Portada","item":"https:\/\/iqvagro.com\/pt-pt\/"},{"@type":"ListItem","position":2,"name":"Produtos","item":"https:\/\/iqvagro.com\/produtos\/"},{"@type":"ListItem","position":3,"name":"Fluroxival"}]},{"@type":"WebSite","@id":"https:\/\/iqvagro.com\/#website","url":"https:\/\/iqvagro.com\/","name":"IQV Matholding Group","description":"Taking Care of Crops","publisher":{"@id":"https:\/\/iqvagro.com\/#organization"},"potentialAction":[{"@type":"SearchAction","target":{"@type":"EntryPoint","urlTemplate":"https:\/\/iqvagro.com\/?s={search_term_string}"},"query-input":{"@type":"PropertyValueSpecification","valueRequired":true,"valueName":"search_term_string"}}],"inLanguage":"pt-PT"},{"@type":"Organization","@id":"https:\/\/iqvagro.com\/#organization","name":"IQV Matholding Group","url":"https:\/\/iqvagro.com\/","logo":{"@type":"ImageObject","inLanguage":"pt-PT","@id":"https:\/\/iqvagro.com\/#\/schema\/logo\/image\/","url":"https:\/\/iqvagro.com\/wp-content\/uploads\/2025\/05\/logo_IQV_new_2025.svg","contentUrl":"https:\/\/iqvagro.com\/wp-content\/uploads\/2025\/05\/logo_IQV_new_2025.svg","caption":"IQV Matholding Group"},"image":{"@id":"https:\/\/iqvagro.com\/#\/schema\/logo\/image\/"},"sameAs":["https:\/\/www.facebook.com\/iqv.cropscience","https:\/\/www.instagram.com\/iqv.cropscience\/"]}]}},"_links":{"self":[{"href":"https:\/\/iqvagro.com\/pt-pt\/wp-json\/wp\/v2\/product\/20146","targetHints":{"allow":["GET"]}}],"collection":[{"href":"https:\/\/iqvagro.com\/pt-pt\/wp-json\/wp\/v2\/product"}],"about":[{"href":"https:\/\/iqvagro.com\/pt-pt\/wp-json\/wp\/v2\/types\/product"}],"wp:featuredmedia":[{"embeddable":true,"href":"https:\/\/iqvagro.com\/pt-pt\/wp-json\/wp\/v2\/media\/21330"}],"wp:attachment":[{"href":"https:\/\/iqvagro.com\/pt-pt\/wp-json\/wp\/v2\/media?parent=20146"}],"wp:term":[{"taxonomy":"product_brand","embeddable":true,"href":"https:\/\/iqvagro.com\/pt-pt\/wp-json\/wp\/v2\/product_brand?post=20146"},{"taxonomy":"product_cat","embeddable":true,"href":"https:\/\/iqvagro.com\/pt-pt\/wp-json\/wp\/v2\/product_cat?post=20146"},{"taxonomy":"product_tag","embeddable":true,"href":"https:\/\/iqvagro.com\/pt-pt\/wp-json\/wp\/v2\/product_tag?post=20146"}],"curies":[{"name":"wp","href":"https:\/\/api.w.org\/{rel}","templated":true}]}}