{"id":16945,"date":"2023-07-20T11:07:29","date_gmt":"2023-07-20T09:07:29","guid":{"rendered":"https:\/\/iqvagro.com\/?post_type=product&#038;p=16945"},"modified":"2026-01-23T12:29:26","modified_gmt":"2026-01-23T11:29:26","slug":"ikaruga","status":"publish","type":"product","link":"https:\/\/iqvagro.com\/pt-pt\/product\/ikaruga\/","title":{"rendered":"Ikaruga"},"content":{"rendered":"<p>\u00c9um regulador de crescimento das plantas \u00e0 base de compostos nitrofen\u00f3licos, desenvolvido para ser aplicado como estimulante dos processos naturais relativos ao metabolismo das plantas.<\/p>\n","protected":false},"excerpt":{"rendered":"<p>\u00c9um regulador de crescimento das plantas \u00e0 base de compostos nitrofen\u00f3licos, desenvolvido para ser aplicado como estimulante dos processos naturais relativos ao metabolismo das plantas.<\/p>\n","protected":false},"featured_media":21304,"template":"","meta":{"_acf_changed":false},"product_brand":[],"product_cat":[1495],"product_tag":[592],"class_list":{"0":"post-16945","1":"product","2":"type-product","3":"status-publish","4":"has-post-thumbnail","6":"product_cat-regulador-de-crescimento","7":"product_tag-portugal-pt-pt","8":"pa_marca-ikaruga","9":"pa_materia-activa-nitrofenolato-de-sodio","10":"pa_materia-activa-nitroguaiacolato-de-sodio","11":"bg-cat-id-1495","13":"first","14":"instock","15":"shipping-taxable","16":"product-type-simple"},"acf":[],"yoast_head":"<!-- This site is optimized with the Yoast SEO plugin v27.1.1 - https:\/\/yoast.com\/product\/yoast-seo-wordpress\/ -->\n<title>Ikaruga - IQV Matholding Group<\/title>\n<meta name=\"robots\" content=\"index, follow, max-snippet:-1, max-image-preview:large, max-video-preview:-1\" \/>\n<link rel=\"canonical\" href=\"https:\/\/iqvagro.com\/pt-pt\/product\/ikaruga\/\" \/>\n<meta property=\"og:locale\" content=\"pt_PT\" \/>\n<meta property=\"og:type\" content=\"article\" \/>\n<meta property=\"og:title\" content=\"Ikaruga - IQV Matholding Group\" \/>\n<meta property=\"og:description\" content=\"\u00c9um regulador de crescimento das plantas \u00e0 base de compostos nitrofen\u00f3licos, desenvolvido para ser aplicado como estimulante dos processos naturais relativos ao metabolismo das plantas.\" \/>\n<meta property=\"og:url\" content=\"https:\/\/iqvagro.com\/pt-pt\/product\/ikaruga\/\" \/>\n<meta property=\"og:site_name\" content=\"IQV Matholding Group\" \/>\n<meta property=\"article:publisher\" content=\"https:\/\/www.facebook.com\/iqv.cropscience\" \/>\n<meta property=\"article:modified_time\" content=\"2026-01-23T11:29:26+00:00\" \/>\n<meta property=\"og:image\" content=\"https:\/\/iqvagro.com\/wp-content\/uploads\/2023\/07\/IKARUGA-min.png\" \/>\n\t<meta property=\"og:image:width\" content=\"1200\" \/>\n\t<meta property=\"og:image:height\" content=\"1200\" \/>\n\t<meta property=\"og:image:type\" content=\"image\/png\" \/>\n<meta name=\"twitter:card\" content=\"summary_large_image\" \/>\n<meta name=\"twitter:label1\" content=\"Tempo estimado de leitura\" \/>\n\t<meta name=\"twitter:data1\" content=\"1 minuto\" \/>\n<script type=\"application\/ld+json\" class=\"yoast-schema-graph\">{\"@context\":\"https:\/\/schema.org\",\"@graph\":[{\"@type\":\"WebPage\",\"@id\":\"https:\/\/iqvagro.com\/pt-pt\/product\/ikaruga\/\",\"url\":\"https:\/\/iqvagro.com\/pt-pt\/product\/ikaruga\/\",\"name\":\"Ikaruga - IQV Matholding Group\",\"isPartOf\":{\"@id\":\"https:\/\/iqvagro.com\/#website\"},\"primaryImageOfPage\":{\"@id\":\"https:\/\/iqvagro.com\/pt-pt\/product\/ikaruga\/#primaryimage\"},\"image\":{\"@id\":\"https:\/\/iqvagro.com\/pt-pt\/product\/ikaruga\/#primaryimage\"},\"thumbnailUrl\":\"https:\/\/iqvagro.com\/wp-content\/uploads\/2023\/07\/IKARUGA-min.png\",\"datePublished\":\"2023-07-20T09:07:29+00:00\",\"dateModified\":\"2026-01-23T11:29:26+00:00\",\"breadcrumb\":{\"@id\":\"https:\/\/iqvagro.com\/pt-pt\/product\/ikaruga\/#breadcrumb\"},\"inLanguage\":\"pt-PT\",\"potentialAction\":[{\"@type\":\"ReadAction\",\"target\":[\"https:\/\/iqvagro.com\/pt-pt\/product\/ikaruga\/\"]}]},{\"@type\":\"ImageObject\",\"inLanguage\":\"pt-PT\",\"@id\":\"https:\/\/iqvagro.com\/pt-pt\/product\/ikaruga\/#primaryimage\",\"url\":\"https:\/\/iqvagro.com\/wp-content\/uploads\/2023\/07\/IKARUGA-min.png\",\"contentUrl\":\"https:\/\/iqvagro.com\/wp-content\/uploads\/2023\/07\/IKARUGA-min.png\",\"width\":1200,\"height\":1200},{\"@type\":\"BreadcrumbList\",\"@id\":\"https:\/\/iqvagro.com\/pt-pt\/product\/ikaruga\/#breadcrumb\",\"itemListElement\":[{\"@type\":\"ListItem\",\"position\":1,\"name\":\"Portada\",\"item\":\"https:\/\/iqvagro.com\/pt-pt\/\"},{\"@type\":\"ListItem\",\"position\":2,\"name\":\"Produtos\",\"item\":\"https:\/\/iqvagro.com\/produtos\/\"},{\"@type\":\"ListItem\",\"position\":3,\"name\":\"Ikaruga\"}]},{\"@type\":\"WebSite\",\"@id\":\"https:\/\/iqvagro.com\/#website\",\"url\":\"https:\/\/iqvagro.com\/\",\"name\":\"IQV Matholding Group\",\"description\":\"Taking Care of Crops\",\"publisher\":{\"@id\":\"https:\/\/iqvagro.com\/#organization\"},\"potentialAction\":[{\"@type\":\"SearchAction\",\"target\":{\"@type\":\"EntryPoint\",\"urlTemplate\":\"https:\/\/iqvagro.com\/?s={search_term_string}\"},\"query-input\":{\"@type\":\"PropertyValueSpecification\",\"valueRequired\":true,\"valueName\":\"search_term_string\"}}],\"inLanguage\":\"pt-PT\"},{\"@type\":\"Organization\",\"@id\":\"https:\/\/iqvagro.com\/#organization\",\"name\":\"IQV Matholding Group\",\"url\":\"https:\/\/iqvagro.com\/\",\"logo\":{\"@type\":\"ImageObject\",\"inLanguage\":\"pt-PT\",\"@id\":\"https:\/\/iqvagro.com\/#\/schema\/logo\/image\/\",\"url\":\"https:\/\/iqvagro.com\/wp-content\/uploads\/2025\/05\/logo_IQV_new_2025.svg\",\"contentUrl\":\"https:\/\/iqvagro.com\/wp-content\/uploads\/2025\/05\/logo_IQV_new_2025.svg\",\"caption\":\"IQV Matholding Group\"},\"image\":{\"@id\":\"https:\/\/iqvagro.com\/#\/schema\/logo\/image\/\"},\"sameAs\":[\"https:\/\/www.facebook.com\/iqv.cropscience\",\"https:\/\/www.instagram.com\/iqv.cropscience\/\"]}]}<\/script>\n<!-- \/ Yoast SEO plugin. -->","yoast_head_json":{"title":"Ikaruga - IQV Matholding Group","robots":{"index":"index","follow":"follow","max-snippet":"max-snippet:-1","max-image-preview":"max-image-preview:large","max-video-preview":"max-video-preview:-1"},"canonical":"https:\/\/iqvagro.com\/pt-pt\/product\/ikaruga\/","og_locale":"pt_PT","og_type":"article","og_title":"Ikaruga - IQV Matholding Group","og_description":"\u00c9um regulador de crescimento das plantas \u00e0 base de compostos nitrofen\u00f3licos, desenvolvido para ser aplicado como estimulante dos processos naturais relativos ao metabolismo das plantas.","og_url":"https:\/\/iqvagro.com\/pt-pt\/product\/ikaruga\/","og_site_name":"IQV Matholding Group","article_publisher":"https:\/\/www.facebook.com\/iqv.cropscience","article_modified_time":"2026-01-23T11:29:26+00:00","og_image":[{"width":1200,"height":1200,"url":"https:\/\/iqvagro.com\/wp-content\/uploads\/2023\/07\/IKARUGA-min.png","type":"image\/png"}],"twitter_card":"summary_large_image","twitter_misc":{"Tempo estimado de leitura":"1 minuto"},"schema":{"@context":"https:\/\/schema.org","@graph":[{"@type":"WebPage","@id":"https:\/\/iqvagro.com\/pt-pt\/product\/ikaruga\/","url":"https:\/\/iqvagro.com\/pt-pt\/product\/ikaruga\/","name":"Ikaruga - IQV Matholding Group","isPartOf":{"@id":"https:\/\/iqvagro.com\/#website"},"primaryImageOfPage":{"@id":"https:\/\/iqvagro.com\/pt-pt\/product\/ikaruga\/#primaryimage"},"image":{"@id":"https:\/\/iqvagro.com\/pt-pt\/product\/ikaruga\/#primaryimage"},"thumbnailUrl":"https:\/\/iqvagro.com\/wp-content\/uploads\/2023\/07\/IKARUGA-min.png","datePublished":"2023-07-20T09:07:29+00:00","dateModified":"2026-01-23T11:29:26+00:00","breadcrumb":{"@id":"https:\/\/iqvagro.com\/pt-pt\/product\/ikaruga\/#breadcrumb"},"inLanguage":"pt-PT","potentialAction":[{"@type":"ReadAction","target":["https:\/\/iqvagro.com\/pt-pt\/product\/ikaruga\/"]}]},{"@type":"ImageObject","inLanguage":"pt-PT","@id":"https:\/\/iqvagro.com\/pt-pt\/product\/ikaruga\/#primaryimage","url":"https:\/\/iqvagro.com\/wp-content\/uploads\/2023\/07\/IKARUGA-min.png","contentUrl":"https:\/\/iqvagro.com\/wp-content\/uploads\/2023\/07\/IKARUGA-min.png","width":1200,"height":1200},{"@type":"BreadcrumbList","@id":"https:\/\/iqvagro.com\/pt-pt\/product\/ikaruga\/#breadcrumb","itemListElement":[{"@type":"ListItem","position":1,"name":"Portada","item":"https:\/\/iqvagro.com\/pt-pt\/"},{"@type":"ListItem","position":2,"name":"Produtos","item":"https:\/\/iqvagro.com\/produtos\/"},{"@type":"ListItem","position":3,"name":"Ikaruga"}]},{"@type":"WebSite","@id":"https:\/\/iqvagro.com\/#website","url":"https:\/\/iqvagro.com\/","name":"IQV Matholding Group","description":"Taking Care of Crops","publisher":{"@id":"https:\/\/iqvagro.com\/#organization"},"potentialAction":[{"@type":"SearchAction","target":{"@type":"EntryPoint","urlTemplate":"https:\/\/iqvagro.com\/?s={search_term_string}"},"query-input":{"@type":"PropertyValueSpecification","valueRequired":true,"valueName":"search_term_string"}}],"inLanguage":"pt-PT"},{"@type":"Organization","@id":"https:\/\/iqvagro.com\/#organization","name":"IQV Matholding Group","url":"https:\/\/iqvagro.com\/","logo":{"@type":"ImageObject","inLanguage":"pt-PT","@id":"https:\/\/iqvagro.com\/#\/schema\/logo\/image\/","url":"https:\/\/iqvagro.com\/wp-content\/uploads\/2025\/05\/logo_IQV_new_2025.svg","contentUrl":"https:\/\/iqvagro.com\/wp-content\/uploads\/2025\/05\/logo_IQV_new_2025.svg","caption":"IQV Matholding Group"},"image":{"@id":"https:\/\/iqvagro.com\/#\/schema\/logo\/image\/"},"sameAs":["https:\/\/www.facebook.com\/iqv.cropscience","https:\/\/www.instagram.com\/iqv.cropscience\/"]}]}},"_links":{"self":[{"href":"https:\/\/iqvagro.com\/pt-pt\/wp-json\/wp\/v2\/product\/16945","targetHints":{"allow":["GET"]}}],"collection":[{"href":"https:\/\/iqvagro.com\/pt-pt\/wp-json\/wp\/v2\/product"}],"about":[{"href":"https:\/\/iqvagro.com\/pt-pt\/wp-json\/wp\/v2\/types\/product"}],"wp:featuredmedia":[{"embeddable":true,"href":"https:\/\/iqvagro.com\/pt-pt\/wp-json\/wp\/v2\/media\/21304"}],"wp:attachment":[{"href":"https:\/\/iqvagro.com\/pt-pt\/wp-json\/wp\/v2\/media?parent=16945"}],"wp:term":[{"taxonomy":"product_brand","embeddable":true,"href":"https:\/\/iqvagro.com\/pt-pt\/wp-json\/wp\/v2\/product_brand?post=16945"},{"taxonomy":"product_cat","embeddable":true,"href":"https:\/\/iqvagro.com\/pt-pt\/wp-json\/wp\/v2\/product_cat?post=16945"},{"taxonomy":"product_tag","embeddable":true,"href":"https:\/\/iqvagro.com\/pt-pt\/wp-json\/wp\/v2\/product_tag?post=16945"}],"curies":[{"name":"wp","href":"https:\/\/api.w.org\/{rel}","templated":true}]}}