{"id":16161,"date":"2023-03-23T10:39:28","date_gmt":"2023-03-23T09:39:28","guid":{"rendered":"https:\/\/iqvagro.com\/product\/dipel-df\/"},"modified":"2025-10-30T18:31:18","modified_gmt":"2025-10-30T17:31:18","slug":"dipel-df","status":"publish","type":"product","link":"https:\/\/iqvagro.com\/pt-pt\/product\/dipel-df\/","title":{"rendered":"Dipel DF"},"content":{"rendered":"<p>Inseticida biol\u00f3gico constitu\u00eddo por cristais de endotoxinas e esporos vi\u00e1veis de Bacillus thuringiensis, subesp\u00e9cie kurstaki, ser\u00f3tipo HD-1, 3a, 3b estirpe ABTS-351, espec\u00edfico para o controlo de estados larvares de algumas esp\u00e9cies de lepid\u00f3pteros.<\/p>\n","protected":false},"excerpt":{"rendered":"<p>Inseticida biol\u00f3gico constitu\u00eddo por cristais de endotoxinas e esporos vi\u00e1veis de Bacillus thuringiensis, subesp\u00e9cie kurstaki, ser\u00f3tipo HD-1, 3a, 3b estirpe ABTS-351, espec\u00edfico para o controlo de estados larvares de algumas esp\u00e9cies de lepid\u00f3pteros.<\/p>\n","protected":false},"featured_media":20678,"template":"","meta":{"_acf_changed":false},"product_brand":[],"product_cat":[623],"product_tag":[592],"class_list":{"0":"post-16161","1":"product","2":"type-product","3":"status-publish","4":"has-post-thumbnail","6":"product_cat-insecticidas","7":"product_tag-portugal-pt-pt","8":"pa_marca-dipel-df","9":"pa_materia-activa-bacillus-thuringiensis-subespecie-kurstaki","10":"bg-cat-id-623","12":"first","13":"instock","14":"shipping-taxable","15":"product-type-simple"},"acf":[],"yoast_head":"<!-- This site is optimized with the Yoast SEO plugin v27.1.1 - https:\/\/yoast.com\/product\/yoast-seo-wordpress\/ -->\n<title>Dipel DF - IQV Matholding Group<\/title>\n<meta name=\"robots\" content=\"index, follow, max-snippet:-1, max-image-preview:large, max-video-preview:-1\" \/>\n<link rel=\"canonical\" href=\"https:\/\/iqvagro.com\/pt-pt\/product\/dipel-df\/\" \/>\n<meta property=\"og:locale\" content=\"pt_PT\" \/>\n<meta property=\"og:type\" content=\"article\" \/>\n<meta property=\"og:title\" content=\"Dipel DF - IQV Matholding Group\" \/>\n<meta property=\"og:description\" content=\"Inseticida biol\u00f3gico constitu\u00eddo por cristais de endotoxinas e esporos vi\u00e1veis de Bacillus thuringiensis, subesp\u00e9cie kurstaki, ser\u00f3tipo HD-1, 3a, 3b estirpe ABTS-351, espec\u00edfico para o controlo de estados larvares de algumas esp\u00e9cies de lepid\u00f3pteros.\" \/>\n<meta property=\"og:url\" content=\"https:\/\/iqvagro.com\/pt-pt\/product\/dipel-df\/\" \/>\n<meta property=\"og:site_name\" content=\"IQV Matholding Group\" \/>\n<meta property=\"article:publisher\" content=\"https:\/\/www.facebook.com\/iqv.cropscience\" \/>\n<meta property=\"article:modified_time\" content=\"2025-10-30T17:31:18+00:00\" \/>\n<meta property=\"og:image\" content=\"https:\/\/iqvagro.com\/wp-content\/uploads\/2023\/03\/Dipel-DF-3D-PT.png\" \/>\n\t<meta property=\"og:image:width\" content=\"800\" \/>\n\t<meta property=\"og:image:height\" content=\"800\" \/>\n\t<meta property=\"og:image:type\" content=\"image\/png\" \/>\n<meta name=\"twitter:card\" content=\"summary_large_image\" \/>\n<meta name=\"twitter:label1\" content=\"Tempo estimado de leitura\" \/>\n\t<meta name=\"twitter:data1\" content=\"1 minuto\" \/>\n<script type=\"application\/ld+json\" class=\"yoast-schema-graph\">{\"@context\":\"https:\/\/schema.org\",\"@graph\":[{\"@type\":\"WebPage\",\"@id\":\"https:\/\/iqvagro.com\/pt-pt\/product\/dipel-df\/\",\"url\":\"https:\/\/iqvagro.com\/pt-pt\/product\/dipel-df\/\",\"name\":\"Dipel DF - IQV Matholding Group\",\"isPartOf\":{\"@id\":\"https:\/\/iqvagro.com\/#website\"},\"primaryImageOfPage\":{\"@id\":\"https:\/\/iqvagro.com\/pt-pt\/product\/dipel-df\/#primaryimage\"},\"image\":{\"@id\":\"https:\/\/iqvagro.com\/pt-pt\/product\/dipel-df\/#primaryimage\"},\"thumbnailUrl\":\"https:\/\/iqvagro.com\/wp-content\/uploads\/2023\/03\/Dipel-DF-3D-PT.png\",\"datePublished\":\"2023-03-23T09:39:28+00:00\",\"dateModified\":\"2025-10-30T17:31:18+00:00\",\"breadcrumb\":{\"@id\":\"https:\/\/iqvagro.com\/pt-pt\/product\/dipel-df\/#breadcrumb\"},\"inLanguage\":\"pt-PT\",\"potentialAction\":[{\"@type\":\"ReadAction\",\"target\":[\"https:\/\/iqvagro.com\/pt-pt\/product\/dipel-df\/\"]}]},{\"@type\":\"ImageObject\",\"inLanguage\":\"pt-PT\",\"@id\":\"https:\/\/iqvagro.com\/pt-pt\/product\/dipel-df\/#primaryimage\",\"url\":\"https:\/\/iqvagro.com\/wp-content\/uploads\/2023\/03\/Dipel-DF-3D-PT.png\",\"contentUrl\":\"https:\/\/iqvagro.com\/wp-content\/uploads\/2023\/03\/Dipel-DF-3D-PT.png\",\"width\":800,\"height\":800},{\"@type\":\"BreadcrumbList\",\"@id\":\"https:\/\/iqvagro.com\/pt-pt\/product\/dipel-df\/#breadcrumb\",\"itemListElement\":[{\"@type\":\"ListItem\",\"position\":1,\"name\":\"Portada\",\"item\":\"https:\/\/iqvagro.com\/pt-pt\/\"},{\"@type\":\"ListItem\",\"position\":2,\"name\":\"Produtos\",\"item\":\"https:\/\/iqvagro.com\/produtos\/\"},{\"@type\":\"ListItem\",\"position\":3,\"name\":\"Dipel DF\"}]},{\"@type\":\"WebSite\",\"@id\":\"https:\/\/iqvagro.com\/#website\",\"url\":\"https:\/\/iqvagro.com\/\",\"name\":\"IQV Matholding Group\",\"description\":\"Taking Care of Crops\",\"publisher\":{\"@id\":\"https:\/\/iqvagro.com\/#organization\"},\"potentialAction\":[{\"@type\":\"SearchAction\",\"target\":{\"@type\":\"EntryPoint\",\"urlTemplate\":\"https:\/\/iqvagro.com\/?s={search_term_string}\"},\"query-input\":{\"@type\":\"PropertyValueSpecification\",\"valueRequired\":true,\"valueName\":\"search_term_string\"}}],\"inLanguage\":\"pt-PT\"},{\"@type\":\"Organization\",\"@id\":\"https:\/\/iqvagro.com\/#organization\",\"name\":\"IQV Matholding Group\",\"url\":\"https:\/\/iqvagro.com\/\",\"logo\":{\"@type\":\"ImageObject\",\"inLanguage\":\"pt-PT\",\"@id\":\"https:\/\/iqvagro.com\/#\/schema\/logo\/image\/\",\"url\":\"https:\/\/iqvagro.com\/wp-content\/uploads\/2025\/05\/logo_IQV_new_2025.svg\",\"contentUrl\":\"https:\/\/iqvagro.com\/wp-content\/uploads\/2025\/05\/logo_IQV_new_2025.svg\",\"caption\":\"IQV Matholding Group\"},\"image\":{\"@id\":\"https:\/\/iqvagro.com\/#\/schema\/logo\/image\/\"},\"sameAs\":[\"https:\/\/www.facebook.com\/iqv.cropscience\",\"https:\/\/www.instagram.com\/iqv.cropscience\/\"]}]}<\/script>\n<!-- \/ Yoast SEO plugin. -->","yoast_head_json":{"title":"Dipel DF - IQV Matholding Group","robots":{"index":"index","follow":"follow","max-snippet":"max-snippet:-1","max-image-preview":"max-image-preview:large","max-video-preview":"max-video-preview:-1"},"canonical":"https:\/\/iqvagro.com\/pt-pt\/product\/dipel-df\/","og_locale":"pt_PT","og_type":"article","og_title":"Dipel DF - IQV Matholding Group","og_description":"Inseticida biol\u00f3gico constitu\u00eddo por cristais de endotoxinas e esporos vi\u00e1veis de Bacillus thuringiensis, subesp\u00e9cie kurstaki, ser\u00f3tipo HD-1, 3a, 3b estirpe ABTS-351, espec\u00edfico para o controlo de estados larvares de algumas esp\u00e9cies de lepid\u00f3pteros.","og_url":"https:\/\/iqvagro.com\/pt-pt\/product\/dipel-df\/","og_site_name":"IQV Matholding Group","article_publisher":"https:\/\/www.facebook.com\/iqv.cropscience","article_modified_time":"2025-10-30T17:31:18+00:00","og_image":[{"width":800,"height":800,"url":"https:\/\/iqvagro.com\/wp-content\/uploads\/2023\/03\/Dipel-DF-3D-PT.png","type":"image\/png"}],"twitter_card":"summary_large_image","twitter_misc":{"Tempo estimado de leitura":"1 minuto"},"schema":{"@context":"https:\/\/schema.org","@graph":[{"@type":"WebPage","@id":"https:\/\/iqvagro.com\/pt-pt\/product\/dipel-df\/","url":"https:\/\/iqvagro.com\/pt-pt\/product\/dipel-df\/","name":"Dipel DF - IQV Matholding Group","isPartOf":{"@id":"https:\/\/iqvagro.com\/#website"},"primaryImageOfPage":{"@id":"https:\/\/iqvagro.com\/pt-pt\/product\/dipel-df\/#primaryimage"},"image":{"@id":"https:\/\/iqvagro.com\/pt-pt\/product\/dipel-df\/#primaryimage"},"thumbnailUrl":"https:\/\/iqvagro.com\/wp-content\/uploads\/2023\/03\/Dipel-DF-3D-PT.png","datePublished":"2023-03-23T09:39:28+00:00","dateModified":"2025-10-30T17:31:18+00:00","breadcrumb":{"@id":"https:\/\/iqvagro.com\/pt-pt\/product\/dipel-df\/#breadcrumb"},"inLanguage":"pt-PT","potentialAction":[{"@type":"ReadAction","target":["https:\/\/iqvagro.com\/pt-pt\/product\/dipel-df\/"]}]},{"@type":"ImageObject","inLanguage":"pt-PT","@id":"https:\/\/iqvagro.com\/pt-pt\/product\/dipel-df\/#primaryimage","url":"https:\/\/iqvagro.com\/wp-content\/uploads\/2023\/03\/Dipel-DF-3D-PT.png","contentUrl":"https:\/\/iqvagro.com\/wp-content\/uploads\/2023\/03\/Dipel-DF-3D-PT.png","width":800,"height":800},{"@type":"BreadcrumbList","@id":"https:\/\/iqvagro.com\/pt-pt\/product\/dipel-df\/#breadcrumb","itemListElement":[{"@type":"ListItem","position":1,"name":"Portada","item":"https:\/\/iqvagro.com\/pt-pt\/"},{"@type":"ListItem","position":2,"name":"Produtos","item":"https:\/\/iqvagro.com\/produtos\/"},{"@type":"ListItem","position":3,"name":"Dipel DF"}]},{"@type":"WebSite","@id":"https:\/\/iqvagro.com\/#website","url":"https:\/\/iqvagro.com\/","name":"IQV Matholding Group","description":"Taking Care of Crops","publisher":{"@id":"https:\/\/iqvagro.com\/#organization"},"potentialAction":[{"@type":"SearchAction","target":{"@type":"EntryPoint","urlTemplate":"https:\/\/iqvagro.com\/?s={search_term_string}"},"query-input":{"@type":"PropertyValueSpecification","valueRequired":true,"valueName":"search_term_string"}}],"inLanguage":"pt-PT"},{"@type":"Organization","@id":"https:\/\/iqvagro.com\/#organization","name":"IQV Matholding Group","url":"https:\/\/iqvagro.com\/","logo":{"@type":"ImageObject","inLanguage":"pt-PT","@id":"https:\/\/iqvagro.com\/#\/schema\/logo\/image\/","url":"https:\/\/iqvagro.com\/wp-content\/uploads\/2025\/05\/logo_IQV_new_2025.svg","contentUrl":"https:\/\/iqvagro.com\/wp-content\/uploads\/2025\/05\/logo_IQV_new_2025.svg","caption":"IQV Matholding Group"},"image":{"@id":"https:\/\/iqvagro.com\/#\/schema\/logo\/image\/"},"sameAs":["https:\/\/www.facebook.com\/iqv.cropscience","https:\/\/www.instagram.com\/iqv.cropscience\/"]}]}},"_links":{"self":[{"href":"https:\/\/iqvagro.com\/pt-pt\/wp-json\/wp\/v2\/product\/16161","targetHints":{"allow":["GET"]}}],"collection":[{"href":"https:\/\/iqvagro.com\/pt-pt\/wp-json\/wp\/v2\/product"}],"about":[{"href":"https:\/\/iqvagro.com\/pt-pt\/wp-json\/wp\/v2\/types\/product"}],"wp:featuredmedia":[{"embeddable":true,"href":"https:\/\/iqvagro.com\/pt-pt\/wp-json\/wp\/v2\/media\/20678"}],"wp:attachment":[{"href":"https:\/\/iqvagro.com\/pt-pt\/wp-json\/wp\/v2\/media?parent=16161"}],"wp:term":[{"taxonomy":"product_brand","embeddable":true,"href":"https:\/\/iqvagro.com\/pt-pt\/wp-json\/wp\/v2\/product_brand?post=16161"},{"taxonomy":"product_cat","embeddable":true,"href":"https:\/\/iqvagro.com\/pt-pt\/wp-json\/wp\/v2\/product_cat?post=16161"},{"taxonomy":"product_tag","embeddable":true,"href":"https:\/\/iqvagro.com\/pt-pt\/wp-json\/wp\/v2\/product_tag?post=16161"}],"curies":[{"name":"wp","href":"https:\/\/api.w.org\/{rel}","templated":true}]}}