{"id":9059,"date":"2020-05-29T14:11:16","date_gmt":"2020-05-29T12:11:17","guid":{"rendered":"https:\/\/iqvagro.com\/?post_type=product&#038;p=9059"},"modified":"2022-01-04T12:25:48","modified_gmt":"2022-01-04T11:25:48","slug":"sulfate-de-cuivre-pentahydrate-sg-copia","status":"publish","type":"product","link":"https:\/\/iqvagro.com\/fr\/product\/sulfate-de-cuivre-pentahydrate-sg-copia\/","title":{"rendered":"Sulfate de Cuivre Pentahydrat\u00e9 SG Alan"},"content":{"rendered":"","protected":false},"excerpt":{"rendered":"<p class=\"p1\">Sel de CUIVRE. Principales utilisations en tant que correcteur de carences. Il est pr\u00e9sent\u00e9 en cinq granulom\u00e9tries pour couvrir tous ses usages.<\/p>\n<hr>\n<p><a class=\"fasc-button fasc-size-small fasc-type-flat fasc-ico-after dashicons-businessman\" style=\"background-color: #073772; color: #ffffff;\" target=\"_blank\" rel=\"noopener noreferrer\" href=\"https:\/\/iqvagro.com\/fr\/iqv-agro-international\/\">CONTACTER UN CONSEILLER<\/a><\/p>\n","protected":false},"featured_media":0,"template":"","meta":{"_acf_changed":false},"product_brand":[],"product_cat":[376],"product_tag":[],"class_list":{"0":"post-9059","1":"product","2":"type-product","3":"status-publish","5":"product_cat-feed-grade","6":"pa_familia-feed-grade","7":"pa_marca-alan-fr","8":"pa_marca-cuprosulf-fr","9":"pa_materia-activa-cobre-sulfato-de-cobre-pentahidrato-fr","10":"pa_producto-sulfato-de-cobre-pentahidrato-alan-sg-fr","11":"bg-cat-id-376","13":"first","14":"instock","15":"product-type-simple"},"acf":[],"yoast_head":"<!-- This site is optimized with the Yoast SEO plugin v27.1.1 - https:\/\/yoast.com\/product\/yoast-seo-wordpress\/ -->\n<title>Sulfate de Cuivre Pentahydrat\u00e9 SG Alan - IQV Matholding Group<\/title>\n<meta name=\"robots\" content=\"index, follow, max-snippet:-1, max-image-preview:large, max-video-preview:-1\" \/>\n<link rel=\"canonical\" href=\"https:\/\/iqvagro.com\/fr\/product\/sulfate-de-cuivre-pentahydrate-sg-copia\/\" \/>\n<meta property=\"og:locale\" content=\"fr_FR\" \/>\n<meta property=\"og:type\" content=\"article\" \/>\n<meta property=\"og:title\" content=\"Sulfate de Cuivre Pentahydrat\u00e9 SG Alan - IQV Matholding Group\" \/>\n<meta property=\"og:description\" content=\"Sel de CUIVRE. Principales utilisations en tant que correcteur de carences. Il est pr\u00e9sent\u00e9 en cinq granulom\u00e9tries pour couvrir tous ses usages.   CONTACTER UN CONSEILLER\" \/>\n<meta property=\"og:url\" content=\"https:\/\/iqvagro.com\/fr\/product\/sulfate-de-cuivre-pentahydrate-sg-copia\/\" \/>\n<meta property=\"og:site_name\" content=\"IQV Matholding Group\" \/>\n<meta property=\"article:publisher\" content=\"https:\/\/www.facebook.com\/iqv.cropscience\" \/>\n<meta property=\"article:modified_time\" content=\"2022-01-04T11:25:48+00:00\" \/>\n<meta name=\"twitter:card\" content=\"summary_large_image\" \/>\n<script type=\"application\/ld+json\" class=\"yoast-schema-graph\">{\"@context\":\"https:\/\/schema.org\",\"@graph\":[{\"@type\":\"WebPage\",\"@id\":\"https:\/\/iqvagro.com\/fr\/product\/sulfate-de-cuivre-pentahydrate-sg-copia\/\",\"url\":\"https:\/\/iqvagro.com\/fr\/product\/sulfate-de-cuivre-pentahydrate-sg-copia\/\",\"name\":\"Sulfate de Cuivre Pentahydrat\u00e9 SG Alan - IQV Matholding Group\",\"isPartOf\":{\"@id\":\"https:\/\/iqvagro.com\/#website\"},\"datePublished\":\"2020-05-29T12:11:17+00:00\",\"dateModified\":\"2022-01-04T11:25:48+00:00\",\"breadcrumb\":{\"@id\":\"https:\/\/iqvagro.com\/fr\/product\/sulfate-de-cuivre-pentahydrate-sg-copia\/#breadcrumb\"},\"inLanguage\":\"fr-FR\",\"potentialAction\":[{\"@type\":\"ReadAction\",\"target\":[\"https:\/\/iqvagro.com\/fr\/product\/sulfate-de-cuivre-pentahydrate-sg-copia\/\"]}]},{\"@type\":\"BreadcrumbList\",\"@id\":\"https:\/\/iqvagro.com\/fr\/product\/sulfate-de-cuivre-pentahydrate-sg-copia\/#breadcrumb\",\"itemListElement\":[{\"@type\":\"ListItem\",\"position\":1,\"name\":\"Portada\",\"item\":\"https:\/\/iqvagro.com\/fr\/\"},{\"@type\":\"ListItem\",\"position\":2,\"name\":\"Produits\",\"item\":\"https:\/\/iqvagro.com\/produits\/\"},{\"@type\":\"ListItem\",\"position\":3,\"name\":\"Sulfate de Cuivre Pentahydrat\u00e9 SG Alan\"}]},{\"@type\":\"WebSite\",\"@id\":\"https:\/\/iqvagro.com\/#website\",\"url\":\"https:\/\/iqvagro.com\/\",\"name\":\"IQV Matholding Group\",\"description\":\"Taking Care of Crops\",\"publisher\":{\"@id\":\"https:\/\/iqvagro.com\/#organization\"},\"potentialAction\":[{\"@type\":\"SearchAction\",\"target\":{\"@type\":\"EntryPoint\",\"urlTemplate\":\"https:\/\/iqvagro.com\/?s={search_term_string}\"},\"query-input\":{\"@type\":\"PropertyValueSpecification\",\"valueRequired\":true,\"valueName\":\"search_term_string\"}}],\"inLanguage\":\"fr-FR\"},{\"@type\":\"Organization\",\"@id\":\"https:\/\/iqvagro.com\/#organization\",\"name\":\"IQV Matholding Group\",\"url\":\"https:\/\/iqvagro.com\/\",\"logo\":{\"@type\":\"ImageObject\",\"inLanguage\":\"fr-FR\",\"@id\":\"https:\/\/iqvagro.com\/#\/schema\/logo\/image\/\",\"url\":\"https:\/\/iqvagro.com\/wp-content\/uploads\/2025\/05\/logo_IQV_new_2025.svg\",\"contentUrl\":\"https:\/\/iqvagro.com\/wp-content\/uploads\/2025\/05\/logo_IQV_new_2025.svg\",\"caption\":\"IQV Matholding Group\"},\"image\":{\"@id\":\"https:\/\/iqvagro.com\/#\/schema\/logo\/image\/\"},\"sameAs\":[\"https:\/\/www.facebook.com\/iqv.cropscience\",\"https:\/\/www.instagram.com\/iqv.cropscience\/\"]}]}<\/script>\n<!-- \/ Yoast SEO plugin. -->","yoast_head_json":{"title":"Sulfate de Cuivre Pentahydrat\u00e9 SG Alan - IQV Matholding Group","robots":{"index":"index","follow":"follow","max-snippet":"max-snippet:-1","max-image-preview":"max-image-preview:large","max-video-preview":"max-video-preview:-1"},"canonical":"https:\/\/iqvagro.com\/fr\/product\/sulfate-de-cuivre-pentahydrate-sg-copia\/","og_locale":"fr_FR","og_type":"article","og_title":"Sulfate de Cuivre Pentahydrat\u00e9 SG Alan - IQV Matholding Group","og_description":"Sel de CUIVRE. Principales utilisations en tant que correcteur de carences. Il est pr\u00e9sent\u00e9 en cinq granulom\u00e9tries pour couvrir tous ses usages.   CONTACTER UN CONSEILLER","og_url":"https:\/\/iqvagro.com\/fr\/product\/sulfate-de-cuivre-pentahydrate-sg-copia\/","og_site_name":"IQV Matholding Group","article_publisher":"https:\/\/www.facebook.com\/iqv.cropscience","article_modified_time":"2022-01-04T11:25:48+00:00","twitter_card":"summary_large_image","schema":{"@context":"https:\/\/schema.org","@graph":[{"@type":"WebPage","@id":"https:\/\/iqvagro.com\/fr\/product\/sulfate-de-cuivre-pentahydrate-sg-copia\/","url":"https:\/\/iqvagro.com\/fr\/product\/sulfate-de-cuivre-pentahydrate-sg-copia\/","name":"Sulfate de Cuivre Pentahydrat\u00e9 SG Alan - IQV Matholding Group","isPartOf":{"@id":"https:\/\/iqvagro.com\/#website"},"datePublished":"2020-05-29T12:11:17+00:00","dateModified":"2022-01-04T11:25:48+00:00","breadcrumb":{"@id":"https:\/\/iqvagro.com\/fr\/product\/sulfate-de-cuivre-pentahydrate-sg-copia\/#breadcrumb"},"inLanguage":"fr-FR","potentialAction":[{"@type":"ReadAction","target":["https:\/\/iqvagro.com\/fr\/product\/sulfate-de-cuivre-pentahydrate-sg-copia\/"]}]},{"@type":"BreadcrumbList","@id":"https:\/\/iqvagro.com\/fr\/product\/sulfate-de-cuivre-pentahydrate-sg-copia\/#breadcrumb","itemListElement":[{"@type":"ListItem","position":1,"name":"Portada","item":"https:\/\/iqvagro.com\/fr\/"},{"@type":"ListItem","position":2,"name":"Produits","item":"https:\/\/iqvagro.com\/produits\/"},{"@type":"ListItem","position":3,"name":"Sulfate de Cuivre Pentahydrat\u00e9 SG Alan"}]},{"@type":"WebSite","@id":"https:\/\/iqvagro.com\/#website","url":"https:\/\/iqvagro.com\/","name":"IQV Matholding Group","description":"Taking Care of Crops","publisher":{"@id":"https:\/\/iqvagro.com\/#organization"},"potentialAction":[{"@type":"SearchAction","target":{"@type":"EntryPoint","urlTemplate":"https:\/\/iqvagro.com\/?s={search_term_string}"},"query-input":{"@type":"PropertyValueSpecification","valueRequired":true,"valueName":"search_term_string"}}],"inLanguage":"fr-FR"},{"@type":"Organization","@id":"https:\/\/iqvagro.com\/#organization","name":"IQV Matholding Group","url":"https:\/\/iqvagro.com\/","logo":{"@type":"ImageObject","inLanguage":"fr-FR","@id":"https:\/\/iqvagro.com\/#\/schema\/logo\/image\/","url":"https:\/\/iqvagro.com\/wp-content\/uploads\/2025\/05\/logo_IQV_new_2025.svg","contentUrl":"https:\/\/iqvagro.com\/wp-content\/uploads\/2025\/05\/logo_IQV_new_2025.svg","caption":"IQV Matholding Group"},"image":{"@id":"https:\/\/iqvagro.com\/#\/schema\/logo\/image\/"},"sameAs":["https:\/\/www.facebook.com\/iqv.cropscience","https:\/\/www.instagram.com\/iqv.cropscience\/"]}]}},"_links":{"self":[{"href":"https:\/\/iqvagro.com\/fr\/wp-json\/wp\/v2\/product\/9059","targetHints":{"allow":["GET"]}}],"collection":[{"href":"https:\/\/iqvagro.com\/fr\/wp-json\/wp\/v2\/product"}],"about":[{"href":"https:\/\/iqvagro.com\/fr\/wp-json\/wp\/v2\/types\/product"}],"wp:attachment":[{"href":"https:\/\/iqvagro.com\/fr\/wp-json\/wp\/v2\/media?parent=9059"}],"wp:term":[{"taxonomy":"product_brand","embeddable":true,"href":"https:\/\/iqvagro.com\/fr\/wp-json\/wp\/v2\/product_brand?post=9059"},{"taxonomy":"product_cat","embeddable":true,"href":"https:\/\/iqvagro.com\/fr\/wp-json\/wp\/v2\/product_cat?post=9059"},{"taxonomy":"product_tag","embeddable":true,"href":"https:\/\/iqvagro.com\/fr\/wp-json\/wp\/v2\/product_tag?post=9059"}],"curies":[{"name":"wp","href":"https:\/\/api.w.org\/{rel}","templated":true}]}}