{"id":4449,"date":"2017-11-06T11:28:09","date_gmt":"2017-11-06T10:28:09","guid":{"rendered":"https:\/\/iqvagro.com\/product\/t34-biocontrol\/"},"modified":"2022-01-04T12:25:48","modified_gmt":"2022-01-04T11:25:48","slug":"t34-biocontrol","status":"publish","type":"product","link":"https:\/\/iqvagro.com\/fr\/product\/t34-biocontrol\/","title":{"rendered":"T34 Biocontrol\u00ae"},"content":{"rendered":"","protected":false},"excerpt":{"rendered":"<p><strong>BIOFONGICIDE<\/strong><\/p>\n<p class=\"p1\">Fongicide biologique d\u2019action pr\u00e9ventive. Renforce le d\u00e9veloppement des racines et stimule les m\u00e9canismes de d\u00e9fense des plantes<\/p>\n<hr>\n<p><a class=\"fasc-button fasc-size-small fasc-type-flat fasc-ico-after dashicons-businessman\" style=\"background-color: #073772; color: #ffffff;\" target=\"_blank\" rel=\"noopener noreferrer\" href=\"https:\/\/iqvagro.com\/fr\/iqv-agro-international\/\">CONTACTER UN CONSEILLER<\/a><\/p>\n","protected":false},"featured_media":0,"template":"","meta":{"_acf_changed":false},"product_brand":[],"product_cat":[377],"product_tag":[],"class_list":{"0":"post-4449","1":"product","2":"type-product","3":"status-publish","5":"product_cat-biofongicide","6":"pa_familia-bio-3","7":"pa_familia-biofongicide","8":"pa_marca-t34-biocontrol-fr","9":"pa_materia-activa-trichoderma-asperellum-fr","10":"pa_producto-trichoderma-asperellum-souche-t34","11":"bg-cat-id-377","13":"first","14":"instock","15":"product-type-simple"},"acf":[],"yoast_head":"<!-- This site is optimized with the Yoast SEO plugin v27.4 - https:\/\/yoast.com\/product\/yoast-seo-wordpress\/ -->\n<title>T34 Biocontrol\u00ae - IQV Matholding Group<\/title>\n<meta name=\"robots\" content=\"index, follow, max-snippet:-1, max-image-preview:large, max-video-preview:-1\" \/>\n<link rel=\"canonical\" href=\"https:\/\/iqvagro.com\/fr\/product\/t34-biocontrol\/\" \/>\n<meta property=\"og:locale\" content=\"fr_FR\" \/>\n<meta property=\"og:type\" content=\"article\" \/>\n<meta property=\"og:title\" content=\"T34 Biocontrol\u00ae - IQV Matholding Group\" \/>\n<meta property=\"og:description\" content=\"BIOFONGICIDE Fongicide biologique d\u2019action pr\u00e9ventive. Renforce le d\u00e9veloppement des racines et stimule les m\u00e9canismes de d\u00e9fense des plantes     CONTACTER UN CONSEILLER\" \/>\n<meta property=\"og:url\" content=\"https:\/\/iqvagro.com\/fr\/product\/t34-biocontrol\/\" \/>\n<meta property=\"og:site_name\" content=\"IQV Matholding Group\" \/>\n<meta property=\"article:publisher\" content=\"https:\/\/www.facebook.com\/iqv.cropscience\" \/>\n<meta property=\"article:modified_time\" content=\"2022-01-04T11:25:48+00:00\" \/>\n<meta name=\"twitter:card\" content=\"summary_large_image\" \/>\n<script type=\"application\/ld+json\" class=\"yoast-schema-graph\">{\"@context\":\"https:\\\/\\\/schema.org\",\"@graph\":[{\"@type\":\"WebPage\",\"@id\":\"https:\\\/\\\/iqvagro.com\\\/fr\\\/product\\\/t34-biocontrol\\\/\",\"url\":\"https:\\\/\\\/iqvagro.com\\\/fr\\\/product\\\/t34-biocontrol\\\/\",\"name\":\"T34 Biocontrol\u00ae - IQV Matholding Group\",\"isPartOf\":{\"@id\":\"https:\\\/\\\/iqvagro.com\\\/#website\"},\"datePublished\":\"2017-11-06T10:28:09+00:00\",\"dateModified\":\"2022-01-04T11:25:48+00:00\",\"breadcrumb\":{\"@id\":\"https:\\\/\\\/iqvagro.com\\\/fr\\\/product\\\/t34-biocontrol\\\/#breadcrumb\"},\"inLanguage\":\"fr-FR\",\"potentialAction\":[{\"@type\":\"ReadAction\",\"target\":[\"https:\\\/\\\/iqvagro.com\\\/fr\\\/product\\\/t34-biocontrol\\\/\"]}]},{\"@type\":\"BreadcrumbList\",\"@id\":\"https:\\\/\\\/iqvagro.com\\\/fr\\\/product\\\/t34-biocontrol\\\/#breadcrumb\",\"itemListElement\":[{\"@type\":\"ListItem\",\"position\":1,\"name\":\"Portada\",\"item\":\"https:\\\/\\\/iqvagro.com\\\/fr\\\/\"},{\"@type\":\"ListItem\",\"position\":2,\"name\":\"Produits\",\"item\":\"https:\\\/\\\/iqvagro.com\\\/produits\\\/\"},{\"@type\":\"ListItem\",\"position\":3,\"name\":\"T34 Biocontrol\u00ae\"}]},{\"@type\":\"WebSite\",\"@id\":\"https:\\\/\\\/iqvagro.com\\\/#website\",\"url\":\"https:\\\/\\\/iqvagro.com\\\/\",\"name\":\"IQV Matholding Group\",\"description\":\"Taking Care of Crops\",\"publisher\":{\"@id\":\"https:\\\/\\\/iqvagro.com\\\/#organization\"},\"potentialAction\":[{\"@type\":\"SearchAction\",\"target\":{\"@type\":\"EntryPoint\",\"urlTemplate\":\"https:\\\/\\\/iqvagro.com\\\/?s={search_term_string}\"},\"query-input\":{\"@type\":\"PropertyValueSpecification\",\"valueRequired\":true,\"valueName\":\"search_term_string\"}}],\"inLanguage\":\"fr-FR\"},{\"@type\":\"Organization\",\"@id\":\"https:\\\/\\\/iqvagro.com\\\/#organization\",\"name\":\"IQV Matholding Group\",\"url\":\"https:\\\/\\\/iqvagro.com\\\/\",\"logo\":{\"@type\":\"ImageObject\",\"inLanguage\":\"fr-FR\",\"@id\":\"https:\\\/\\\/iqvagro.com\\\/#\\\/schema\\\/logo\\\/image\\\/\",\"url\":\"https:\\\/\\\/iqvagro.com\\\/wp-content\\\/uploads\\\/2025\\\/05\\\/logo_IQV_new_2025.svg\",\"contentUrl\":\"https:\\\/\\\/iqvagro.com\\\/wp-content\\\/uploads\\\/2025\\\/05\\\/logo_IQV_new_2025.svg\",\"caption\":\"IQV Matholding Group\"},\"image\":{\"@id\":\"https:\\\/\\\/iqvagro.com\\\/#\\\/schema\\\/logo\\\/image\\\/\"},\"sameAs\":[\"https:\\\/\\\/www.facebook.com\\\/iqv.cropscience\",\"https:\\\/\\\/www.instagram.com\\\/iqv.cropscience\\\/\"]}]}<\/script>\n<!-- \/ Yoast SEO plugin. -->","yoast_head_json":{"title":"T34 Biocontrol\u00ae - IQV Matholding Group","robots":{"index":"index","follow":"follow","max-snippet":"max-snippet:-1","max-image-preview":"max-image-preview:large","max-video-preview":"max-video-preview:-1"},"canonical":"https:\/\/iqvagro.com\/fr\/product\/t34-biocontrol\/","og_locale":"fr_FR","og_type":"article","og_title":"T34 Biocontrol\u00ae - IQV Matholding Group","og_description":"BIOFONGICIDE Fongicide biologique d\u2019action pr\u00e9ventive. Renforce le d\u00e9veloppement des racines et stimule les m\u00e9canismes de d\u00e9fense des plantes     CONTACTER UN CONSEILLER","og_url":"https:\/\/iqvagro.com\/fr\/product\/t34-biocontrol\/","og_site_name":"IQV Matholding Group","article_publisher":"https:\/\/www.facebook.com\/iqv.cropscience","article_modified_time":"2022-01-04T11:25:48+00:00","twitter_card":"summary_large_image","schema":{"@context":"https:\/\/schema.org","@graph":[{"@type":"WebPage","@id":"https:\/\/iqvagro.com\/fr\/product\/t34-biocontrol\/","url":"https:\/\/iqvagro.com\/fr\/product\/t34-biocontrol\/","name":"T34 Biocontrol\u00ae - IQV Matholding Group","isPartOf":{"@id":"https:\/\/iqvagro.com\/#website"},"datePublished":"2017-11-06T10:28:09+00:00","dateModified":"2022-01-04T11:25:48+00:00","breadcrumb":{"@id":"https:\/\/iqvagro.com\/fr\/product\/t34-biocontrol\/#breadcrumb"},"inLanguage":"fr-FR","potentialAction":[{"@type":"ReadAction","target":["https:\/\/iqvagro.com\/fr\/product\/t34-biocontrol\/"]}]},{"@type":"BreadcrumbList","@id":"https:\/\/iqvagro.com\/fr\/product\/t34-biocontrol\/#breadcrumb","itemListElement":[{"@type":"ListItem","position":1,"name":"Portada","item":"https:\/\/iqvagro.com\/fr\/"},{"@type":"ListItem","position":2,"name":"Produits","item":"https:\/\/iqvagro.com\/produits\/"},{"@type":"ListItem","position":3,"name":"T34 Biocontrol\u00ae"}]},{"@type":"WebSite","@id":"https:\/\/iqvagro.com\/#website","url":"https:\/\/iqvagro.com\/","name":"IQV Matholding Group","description":"Taking Care of Crops","publisher":{"@id":"https:\/\/iqvagro.com\/#organization"},"potentialAction":[{"@type":"SearchAction","target":{"@type":"EntryPoint","urlTemplate":"https:\/\/iqvagro.com\/?s={search_term_string}"},"query-input":{"@type":"PropertyValueSpecification","valueRequired":true,"valueName":"search_term_string"}}],"inLanguage":"fr-FR"},{"@type":"Organization","@id":"https:\/\/iqvagro.com\/#organization","name":"IQV Matholding Group","url":"https:\/\/iqvagro.com\/","logo":{"@type":"ImageObject","inLanguage":"fr-FR","@id":"https:\/\/iqvagro.com\/#\/schema\/logo\/image\/","url":"https:\/\/iqvagro.com\/wp-content\/uploads\/2025\/05\/logo_IQV_new_2025.svg","contentUrl":"https:\/\/iqvagro.com\/wp-content\/uploads\/2025\/05\/logo_IQV_new_2025.svg","caption":"IQV Matholding Group"},"image":{"@id":"https:\/\/iqvagro.com\/#\/schema\/logo\/image\/"},"sameAs":["https:\/\/www.facebook.com\/iqv.cropscience","https:\/\/www.instagram.com\/iqv.cropscience\/"]}]}},"_links":{"self":[{"href":"https:\/\/iqvagro.com\/fr\/wp-json\/wp\/v2\/product\/4449","targetHints":{"allow":["GET"]}}],"collection":[{"href":"https:\/\/iqvagro.com\/fr\/wp-json\/wp\/v2\/product"}],"about":[{"href":"https:\/\/iqvagro.com\/fr\/wp-json\/wp\/v2\/types\/product"}],"wp:attachment":[{"href":"https:\/\/iqvagro.com\/fr\/wp-json\/wp\/v2\/media?parent=4449"}],"wp:term":[{"taxonomy":"product_brand","embeddable":true,"href":"https:\/\/iqvagro.com\/fr\/wp-json\/wp\/v2\/product_brand?post=4449"},{"taxonomy":"product_cat","embeddable":true,"href":"https:\/\/iqvagro.com\/fr\/wp-json\/wp\/v2\/product_cat?post=4449"},{"taxonomy":"product_tag","embeddable":true,"href":"https:\/\/iqvagro.com\/fr\/wp-json\/wp\/v2\/product_tag?post=4449"}],"curies":[{"name":"wp","href":"https:\/\/api.w.org\/{rel}","templated":true}]}}