{"id":10046,"date":"2020-06-22T13:32:40","date_gmt":"2020-06-22T11:32:40","guid":{"rendered":"https:\/\/iqvagro.com\/test2\/?post_type=product&#038;p=10046"},"modified":"2022-01-04T12:25:47","modified_gmt":"2022-01-04T11:25:47","slug":"gluconate-de-cuivre","status":"publish","type":"product","link":"https:\/\/iqvagro.com\/fr\/product\/gluconate-de-cuivre\/","title":{"rendered":"Glunate\u00ae Cu"},"content":{"rendered":"","protected":false},"excerpt":{"rendered":"<p><strong>BIONUTRITIONNEL<\/strong><br \/>\nSolution liquide de cuivre complex\u00e9e avec acide gluconique capable d&rsquo;\u00e9viter les probl\u00e8mes physiologiques d\u00e9riv\u00e9s du manque de cuivre et de corriger la carence \u00e9vidente et symptomatique de cet \u00e9l\u00e9ment.<\/p>\n<hr>\n<p><a class=\"fasc-button fasc-size-small fasc-type-flat fasc-ico-after dashicons-businessman\" style=\"background-color: #073772; color: #ffffff;\" target=\"_blank\" rel=\"noopener noreferrer\" href=\"https:\/\/iqvagro.com\/fr\/iqv-agro-international\/\">CONTACTER UN CONSEILLER<\/a><\/p>\n","protected":false},"featured_media":0,"template":"","meta":{"_acf_changed":false},"product_brand":[],"product_cat":[379],"product_tag":[],"class_list":{"0":"post-10046","1":"product","2":"type-product","3":"status-publish","5":"product_cat-bionutritionnel","6":"pa_familia-bio-3","7":"pa_familia-bionutritionnel","8":"pa_marca-glunate-fr","9":"pa_materia-activa-gluconate-de-cuivre","10":"pa_producto-gluconate-de-cuivre","11":"bg-cat-id-379","13":"first","14":"instock","15":"shipping-taxable","16":"product-type-simple"},"acf":[],"yoast_head":"<!-- This site is optimized with the Yoast SEO plugin v27.1.1 - https:\/\/yoast.com\/product\/yoast-seo-wordpress\/ -->\n<title>Glunate\u00ae Cu - IQV Matholding Group<\/title>\n<meta name=\"robots\" content=\"index, follow, max-snippet:-1, max-image-preview:large, max-video-preview:-1\" \/>\n<link rel=\"canonical\" href=\"https:\/\/iqvagro.com\/fr\/product\/gluconate-de-cuivre\/\" \/>\n<meta property=\"og:locale\" content=\"fr_FR\" \/>\n<meta property=\"og:type\" content=\"article\" \/>\n<meta property=\"og:title\" content=\"Glunate\u00ae Cu - IQV Matholding Group\" \/>\n<meta property=\"og:description\" content=\"BIONUTRITIONNEL Solution liquide de cuivre complex\u00e9e avec acide gluconique capable d&#039;\u00e9viter les probl\u00e8mes physiologiques d\u00e9riv\u00e9s du manque de cuivre et de corriger la carence \u00e9vidente et symptomatique de cet \u00e9l\u00e9ment.    CONTACTER UN CONSEILLER\" \/>\n<meta property=\"og:url\" content=\"https:\/\/iqvagro.com\/fr\/product\/gluconate-de-cuivre\/\" \/>\n<meta property=\"og:site_name\" content=\"IQV Matholding Group\" \/>\n<meta property=\"article:publisher\" content=\"https:\/\/www.facebook.com\/iqv.cropscience\" \/>\n<meta property=\"article:modified_time\" content=\"2022-01-04T11:25:47+00:00\" \/>\n<meta name=\"twitter:card\" content=\"summary_large_image\" \/>\n<script type=\"application\/ld+json\" class=\"yoast-schema-graph\">{\"@context\":\"https:\/\/schema.org\",\"@graph\":[{\"@type\":\"WebPage\",\"@id\":\"https:\/\/iqvagro.com\/fr\/product\/gluconate-de-cuivre\/\",\"url\":\"https:\/\/iqvagro.com\/fr\/product\/gluconate-de-cuivre\/\",\"name\":\"Glunate\u00ae Cu - IQV Matholding Group\",\"isPartOf\":{\"@id\":\"https:\/\/iqvagro.com\/#website\"},\"datePublished\":\"2020-06-22T11:32:40+00:00\",\"dateModified\":\"2022-01-04T11:25:47+00:00\",\"breadcrumb\":{\"@id\":\"https:\/\/iqvagro.com\/fr\/product\/gluconate-de-cuivre\/#breadcrumb\"},\"inLanguage\":\"fr-FR\",\"potentialAction\":[{\"@type\":\"ReadAction\",\"target\":[\"https:\/\/iqvagro.com\/fr\/product\/gluconate-de-cuivre\/\"]}]},{\"@type\":\"BreadcrumbList\",\"@id\":\"https:\/\/iqvagro.com\/fr\/product\/gluconate-de-cuivre\/#breadcrumb\",\"itemListElement\":[{\"@type\":\"ListItem\",\"position\":1,\"name\":\"Portada\",\"item\":\"https:\/\/iqvagro.com\/fr\/\"},{\"@type\":\"ListItem\",\"position\":2,\"name\":\"Produits\",\"item\":\"https:\/\/iqvagro.com\/produits\/\"},{\"@type\":\"ListItem\",\"position\":3,\"name\":\"Glunate\u00ae Cu\"}]},{\"@type\":\"WebSite\",\"@id\":\"https:\/\/iqvagro.com\/#website\",\"url\":\"https:\/\/iqvagro.com\/\",\"name\":\"IQV Matholding Group\",\"description\":\"Taking Care of Crops\",\"publisher\":{\"@id\":\"https:\/\/iqvagro.com\/#organization\"},\"potentialAction\":[{\"@type\":\"SearchAction\",\"target\":{\"@type\":\"EntryPoint\",\"urlTemplate\":\"https:\/\/iqvagro.com\/?s={search_term_string}\"},\"query-input\":{\"@type\":\"PropertyValueSpecification\",\"valueRequired\":true,\"valueName\":\"search_term_string\"}}],\"inLanguage\":\"fr-FR\"},{\"@type\":\"Organization\",\"@id\":\"https:\/\/iqvagro.com\/#organization\",\"name\":\"IQV Matholding Group\",\"url\":\"https:\/\/iqvagro.com\/\",\"logo\":{\"@type\":\"ImageObject\",\"inLanguage\":\"fr-FR\",\"@id\":\"https:\/\/iqvagro.com\/#\/schema\/logo\/image\/\",\"url\":\"https:\/\/iqvagro.com\/wp-content\/uploads\/2025\/05\/logo_IQV_new_2025.svg\",\"contentUrl\":\"https:\/\/iqvagro.com\/wp-content\/uploads\/2025\/05\/logo_IQV_new_2025.svg\",\"caption\":\"IQV Matholding Group\"},\"image\":{\"@id\":\"https:\/\/iqvagro.com\/#\/schema\/logo\/image\/\"},\"sameAs\":[\"https:\/\/www.facebook.com\/iqv.cropscience\",\"https:\/\/www.instagram.com\/iqv.cropscience\/\"]}]}<\/script>\n<!-- \/ Yoast SEO plugin. -->","yoast_head_json":{"title":"Glunate\u00ae Cu - IQV Matholding Group","robots":{"index":"index","follow":"follow","max-snippet":"max-snippet:-1","max-image-preview":"max-image-preview:large","max-video-preview":"max-video-preview:-1"},"canonical":"https:\/\/iqvagro.com\/fr\/product\/gluconate-de-cuivre\/","og_locale":"fr_FR","og_type":"article","og_title":"Glunate\u00ae Cu - IQV Matholding Group","og_description":"BIONUTRITIONNEL Solution liquide de cuivre complex\u00e9e avec acide gluconique capable d'\u00e9viter les probl\u00e8mes physiologiques d\u00e9riv\u00e9s du manque de cuivre et de corriger la carence \u00e9vidente et symptomatique de cet \u00e9l\u00e9ment.    CONTACTER UN CONSEILLER","og_url":"https:\/\/iqvagro.com\/fr\/product\/gluconate-de-cuivre\/","og_site_name":"IQV Matholding Group","article_publisher":"https:\/\/www.facebook.com\/iqv.cropscience","article_modified_time":"2022-01-04T11:25:47+00:00","twitter_card":"summary_large_image","schema":{"@context":"https:\/\/schema.org","@graph":[{"@type":"WebPage","@id":"https:\/\/iqvagro.com\/fr\/product\/gluconate-de-cuivre\/","url":"https:\/\/iqvagro.com\/fr\/product\/gluconate-de-cuivre\/","name":"Glunate\u00ae Cu - IQV Matholding Group","isPartOf":{"@id":"https:\/\/iqvagro.com\/#website"},"datePublished":"2020-06-22T11:32:40+00:00","dateModified":"2022-01-04T11:25:47+00:00","breadcrumb":{"@id":"https:\/\/iqvagro.com\/fr\/product\/gluconate-de-cuivre\/#breadcrumb"},"inLanguage":"fr-FR","potentialAction":[{"@type":"ReadAction","target":["https:\/\/iqvagro.com\/fr\/product\/gluconate-de-cuivre\/"]}]},{"@type":"BreadcrumbList","@id":"https:\/\/iqvagro.com\/fr\/product\/gluconate-de-cuivre\/#breadcrumb","itemListElement":[{"@type":"ListItem","position":1,"name":"Portada","item":"https:\/\/iqvagro.com\/fr\/"},{"@type":"ListItem","position":2,"name":"Produits","item":"https:\/\/iqvagro.com\/produits\/"},{"@type":"ListItem","position":3,"name":"Glunate\u00ae Cu"}]},{"@type":"WebSite","@id":"https:\/\/iqvagro.com\/#website","url":"https:\/\/iqvagro.com\/","name":"IQV Matholding Group","description":"Taking Care of Crops","publisher":{"@id":"https:\/\/iqvagro.com\/#organization"},"potentialAction":[{"@type":"SearchAction","target":{"@type":"EntryPoint","urlTemplate":"https:\/\/iqvagro.com\/?s={search_term_string}"},"query-input":{"@type":"PropertyValueSpecification","valueRequired":true,"valueName":"search_term_string"}}],"inLanguage":"fr-FR"},{"@type":"Organization","@id":"https:\/\/iqvagro.com\/#organization","name":"IQV Matholding Group","url":"https:\/\/iqvagro.com\/","logo":{"@type":"ImageObject","inLanguage":"fr-FR","@id":"https:\/\/iqvagro.com\/#\/schema\/logo\/image\/","url":"https:\/\/iqvagro.com\/wp-content\/uploads\/2025\/05\/logo_IQV_new_2025.svg","contentUrl":"https:\/\/iqvagro.com\/wp-content\/uploads\/2025\/05\/logo_IQV_new_2025.svg","caption":"IQV Matholding Group"},"image":{"@id":"https:\/\/iqvagro.com\/#\/schema\/logo\/image\/"},"sameAs":["https:\/\/www.facebook.com\/iqv.cropscience","https:\/\/www.instagram.com\/iqv.cropscience\/"]}]}},"_links":{"self":[{"href":"https:\/\/iqvagro.com\/fr\/wp-json\/wp\/v2\/product\/10046","targetHints":{"allow":["GET"]}}],"collection":[{"href":"https:\/\/iqvagro.com\/fr\/wp-json\/wp\/v2\/product"}],"about":[{"href":"https:\/\/iqvagro.com\/fr\/wp-json\/wp\/v2\/types\/product"}],"wp:attachment":[{"href":"https:\/\/iqvagro.com\/fr\/wp-json\/wp\/v2\/media?parent=10046"}],"wp:term":[{"taxonomy":"product_brand","embeddable":true,"href":"https:\/\/iqvagro.com\/fr\/wp-json\/wp\/v2\/product_brand?post=10046"},{"taxonomy":"product_cat","embeddable":true,"href":"https:\/\/iqvagro.com\/fr\/wp-json\/wp\/v2\/product_cat?post=10046"},{"taxonomy":"product_tag","embeddable":true,"href":"https:\/\/iqvagro.com\/fr\/wp-json\/wp\/v2\/product_tag?post=10046"}],"curies":[{"name":"wp","href":"https:\/\/api.w.org\/{rel}","templated":true}]}}