{"id":15507,"date":"2023-02-03T21:34:01","date_gmt":"2023-02-03T20:34:01","guid":{"rendered":"https:\/\/iqvagro.com\/feed-grade\/"},"modified":"2024-07-30T19:31:24","modified_gmt":"2024-07-30T17:31:24","slug":"feed-grade","status":"publish","type":"page","link":"https:\/\/iqvagro.com\/fr\/feed-grade\/","title":{"rendered":"Feed Grade"},"content":{"rendered":"\t\t<div data-elementor-type=\"wp-page\" data-elementor-id=\"15507\" class=\"elementor elementor-15507 elementor-15151\" data-elementor-post-type=\"page\">\n\t\t\t\t\t\t<section class=\"elementor-section elementor-top-section elementor-element elementor-element-2f7352f4 elementor-section-boxed elementor-section-height-default elementor-section-height-default\" data-id=\"2f7352f4\" data-element_type=\"section\" data-e-type=\"section\" data-settings=\"{&quot;background_background&quot;:&quot;classic&quot;}\">\n\t\t\t\t\t\t\t<div class=\"elementor-background-overlay\"><\/div>\n\t\t\t\t\t\t\t<div class=\"elementor-container elementor-column-gap-default\">\n\t\t\t\t\t<div class=\"elementor-column elementor-col-100 elementor-top-column elementor-element elementor-element-7c1608f7\" data-id=\"7c1608f7\" data-element_type=\"column\" data-e-type=\"column\">\n\t\t\t<div class=\"elementor-widget-wrap elementor-element-populated\">\n\t\t\t\t\t\t<div class=\"elementor-element elementor-element-1c3d5bd7 elementor-widget elementor-widget-heading\" data-id=\"1c3d5bd7\" data-element_type=\"widget\" data-e-type=\"widget\" data-widget_type=\"heading.default\">\n\t\t\t\t<div class=\"elementor-widget-container\">\n\t\t\t\t\t<h1 class=\"elementor-heading-title elementor-size-default\">Aditivos nutricionales para la alimentaci\u00f3n animal<\/h1>\t\t\t\t<\/div>\n\t\t\t\t<\/div>\n\t\t\t\t<div class=\"elementor-element elementor-element-5750c666 elementor-widget elementor-widget-heading\" data-id=\"5750c666\" data-element_type=\"widget\" data-e-type=\"widget\" data-widget_type=\"heading.default\">\n\t\t\t\t<div class=\"elementor-widget-container\">\n\t\t\t\t\t<span class=\"elementor-heading-title elementor-size-default\">Las mejores soluciones para revertir la deficiencia de cobre primaria, estimular el apetito y aumentar la tasa de crecimiento.<\/span>\t\t\t\t<\/div>\n\t\t\t\t<\/div>\n\t\t\t\t\t<\/div>\n\t\t<\/div>\n\t\t\t\t\t<\/div>\n\t\t<\/section>\n\t\t\t\t<section class=\"elementor-section elementor-top-section elementor-element elementor-element-7c04c02 elementor-section-boxed elementor-section-height-default elementor-section-height-default\" data-id=\"7c04c02\" data-element_type=\"section\" data-e-type=\"section\">\n\t\t\t\t\t\t<div class=\"elementor-container elementor-column-gap-default\">\n\t\t\t\t\t<div class=\"elementor-column elementor-col-100 elementor-top-column elementor-element elementor-element-9718e98\" data-id=\"9718e98\" data-element_type=\"column\" data-e-type=\"column\">\n\t\t\t<div class=\"elementor-widget-wrap elementor-element-populated\">\n\t\t\t\t\t\t<div class=\"elementor-element elementor-element-0f1ebd4 elementor-widget elementor-widget-heading\" data-id=\"0f1ebd4\" data-element_type=\"widget\" data-e-type=\"widget\" data-widget_type=\"heading.default\">\n\t\t\t\t<div class=\"elementor-widget-container\">\n\t\t\t\t\t<h2 class=\"elementor-heading-title elementor-size-default\">Aditivos nutricionales base cobre.<\/h2>\t\t\t\t<\/div>\n\t\t\t\t<\/div>\n\t\t\t\t<section class=\"elementor-section elementor-inner-section elementor-element elementor-element-2850749 elementor-section-boxed elementor-section-height-default elementor-section-height-default\" data-id=\"2850749\" data-element_type=\"section\" data-e-type=\"section\">\n\t\t\t\t\t\t<div class=\"elementor-container elementor-column-gap-default\">\n\t\t\t\t\t<div class=\"elementor-column elementor-col-100 elementor-inner-column elementor-element elementor-element-c9f3371\" data-id=\"c9f3371\" data-element_type=\"column\" data-e-type=\"column\">\n\t\t\t<div class=\"elementor-widget-wrap elementor-element-populated\">\n\t\t\t\t\t\t<div class=\"elementor-element elementor-element-a587cd7 elementor-widget elementor-widget-text-editor\" data-id=\"a587cd7\" data-element_type=\"widget\" data-e-type=\"widget\" data-widget_type=\"text-editor.default\">\n\t\t\t\t<div class=\"elementor-widget-container\">\n\t\t\t\t\t\t\t\t\t<p>La alta calidad de nuestros productos es resultado de una formulaci\u00f3n donde los valores obtenidos ens sus especificaciones mejoran sustancialmente las especificaciones fijadas por las autoridades europeas.<\/p>\n\t\t\t\t\t\t\t\t<\/div>\n\t\t\t\t<\/div>\n\t\t\t\t\t<\/div>\n\t\t<\/div>\n\t\t\t\t\t<\/div>\n\t\t<\/section>\n\t\t\t\t<section class=\"elementor-section elementor-inner-section elementor-element elementor-element-a54c54b elementor-section-boxed elementor-section-height-default elementor-section-height-default\" data-id=\"a54c54b\" data-element_type=\"section\" data-e-type=\"section\">\n\t\t\t\t\t\t<div class=\"elementor-container elementor-column-gap-default\">\n\t\t\t\t\t<div class=\"elementor-column elementor-col-33 elementor-inner-column elementor-element elementor-element-2547259\" data-id=\"2547259\" data-element_type=\"column\" data-e-type=\"column\">\n\t\t\t<div class=\"elementor-widget-wrap elementor-element-populated\">\n\t\t\t\t\t\t<div class=\"elementor-element elementor-element-4968e74 elementor-align-center elementor-widget elementor-widget-button\" data-id=\"4968e74\" data-element_type=\"widget\" data-e-type=\"widget\" data-widget_type=\"button.default\">\n\t\t\t\t<div class=\"elementor-widget-container\">\n\t\t\t\t\t\t\t\t\t<div class=\"elementor-button-wrapper\">\n\t\t\t\t\t<a class=\"elementor-button elementor-button-link elementor-size-sm\" href=\"https:\/\/iqvagro.com\/catalogo-internacional\/?_sft_product_cat=alimentacion-animal\">\n\t\t\t\t\t\t<span class=\"elementor-button-content-wrapper\">\n\t\t\t\t\t\t\t\t\t<span class=\"elementor-button-text\">IR AL CAT\u00c1LOGO<\/span>\n\t\t\t\t\t<\/span>\n\t\t\t\t\t<\/a>\n\t\t\t\t<\/div>\n\t\t\t\t\t\t\t\t<\/div>\n\t\t\t\t<\/div>\n\t\t\t\t\t<\/div>\n\t\t<\/div>\n\t\t\t\t<div class=\"elementor-column elementor-col-33 elementor-inner-column elementor-element elementor-element-3e732e3\" data-id=\"3e732e3\" data-element_type=\"column\" data-e-type=\"column\">\n\t\t\t<div class=\"elementor-widget-wrap elementor-element-populated\">\n\t\t\t\t\t\t<div class=\"elementor-element elementor-element-0d00656 elementor-align-center elementor-widget elementor-widget-button\" data-id=\"0d00656\" data-element_type=\"widget\" data-e-type=\"widget\" data-widget_type=\"button.default\">\n\t\t\t\t<div class=\"elementor-widget-container\">\n\t\t\t\t\t\t\t\t\t<div class=\"elementor-button-wrapper\">\n\t\t\t\t\t<a class=\"elementor-button elementor-button-link elementor-size-sm\" href=\"mailto:info@iqvagro.com\">\n\t\t\t\t\t\t<span class=\"elementor-button-content-wrapper\">\n\t\t\t\t\t\t\t\t\t<span class=\"elementor-button-text\">SOLICITAR FOLLETO<\/span>\n\t\t\t\t\t<\/span>\n\t\t\t\t\t<\/a>\n\t\t\t\t<\/div>\n\t\t\t\t\t\t\t\t<\/div>\n\t\t\t\t<\/div>\n\t\t\t\t\t<\/div>\n\t\t<\/div>\n\t\t\t\t<div class=\"elementor-column elementor-col-33 elementor-inner-column elementor-element elementor-element-a77e76e\" data-id=\"a77e76e\" data-element_type=\"column\" data-e-type=\"column\">\n\t\t\t<div class=\"elementor-widget-wrap elementor-element-populated\">\n\t\t\t\t\t\t<div class=\"elementor-element elementor-element-d031b32 elementor-align-center elementor-widget elementor-widget-button\" data-id=\"d031b32\" data-element_type=\"widget\" data-e-type=\"widget\" data-widget_type=\"button.default\">\n\t\t\t\t<div class=\"elementor-widget-container\">\n\t\t\t\t\t\t\t\t\t<div class=\"elementor-button-wrapper\">\n\t\t\t\t\t<a class=\"elementor-button elementor-button-link elementor-size-sm\" href=\"https:\/\/iqvagro.com\/iqv-industria\/\">\n\t\t\t\t\t\t<span class=\"elementor-button-content-wrapper\">\n\t\t\t\t\t\t\t\t\t<span class=\"elementor-button-text\">CONTACTAR CON UN ASESOR<\/span>\n\t\t\t\t\t<\/span>\n\t\t\t\t\t<\/a>\n\t\t\t\t<\/div>\n\t\t\t\t\t\t\t\t<\/div>\n\t\t\t\t<\/div>\n\t\t\t\t\t<\/div>\n\t\t<\/div>\n\t\t\t\t\t<\/div>\n\t\t<\/section>\n\t\t\t\t\t<\/div>\n\t\t<\/div>\n\t\t\t\t\t<\/div>\n\t\t<\/section>\n\t\t\t\t<section class=\"elementor-section elementor-top-section elementor-element elementor-element-72eb967 elementor-section-boxed elementor-section-height-default elementor-section-height-default\" data-id=\"72eb967\" data-element_type=\"section\" data-e-type=\"section\" data-settings=\"{&quot;background_background&quot;:&quot;classic&quot;}\">\n\t\t\t\t\t\t<div class=\"elementor-container elementor-column-gap-default\">\n\t\t\t\t\t<div class=\"elementor-column elementor-col-100 elementor-top-column elementor-element elementor-element-769ce5d\" data-id=\"769ce5d\" data-element_type=\"column\" data-e-type=\"column\">\n\t\t\t<div class=\"elementor-widget-wrap elementor-element-populated\">\n\t\t\t\t\t\t<div class=\"elementor-element elementor-element-59a9c05 elementor-widget elementor-widget-heading\" data-id=\"59a9c05\" data-element_type=\"widget\" data-e-type=\"widget\" data-widget_type=\"heading.default\">\n\t\t\t\t<div class=\"elementor-widget-container\">\n\t\t\t\t\t<h2 class=\"elementor-heading-title elementor-size-default\">Alimentaci\u00f3n Animal<\/h2>\t\t\t\t<\/div>\n\t\t\t\t<\/div>\n\t\t\t\t\t<\/div>\n\t\t<\/div>\n\t\t\t\t\t<\/div>\n\t\t<\/section>\n\t\t\t\t<section class=\"elementor-section elementor-top-section elementor-element elementor-element-01a5b80 elementor-section-boxed elementor-section-height-default elementor-section-height-default\" data-id=\"01a5b80\" data-element_type=\"section\" data-e-type=\"section\">\n\t\t\t\t\t\t<div class=\"elementor-container elementor-column-gap-default\">\n\t\t\t\t\t<div class=\"elementor-column elementor-col-100 elementor-top-column elementor-element elementor-element-d2822cf\" data-id=\"d2822cf\" data-element_type=\"column\" data-e-type=\"column\">\n\t\t\t<div class=\"elementor-widget-wrap elementor-element-populated\">\n\t\t\t\t\t\t<div class=\"elementor-element elementor-element-3b493f3 elementor-widget elementor-widget-text-editor\" data-id=\"3b493f3\" data-element_type=\"widget\" data-e-type=\"widget\" data-widget_type=\"text-editor.default\">\n\t\t\t\t<div class=\"elementor-widget-container\">\n\t\t\t\t\t\t\t\t\t<p>Como especialistas en sales de cobre nos implicamos en conocer y desarollar soluciones para todos aquellos sectores donde se emplee cobre. Es por ello que desde nuestros inicios estamos presentes como formuladores de aditivos para la alimentaci\u00f3n animal con nuestro sulfato de cobre y el recientemente incorporado oxicloruro de cobre o trihidr\u00f3xido cloruro de dicobre.<\/p>\n<p>El cobre es un elemento esencial para todos los organismos vivos y su deficiencia puede hacer aparecer hipocuprosis, diarrea, disminuci\u00f3n del crecimiento, deformaciones \u00f3seas y fracturas espont\u00e1neas. Existen dos tipos de deficiencias de cobre: una primaria, en la cual la ingesti\u00f3n de Cu es insuficiente para cubrir las necesidades del animal y una secundaria causada por cierto n\u00famero de elementos como molibdeno, hierro y nivel de prote\u00ednas que interfieren en el metabolismo del Cu.<\/p>\n<p>La incorporaci\u00f3n de sulfato de cobre o trihidr\u00f3xido cloruro de dicobre en la dieta de los cerdos, aves de corral y rumiantes va a revertir la deficiencia de cobre primaria, estimular\u00e1 el apetito y aumentar\u00e1 la tasa de crecimiento con una marcada mejora en la conversi\u00f3n alimenticia.<\/p>\n\t\t\t\t\t\t\t\t<\/div>\n\t\t\t\t<\/div>\n\t\t\t\t\t<\/div>\n\t\t<\/div>\n\t\t\t\t\t<\/div>\n\t\t<\/section>\n\t\t\t\t<section class=\"elementor-section elementor-top-section elementor-element elementor-element-7a4699b elementor-section-boxed elementor-section-height-default elementor-section-height-default\" data-id=\"7a4699b\" data-element_type=\"section\" data-e-type=\"section\" data-settings=\"{&quot;background_background&quot;:&quot;classic&quot;}\">\n\t\t\t\t\t\t<div class=\"elementor-container elementor-column-gap-default\">\n\t\t\t\t\t<div class=\"elementor-column elementor-col-100 elementor-top-column elementor-element elementor-element-9d29c8f\" data-id=\"9d29c8f\" data-element_type=\"column\" data-e-type=\"column\">\n\t\t\t<div class=\"elementor-widget-wrap elementor-element-populated\">\n\t\t\t\t\t\t<div class=\"elementor-element elementor-element-d57ca06 elementor-widget elementor-widget-heading\" data-id=\"d57ca06\" data-element_type=\"widget\" data-e-type=\"widget\" data-widget_type=\"heading.default\">\n\t\t\t\t<div class=\"elementor-widget-container\">\n\t\t\t\t\t<h2 class=\"elementor-heading-title elementor-size-default\">Certificaci\u00f3n FAMI QS<\/h2>\t\t\t\t<\/div>\n\t\t\t\t<\/div>\n\t\t\t\t\t<\/div>\n\t\t<\/div>\n\t\t\t\t\t<\/div>\n\t\t<\/section>\n\t\t\t\t<section class=\"elementor-section elementor-top-section elementor-element elementor-element-6d0f107 elementor-section-boxed elementor-section-height-default elementor-section-height-default\" data-id=\"6d0f107\" data-element_type=\"section\" data-e-type=\"section\">\n\t\t\t\t\t\t<div class=\"elementor-container elementor-column-gap-default\">\n\t\t\t\t\t<div class=\"elementor-column elementor-col-50 elementor-top-column elementor-element elementor-element-8b863ab\" data-id=\"8b863ab\" data-element_type=\"column\" data-e-type=\"column\">\n\t\t\t<div class=\"elementor-widget-wrap elementor-element-populated\">\n\t\t\t\t\t\t<div class=\"elementor-element elementor-element-883b387 elementor-widget elementor-widget-text-editor\" data-id=\"883b387\" data-element_type=\"widget\" data-e-type=\"widget\" data-widget_type=\"text-editor.default\">\n\t\t\t\t<div class=\"elementor-widget-container\">\n\t\t\t\t\t\t\t\t\t<p>Todos nuestros productos destinados a este fin cuentan con la certificaci\u00f3n FAMI QS (Sistema Europeo de Calidad de Aditivos para Piensos y Premezclas) para su uso como aditivo en la alimentaci\u00f3n animal.<\/p>\n\t\t\t\t\t\t\t\t<\/div>\n\t\t\t\t<\/div>\n\t\t\t\t\t<\/div>\n\t\t<\/div>\n\t\t\t\t<div class=\"elementor-column elementor-col-50 elementor-top-column elementor-element elementor-element-4de10d4\" data-id=\"4de10d4\" data-element_type=\"column\" data-e-type=\"column\">\n\t\t\t<div class=\"elementor-widget-wrap elementor-element-populated\">\n\t\t\t\t\t\t<div class=\"elementor-element elementor-element-657e019 elementor-widget elementor-widget-image\" data-id=\"657e019\" data-element_type=\"widget\" data-e-type=\"widget\" data-widget_type=\"image.default\">\n\t\t\t\t<div class=\"elementor-widget-container\">\n\t\t\t\t\t\t\t\t\t\t\t\t\t\t\t<img decoding=\"async\" width=\"304\" height=\"93\" src=\"https:\/\/iqvagro.com\/wp-content\/uploads\/2020\/03\/test-logo2.png\" class=\"attachment-large size-large wp-image-7776\" alt=\"\" \/>\t\t\t\t\t\t\t\t\t\t\t\t\t\t\t<\/div>\n\t\t\t\t<\/div>\n\t\t\t\t\t<\/div>\n\t\t<\/div>\n\t\t\t\t\t<\/div>\n\t\t<\/section>\n\t\t\t\t<\/div>\n\t\t","protected":false},"excerpt":{"rendered":"<p>Aditivos nutricionales para la alimentaci\u00f3n animal Las mejores soluciones para revertir la deficiencia de cobre primaria, estimular el apetito y aumentar la tasa de crecimiento. Aditivos nutricionales base cobre. La alta calidad de nuestros productos es resultado de una formulaci\u00f3n donde los valores obtenidos ens sus especificaciones mejoran sustancialmente las especificaciones fijadas por las autoridades [&hellip;]<\/p>\n","protected":false},"author":4,"featured_media":0,"parent":0,"menu_order":0,"comment_status":"closed","ping_status":"closed","template":"","meta":{"_acf_changed":false,"footnotes":""},"class_list":["post-15507","page","type-page","status-publish","hentry"],"acf":[],"yoast_head":"<!-- This site is optimized with the Yoast SEO plugin v27.1.1 - https:\/\/yoast.com\/product\/yoast-seo-wordpress\/ -->\n<title>Feed Grade - IQV Matholding Group<\/title>\n<meta name=\"description\" content=\"Les meilleures solutions d&#039;alimentation animale pour inverser la carence primaire en cuivre, stimuler l&#039;app\u00e9tit et augmenter la croissance.\" \/>\n<meta name=\"robots\" content=\"index, follow, max-snippet:-1, max-image-preview:large, max-video-preview:-1\" \/>\n<link rel=\"canonical\" href=\"https:\/\/iqvagro.com\/tr\/hayvan-yemi\/\" \/>\n<meta property=\"og:locale\" content=\"fr_FR\" \/>\n<meta property=\"og:type\" content=\"article\" \/>\n<meta property=\"og:title\" content=\"Feed Grade - IQV Matholding Group\" \/>\n<meta property=\"og:description\" content=\"Les meilleures solutions d&#039;alimentation animale pour inverser la carence primaire en cuivre, stimuler l&#039;app\u00e9tit et augmenter la croissance.\" \/>\n<meta property=\"og:url\" content=\"https:\/\/iqvagro.com\/tr\/hayvan-yemi\/\" \/>\n<meta property=\"og:site_name\" content=\"IQV Matholding Group\" \/>\n<meta property=\"article:publisher\" content=\"https:\/\/www.facebook.com\/iqv.cropscience\" \/>\n<meta property=\"article:modified_time\" content=\"2024-07-30T17:31:24+00:00\" \/>\n<meta property=\"og:image\" content=\"https:\/\/iqvagro.com\/wp-content\/uploads\/2020\/03\/test-logo2.png\" \/>\n<meta name=\"twitter:card\" content=\"summary_large_image\" \/>\n<meta name=\"twitter:label1\" content=\"Dur\u00e9e de lecture estim\u00e9e\" \/>\n\t<meta name=\"twitter:data1\" content=\"1 minute\" \/>\n<script type=\"application\/ld+json\" class=\"yoast-schema-graph\">{\"@context\":\"https:\/\/schema.org\",\"@graph\":[{\"@type\":\"WebPage\",\"@id\":\"https:\/\/iqvagro.com\/tr\/hayvan-yemi\/\",\"url\":\"https:\/\/iqvagro.com\/tr\/hayvan-yemi\/\",\"name\":\"Feed Grade - IQV Matholding Group\",\"isPartOf\":{\"@id\":\"https:\/\/iqvagro.com\/#website\"},\"primaryImageOfPage\":{\"@id\":\"https:\/\/iqvagro.com\/tr\/hayvan-yemi\/#primaryimage\"},\"image\":{\"@id\":\"https:\/\/iqvagro.com\/tr\/hayvan-yemi\/#primaryimage\"},\"thumbnailUrl\":\"https:\/\/iqvagro.com\/wp-content\/uploads\/2020\/03\/test-logo2.png\",\"datePublished\":\"2023-02-03T20:34:01+00:00\",\"dateModified\":\"2024-07-30T17:31:24+00:00\",\"description\":\"Les meilleures solutions d'alimentation animale pour inverser la carence primaire en cuivre, stimuler l'app\u00e9tit et augmenter la croissance.\",\"breadcrumb\":{\"@id\":\"https:\/\/iqvagro.com\/tr\/hayvan-yemi\/#breadcrumb\"},\"inLanguage\":\"fr-FR\",\"potentialAction\":[{\"@type\":\"ReadAction\",\"target\":[\"https:\/\/iqvagro.com\/tr\/hayvan-yemi\/\"]}]},{\"@type\":\"ImageObject\",\"inLanguage\":\"fr-FR\",\"@id\":\"https:\/\/iqvagro.com\/tr\/hayvan-yemi\/#primaryimage\",\"url\":\"https:\/\/iqvagro.com\/wp-content\/uploads\/2020\/03\/test-logo2.png\",\"contentUrl\":\"https:\/\/iqvagro.com\/wp-content\/uploads\/2020\/03\/test-logo2.png\"},{\"@type\":\"BreadcrumbList\",\"@id\":\"https:\/\/iqvagro.com\/tr\/hayvan-yemi\/#breadcrumb\",\"itemListElement\":[{\"@type\":\"ListItem\",\"position\":1,\"name\":\"Portada\",\"item\":\"https:\/\/iqvagro.com\/fr\/\"},{\"@type\":\"ListItem\",\"position\":2,\"name\":\"Feed Grade\"}]},{\"@type\":\"WebSite\",\"@id\":\"https:\/\/iqvagro.com\/#website\",\"url\":\"https:\/\/iqvagro.com\/\",\"name\":\"IQV Matholding Group\",\"description\":\"Taking Care of Crops\",\"publisher\":{\"@id\":\"https:\/\/iqvagro.com\/#organization\"},\"potentialAction\":[{\"@type\":\"SearchAction\",\"target\":{\"@type\":\"EntryPoint\",\"urlTemplate\":\"https:\/\/iqvagro.com\/?s={search_term_string}\"},\"query-input\":{\"@type\":\"PropertyValueSpecification\",\"valueRequired\":true,\"valueName\":\"search_term_string\"}}],\"inLanguage\":\"fr-FR\"},{\"@type\":\"Organization\",\"@id\":\"https:\/\/iqvagro.com\/#organization\",\"name\":\"IQV Matholding Group\",\"url\":\"https:\/\/iqvagro.com\/\",\"logo\":{\"@type\":\"ImageObject\",\"inLanguage\":\"fr-FR\",\"@id\":\"https:\/\/iqvagro.com\/#\/schema\/logo\/image\/\",\"url\":\"https:\/\/iqvagro.com\/wp-content\/uploads\/2025\/05\/logo_IQV_new_2025.svg\",\"contentUrl\":\"https:\/\/iqvagro.com\/wp-content\/uploads\/2025\/05\/logo_IQV_new_2025.svg\",\"caption\":\"IQV Matholding Group\"},\"image\":{\"@id\":\"https:\/\/iqvagro.com\/#\/schema\/logo\/image\/\"},\"sameAs\":[\"https:\/\/www.facebook.com\/iqv.cropscience\",\"https:\/\/www.instagram.com\/iqv.cropscience\/\"]}]}<\/script>\n<!-- \/ Yoast SEO plugin. -->","yoast_head_json":{"title":"Feed Grade - IQV Matholding Group","description":"Les meilleures solutions d'alimentation animale pour inverser la carence primaire en cuivre, stimuler l'app\u00e9tit et augmenter la croissance.","robots":{"index":"index","follow":"follow","max-snippet":"max-snippet:-1","max-image-preview":"max-image-preview:large","max-video-preview":"max-video-preview:-1"},"canonical":"https:\/\/iqvagro.com\/tr\/hayvan-yemi\/","og_locale":"fr_FR","og_type":"article","og_title":"Feed Grade - IQV Matholding Group","og_description":"Les meilleures solutions d'alimentation animale pour inverser la carence primaire en cuivre, stimuler l'app\u00e9tit et augmenter la croissance.","og_url":"https:\/\/iqvagro.com\/tr\/hayvan-yemi\/","og_site_name":"IQV Matholding Group","article_publisher":"https:\/\/www.facebook.com\/iqv.cropscience","article_modified_time":"2024-07-30T17:31:24+00:00","og_image":[{"url":"https:\/\/iqvagro.com\/wp-content\/uploads\/2020\/03\/test-logo2.png","type":"","width":"","height":""}],"twitter_card":"summary_large_image","twitter_misc":{"Dur\u00e9e de lecture estim\u00e9e":"1 minute"},"schema":{"@context":"https:\/\/schema.org","@graph":[{"@type":"WebPage","@id":"https:\/\/iqvagro.com\/tr\/hayvan-yemi\/","url":"https:\/\/iqvagro.com\/tr\/hayvan-yemi\/","name":"Feed Grade - IQV Matholding Group","isPartOf":{"@id":"https:\/\/iqvagro.com\/#website"},"primaryImageOfPage":{"@id":"https:\/\/iqvagro.com\/tr\/hayvan-yemi\/#primaryimage"},"image":{"@id":"https:\/\/iqvagro.com\/tr\/hayvan-yemi\/#primaryimage"},"thumbnailUrl":"https:\/\/iqvagro.com\/wp-content\/uploads\/2020\/03\/test-logo2.png","datePublished":"2023-02-03T20:34:01+00:00","dateModified":"2024-07-30T17:31:24+00:00","description":"Les meilleures solutions d'alimentation animale pour inverser la carence primaire en cuivre, stimuler l'app\u00e9tit et augmenter la croissance.","breadcrumb":{"@id":"https:\/\/iqvagro.com\/tr\/hayvan-yemi\/#breadcrumb"},"inLanguage":"fr-FR","potentialAction":[{"@type":"ReadAction","target":["https:\/\/iqvagro.com\/tr\/hayvan-yemi\/"]}]},{"@type":"ImageObject","inLanguage":"fr-FR","@id":"https:\/\/iqvagro.com\/tr\/hayvan-yemi\/#primaryimage","url":"https:\/\/iqvagro.com\/wp-content\/uploads\/2020\/03\/test-logo2.png","contentUrl":"https:\/\/iqvagro.com\/wp-content\/uploads\/2020\/03\/test-logo2.png"},{"@type":"BreadcrumbList","@id":"https:\/\/iqvagro.com\/tr\/hayvan-yemi\/#breadcrumb","itemListElement":[{"@type":"ListItem","position":1,"name":"Portada","item":"https:\/\/iqvagro.com\/fr\/"},{"@type":"ListItem","position":2,"name":"Feed Grade"}]},{"@type":"WebSite","@id":"https:\/\/iqvagro.com\/#website","url":"https:\/\/iqvagro.com\/","name":"IQV Matholding Group","description":"Taking Care of Crops","publisher":{"@id":"https:\/\/iqvagro.com\/#organization"},"potentialAction":[{"@type":"SearchAction","target":{"@type":"EntryPoint","urlTemplate":"https:\/\/iqvagro.com\/?s={search_term_string}"},"query-input":{"@type":"PropertyValueSpecification","valueRequired":true,"valueName":"search_term_string"}}],"inLanguage":"fr-FR"},{"@type":"Organization","@id":"https:\/\/iqvagro.com\/#organization","name":"IQV Matholding Group","url":"https:\/\/iqvagro.com\/","logo":{"@type":"ImageObject","inLanguage":"fr-FR","@id":"https:\/\/iqvagro.com\/#\/schema\/logo\/image\/","url":"https:\/\/iqvagro.com\/wp-content\/uploads\/2025\/05\/logo_IQV_new_2025.svg","contentUrl":"https:\/\/iqvagro.com\/wp-content\/uploads\/2025\/05\/logo_IQV_new_2025.svg","caption":"IQV Matholding Group"},"image":{"@id":"https:\/\/iqvagro.com\/#\/schema\/logo\/image\/"},"sameAs":["https:\/\/www.facebook.com\/iqv.cropscience","https:\/\/www.instagram.com\/iqv.cropscience\/"]}]}},"_links":{"self":[{"href":"https:\/\/iqvagro.com\/fr\/wp-json\/wp\/v2\/pages\/15507","targetHints":{"allow":["GET"]}}],"collection":[{"href":"https:\/\/iqvagro.com\/fr\/wp-json\/wp\/v2\/pages"}],"about":[{"href":"https:\/\/iqvagro.com\/fr\/wp-json\/wp\/v2\/types\/page"}],"author":[{"embeddable":true,"href":"https:\/\/iqvagro.com\/fr\/wp-json\/wp\/v2\/users\/4"}],"replies":[{"embeddable":true,"href":"https:\/\/iqvagro.com\/fr\/wp-json\/wp\/v2\/comments?post=15507"}],"version-history":[{"count":0,"href":"https:\/\/iqvagro.com\/fr\/wp-json\/wp\/v2\/pages\/15507\/revisions"}],"wp:attachment":[{"href":"https:\/\/iqvagro.com\/fr\/wp-json\/wp\/v2\/media?parent=15507"}],"curies":[{"name":"wp","href":"https:\/\/api.w.org\/{rel}","templated":true}]}}