{"id":15500,"date":"2023-02-03T19:34:45","date_gmt":"2023-02-03T18:34:45","guid":{"rendered":"https:\/\/iqvagro.com\/contact-2\/"},"modified":"2024-10-31T11:33:27","modified_gmt":"2024-10-31T10:33:27","slug":"contact-2","status":"publish","type":"page","link":"https:\/\/iqvagro.com\/fr\/contact-2\/","title":{"rendered":"Contact"},"content":{"rendered":"\t\t<div data-elementor-type=\"wp-page\" data-elementor-id=\"15500\" class=\"elementor elementor-15500 elementor-14147\" data-elementor-post-type=\"page\">\n\t\t\t\t\t\t<section class=\"elementor-section elementor-top-section elementor-element elementor-element-cc98cc9 elementor-section-boxed elementor-section-height-default elementor-section-height-default\" data-id=\"cc98cc9\" data-element_type=\"section\" data-e-type=\"section\" data-settings=\"{&quot;background_background&quot;:&quot;classic&quot;}\">\n\t\t\t\t\t\t\t<div class=\"elementor-background-overlay\"><\/div>\n\t\t\t\t\t\t\t<div class=\"elementor-container elementor-column-gap-default\">\n\t\t\t\t\t<div class=\"elementor-column elementor-col-100 elementor-top-column elementor-element elementor-element-3974963\" data-id=\"3974963\" data-element_type=\"column\" data-e-type=\"column\">\n\t\t\t<div class=\"elementor-widget-wrap elementor-element-populated\">\n\t\t\t\t\t\t<div class=\"elementor-element elementor-element-08b73bf elementor-widget elementor-widget-heading\" data-id=\"08b73bf\" data-element_type=\"widget\" data-e-type=\"widget\" data-widget_type=\"heading.default\">\n\t\t\t\t<div class=\"elementor-widget-container\">\n\t\t\t\t\t<h1 class=\"elementor-heading-title elementor-size-default\">Contact<\/h1>\t\t\t\t<\/div>\n\t\t\t\t<\/div>\n\t\t\t\t<div class=\"elementor-element elementor-element-37b9920 elementor-widget elementor-widget-heading\" data-id=\"37b9920\" data-element_type=\"widget\" data-e-type=\"widget\" data-widget_type=\"heading.default\">\n\t\t\t\t<div class=\"elementor-widget-container\">\n\t\t\t\t\t<span class=\"elementor-heading-title elementor-size-default\">IQV<\/span>\t\t\t\t<\/div>\n\t\t\t\t<\/div>\n\t\t\t\t\t<\/div>\n\t\t<\/div>\n\t\t\t\t\t<\/div>\n\t\t<\/section>\n\t\t\t\t<section class=\"elementor-section elementor-top-section elementor-element elementor-element-e147173 elementor-section-boxed elementor-section-height-default elementor-section-height-default\" data-id=\"e147173\" data-element_type=\"section\" data-e-type=\"section\">\n\t\t\t\t\t\t<div class=\"elementor-container elementor-column-gap-default\">\n\t\t\t\t\t<div class=\"elementor-column elementor-col-33 elementor-top-column elementor-element elementor-element-04a6754\" data-id=\"04a6754\" data-element_type=\"column\" data-e-type=\"column\">\n\t\t\t<div class=\"elementor-widget-wrap elementor-element-populated\">\n\t\t\t\t\t\t<div class=\"elementor-element elementor-element-cf2be4b elementor-widget elementor-widget-heading\" data-id=\"cf2be4b\" data-element_type=\"widget\" data-e-type=\"widget\" data-widget_type=\"heading.default\">\n\t\t\t\t<div class=\"elementor-widget-container\">\n\t\t\t\t\t<h2 class=\"elementor-heading-title elementor-size-default\">Si\u00e8ge Central<\/h2>\t\t\t\t<\/div>\n\t\t\t\t<\/div>\n\t\t\t\t<div class=\"elementor-element elementor-element-9f15d7c elementor-widget elementor-widget-text-editor\" data-id=\"9f15d7c\" data-element_type=\"widget\" data-e-type=\"widget\" data-widget_type=\"text-editor.default\">\n\t\t\t\t<div class=\"elementor-widget-container\">\n\t\t\t\t\t\t\t\t\t<p><a href=\"https:\/\/goo.gl\/maps\/1oiR9RmXoNYzDDob6\">Avda. Rafael Casanova, 81<\/a><br \/>08100 Mollet del Vall\u00e9s<br \/>(Barcelona) Espa\u00f1a<br \/>Tel.: 0034935796677<br \/>Fax: 0034935791722<br \/><a href=\"mailto:iqv@iqvagro.com\">iqv@iqvagro.com<\/a><\/p>\n\t\t\t\t\t\t\t\t<\/div>\n\t\t\t\t<\/div>\n\t\t\t\t\t<\/div>\n\t\t<\/div>\n\t\t\t\t<div class=\"elementor-column elementor-col-66 elementor-top-column elementor-element elementor-element-bc29009\" data-id=\"bc29009\" data-element_type=\"column\" data-e-type=\"column\">\n\t\t\t<div class=\"elementor-widget-wrap elementor-element-populated\">\n\t\t\t\t\t\t<div class=\"elementor-element elementor-element-f6e4346 elementor-widget elementor-widget-html\" data-id=\"f6e4346\" data-element_type=\"widget\" data-e-type=\"widget\" data-widget_type=\"html.default\">\n\t\t\t\t<div class=\"elementor-widget-container\">\n\t\t\t\t\t<iframe src=\"https:\/\/www.google.com\/maps\/embed?pb=!1m18!1m12!1m3!1d2986.4662964288536!2d2.2035833!3d41.53750000000001!2m3!1f0!2f0!3f0!3m2!1i1024!2i768!4f13.1!3m3!1m2!1s0x0%3A0xc0ad3502c82652b3!2zNDHCsDMyJzE1LjAiTiAywrAxMicxMi45IkU!5e0!3m2!1sca!2ses!4v1673543254353!5m2!1sca!2ses\" width=\"100%\" height=\"350\" style=\"border:0;\" allowfullscreen=\"\" loading=\"lazy\" referrerpolicy=\"no-referrer-when-downgrade\"><\/iframe>\t\t\t\t<\/div>\n\t\t\t\t<\/div>\n\t\t\t\t\t<\/div>\n\t\t<\/div>\n\t\t\t\t\t<\/div>\n\t\t<\/section>\n\t\t\t\t<section class=\"elementor-section elementor-top-section elementor-element elementor-element-f4034d4 elementor-section-boxed elementor-section-height-default elementor-section-height-default\" data-id=\"f4034d4\" data-element_type=\"section\" data-e-type=\"section\" data-settings=\"{&quot;background_background&quot;:&quot;classic&quot;}\">\n\t\t\t\t\t\t<div class=\"elementor-container elementor-column-gap-default\">\n\t\t\t\t\t<div class=\"elementor-column elementor-col-100 elementor-top-column elementor-element elementor-element-beb51f0\" data-id=\"beb51f0\" data-element_type=\"column\" data-e-type=\"column\">\n\t\t\t<div class=\"elementor-widget-wrap elementor-element-populated\">\n\t\t\t\t\t\t<div class=\"elementor-element elementor-element-fab0729 elementor-view-default elementor-position-block-start elementor-mobile-position-block-start elementor-widget elementor-widget-icon-box\" data-id=\"fab0729\" data-element_type=\"widget\" data-e-type=\"widget\" data-widget_type=\"icon-box.default\">\n\t\t\t\t<div class=\"elementor-widget-container\">\n\t\t\t\t\t\t\t<div class=\"elementor-icon-box-wrapper\">\n\n\t\t\t\t\t\t<div class=\"elementor-icon-box-icon\">\n\t\t\t\t<span  class=\"elementor-icon\">\n\t\t\t\t<i aria-hidden=\"true\" class=\"fas fa-map-marker-alt\"><\/i>\t\t\t\t<\/span>\n\t\t\t<\/div>\n\t\t\t\n\t\t\t\t\t\t<div class=\"elementor-icon-box-content\">\n\n\t\t\t\t\t\t\t\t\t<h3 class=\"elementor-icon-box-title\">\n\t\t\t\t\t\t<span  >\n\t\t\t\t\t\t\tEmplacements\t\t\t\t\t\t<\/span>\n\t\t\t\t\t<\/h3>\n\t\t\t\t\n\t\t\t\t\t\t\t\t\t<p class=\"elementor-icon-box-description\">\n\t\t\t\t\t\tUsines de production et si\u00e8ge international\r\n\t\t\t\t\t<\/p>\n\t\t\t\t\n\t\t\t<\/div>\n\t\t\t\n\t\t<\/div>\n\t\t\t\t\t\t<\/div>\n\t\t\t\t<\/div>\n\t\t\t\t<section class=\"elementor-section elementor-inner-section elementor-element elementor-element-080a06b elementor-section-boxed elementor-section-height-default elementor-section-height-default\" data-id=\"080a06b\" data-element_type=\"section\" data-e-type=\"section\">\n\t\t\t\t\t\t<div class=\"elementor-container elementor-column-gap-default\">\n\t\t\t\t\t<div class=\"elementor-column elementor-col-20 elementor-inner-column elementor-element elementor-element-566f6c1\" data-id=\"566f6c1\" data-element_type=\"column\" data-e-type=\"column\">\n\t\t\t<div class=\"elementor-widget-wrap elementor-element-populated\">\n\t\t\t\t\t\t<div class=\"elementor-element elementor-element-ebd1efb elementor-widget elementor-widget-text-editor\" data-id=\"ebd1efb\" data-element_type=\"widget\" data-e-type=\"widget\" data-widget_type=\"text-editor.default\">\n\t\t\t\t<div class=\"elementor-widget-container\">\n\t\t\t\t\t\t\t\t\t<p><strong>IQV, Usine de Synth\u00e8se<\/strong><\/p>\n<p><a href=\"https:\/\/www.google.es\/maps\/place\/41%C2%B032'15.0%22N+2%C2%B012'12.9%22E\/@41.5375,2.20139,17z\/data=!3m1!4b1!4m5!3m4!1s0x0:0x0!8m2!3d41.5375!4d2.203584?hl=ca&amp;authuser=0\">Avda. Rafael Casanova, 81<\/a><br \/>08100 Mollet del Vall\u00e9s (Barcelona) Espa\u00f1a<br \/>Tel: 0034935445761<br \/><a href=\"mailto:industry@iqvagro.com\">industry@iqvagro.com<\/a><\/p>\n\t\t\t\t\t\t\t\t<\/div>\n\t\t\t\t<\/div>\n\t\t\t\t<div class=\"elementor-element elementor-element-97ff56a elementor-widget-divider--view-line elementor-widget elementor-widget-divider\" data-id=\"97ff56a\" data-element_type=\"widget\" data-e-type=\"widget\" data-widget_type=\"divider.default\">\n\t\t\t\t<div class=\"elementor-widget-container\">\n\t\t\t\t\t\t\t<div class=\"elementor-divider\">\n\t\t\t<span class=\"elementor-divider-separator\">\n\t\t\t\t\t\t<\/span>\n\t\t<\/div>\n\t\t\t\t\t\t<\/div>\n\t\t\t\t<\/div>\n\t\t\t\t<div class=\"elementor-element elementor-element-c0b0ddb elementor-widget elementor-widget-text-editor\" data-id=\"c0b0ddb\" data-element_type=\"widget\" data-e-type=\"widget\" data-widget_type=\"text-editor.default\">\n\t\t\t\t<div class=\"elementor-widget-container\">\n\t\t\t\t\t\t\t\t\t<p><strong>IQV, Toll manufacturing, logistique et laboratoire BPL<\/strong><\/p>\n<p>Pol\u00edgono Industrial Castilla, Vial 1, Parcela 19B<br \/>46380 Cheste (Valencia) Espa\u00f1a<br \/>Tel.: 0034962514242<br \/>Fax: 0034962511302<br \/><a href=\"mailto:tolling@iqvagro.com\">tolling@iqvagro.com<\/a><\/p>\n\t\t\t\t\t\t\t\t<\/div>\n\t\t\t\t<\/div>\n\t\t\t\t\t<\/div>\n\t\t<\/div>\n\t\t\t\t<div class=\"elementor-column elementor-col-20 elementor-inner-column elementor-element elementor-element-c97716e\" data-id=\"c97716e\" data-element_type=\"column\" data-e-type=\"column\">\n\t\t\t<div class=\"elementor-widget-wrap elementor-element-populated\">\n\t\t\t\t\t\t<div class=\"elementor-element elementor-element-d247706 elementor-widget elementor-widget-text-editor\" data-id=\"d247706\" data-element_type=\"widget\" data-e-type=\"widget\" data-widget_type=\"text-editor.default\">\n\t\t\t\t<div class=\"elementor-widget-container\">\n\t\t\t\t\t\t\t\t\t<p><strong>IQV Industrie<\/strong><\/p>\n<p><a href=\"https:\/\/www.google.es\/maps\/place\/41%C2%B032'15.0%22N+2%C2%B012'12.9%22E\/@41.5375,2.20139,17z\/data=!3m1!4b1!4m5!3m4!1s0x0:0x0!8m2!3d41.5375!4d2.203584?hl=ca&amp;authuser=0\">Avda. Rafael Casanova, 81<\/a><br \/>08100 Mollet del Vall\u00e9s (Barcelona) Espa\u00f1a<br \/>Tel.: 0034935445761<br \/><a href=\"mailto:industry@iqvagro.com\">industry@iqvagro.com<\/a><\/p>\n\t\t\t\t\t\t\t\t<\/div>\n\t\t\t\t<\/div>\n\t\t\t\t\t<\/div>\n\t\t<\/div>\n\t\t\t\t<div class=\"elementor-column elementor-col-20 elementor-inner-column elementor-element elementor-element-a1bad75\" data-id=\"a1bad75\" data-element_type=\"column\" data-e-type=\"column\">\n\t\t\t<div class=\"elementor-widget-wrap elementor-element-populated\">\n\t\t\t\t\t\t<div class=\"elementor-element elementor-element-e1ad716 elementor-widget elementor-widget-text-editor\" data-id=\"e1ad716\" data-element_type=\"widget\" data-e-type=\"widget\" data-widget_type=\"text-editor.default\">\n\t\t\t\t<div class=\"elementor-widget-container\">\n\t\t\t\t\t\t\t\t\t<p><strong>IQV Agro International<\/strong><\/p>\n<p><a href=\"https:\/\/www.google.es\/maps\/place\/41%C2%B032'15.0%22N+2%C2%B012'12.9%22E\/@41.5375,2.20139,17z\/data=!3m1!4b1!4m5!3m4!1s0x0:0x0!8m2!3d41.5375!4d2.203584?hl=ca&amp;authuser=0\">Avda. Rafael Casanova, 81<\/a><br \/>08100 Mollet del Vall\u00e9s (Barcelona) Espa\u00f1a<br \/>Tel. 0034935796696<br \/><a href=\"mailto:international@iqvagro.com\">international@iqvagro.com<\/a><\/p>\n\t\t\t\t\t\t\t\t<\/div>\n\t\t\t\t<\/div>\n\t\t\t\t<div class=\"elementor-element elementor-element-090d60e elementor-widget-divider--view-line elementor-widget elementor-widget-divider\" data-id=\"090d60e\" data-element_type=\"widget\" data-e-type=\"widget\" data-widget_type=\"divider.default\">\n\t\t\t\t<div class=\"elementor-widget-container\">\n\t\t\t\t\t\t\t<div class=\"elementor-divider\">\n\t\t\t<span class=\"elementor-divider-separator\">\n\t\t\t\t\t\t<\/span>\n\t\t<\/div>\n\t\t\t\t\t\t<\/div>\n\t\t\t\t<\/div>\n\t\t\t\t<div class=\"elementor-element elementor-element-2be252a elementor-widget elementor-widget-text-editor\" data-id=\"2be252a\" data-element_type=\"widget\" data-e-type=\"widget\" data-widget_type=\"text-editor.default\">\n\t\t\t\t<div class=\"elementor-widget-container\">\n\t\t\t\t\t\t\t\t\t<p><strong>IQV\u00a0China<\/strong><br \/>Tel.: 0034609176000<br \/>Tel.: 008613240464949<br \/><a href=\"mailto:china@iqvagro.com\">china@iqvagro.com<\/a><\/p>\n\t\t\t\t\t\t\t\t<\/div>\n\t\t\t\t<\/div>\n\t\t\t\t<div class=\"elementor-element elementor-element-5ac5eaf elementor-widget-divider--view-line elementor-widget elementor-widget-divider\" data-id=\"5ac5eaf\" data-element_type=\"widget\" data-e-type=\"widget\" data-widget_type=\"divider.default\">\n\t\t\t\t<div class=\"elementor-widget-container\">\n\t\t\t\t\t\t\t<div class=\"elementor-divider\">\n\t\t\t<span class=\"elementor-divider-separator\">\n\t\t\t\t\t\t<\/span>\n\t\t<\/div>\n\t\t\t\t\t\t<\/div>\n\t\t\t\t<\/div>\n\t\t\t\t<div class=\"elementor-element elementor-element-2ef28f5 elementor-widget elementor-widget-text-editor\" data-id=\"2ef28f5\" data-element_type=\"widget\" data-e-type=\"widget\" data-widget_type=\"text-editor.default\">\n\t\t\t\t<div class=\"elementor-widget-container\">\n\t\t\t\t\t\t\t\t\t<p><strong>IQV USA<\/strong><\/p>\n<p>Tel: 0034935796683<br \/>Tel.: 0012294600910<br \/><a href=\"mailto:usa@iqvagro.com\">usa@iqvagro.com<\/a><\/p>\n\t\t\t\t\t\t\t\t<\/div>\n\t\t\t\t<\/div>\n\t\t\t\t\t<\/div>\n\t\t<\/div>\n\t\t\t\t<div class=\"elementor-column elementor-col-20 elementor-inner-column elementor-element elementor-element-82dabba\" data-id=\"82dabba\" data-element_type=\"column\" data-e-type=\"column\">\n\t\t\t<div class=\"elementor-widget-wrap elementor-element-populated\">\n\t\t\t\t\t\t<div class=\"elementor-element elementor-element-a497806 elementor-widget elementor-widget-text-editor\" data-id=\"a497806\" data-element_type=\"widget\" data-e-type=\"widget\" data-widget_type=\"text-editor.default\">\n\t\t\t\t<div class=\"elementor-widget-container\">\n\t\t\t\t\t\t\t\t\t<p><strong>IQV Italia<\/strong><br \/>Tel.: 0034935445761<br \/><a href=\"mailto:italy@iqvagro.com\">italy@iqvagro.com<\/a><\/p>\n\t\t\t\t\t\t\t\t<\/div>\n\t\t\t\t<\/div>\n\t\t\t\t<div class=\"elementor-element elementor-element-be0f814 elementor-widget-divider--view-line elementor-widget elementor-widget-divider\" data-id=\"be0f814\" data-element_type=\"widget\" data-e-type=\"widget\" data-widget_type=\"divider.default\">\n\t\t\t\t<div class=\"elementor-widget-container\">\n\t\t\t\t\t\t\t<div class=\"elementor-divider\">\n\t\t\t<span class=\"elementor-divider-separator\">\n\t\t\t\t\t\t<\/span>\n\t\t<\/div>\n\t\t\t\t\t\t<\/div>\n\t\t\t\t<\/div>\n\t\t\t\t<div class=\"elementor-element elementor-element-98d794b elementor-widget elementor-widget-text-editor\" data-id=\"98d794b\" data-element_type=\"widget\" data-e-type=\"widget\" data-widget_type=\"text-editor.default\">\n\t\t\t\t<div class=\"elementor-widget-container\">\n\t\t\t\t\t\t\t\t\t<p><strong>IQV T\u00fcrkiye<\/strong><br \/><a href=\"https:\/\/iqvagro.com\/tr-tr\/\">https:\/\/iqvagro.com\/tr-tr\/<\/a><\/p>\t\t\t\t\t\t\t\t<\/div>\n\t\t\t\t<\/div>\n\t\t\t\t\t<\/div>\n\t\t<\/div>\n\t\t\t\t<div class=\"elementor-column elementor-col-20 elementor-inner-column elementor-element elementor-element-b35e85f\" data-id=\"b35e85f\" data-element_type=\"column\" data-e-type=\"column\">\n\t\t\t<div class=\"elementor-widget-wrap elementor-element-populated\">\n\t\t\t\t\t\t<div class=\"elementor-element elementor-element-999542a elementor-widget elementor-widget-text-editor\" data-id=\"999542a\" data-element_type=\"widget\" data-e-type=\"widget\" data-widget_type=\"text-editor.default\">\n\t\t\t\t<div class=\"elementor-widget-container\">\n\t\t\t\t\t\t\t\t\t<p><strong>IQV Agro Espa\u00f1a<\/strong><br \/><a href=\"https:\/\/www.google.es\/maps\/place\/Avinguda+de+Rafael+Casanova,+81,+08100+Mollet+del+Vall%C3%A8s,+Barcelona\/@41.537464,2.2010353,17z\/data=!3m1!4b1!4m5!3m4!1s0x12a4bede2b837d45:0x57145111e5de61f2!8m2!3d41.537464!4d2.2032293?hl=ca&amp;authuser=0\">Avda. Rafael Casanova, 81<\/a><br \/>08100 Mollet del Vall\u00e9s, Espa\u00f1a<br \/>Tel. 0034935796694<br \/><a href=\"mailto:espana@iqvagro.com\">espana@iqvagro.com<\/a><br \/><a href=\"https:\/\/www.iqvagro.es\/\">www.iqvagro.es<\/a><\/p>\n\t\t\t\t\t\t\t\t<\/div>\n\t\t\t\t<\/div>\n\t\t\t\t<div class=\"elementor-element elementor-element-73c11ba elementor-widget-divider--view-line elementor-widget elementor-widget-divider\" data-id=\"73c11ba\" data-element_type=\"widget\" data-e-type=\"widget\" data-widget_type=\"divider.default\">\n\t\t\t\t<div class=\"elementor-widget-container\">\n\t\t\t\t\t\t\t<div class=\"elementor-divider\">\n\t\t\t<span class=\"elementor-divider-separator\">\n\t\t\t\t\t\t<\/span>\n\t\t<\/div>\n\t\t\t\t\t\t<\/div>\n\t\t\t\t<\/div>\n\t\t\t\t<div class=\"elementor-element elementor-element-5e20a33 elementor-widget elementor-widget-text-editor\" data-id=\"5e20a33\" data-element_type=\"widget\" data-e-type=\"widget\" data-widget_type=\"text-editor.default\">\n\t\t\t\t<div class=\"elementor-widget-container\">\n\t\t\t\t\t\t\t\t\t<p><strong>IQV Agro Portugal<\/strong><br \/><a href=\"https:\/\/www.google.es\/maps\/place\/IQV+Agro+Portugal+SA\/@41.5478752,-8.4111607,17z\/data=!3m1!4b1!4m5!3m4!1s0xd24febc98db0847:0x3c4b199dab6188de!8m2!3d41.5478752!4d-8.4089667?hl=ca&amp;authuser=0\">Rua Bernardo Sequeira, N\u00ba 16, Sala 5<\/a><br \/>4715-671 Braga, Portugal<br \/>Tel: 00351253217304<br \/><a href=\"mailto:portugal@iqvagro.com\">portugal@iqvagro.com<\/a><br \/><a href=\"http:\/\/www.iqvagro.pt\/\">www.iqvagro.pt<\/a><\/p>\n\t\t\t\t\t\t\t\t<\/div>\n\t\t\t\t<\/div>\n\t\t\t\t\t<\/div>\n\t\t<\/div>\n\t\t\t\t\t<\/div>\n\t\t<\/section>\n\t\t\t\t\t<\/div>\n\t\t<\/div>\n\t\t\t\t\t<\/div>\n\t\t<\/section>\n\t\t\t\t<\/div>\n\t\t","protected":false},"excerpt":{"rendered":"<p>IQV Si\u00e8ge Central Avda. Rafael Casanova, 8108100 Mollet del Vall\u00e9s(Barcelona) Espa\u00f1aTel.: 0034935796677Fax: 0034935791722iqv@iqvagro.com Emplacements Usines de production et si\u00e8ge international IQV, Usine de Synth\u00e8se Avda. Rafael Casanova, 8108100 Mollet del Vall\u00e9s (Barcelona) Espa\u00f1aTel: 0034935445761industry@iqvagro.com IQV, Toll manufacturing, logistique et laboratoire BPL Pol\u00edgono Industrial Castilla, Vial 1, Parcela 19B46380 Cheste (Valencia) Espa\u00f1aTel.: 0034962514242Fax: 0034962511302tolling@iqvagro.com IQV Industrie [&hellip;]<\/p>\n","protected":false},"author":4,"featured_media":0,"parent":0,"menu_order":0,"comment_status":"closed","ping_status":"closed","template":"","meta":{"_acf_changed":false,"footnotes":""},"class_list":["post-15500","page","type-page","status-publish","hentry"],"acf":[],"yoast_head":"<!-- This site is optimized with the Yoast SEO plugin v27.1.1 - https:\/\/yoast.com\/product\/yoast-seo-wordpress\/ -->\n<title>Contact - IQV Matholding Group<\/title>\n<meta name=\"description\" content=\"Contactez IQV pour demander plus d&#039;informations ou pour toute question que vous pourriez avoir concernant nos produits.\" \/>\n<meta name=\"robots\" content=\"index, follow, max-snippet:-1, max-image-preview:large, max-video-preview:-1\" \/>\n<link rel=\"canonical\" href=\"https:\/\/iqvagro.com\/fr\/contact-2\/\" \/>\n<meta property=\"og:locale\" content=\"fr_FR\" \/>\n<meta property=\"og:type\" content=\"article\" \/>\n<meta property=\"og:title\" content=\"Contact - IQV Matholding Group\" \/>\n<meta property=\"og:description\" content=\"Contactez IQV pour demander plus d&#039;informations ou pour toute question que vous pourriez avoir concernant nos produits.\" \/>\n<meta property=\"og:url\" content=\"https:\/\/iqvagro.com\/fr\/contact-2\/\" \/>\n<meta property=\"og:site_name\" content=\"IQV Matholding Group\" \/>\n<meta property=\"article:publisher\" content=\"https:\/\/www.facebook.com\/iqv.cropscience\" \/>\n<meta property=\"article:modified_time\" content=\"2024-10-31T10:33:27+00:00\" \/>\n<meta name=\"twitter:card\" content=\"summary_large_image\" \/>\n<meta name=\"twitter:label1\" content=\"Dur\u00e9e de lecture estim\u00e9e\" \/>\n\t<meta name=\"twitter:data1\" content=\"1 minute\" \/>\n<script type=\"application\/ld+json\" class=\"yoast-schema-graph\">{\"@context\":\"https:\/\/schema.org\",\"@graph\":[{\"@type\":\"WebPage\",\"@id\":\"https:\/\/iqvagro.com\/fr\/contact-2\/\",\"url\":\"https:\/\/iqvagro.com\/fr\/contact-2\/\",\"name\":\"Contact - IQV Matholding Group\",\"isPartOf\":{\"@id\":\"https:\/\/iqvagro.com\/#website\"},\"datePublished\":\"2023-02-03T18:34:45+00:00\",\"dateModified\":\"2024-10-31T10:33:27+00:00\",\"description\":\"Contactez IQV pour demander plus d'informations ou pour toute question que vous pourriez avoir concernant nos produits.\",\"breadcrumb\":{\"@id\":\"https:\/\/iqvagro.com\/fr\/contact-2\/#breadcrumb\"},\"inLanguage\":\"fr-FR\",\"potentialAction\":[{\"@type\":\"ReadAction\",\"target\":[\"https:\/\/iqvagro.com\/fr\/contact-2\/\"]}]},{\"@type\":\"BreadcrumbList\",\"@id\":\"https:\/\/iqvagro.com\/fr\/contact-2\/#breadcrumb\",\"itemListElement\":[{\"@type\":\"ListItem\",\"position\":1,\"name\":\"Portada\",\"item\":\"https:\/\/iqvagro.com\/fr\/\"},{\"@type\":\"ListItem\",\"position\":2,\"name\":\"Contact\"}]},{\"@type\":\"WebSite\",\"@id\":\"https:\/\/iqvagro.com\/#website\",\"url\":\"https:\/\/iqvagro.com\/\",\"name\":\"IQV Matholding Group\",\"description\":\"Taking Care of Crops\",\"publisher\":{\"@id\":\"https:\/\/iqvagro.com\/#organization\"},\"potentialAction\":[{\"@type\":\"SearchAction\",\"target\":{\"@type\":\"EntryPoint\",\"urlTemplate\":\"https:\/\/iqvagro.com\/?s={search_term_string}\"},\"query-input\":{\"@type\":\"PropertyValueSpecification\",\"valueRequired\":true,\"valueName\":\"search_term_string\"}}],\"inLanguage\":\"fr-FR\"},{\"@type\":\"Organization\",\"@id\":\"https:\/\/iqvagro.com\/#organization\",\"name\":\"IQV Matholding Group\",\"url\":\"https:\/\/iqvagro.com\/\",\"logo\":{\"@type\":\"ImageObject\",\"inLanguage\":\"fr-FR\",\"@id\":\"https:\/\/iqvagro.com\/#\/schema\/logo\/image\/\",\"url\":\"https:\/\/iqvagro.com\/wp-content\/uploads\/2025\/05\/logo_IQV_new_2025.svg\",\"contentUrl\":\"https:\/\/iqvagro.com\/wp-content\/uploads\/2025\/05\/logo_IQV_new_2025.svg\",\"caption\":\"IQV Matholding Group\"},\"image\":{\"@id\":\"https:\/\/iqvagro.com\/#\/schema\/logo\/image\/\"},\"sameAs\":[\"https:\/\/www.facebook.com\/iqv.cropscience\",\"https:\/\/www.instagram.com\/iqv.cropscience\/\"]}]}<\/script>\n<!-- \/ Yoast SEO plugin. -->","yoast_head_json":{"title":"Contact - IQV Matholding Group","description":"Contactez IQV pour demander plus d'informations ou pour toute question que vous pourriez avoir concernant nos produits.","robots":{"index":"index","follow":"follow","max-snippet":"max-snippet:-1","max-image-preview":"max-image-preview:large","max-video-preview":"max-video-preview:-1"},"canonical":"https:\/\/iqvagro.com\/fr\/contact-2\/","og_locale":"fr_FR","og_type":"article","og_title":"Contact - IQV Matholding Group","og_description":"Contactez IQV pour demander plus d'informations ou pour toute question que vous pourriez avoir concernant nos produits.","og_url":"https:\/\/iqvagro.com\/fr\/contact-2\/","og_site_name":"IQV Matholding Group","article_publisher":"https:\/\/www.facebook.com\/iqv.cropscience","article_modified_time":"2024-10-31T10:33:27+00:00","twitter_card":"summary_large_image","twitter_misc":{"Dur\u00e9e de lecture estim\u00e9e":"1 minute"},"schema":{"@context":"https:\/\/schema.org","@graph":[{"@type":"WebPage","@id":"https:\/\/iqvagro.com\/fr\/contact-2\/","url":"https:\/\/iqvagro.com\/fr\/contact-2\/","name":"Contact - IQV Matholding Group","isPartOf":{"@id":"https:\/\/iqvagro.com\/#website"},"datePublished":"2023-02-03T18:34:45+00:00","dateModified":"2024-10-31T10:33:27+00:00","description":"Contactez IQV pour demander plus d'informations ou pour toute question que vous pourriez avoir concernant nos produits.","breadcrumb":{"@id":"https:\/\/iqvagro.com\/fr\/contact-2\/#breadcrumb"},"inLanguage":"fr-FR","potentialAction":[{"@type":"ReadAction","target":["https:\/\/iqvagro.com\/fr\/contact-2\/"]}]},{"@type":"BreadcrumbList","@id":"https:\/\/iqvagro.com\/fr\/contact-2\/#breadcrumb","itemListElement":[{"@type":"ListItem","position":1,"name":"Portada","item":"https:\/\/iqvagro.com\/fr\/"},{"@type":"ListItem","position":2,"name":"Contact"}]},{"@type":"WebSite","@id":"https:\/\/iqvagro.com\/#website","url":"https:\/\/iqvagro.com\/","name":"IQV Matholding Group","description":"Taking Care of Crops","publisher":{"@id":"https:\/\/iqvagro.com\/#organization"},"potentialAction":[{"@type":"SearchAction","target":{"@type":"EntryPoint","urlTemplate":"https:\/\/iqvagro.com\/?s={search_term_string}"},"query-input":{"@type":"PropertyValueSpecification","valueRequired":true,"valueName":"search_term_string"}}],"inLanguage":"fr-FR"},{"@type":"Organization","@id":"https:\/\/iqvagro.com\/#organization","name":"IQV Matholding Group","url":"https:\/\/iqvagro.com\/","logo":{"@type":"ImageObject","inLanguage":"fr-FR","@id":"https:\/\/iqvagro.com\/#\/schema\/logo\/image\/","url":"https:\/\/iqvagro.com\/wp-content\/uploads\/2025\/05\/logo_IQV_new_2025.svg","contentUrl":"https:\/\/iqvagro.com\/wp-content\/uploads\/2025\/05\/logo_IQV_new_2025.svg","caption":"IQV Matholding Group"},"image":{"@id":"https:\/\/iqvagro.com\/#\/schema\/logo\/image\/"},"sameAs":["https:\/\/www.facebook.com\/iqv.cropscience","https:\/\/www.instagram.com\/iqv.cropscience\/"]}]}},"_links":{"self":[{"href":"https:\/\/iqvagro.com\/fr\/wp-json\/wp\/v2\/pages\/15500","targetHints":{"allow":["GET"]}}],"collection":[{"href":"https:\/\/iqvagro.com\/fr\/wp-json\/wp\/v2\/pages"}],"about":[{"href":"https:\/\/iqvagro.com\/fr\/wp-json\/wp\/v2\/types\/page"}],"author":[{"embeddable":true,"href":"https:\/\/iqvagro.com\/fr\/wp-json\/wp\/v2\/users\/4"}],"replies":[{"embeddable":true,"href":"https:\/\/iqvagro.com\/fr\/wp-json\/wp\/v2\/comments?post=15500"}],"version-history":[{"count":0,"href":"https:\/\/iqvagro.com\/fr\/wp-json\/wp\/v2\/pages\/15500\/revisions"}],"wp:attachment":[{"href":"https:\/\/iqvagro.com\/fr\/wp-json\/wp\/v2\/media?parent=15500"}],"curies":[{"name":"wp","href":"https:\/\/api.w.org\/{rel}","templated":true}]}}