{"id":13366,"date":"2021-01-13T20:44:32","date_gmt":"2021-01-13T19:44:32","guid":{"rendered":"https:\/\/iqvagro.com\/politica-de-cookies\/"},"modified":"2023-05-22T10:40:59","modified_gmt":"2023-05-22T08:40:59","slug":"politique-de-cookies","status":"publish","type":"page","link":"https:\/\/iqvagro.com\/fr\/politique-de-cookies\/","title":{"rendered":"Politique de cookies"},"content":{"rendered":"<h1>Politique en mati\u00e8re de cookies :<\/h1>\n<p><strong><em>Qu&rsquo;est-ce que sont<\/em><\/strong><strong><em> les cookies ?<\/em><\/strong><\/p>\n<p>Ce site web utilise des cookies. Un cookie est un petit fichier t\u00e9l\u00e9charg\u00e9 et install\u00e9 dans le navigateur de votre ordinateur. Les cookies permettent, entre autres choses, de stocker et de r\u00e9cup\u00e9rer des informations sur les habitudes de navigation de l&rsquo;utilisateur ou de son ordinateur, et en fonction des informations qu&rsquo;ils contiennent et de la mani\u00e8re dont vous utilisez votre ordinateur, ils peuvent \u00eatre utilis\u00e9s pour reconna\u00eetre l&rsquo;utilisateur.<\/p>\n<p><strong><em>Quels types de cookies sont utilis\u00e9s sur ce site web ?<\/em><\/strong><\/p>\n<p>Types de cookies en fonction de l&rsquo;entit\u00e9 qui g\u00e8re l&rsquo;\u00e9quipement ou le domaine \u00e0 partir duquel les cookies sont envoy\u00e9s et traite les donn\u00e9es obtenues :<\/p>\n<ul>\n<li><strong><em>Cookies internes :<\/em><\/strong> Ceux-ci sont envoy\u00e9s \u00e0 l&rsquo;\u00e9quipement terminal de l&rsquo;utilisateur \u00e0 partir d&rsquo;un \u00e9quipement ou d&rsquo;un domaine g\u00e9r\u00e9 par l&rsquo;\u00e9diteur lui-m\u00eame, \u00e0 partir duquel le service demand\u00e9 par l&rsquo;utilisateur est fourni.<\/li>\n<\/ul>\n<ul>\n<li><strong><em>Cookies tiers :<\/em><\/strong> Ceux-ci sont envoy\u00e9s \u00e0 l&rsquo;\u00e9quipement terminal de l&rsquo;utilisateur \u00e0 partir d&rsquo;un \u00e9quipement ou d&rsquo;un domaine qui n&rsquo;est pas g\u00e9r\u00e9 par l&rsquo;\u00e9diteur, mais par une autre entit\u00e9 qui traite les donn\u00e9es obtenues par le biais des cookies.<\/li>\n<\/ul>\n<p>Types de cookies en fonction de la dur\u00e9e pendant laquelle ils restent actifs sur l&rsquo;\u00e9quipement terminal :<\/p>\n<ul>\n<li><strong><em>Cookies de session<\/em><\/strong> : Il s&rsquo;agit de cookies con\u00e7us pour collecter et stocker des donn\u00e9es pendant que l&rsquo;utilisateur acc\u00e8de \u00e0 un site web.<\/li>\n<\/ul>\n<ul>\n<li><strong><em>Cookies persistants<\/em><\/strong> : Il s&rsquo;agit de cookies qui permettent de stocker des donn\u00e9es sur le terminal de l&rsquo;utilisateur et qui peuvent \u00eatre consult\u00e9s et trait\u00e9s pendant une p\u00e9riode d\u00e9finie par la partie responsable du cookie, allant de quelques minutes \u00e0 plusieurs ann\u00e9es.<\/li>\n<\/ul>\n<p>Types de cookies en fonction de leur finalit\u00e9 :<\/p>\n<ul>\n<li><strong><em>Cookies techniques<\/em><\/strong><strong>:<\/strong> Il s&rsquo;agit de cookies n\u00e9cessaires au bon fonctionnement du site web et indispensables pour que l&rsquo;utilisateur puisse utiliser les services et acc\u00e9der au contenu demand\u00e9 par l&rsquo;utilisateur, ainsi que pour interagir avec ses fonctionnalit\u00e9s. La d\u00e9sactivation de ces cookies peut emp\u00eacher le bon fonctionnement du site web.<\/li>\n<\/ul>\n<ul>\n<li><strong><em>Cookies analytiques<\/em><\/strong><strong>:<\/strong> Il s&rsquo;agit de cookies qui permettent de suivre et d&rsquo;analyser le comportement de l&rsquo;utilisateur du site web auquel ils sont li\u00e9s. Les informations recueillies sont utilis\u00e9es pour mesurer l&rsquo;audience, le trafic et l&rsquo;engagement sur le site web. Ils permettent \u00e9galement de conna\u00eetre le navigateur utilis\u00e9 ou la langue choisie, entre autres d\u00e9tails. Ces cookies sont activ\u00e9s automatiquement sur notre site web, cependant, vous pouvez les d\u00e9sactiver \u00e0 l&rsquo;aide des syst\u00e8mes d&rsquo;exclusion fournis par les outils ou en modifiant les param\u00e8tres de votre navigateur.&lt;\/li &gt;<\/li>\n<\/ul>\n<p>Les applications utilis\u00e9es pour obtenir ces informations sont les suivantes :<\/p>\n<ul>\n<li>Google Analytics :<\/li>\n<\/ul>\n<p style=\"padding-left: 60px;\">Google Analytics est un outil simple et facile \u00e0 utiliser qui aide les propri\u00e9taires de sites web \u00e0 mesurer l&rsquo;interaction des utilisateurs avec le contenu du site. Lorsqu&rsquo;un utilisateur navigue sur les pages d&rsquo;un site web, Google Analytics fournit au propri\u00e9taire du site des balises JavaScript (biblioth\u00e8ques) pour enregistrer des informations sur la page qu&rsquo;un utilisateur a consult\u00e9e, par exemple, l&rsquo;URL de la page. Les biblioth\u00e8ques JavaScript de Google Analytics utilisent des cookies HTTP pour \u00ab\u00a0se souvenir\u00a0\u00bb de ce qu&rsquo;un utilisateur a fait sur les pages pr\u00e9c\u00e9dentes ou lors d&rsquo;interactions ant\u00e9rieures avec le site web.<\/p>\n<p style=\"padding-left: 60px;\">Google Analytics prend en charge deux biblioth\u00e8ques JavaScript (\u00e9tiquettes) pour mesurer l&rsquo;utilisation des sites web : analytics.js et ga.js. Les sections suivantes d\u00e9crivent comment chaque biblioth\u00e8que utilise les cookies.<\/p>\n<p>analytics.js configure les cookies suivants :<\/p>\n<div class=\"devsite-table-wrapper\">\n<table>\n<tbody>\n<tr>\n<th>Nom du cookie<\/th>\n<th>Dur\u00e9e<\/th>\n<th>Description<\/th>\n<\/tr>\n<tr>\n<td><code>_<wbr \/>ga<\/code><\/td>\n<td>2 ans<\/td>\n<td>Utilis\u00e9 pour distinguer les utilisateurs.<\/td>\n<\/tr>\n<tr>\n<td><code>_<wbr \/>gid<\/code><\/td>\n<td>24 heures<\/td>\n<td>Utilis\u00e9 pour distinguer les utilisateurs.<\/td>\n<\/tr>\n<tr>\n<td><code>_<wbr \/>gat<\/code><\/td>\n<td>1 minute<\/td>\n<td>Utilis\u00e9 pour limiter le pourcentage de demandes.<\/td>\n<\/tr>\n<tr>\n<td><code>AMP_<wbr \/>TOKEN<\/code><\/td>\n<td>30 secondes \u00e0 1 an<\/td>\n<td>Inclut un jeton pouvant \u00eatre utilis\u00e9 pour r\u00e9cup\u00e9rer un identifiant client du service d&rsquo;identifiant client AMP. D&rsquo;autres valeurs possibles indiquent des d\u00e9sactivations, des demandes en cours ou des erreurs survenues lors de la r\u00e9cup\u00e9ration d&rsquo;un identifiant aupr\u00e8s du service d&rsquo;identifiant client AMP.<\/td>\n<\/tr>\n<tr>\n<td><code>_<wbr \/>gac_<wbr \/><\/code><\/td>\n<td>90 jours<\/td>\n<td>Inclut des informations li\u00e9es \u00e0 la campagne pour l&rsquo;utilisateur. Si vous avez li\u00e9 vos comptes Google Analytics et AdWords, les balises de conversion du site web liront ce cookie, sauf si vous le d\u00e9sactivez.<\/td>\n<\/tr>\n<\/tbody>\n<\/table>\n<\/div>\n<p>Si vous ne souhaitez pas que Google Analytics collecte et utilise des informations, vous pouvez installer un syst\u00e8me de refus (\u00ab\u00a0opt-out\u00a0\u00bb) dans votre navigateur web : <a href=\"https:\/\/tools.google.com\/dlpage\/gaoptout?hl=fr\">https:\/\/tools.google.com\/dlpage\/gaoptout?hl=fr<\/a><\/p>\n<p>De plus, veuillez noter que les utilisateurs peuvent facilement ajuster les param\u00e8tres de leur navigateur pour bloquer ou supprimer les cookies install\u00e9s \u00e0 tout moment. Cependant, la d\u00e9sactivation des cookies peut affecter le fonctionnement du site web et certains services peuvent ne pas \u00eatre disponibles.<\/p>\n<p>Chaque navigateur dispose de param\u00e8tres diff\u00e9rents pour d\u00e9sactiver<\/p>\n<p>les cookies. Vous pouvez trouver des instructions sp\u00e9cifiques sur les liens suivants :<\/p>\n<p>&#8211; Pour Firefox : <a href=\"https:\/\/support.mozilla.org\/fr\/kb\/activer-desactiver-cookies\">https:\/\/support.mozilla.org\/fr\/kb\/activer-desactiver-cookies<\/a><br \/>\n&#8211; Pour Chrome : <a href=\"https:\/\/support.google.com\/chrome\/answer\/95647?hl=fr\">https:\/\/support.google.com\/chrome\/answer\/95647?hl=fr<\/a><br \/>\n&#8211; Pour Safari : <a href=\"https:\/\/support.apple.com\/fr-fr\/guide\/safari\/sfri11471\/mac\">https:\/\/support.apple.com\/fr-fr\/guide\/safari\/sfri11471\/mac<\/a><br \/>\n&#8211; Pour Internet Explorer : <a href=\"https:\/\/support.microsoft.com\/fr-fr\/topic\/supprimer-et-g%C3%A9rer-les-cookies-168dab11-0753-043d-7c16-ede5947fc64d\">https:\/\/support.microsoft.com\/fr-fr\/topic\/supprimer-et-g\u00e9rer-les-cookies-168dab11-0753-043d-7c16-ede5947fc64d<\/a><br \/>\n&#8211; Pour Opera : <a href=\"https:\/\/help.opera.com\/en\/latest\/web-preferences\/#cookies\">https:\/\/help.opera.com\/en\/latest\/web-preferences\/#cookies<\/a><\/p>\n<p>Nous vous recommandons de consulter les sites web officiels des navigateurs pour obtenir les informations les plus r\u00e9centes sur la gestion des cookies.<\/p>\n<p><strong><em>Modification de la politique en mati\u00e8re de cookies<\/em><\/strong><\/p>\n<p>Cette politique en mati\u00e8re de cookies peut \u00eatre modifi\u00e9e ou mise \u00e0 jour en fonction des exigences l\u00e9gales en vigueur ou afin d&rsquo;adapter cette politique aux instructions donn\u00e9es par les autorit\u00e9s de r\u00e9glementation comp\u00e9tentes. Nous vous recommandons de consulter cette politique chaque fois que vous acc\u00e9dez \u00e0 ce site web afin d&rsquo;\u00eatre correctement inform\u00e9 de la mani\u00e8re dont nous utilisons les cookies et \u00e0 quelles fins.<\/p>\n<p>Si vous avez des questions concernant cette politique en mati\u00e8re de cookies, vous pouvez nous contacter \u00e0 l&rsquo;adresse suivante :<\/p>\n<p>[Adresse e-mail de contact]<\/p>\n<p>Nous esp\u00e9rons que cette politique en mati\u00e8re de cookies vous a \u00e9t\u00e9 utile.<\/p>\n","protected":false},"excerpt":{"rendered":"<p>Politique en mati\u00e8re de cookies : Qu&rsquo;est-ce que sont les cookies ? Ce site web utilise des cookies. Un cookie est un petit fichier t\u00e9l\u00e9charg\u00e9 et install\u00e9 dans le navigateur de votre ordinateur. Les cookies permettent, entre autres choses, de stocker et de r\u00e9cup\u00e9rer des informations sur les habitudes de navigation de l&rsquo;utilisateur ou de [&hellip;]<\/p>\n","protected":false},"author":4,"featured_media":0,"parent":0,"menu_order":0,"comment_status":"closed","ping_status":"closed","template":"","meta":{"_acf_changed":false,"footnotes":""},"class_list":["post-13366","page","type-page","status-publish","hentry"],"acf":[],"yoast_head":"<!-- This site is optimized with the Yoast SEO plugin v27.1.1 - https:\/\/yoast.com\/product\/yoast-seo-wordpress\/ -->\n<title>Politique de cookies - IQV Matholding Group<\/title>\n<meta name=\"robots\" content=\"noindex, follow\" \/>\n<meta property=\"og:locale\" content=\"fr_FR\" \/>\n<meta property=\"og:type\" content=\"article\" \/>\n<meta property=\"og:title\" content=\"Politique de cookies - IQV Matholding Group\" \/>\n<meta property=\"og:description\" content=\"Politique en mati\u00e8re de cookies : Qu&rsquo;est-ce que sont les cookies ? Ce site web utilise des cookies. Un cookie est un petit fichier t\u00e9l\u00e9charg\u00e9 et install\u00e9 dans le navigateur de votre ordinateur. Les cookies permettent, entre autres choses, de stocker et de r\u00e9cup\u00e9rer des informations sur les habitudes de navigation de l&rsquo;utilisateur ou de [&hellip;]\" \/>\n<meta property=\"og:url\" content=\"https:\/\/iqvagro.com\/fr\/politique-de-cookies\/\" \/>\n<meta property=\"og:site_name\" content=\"IQV Matholding Group\" \/>\n<meta property=\"article:publisher\" content=\"https:\/\/www.facebook.com\/iqv.cropscience\" \/>\n<meta property=\"article:modified_time\" content=\"2023-05-22T08:40:59+00:00\" \/>\n<meta name=\"twitter:card\" content=\"summary_large_image\" \/>\n<meta name=\"twitter:label1\" content=\"Dur\u00e9e de lecture estim\u00e9e\" \/>\n\t<meta name=\"twitter:data1\" content=\"5 minutes\" \/>\n<script type=\"application\/ld+json\" class=\"yoast-schema-graph\">{\"@context\":\"https:\/\/schema.org\",\"@graph\":[{\"@type\":\"WebPage\",\"@id\":\"https:\/\/iqvagro.com\/fr\/politique-de-cookies\/\",\"url\":\"https:\/\/iqvagro.com\/fr\/politique-de-cookies\/\",\"name\":\"Politique de cookies - IQV Matholding Group\",\"isPartOf\":{\"@id\":\"https:\/\/iqvagro.com\/#website\"},\"datePublished\":\"2021-01-13T19:44:32+00:00\",\"dateModified\":\"2023-05-22T08:40:59+00:00\",\"breadcrumb\":{\"@id\":\"https:\/\/iqvagro.com\/fr\/politique-de-cookies\/#breadcrumb\"},\"inLanguage\":\"fr-FR\",\"potentialAction\":[{\"@type\":\"ReadAction\",\"target\":[\"https:\/\/iqvagro.com\/fr\/politique-de-cookies\/\"]}]},{\"@type\":\"BreadcrumbList\",\"@id\":\"https:\/\/iqvagro.com\/fr\/politique-de-cookies\/#breadcrumb\",\"itemListElement\":[{\"@type\":\"ListItem\",\"position\":1,\"name\":\"Portada\",\"item\":\"https:\/\/iqvagro.com\/fr\/\"},{\"@type\":\"ListItem\",\"position\":2,\"name\":\"Politique de cookies\"}]},{\"@type\":\"WebSite\",\"@id\":\"https:\/\/iqvagro.com\/#website\",\"url\":\"https:\/\/iqvagro.com\/\",\"name\":\"IQV Matholding Group\",\"description\":\"Taking Care of Crops\",\"publisher\":{\"@id\":\"https:\/\/iqvagro.com\/#organization\"},\"potentialAction\":[{\"@type\":\"SearchAction\",\"target\":{\"@type\":\"EntryPoint\",\"urlTemplate\":\"https:\/\/iqvagro.com\/?s={search_term_string}\"},\"query-input\":{\"@type\":\"PropertyValueSpecification\",\"valueRequired\":true,\"valueName\":\"search_term_string\"}}],\"inLanguage\":\"fr-FR\"},{\"@type\":\"Organization\",\"@id\":\"https:\/\/iqvagro.com\/#organization\",\"name\":\"IQV Matholding Group\",\"url\":\"https:\/\/iqvagro.com\/\",\"logo\":{\"@type\":\"ImageObject\",\"inLanguage\":\"fr-FR\",\"@id\":\"https:\/\/iqvagro.com\/#\/schema\/logo\/image\/\",\"url\":\"https:\/\/iqvagro.com\/wp-content\/uploads\/2025\/05\/logo_IQV_new_2025.svg\",\"contentUrl\":\"https:\/\/iqvagro.com\/wp-content\/uploads\/2025\/05\/logo_IQV_new_2025.svg\",\"caption\":\"IQV Matholding Group\"},\"image\":{\"@id\":\"https:\/\/iqvagro.com\/#\/schema\/logo\/image\/\"},\"sameAs\":[\"https:\/\/www.facebook.com\/iqv.cropscience\",\"https:\/\/www.instagram.com\/iqv.cropscience\/\"]}]}<\/script>\n<!-- \/ Yoast SEO plugin. -->","yoast_head_json":{"title":"Politique de cookies - IQV Matholding Group","robots":{"index":"noindex","follow":"follow"},"og_locale":"fr_FR","og_type":"article","og_title":"Politique de cookies - IQV Matholding Group","og_description":"Politique en mati\u00e8re de cookies : Qu&rsquo;est-ce que sont les cookies ? Ce site web utilise des cookies. Un cookie est un petit fichier t\u00e9l\u00e9charg\u00e9 et install\u00e9 dans le navigateur de votre ordinateur. Les cookies permettent, entre autres choses, de stocker et de r\u00e9cup\u00e9rer des informations sur les habitudes de navigation de l&rsquo;utilisateur ou de [&hellip;]","og_url":"https:\/\/iqvagro.com\/fr\/politique-de-cookies\/","og_site_name":"IQV Matholding Group","article_publisher":"https:\/\/www.facebook.com\/iqv.cropscience","article_modified_time":"2023-05-22T08:40:59+00:00","twitter_card":"summary_large_image","twitter_misc":{"Dur\u00e9e de lecture estim\u00e9e":"5 minutes"},"schema":{"@context":"https:\/\/schema.org","@graph":[{"@type":"WebPage","@id":"https:\/\/iqvagro.com\/fr\/politique-de-cookies\/","url":"https:\/\/iqvagro.com\/fr\/politique-de-cookies\/","name":"Politique de cookies - IQV Matholding Group","isPartOf":{"@id":"https:\/\/iqvagro.com\/#website"},"datePublished":"2021-01-13T19:44:32+00:00","dateModified":"2023-05-22T08:40:59+00:00","breadcrumb":{"@id":"https:\/\/iqvagro.com\/fr\/politique-de-cookies\/#breadcrumb"},"inLanguage":"fr-FR","potentialAction":[{"@type":"ReadAction","target":["https:\/\/iqvagro.com\/fr\/politique-de-cookies\/"]}]},{"@type":"BreadcrumbList","@id":"https:\/\/iqvagro.com\/fr\/politique-de-cookies\/#breadcrumb","itemListElement":[{"@type":"ListItem","position":1,"name":"Portada","item":"https:\/\/iqvagro.com\/fr\/"},{"@type":"ListItem","position":2,"name":"Politique de cookies"}]},{"@type":"WebSite","@id":"https:\/\/iqvagro.com\/#website","url":"https:\/\/iqvagro.com\/","name":"IQV Matholding Group","description":"Taking Care of Crops","publisher":{"@id":"https:\/\/iqvagro.com\/#organization"},"potentialAction":[{"@type":"SearchAction","target":{"@type":"EntryPoint","urlTemplate":"https:\/\/iqvagro.com\/?s={search_term_string}"},"query-input":{"@type":"PropertyValueSpecification","valueRequired":true,"valueName":"search_term_string"}}],"inLanguage":"fr-FR"},{"@type":"Organization","@id":"https:\/\/iqvagro.com\/#organization","name":"IQV Matholding Group","url":"https:\/\/iqvagro.com\/","logo":{"@type":"ImageObject","inLanguage":"fr-FR","@id":"https:\/\/iqvagro.com\/#\/schema\/logo\/image\/","url":"https:\/\/iqvagro.com\/wp-content\/uploads\/2025\/05\/logo_IQV_new_2025.svg","contentUrl":"https:\/\/iqvagro.com\/wp-content\/uploads\/2025\/05\/logo_IQV_new_2025.svg","caption":"IQV Matholding Group"},"image":{"@id":"https:\/\/iqvagro.com\/#\/schema\/logo\/image\/"},"sameAs":["https:\/\/www.facebook.com\/iqv.cropscience","https:\/\/www.instagram.com\/iqv.cropscience\/"]}]}},"_links":{"self":[{"href":"https:\/\/iqvagro.com\/fr\/wp-json\/wp\/v2\/pages\/13366","targetHints":{"allow":["GET"]}}],"collection":[{"href":"https:\/\/iqvagro.com\/fr\/wp-json\/wp\/v2\/pages"}],"about":[{"href":"https:\/\/iqvagro.com\/fr\/wp-json\/wp\/v2\/types\/page"}],"author":[{"embeddable":true,"href":"https:\/\/iqvagro.com\/fr\/wp-json\/wp\/v2\/users\/4"}],"replies":[{"embeddable":true,"href":"https:\/\/iqvagro.com\/fr\/wp-json\/wp\/v2\/comments?post=13366"}],"version-history":[{"count":0,"href":"https:\/\/iqvagro.com\/fr\/wp-json\/wp\/v2\/pages\/13366\/revisions"}],"wp:attachment":[{"href":"https:\/\/iqvagro.com\/fr\/wp-json\/wp\/v2\/media?parent=13366"}],"curies":[{"name":"wp","href":"https:\/\/api.w.org\/{rel}","templated":true}]}}