{"id":21347,"date":"2026-01-21T09:43:26","date_gmt":"2026-01-21T08:43:26","guid":{"rendered":"https:\/\/iqvagro.com\/?post_type=product&#038;p=21347"},"modified":"2026-03-02T18:07:24","modified_gmt":"2026-03-02T17:07:24","slug":"bio-max-wgyoroi-copia","status":"publish","type":"product","link":"https:\/\/iqvagro.com\/es-es\/producto-es\/bio-max-wgyoroi-copia\/","title":{"rendered":"BIO MAX\u00ae WG"},"content":{"rendered":"<p data-pm-slice=\"1 1 []\">Biomax\u00ae WG es un insecticida biol\u00f3gico en forma de granulado dispersable en agua que contiene toxina cristalina y esporas de Bacillus thuringiensis sub. kurstaki. Gracias a su avanzada formulaci\u00f3n, Biomax\u00ae WG presenta mayor eficacia y acci\u00f3n residual.<\/p>\n","protected":false},"excerpt":{"rendered":"<p class=\"p2\">Insecticida sist\u00e9mico que act\u00faa por contacto e ingesti\u00f3n<\/p>\n<hr \/>\n<p><a class=\"fasc-button fasc-size-small fasc-type-flat fasc-ico-after dashicons-businessman\" style=\"background-color: #073772; color: #ffffff;\" href=\"https:\/\/iqvagro.es\/equipo-comercial\/\" target=\"_blank\" rel=\"noopener noreferrer\">CONTACTA CON UN ASESOR<\/a><\/p>\n","protected":false},"featured_media":21497,"template":"","meta":{"_acf_changed":false},"product_brand":[],"product_cat":[877],"product_tag":[855],"class_list":{"0":"post-21347","1":"product","2":"type-product","3":"status-publish","4":"has-post-thumbnail","6":"product_cat-varios","7":"product_tag-spain","8":"pa_marca-bio-max-wg","9":"pa_materia-activa-bacillus-thuringiensis","10":"bg-cat-id-877","12":"first","13":"outofstock","14":"shipping-taxable","15":"product-type-variable"},"acf":[],"yoast_head":"<!-- This site is optimized with the Yoast SEO plugin v27.4 - https:\/\/yoast.com\/product\/yoast-seo-wordpress\/ -->\n<title>BIO MAX\u00ae WG - IQV Matholding Group<\/title>\n<meta name=\"robots\" content=\"index, follow, max-snippet:-1, max-image-preview:large, max-video-preview:-1\" \/>\n<link rel=\"canonical\" href=\"https:\/\/iqvagro.com\/es-es\/producto-es\/bio-max-wgyoroi-copia\/\" \/>\n<meta property=\"og:locale\" content=\"es_ES\" \/>\n<meta property=\"og:type\" content=\"article\" \/>\n<meta property=\"og:title\" content=\"BIO MAX\u00ae WG - IQV Matholding Group\" \/>\n<meta property=\"og:description\" content=\"Insecticida sist\u00e9mico que act\u00faa por contacto e ingesti\u00f3n     CONTACTA CON UN ASESOR\" \/>\n<meta property=\"og:url\" content=\"https:\/\/iqvagro.com\/es-es\/producto-es\/bio-max-wgyoroi-copia\/\" \/>\n<meta property=\"og:site_name\" content=\"IQV Matholding Group\" \/>\n<meta property=\"article:publisher\" content=\"https:\/\/www.facebook.com\/iqv.cropscience\" \/>\n<meta property=\"article:modified_time\" content=\"2026-03-02T17:07:24+00:00\" \/>\n<meta property=\"og:image\" content=\"https:\/\/iqvagro.com\/wp-content\/uploads\/2026\/01\/BIOMAX-WG-1K.png\" \/>\n\t<meta property=\"og:image:width\" content=\"1350\" \/>\n\t<meta property=\"og:image:height\" content=\"955\" \/>\n\t<meta property=\"og:image:type\" content=\"image\/png\" \/>\n<meta name=\"twitter:card\" content=\"summary_large_image\" \/>\n<meta name=\"twitter:label1\" content=\"Est. reading time\" \/>\n\t<meta name=\"twitter:data1\" content=\"1 minute\" \/>\n<script type=\"application\/ld+json\" class=\"yoast-schema-graph\">{\"@context\":\"https:\\\/\\\/schema.org\",\"@graph\":[{\"@type\":\"WebPage\",\"@id\":\"https:\\\/\\\/iqvagro.com\\\/es-es\\\/producto-es\\\/bio-max-wgyoroi-copia\\\/\",\"url\":\"https:\\\/\\\/iqvagro.com\\\/es-es\\\/producto-es\\\/bio-max-wgyoroi-copia\\\/\",\"name\":\"BIO MAX\u00ae WG - IQV Matholding Group\",\"isPartOf\":{\"@id\":\"https:\\\/\\\/iqvagro.com\\\/#website\"},\"primaryImageOfPage\":{\"@id\":\"https:\\\/\\\/iqvagro.com\\\/es-es\\\/producto-es\\\/bio-max-wgyoroi-copia\\\/#primaryimage\"},\"image\":{\"@id\":\"https:\\\/\\\/iqvagro.com\\\/es-es\\\/producto-es\\\/bio-max-wgyoroi-copia\\\/#primaryimage\"},\"thumbnailUrl\":\"https:\\\/\\\/iqvagro.com\\\/wp-content\\\/uploads\\\/2026\\\/01\\\/BIOMAX-WG-1K.png\",\"datePublished\":\"2026-01-21T08:43:26+00:00\",\"dateModified\":\"2026-03-02T17:07:24+00:00\",\"breadcrumb\":{\"@id\":\"https:\\\/\\\/iqvagro.com\\\/es-es\\\/producto-es\\\/bio-max-wgyoroi-copia\\\/#breadcrumb\"},\"inLanguage\":\"es-ES-ES\",\"potentialAction\":[{\"@type\":\"ReadAction\",\"target\":[\"https:\\\/\\\/iqvagro.com\\\/es-es\\\/producto-es\\\/bio-max-wgyoroi-copia\\\/\"]}]},{\"@type\":\"ImageObject\",\"inLanguage\":\"es-ES-ES\",\"@id\":\"https:\\\/\\\/iqvagro.com\\\/es-es\\\/producto-es\\\/bio-max-wgyoroi-copia\\\/#primaryimage\",\"url\":\"https:\\\/\\\/iqvagro.com\\\/wp-content\\\/uploads\\\/2026\\\/01\\\/BIOMAX-WG-1K.png\",\"contentUrl\":\"https:\\\/\\\/iqvagro.com\\\/wp-content\\\/uploads\\\/2026\\\/01\\\/BIOMAX-WG-1K.png\",\"width\":1350,\"height\":955},{\"@type\":\"BreadcrumbList\",\"@id\":\"https:\\\/\\\/iqvagro.com\\\/es-es\\\/producto-es\\\/bio-max-wgyoroi-copia\\\/#breadcrumb\",\"itemListElement\":[{\"@type\":\"ListItem\",\"position\":1,\"name\":\"Portada\",\"item\":\"https:\\\/\\\/iqvagro.com\\\/es-es\\\/\"},{\"@type\":\"ListItem\",\"position\":2,\"name\":\"Productos\",\"item\":\"https:\\\/\\\/iqvagro.com\\\/es-es\\\/buscador-de-productos\\\/\"},{\"@type\":\"ListItem\",\"position\":3,\"name\":\"BIO MAX\u00ae WG\"}]},{\"@type\":\"WebSite\",\"@id\":\"https:\\\/\\\/iqvagro.com\\\/#website\",\"url\":\"https:\\\/\\\/iqvagro.com\\\/\",\"name\":\"IQV Matholding Group\",\"description\":\"Taking Care of Crops\",\"publisher\":{\"@id\":\"https:\\\/\\\/iqvagro.com\\\/#organization\"},\"potentialAction\":[{\"@type\":\"SearchAction\",\"target\":{\"@type\":\"EntryPoint\",\"urlTemplate\":\"https:\\\/\\\/iqvagro.com\\\/?s={search_term_string}\"},\"query-input\":{\"@type\":\"PropertyValueSpecification\",\"valueRequired\":true,\"valueName\":\"search_term_string\"}}],\"inLanguage\":\"es-ES-ES\"},{\"@type\":\"Organization\",\"@id\":\"https:\\\/\\\/iqvagro.com\\\/#organization\",\"name\":\"IQV Matholding Group\",\"url\":\"https:\\\/\\\/iqvagro.com\\\/\",\"logo\":{\"@type\":\"ImageObject\",\"inLanguage\":\"es-ES-ES\",\"@id\":\"https:\\\/\\\/iqvagro.com\\\/#\\\/schema\\\/logo\\\/image\\\/\",\"url\":\"https:\\\/\\\/iqvagro.com\\\/wp-content\\\/uploads\\\/2025\\\/05\\\/logo_IQV_new_2025.svg\",\"contentUrl\":\"https:\\\/\\\/iqvagro.com\\\/wp-content\\\/uploads\\\/2025\\\/05\\\/logo_IQV_new_2025.svg\",\"caption\":\"IQV Matholding Group\"},\"image\":{\"@id\":\"https:\\\/\\\/iqvagro.com\\\/#\\\/schema\\\/logo\\\/image\\\/\"},\"sameAs\":[\"https:\\\/\\\/www.facebook.com\\\/iqv.cropscience\",\"https:\\\/\\\/www.instagram.com\\\/iqv.cropscience\\\/\"]}]}<\/script>\n<!-- \/ Yoast SEO plugin. -->","yoast_head_json":{"title":"BIO MAX\u00ae WG - IQV Matholding Group","robots":{"index":"index","follow":"follow","max-snippet":"max-snippet:-1","max-image-preview":"max-image-preview:large","max-video-preview":"max-video-preview:-1"},"canonical":"https:\/\/iqvagro.com\/es-es\/producto-es\/bio-max-wgyoroi-copia\/","og_locale":"es_ES","og_type":"article","og_title":"BIO MAX\u00ae WG - IQV Matholding Group","og_description":"Insecticida sist\u00e9mico que act\u00faa por contacto e ingesti\u00f3n     CONTACTA CON UN ASESOR","og_url":"https:\/\/iqvagro.com\/es-es\/producto-es\/bio-max-wgyoroi-copia\/","og_site_name":"IQV Matholding Group","article_publisher":"https:\/\/www.facebook.com\/iqv.cropscience","article_modified_time":"2026-03-02T17:07:24+00:00","og_image":[{"width":1350,"height":955,"url":"https:\/\/iqvagro.com\/wp-content\/uploads\/2026\/01\/BIOMAX-WG-1K.png","type":"image\/png"}],"twitter_card":"summary_large_image","twitter_misc":{"Est. reading time":"1 minute"},"schema":{"@context":"https:\/\/schema.org","@graph":[{"@type":"WebPage","@id":"https:\/\/iqvagro.com\/es-es\/producto-es\/bio-max-wgyoroi-copia\/","url":"https:\/\/iqvagro.com\/es-es\/producto-es\/bio-max-wgyoroi-copia\/","name":"BIO MAX\u00ae WG - IQV Matholding Group","isPartOf":{"@id":"https:\/\/iqvagro.com\/#website"},"primaryImageOfPage":{"@id":"https:\/\/iqvagro.com\/es-es\/producto-es\/bio-max-wgyoroi-copia\/#primaryimage"},"image":{"@id":"https:\/\/iqvagro.com\/es-es\/producto-es\/bio-max-wgyoroi-copia\/#primaryimage"},"thumbnailUrl":"https:\/\/iqvagro.com\/wp-content\/uploads\/2026\/01\/BIOMAX-WG-1K.png","datePublished":"2026-01-21T08:43:26+00:00","dateModified":"2026-03-02T17:07:24+00:00","breadcrumb":{"@id":"https:\/\/iqvagro.com\/es-es\/producto-es\/bio-max-wgyoroi-copia\/#breadcrumb"},"inLanguage":"es-ES-ES","potentialAction":[{"@type":"ReadAction","target":["https:\/\/iqvagro.com\/es-es\/producto-es\/bio-max-wgyoroi-copia\/"]}]},{"@type":"ImageObject","inLanguage":"es-ES-ES","@id":"https:\/\/iqvagro.com\/es-es\/producto-es\/bio-max-wgyoroi-copia\/#primaryimage","url":"https:\/\/iqvagro.com\/wp-content\/uploads\/2026\/01\/BIOMAX-WG-1K.png","contentUrl":"https:\/\/iqvagro.com\/wp-content\/uploads\/2026\/01\/BIOMAX-WG-1K.png","width":1350,"height":955},{"@type":"BreadcrumbList","@id":"https:\/\/iqvagro.com\/es-es\/producto-es\/bio-max-wgyoroi-copia\/#breadcrumb","itemListElement":[{"@type":"ListItem","position":1,"name":"Portada","item":"https:\/\/iqvagro.com\/es-es\/"},{"@type":"ListItem","position":2,"name":"Productos","item":"https:\/\/iqvagro.com\/es-es\/buscador-de-productos\/"},{"@type":"ListItem","position":3,"name":"BIO MAX\u00ae WG"}]},{"@type":"WebSite","@id":"https:\/\/iqvagro.com\/#website","url":"https:\/\/iqvagro.com\/","name":"IQV Matholding Group","description":"Taking Care of Crops","publisher":{"@id":"https:\/\/iqvagro.com\/#organization"},"potentialAction":[{"@type":"SearchAction","target":{"@type":"EntryPoint","urlTemplate":"https:\/\/iqvagro.com\/?s={search_term_string}"},"query-input":{"@type":"PropertyValueSpecification","valueRequired":true,"valueName":"search_term_string"}}],"inLanguage":"es-ES-ES"},{"@type":"Organization","@id":"https:\/\/iqvagro.com\/#organization","name":"IQV Matholding Group","url":"https:\/\/iqvagro.com\/","logo":{"@type":"ImageObject","inLanguage":"es-ES-ES","@id":"https:\/\/iqvagro.com\/#\/schema\/logo\/image\/","url":"https:\/\/iqvagro.com\/wp-content\/uploads\/2025\/05\/logo_IQV_new_2025.svg","contentUrl":"https:\/\/iqvagro.com\/wp-content\/uploads\/2025\/05\/logo_IQV_new_2025.svg","caption":"IQV Matholding Group"},"image":{"@id":"https:\/\/iqvagro.com\/#\/schema\/logo\/image\/"},"sameAs":["https:\/\/www.facebook.com\/iqv.cropscience","https:\/\/www.instagram.com\/iqv.cropscience\/"]}]}},"_links":{"self":[{"href":"https:\/\/iqvagro.com\/es-es\/wp-json\/wp\/v2\/product\/21347","targetHints":{"allow":["GET"]}}],"collection":[{"href":"https:\/\/iqvagro.com\/es-es\/wp-json\/wp\/v2\/product"}],"about":[{"href":"https:\/\/iqvagro.com\/es-es\/wp-json\/wp\/v2\/types\/product"}],"wp:featuredmedia":[{"embeddable":true,"href":"https:\/\/iqvagro.com\/es-es\/wp-json\/wp\/v2\/media\/21497"}],"wp:attachment":[{"href":"https:\/\/iqvagro.com\/es-es\/wp-json\/wp\/v2\/media?parent=21347"}],"wp:term":[{"taxonomy":"product_brand","embeddable":true,"href":"https:\/\/iqvagro.com\/es-es\/wp-json\/wp\/v2\/product_brand?post=21347"},{"taxonomy":"product_cat","embeddable":true,"href":"https:\/\/iqvagro.com\/es-es\/wp-json\/wp\/v2\/product_cat?post=21347"},{"taxonomy":"product_tag","embeddable":true,"href":"https:\/\/iqvagro.com\/es-es\/wp-json\/wp\/v2\/product_tag?post=21347"}],"curies":[{"name":"wp","href":"https:\/\/api.w.org\/{rel}","templated":true}]}}