{"id":16382,"date":"2023-05-02T20:30:08","date_gmt":"2023-05-02T18:30:08","guid":{"rendered":"https:\/\/iqvagro.com\/?post_type=product&#038;p=16382"},"modified":"2026-03-03T11:04:31","modified_gmt":"2026-03-03T10:04:31","slug":"vitra-vid","status":"publish","type":"product","link":"https:\/\/iqvagro.com\/es-es\/producto-es\/vitra-vid\/","title":{"rendered":"VITRA\u00ae VID"},"content":{"rendered":"","protected":false},"excerpt":{"rendered":"<p>Fungicida y bactericida c\u00faprico preventivo de amplio espectro, a base de hidr\u00f3xido y en gr\u00e1nulos dispersables (WG), para olivo y vid.<\/p>\n","protected":false},"featured_media":21546,"template":"","meta":{"_acf_changed":false},"product_brand":[],"product_cat":[854],"product_tag":[855],"class_list":{"0":"post-16382","1":"product","2":"type-product","3":"status-publish","4":"has-post-thumbnail","6":"product_cat-fungicidas-2","7":"product_tag-spain","8":"pa_marca-vitra-2","9":"pa_materia-activa-hidroxido-cuprico","10":"bg-cat-id-854","12":"first","13":"instock","14":"shipping-taxable","15":"product-type-simple"},"acf":[],"yoast_head":"<!-- This site is optimized with the Yoast SEO plugin v27.4 - https:\/\/yoast.com\/product\/yoast-seo-wordpress\/ -->\n<title>VITRA\u00ae VID - IQV Matholding Group<\/title>\n<meta name=\"robots\" content=\"index, follow, max-snippet:-1, max-image-preview:large, max-video-preview:-1\" \/>\n<link rel=\"canonical\" href=\"https:\/\/iqvagro.com\/es-es\/producto-es\/vitra-vid\/\" \/>\n<meta property=\"og:locale\" content=\"es_ES\" \/>\n<meta property=\"og:type\" content=\"article\" \/>\n<meta property=\"og:title\" content=\"VITRA\u00ae VID - IQV Matholding Group\" \/>\n<meta property=\"og:description\" content=\"Fungicida y bactericida c\u00faprico preventivo de amplio espectro, a base de hidr\u00f3xido y en gr\u00e1nulos dispersables (WG), para olivo y vid.\" \/>\n<meta property=\"og:url\" content=\"https:\/\/iqvagro.com\/es-es\/producto-es\/vitra-vid\/\" \/>\n<meta property=\"og:site_name\" content=\"IQV Matholding Group\" \/>\n<meta property=\"article:publisher\" content=\"https:\/\/www.facebook.com\/iqv.cropscience\" \/>\n<meta property=\"article:modified_time\" content=\"2026-03-03T10:04:31+00:00\" \/>\n<meta property=\"og:image\" content=\"https:\/\/iqvagro.com\/wp-content\/uploads\/2023\/05\/SACO-VITRA-VID-ES.png\" \/>\n\t<meta property=\"og:image:width\" content=\"1080\" \/>\n\t<meta property=\"og:image:height\" content=\"1620\" \/>\n\t<meta property=\"og:image:type\" content=\"image\/png\" \/>\n<meta name=\"twitter:card\" content=\"summary_large_image\" \/>\n<script type=\"application\/ld+json\" class=\"yoast-schema-graph\">{\"@context\":\"https:\\\/\\\/schema.org\",\"@graph\":[{\"@type\":\"WebPage\",\"@id\":\"https:\\\/\\\/iqvagro.com\\\/es-es\\\/producto-es\\\/vitra-vid\\\/\",\"url\":\"https:\\\/\\\/iqvagro.com\\\/es-es\\\/producto-es\\\/vitra-vid\\\/\",\"name\":\"VITRA\u00ae VID - IQV Matholding Group\",\"isPartOf\":{\"@id\":\"https:\\\/\\\/iqvagro.com\\\/#website\"},\"primaryImageOfPage\":{\"@id\":\"https:\\\/\\\/iqvagro.com\\\/es-es\\\/producto-es\\\/vitra-vid\\\/#primaryimage\"},\"image\":{\"@id\":\"https:\\\/\\\/iqvagro.com\\\/es-es\\\/producto-es\\\/vitra-vid\\\/#primaryimage\"},\"thumbnailUrl\":\"https:\\\/\\\/iqvagro.com\\\/wp-content\\\/uploads\\\/2023\\\/05\\\/SACO-VITRA-VID-ES.png\",\"datePublished\":\"2023-05-02T18:30:08+00:00\",\"dateModified\":\"2026-03-03T10:04:31+00:00\",\"breadcrumb\":{\"@id\":\"https:\\\/\\\/iqvagro.com\\\/es-es\\\/producto-es\\\/vitra-vid\\\/#breadcrumb\"},\"inLanguage\":\"es-ES-ES\",\"potentialAction\":[{\"@type\":\"ReadAction\",\"target\":[\"https:\\\/\\\/iqvagro.com\\\/es-es\\\/producto-es\\\/vitra-vid\\\/\"]}]},{\"@type\":\"ImageObject\",\"inLanguage\":\"es-ES-ES\",\"@id\":\"https:\\\/\\\/iqvagro.com\\\/es-es\\\/producto-es\\\/vitra-vid\\\/#primaryimage\",\"url\":\"https:\\\/\\\/iqvagro.com\\\/wp-content\\\/uploads\\\/2023\\\/05\\\/SACO-VITRA-VID-ES.png\",\"contentUrl\":\"https:\\\/\\\/iqvagro.com\\\/wp-content\\\/uploads\\\/2023\\\/05\\\/SACO-VITRA-VID-ES.png\",\"width\":1080,\"height\":1620},{\"@type\":\"BreadcrumbList\",\"@id\":\"https:\\\/\\\/iqvagro.com\\\/es-es\\\/producto-es\\\/vitra-vid\\\/#breadcrumb\",\"itemListElement\":[{\"@type\":\"ListItem\",\"position\":1,\"name\":\"Portada\",\"item\":\"https:\\\/\\\/iqvagro.com\\\/es-es\\\/\"},{\"@type\":\"ListItem\",\"position\":2,\"name\":\"Productos\",\"item\":\"https:\\\/\\\/iqvagro.com\\\/es-es\\\/buscador-de-productos\\\/\"},{\"@type\":\"ListItem\",\"position\":3,\"name\":\"VITRA\u00ae VID\"}]},{\"@type\":\"WebSite\",\"@id\":\"https:\\\/\\\/iqvagro.com\\\/#website\",\"url\":\"https:\\\/\\\/iqvagro.com\\\/\",\"name\":\"IQV Matholding Group\",\"description\":\"Taking Care of Crops\",\"publisher\":{\"@id\":\"https:\\\/\\\/iqvagro.com\\\/#organization\"},\"potentialAction\":[{\"@type\":\"SearchAction\",\"target\":{\"@type\":\"EntryPoint\",\"urlTemplate\":\"https:\\\/\\\/iqvagro.com\\\/?s={search_term_string}\"},\"query-input\":{\"@type\":\"PropertyValueSpecification\",\"valueRequired\":true,\"valueName\":\"search_term_string\"}}],\"inLanguage\":\"es-ES-ES\"},{\"@type\":\"Organization\",\"@id\":\"https:\\\/\\\/iqvagro.com\\\/#organization\",\"name\":\"IQV Matholding Group\",\"url\":\"https:\\\/\\\/iqvagro.com\\\/\",\"logo\":{\"@type\":\"ImageObject\",\"inLanguage\":\"es-ES-ES\",\"@id\":\"https:\\\/\\\/iqvagro.com\\\/#\\\/schema\\\/logo\\\/image\\\/\",\"url\":\"https:\\\/\\\/iqvagro.com\\\/wp-content\\\/uploads\\\/2025\\\/05\\\/logo_IQV_new_2025.svg\",\"contentUrl\":\"https:\\\/\\\/iqvagro.com\\\/wp-content\\\/uploads\\\/2025\\\/05\\\/logo_IQV_new_2025.svg\",\"caption\":\"IQV Matholding Group\"},\"image\":{\"@id\":\"https:\\\/\\\/iqvagro.com\\\/#\\\/schema\\\/logo\\\/image\\\/\"},\"sameAs\":[\"https:\\\/\\\/www.facebook.com\\\/iqv.cropscience\",\"https:\\\/\\\/www.instagram.com\\\/iqv.cropscience\\\/\"]}]}<\/script>\n<!-- \/ Yoast SEO plugin. -->","yoast_head_json":{"title":"VITRA\u00ae VID - IQV Matholding Group","robots":{"index":"index","follow":"follow","max-snippet":"max-snippet:-1","max-image-preview":"max-image-preview:large","max-video-preview":"max-video-preview:-1"},"canonical":"https:\/\/iqvagro.com\/es-es\/producto-es\/vitra-vid\/","og_locale":"es_ES","og_type":"article","og_title":"VITRA\u00ae VID - IQV Matholding Group","og_description":"Fungicida y bactericida c\u00faprico preventivo de amplio espectro, a base de hidr\u00f3xido y en gr\u00e1nulos dispersables (WG), para olivo y vid.","og_url":"https:\/\/iqvagro.com\/es-es\/producto-es\/vitra-vid\/","og_site_name":"IQV Matholding Group","article_publisher":"https:\/\/www.facebook.com\/iqv.cropscience","article_modified_time":"2026-03-03T10:04:31+00:00","og_image":[{"width":1080,"height":1620,"url":"https:\/\/iqvagro.com\/wp-content\/uploads\/2023\/05\/SACO-VITRA-VID-ES.png","type":"image\/png"}],"twitter_card":"summary_large_image","schema":{"@context":"https:\/\/schema.org","@graph":[{"@type":"WebPage","@id":"https:\/\/iqvagro.com\/es-es\/producto-es\/vitra-vid\/","url":"https:\/\/iqvagro.com\/es-es\/producto-es\/vitra-vid\/","name":"VITRA\u00ae VID - IQV Matholding Group","isPartOf":{"@id":"https:\/\/iqvagro.com\/#website"},"primaryImageOfPage":{"@id":"https:\/\/iqvagro.com\/es-es\/producto-es\/vitra-vid\/#primaryimage"},"image":{"@id":"https:\/\/iqvagro.com\/es-es\/producto-es\/vitra-vid\/#primaryimage"},"thumbnailUrl":"https:\/\/iqvagro.com\/wp-content\/uploads\/2023\/05\/SACO-VITRA-VID-ES.png","datePublished":"2023-05-02T18:30:08+00:00","dateModified":"2026-03-03T10:04:31+00:00","breadcrumb":{"@id":"https:\/\/iqvagro.com\/es-es\/producto-es\/vitra-vid\/#breadcrumb"},"inLanguage":"es-ES-ES","potentialAction":[{"@type":"ReadAction","target":["https:\/\/iqvagro.com\/es-es\/producto-es\/vitra-vid\/"]}]},{"@type":"ImageObject","inLanguage":"es-ES-ES","@id":"https:\/\/iqvagro.com\/es-es\/producto-es\/vitra-vid\/#primaryimage","url":"https:\/\/iqvagro.com\/wp-content\/uploads\/2023\/05\/SACO-VITRA-VID-ES.png","contentUrl":"https:\/\/iqvagro.com\/wp-content\/uploads\/2023\/05\/SACO-VITRA-VID-ES.png","width":1080,"height":1620},{"@type":"BreadcrumbList","@id":"https:\/\/iqvagro.com\/es-es\/producto-es\/vitra-vid\/#breadcrumb","itemListElement":[{"@type":"ListItem","position":1,"name":"Portada","item":"https:\/\/iqvagro.com\/es-es\/"},{"@type":"ListItem","position":2,"name":"Productos","item":"https:\/\/iqvagro.com\/es-es\/buscador-de-productos\/"},{"@type":"ListItem","position":3,"name":"VITRA\u00ae VID"}]},{"@type":"WebSite","@id":"https:\/\/iqvagro.com\/#website","url":"https:\/\/iqvagro.com\/","name":"IQV Matholding Group","description":"Taking Care of Crops","publisher":{"@id":"https:\/\/iqvagro.com\/#organization"},"potentialAction":[{"@type":"SearchAction","target":{"@type":"EntryPoint","urlTemplate":"https:\/\/iqvagro.com\/?s={search_term_string}"},"query-input":{"@type":"PropertyValueSpecification","valueRequired":true,"valueName":"search_term_string"}}],"inLanguage":"es-ES-ES"},{"@type":"Organization","@id":"https:\/\/iqvagro.com\/#organization","name":"IQV Matholding Group","url":"https:\/\/iqvagro.com\/","logo":{"@type":"ImageObject","inLanguage":"es-ES-ES","@id":"https:\/\/iqvagro.com\/#\/schema\/logo\/image\/","url":"https:\/\/iqvagro.com\/wp-content\/uploads\/2025\/05\/logo_IQV_new_2025.svg","contentUrl":"https:\/\/iqvagro.com\/wp-content\/uploads\/2025\/05\/logo_IQV_new_2025.svg","caption":"IQV Matholding Group"},"image":{"@id":"https:\/\/iqvagro.com\/#\/schema\/logo\/image\/"},"sameAs":["https:\/\/www.facebook.com\/iqv.cropscience","https:\/\/www.instagram.com\/iqv.cropscience\/"]}]}},"_links":{"self":[{"href":"https:\/\/iqvagro.com\/es-es\/wp-json\/wp\/v2\/product\/16382","targetHints":{"allow":["GET"]}}],"collection":[{"href":"https:\/\/iqvagro.com\/es-es\/wp-json\/wp\/v2\/product"}],"about":[{"href":"https:\/\/iqvagro.com\/es-es\/wp-json\/wp\/v2\/types\/product"}],"wp:featuredmedia":[{"embeddable":true,"href":"https:\/\/iqvagro.com\/es-es\/wp-json\/wp\/v2\/media\/21546"}],"wp:attachment":[{"href":"https:\/\/iqvagro.com\/es-es\/wp-json\/wp\/v2\/media?parent=16382"}],"wp:term":[{"taxonomy":"product_brand","embeddable":true,"href":"https:\/\/iqvagro.com\/es-es\/wp-json\/wp\/v2\/product_brand?post=16382"},{"taxonomy":"product_cat","embeddable":true,"href":"https:\/\/iqvagro.com\/es-es\/wp-json\/wp\/v2\/product_cat?post=16382"},{"taxonomy":"product_tag","embeddable":true,"href":"https:\/\/iqvagro.com\/es-es\/wp-json\/wp\/v2\/product_tag?post=16382"}],"curies":[{"name":"wp","href":"https:\/\/api.w.org\/{rel}","templated":true}]}}