{"id":17083,"date":"2023-11-10T09:31:46","date_gmt":"2023-11-10T08:31:46","guid":{"rendered":"https:\/\/iqvagro.com\/?page_id=17083"},"modified":"2024-02-06T12:41:49","modified_gmt":"2024-02-06T11:41:49","slug":"logistica-quimica","status":"publish","type":"page","link":"https:\/\/iqvagro.com\/es-es\/servicios\/logistica-quimica\/","title":{"rendered":"Log\u00edstica qu\u00edmica"},"content":{"rendered":"\t\t<div data-elementor-type=\"wp-page\" data-elementor-id=\"17083\" class=\"elementor elementor-17083\" data-elementor-post-type=\"page\">\n\t\t\t\t\t\t<section class=\"elementor-section elementor-top-section elementor-element elementor-element-2321eb51 elementor-section-boxed elementor-section-height-default elementor-section-height-default\" data-id=\"2321eb51\" data-element_type=\"section\" data-e-type=\"section\" data-settings=\"{&quot;background_background&quot;:&quot;classic&quot;}\">\n\t\t\t\t\t\t\t<div class=\"elementor-background-overlay\"><\/div>\n\t\t\t\t\t\t\t<div class=\"elementor-container elementor-column-gap-default\">\n\t\t\t\t\t<div class=\"elementor-column elementor-col-100 elementor-top-column elementor-element elementor-element-59e544f3\" data-id=\"59e544f3\" data-element_type=\"column\" data-e-type=\"column\">\n\t\t\t<div class=\"elementor-widget-wrap elementor-element-populated\">\n\t\t\t\t\t\t<div class=\"elementor-element elementor-element-21acb775 elementor-widget elementor-widget-heading\" data-id=\"21acb775\" data-element_type=\"widget\" data-e-type=\"widget\" data-widget_type=\"heading.default\">\n\t\t\t\t<div class=\"elementor-widget-container\">\n\t\t\t\t\t<h1 class=\"elementor-heading-title elementor-size-default\">Log\u00edstica qu\u00edmica<\/h1>\t\t\t\t<\/div>\n\t\t\t\t<\/div>\n\t\t\t\t<div class=\"elementor-element elementor-element-3b473a10 elementor-widget elementor-widget-heading\" data-id=\"3b473a10\" data-element_type=\"widget\" data-e-type=\"widget\" data-widget_type=\"heading.default\">\n\t\t\t\t<div class=\"elementor-widget-container\">\n\t\t\t\t\t<span class=\"elementor-heading-title elementor-size-default\">\u00bfListo para llevar tu log\u00edstica al siguiente nivel? Descubre c\u00f3mo IQV Agro puede ser tu aliado estrat\u00e9gico en la <strong>log\u00edstica qu\u00edmica<\/strong><\/span>\t\t\t\t<\/div>\n\t\t\t\t<\/div>\n\t\t\t\t\t<\/div>\n\t\t<\/div>\n\t\t\t\t\t<\/div>\n\t\t<\/section>\n\t\t\t\t<section class=\"elementor-section elementor-top-section elementor-element elementor-element-54198d3d elementor-section-boxed elementor-section-height-default elementor-section-height-default\" data-id=\"54198d3d\" data-element_type=\"section\" data-e-type=\"section\">\n\t\t\t\t\t\t<div class=\"elementor-container elementor-column-gap-default\">\n\t\t\t\t\t<div class=\"elementor-column elementor-col-100 elementor-top-column elementor-element elementor-element-1b43641e\" data-id=\"1b43641e\" data-element_type=\"column\" data-e-type=\"column\">\n\t\t\t<div class=\"elementor-widget-wrap elementor-element-populated\">\n\t\t\t\t\t\t<div class=\"elementor-element elementor-element-657f06c6 elementor-widget elementor-widget-heading\" data-id=\"657f06c6\" data-element_type=\"widget\" data-e-type=\"widget\" data-widget_type=\"heading.default\">\n\t\t\t\t<div class=\"elementor-widget-container\">\n\t\t\t\t\t<h2 class=\"elementor-heading-title elementor-size-default\">Compa\u00f1\u00eda qu\u00edmica de confianza: L\u00edder en log\u00edstica especializada<\/h2>\t\t\t\t<\/div>\n\t\t\t\t<\/div>\n\t\t\t\t<section class=\"elementor-section elementor-inner-section elementor-element elementor-element-25d4b768 elementor-section-boxed elementor-section-height-default elementor-section-height-default\" data-id=\"25d4b768\" data-element_type=\"section\" data-e-type=\"section\">\n\t\t\t\t\t\t<div class=\"elementor-container elementor-column-gap-default\">\n\t\t\t\t\t<div class=\"elementor-column elementor-col-100 elementor-inner-column elementor-element elementor-element-288f24fc\" data-id=\"288f24fc\" data-element_type=\"column\" data-e-type=\"column\">\n\t\t\t<div class=\"elementor-widget-wrap elementor-element-populated\">\n\t\t\t\t\t\t<div class=\"elementor-element elementor-element-9bd7ec4 elementor-widget elementor-widget-text-editor\" data-id=\"9bd7ec4\" data-element_type=\"widget\" data-e-type=\"widget\" data-widget_type=\"text-editor.default\">\n\t\t\t\t<div class=\"elementor-widget-container\">\n\t\t\t\t\t\t\t\t\t<p>En IQV Agro, entendemos que la <strong>log\u00edstica qu\u00edmica<\/strong> es mucho m\u00e1s que simplemente mover productos de un lugar a otro. Somos tu compa\u00f1\u00eda qu\u00edmica de confianza, comprometidos con la entrega segura y eficiente de productos qu\u00edmicos y alimentarios esenciales para el desarrollo agr\u00edcola y la nutrici\u00f3n animal. Nuestra experiencia en <strong>log\u00edstica integral<\/strong> nos permite gestionar cada aspecto de la cadena de suministro, garantizando la calidad de los productos desde el origen hasta su destino final.<\/p><h2>Servicios para la industria qu\u00edmica<\/h2><p>Con un enfoque centrado en la excelencia, ofrecemos soluciones personalizadas que se ajustan a las necesidades espec\u00edficas de la <strong>industria qu\u00edmica<\/strong>. Desde el almacenamiento seguro hasta la distribuci\u00f3n puntual, nuestra <strong>log\u00edstica especializada<\/strong> est\u00e1 respaldada por tecnolog\u00eda de vanguardia y un equipo altamente capacitado. Conf\u00eda en nosotros como tu socio estrat\u00e9gico para la <strong>log\u00edstica de productos qu\u00edmicos<\/strong>, y experimenta la tranquilidad de trabajar con una compa\u00f1\u00eda comprometida con la integridad, la eficiencia y la seguridad en cada paso del camino.<\/p>\t\t\t\t\t\t\t\t<\/div>\n\t\t\t\t<\/div>\n\t\t\t\t\t<\/div>\n\t\t<\/div>\n\t\t\t\t\t<\/div>\n\t\t<\/section>\n\t\t\t\t\t<\/div>\n\t\t<\/div>\n\t\t\t\t\t<\/div>\n\t\t<\/section>\n\t\t\t\t<section class=\"elementor-section elementor-top-section elementor-element elementor-element-65be1c26 elementor-section-boxed elementor-section-height-default elementor-section-height-default\" data-id=\"65be1c26\" data-element_type=\"section\" data-e-type=\"section\" id=\"productos\" data-settings=\"{&quot;background_background&quot;:&quot;classic&quot;}\">\n\t\t\t\t\t\t<div class=\"elementor-container elementor-column-gap-default\">\n\t\t\t\t\t<div class=\"elementor-column elementor-col-100 elementor-top-column elementor-element elementor-element-c5d13ae\" data-id=\"c5d13ae\" data-element_type=\"column\" data-e-type=\"column\">\n\t\t\t<div class=\"elementor-widget-wrap elementor-element-populated\">\n\t\t\t\t\t\t<div class=\"elementor-element elementor-element-5f8a832b elementor-widget elementor-widget-heading\" data-id=\"5f8a832b\" data-element_type=\"widget\" data-e-type=\"widget\" data-widget_type=\"heading.default\">\n\t\t\t\t<div class=\"elementor-widget-container\">\n\t\t\t\t\t<h2 class=\"elementor-heading-title elementor-size-default\">Log\u00edstica para la industria qu\u00edmica: Tu socio estrat\u00e9gico para tus productos<\/h2>\t\t\t\t<\/div>\n\t\t\t\t<\/div>\n\t\t\t\t\t<\/div>\n\t\t<\/div>\n\t\t\t\t\t<\/div>\n\t\t<\/section>\n\t\t\t\t<section class=\"elementor-section elementor-top-section elementor-element elementor-element-59a33ca2 elementor-section-boxed elementor-section-height-default elementor-section-height-default\" data-id=\"59a33ca2\" data-element_type=\"section\" data-e-type=\"section\">\n\t\t\t\t\t\t<div class=\"elementor-container elementor-column-gap-default\">\n\t\t\t\t\t<div class=\"elementor-column elementor-col-100 elementor-top-column elementor-element elementor-element-5daddaa5\" data-id=\"5daddaa5\" data-element_type=\"column\" data-e-type=\"column\">\n\t\t\t<div class=\"elementor-widget-wrap elementor-element-populated\">\n\t\t\t\t\t\t<div class=\"elementor-element elementor-element-f02c020 elementor-widget elementor-widget-text-editor\" data-id=\"f02c020\" data-element_type=\"widget\" data-e-type=\"widget\" data-widget_type=\"text-editor.default\">\n\t\t\t\t<div class=\"elementor-widget-container\">\n\t\t\t\t\t\t\t\t\t<p>En IQV Agro, entendemos que la <strong>log\u00edstica para la industria qu\u00edmica<\/strong> es un componente cr\u00edtico para el \u00e9xito empresarial. Nos enorgullece ser tu socio estrat\u00e9gico, brind\u00e1ndote soluciones log\u00edsticas que van m\u00e1s all\u00e1 de la simple gesti\u00f3n de productos. Nuestro compromiso con la excelencia nos impulsa a optimizar cada aspecto de la cadena de suministro, desde la adquisici\u00f3n de materias primas hasta la entrega final.<\/p>\n<p>Al elegir nuestra <strong>log\u00edstica integral<\/strong> para la <strong>industria qu\u00edmica<\/strong>, te beneficiar\u00e1s de una red de distribuci\u00f3n eficiente, procesos optimizados y un equipo dedicado a superar tus expectativas. La confiabilidad y la transparencia son fundamentales en nuestra operaci\u00f3n, respaldadas por a\u00f1os de experiencia y un enfoque proactivo para abordar los desaf\u00edos log\u00edsticos.<\/p>\t\t\t\t\t\t\t\t<\/div>\n\t\t\t\t<\/div>\n\t\t\t\t\t<\/div>\n\t\t<\/div>\n\t\t\t\t\t<\/div>\n\t\t<\/section>\n\t\t\t\t<section class=\"elementor-section elementor-top-section elementor-element elementor-element-d5a1798 elementor-section-boxed elementor-section-height-default elementor-section-height-default\" data-id=\"d5a1798\" data-element_type=\"section\" data-e-type=\"section\">\n\t\t\t\t\t\t<div class=\"elementor-container elementor-column-gap-default\">\n\t\t\t\t\t<div class=\"elementor-column elementor-col-100 elementor-top-column elementor-element elementor-element-034dbda\" data-id=\"034dbda\" data-element_type=\"column\" data-e-type=\"column\">\n\t\t\t<div class=\"elementor-widget-wrap elementor-element-populated\">\n\t\t\t\t\t\t<div class=\"elementor-element elementor-element-d6f8783 elementor-align-center elementor-widget elementor-widget-button\" data-id=\"d6f8783\" data-element_type=\"widget\" data-e-type=\"widget\" data-widget_type=\"button.default\">\n\t\t\t\t<div class=\"elementor-widget-container\">\n\t\t\t\t\t\t\t\t\t<div class=\"elementor-button-wrapper\">\n\t\t\t\t\t<a class=\"elementor-button elementor-button-link elementor-size-sm\" href=\"mailto:logistics@iqvagro.com\">\n\t\t\t\t\t\t<span class=\"elementor-button-content-wrapper\">\n\t\t\t\t\t\t\t\t\t<span class=\"elementor-button-text\">CONTACTAR CON UN ASESOR<\/span>\n\t\t\t\t\t<\/span>\n\t\t\t\t\t<\/a>\n\t\t\t\t<\/div>\n\t\t\t\t\t\t\t\t<\/div>\n\t\t\t\t<\/div>\n\t\t\t\t\t<\/div>\n\t\t<\/div>\n\t\t\t\t\t<\/div>\n\t\t<\/section>\n\t\t\t\t<section class=\"elementor-section elementor-top-section elementor-element elementor-element-f6b3020 elementor-section-boxed elementor-section-height-default elementor-section-height-default\" data-id=\"f6b3020\" data-element_type=\"section\" data-e-type=\"section\" data-settings=\"{&quot;background_background&quot;:&quot;classic&quot;}\">\n\t\t\t\t\t\t\t<div class=\"elementor-background-overlay\"><\/div>\n\t\t\t\t\t\t\t<div class=\"elementor-container elementor-column-gap-default\">\n\t\t\t\t\t<div class=\"elementor-column elementor-col-100 elementor-top-column elementor-element elementor-element-8bafb40\" data-id=\"8bafb40\" data-element_type=\"column\" data-e-type=\"column\">\n\t\t\t<div class=\"elementor-widget-wrap elementor-element-populated\">\n\t\t\t\t\t\t<div class=\"elementor-element elementor-element-7dc9600 elementor-widget elementor-widget-heading\" data-id=\"7dc9600\" data-element_type=\"widget\" data-e-type=\"widget\" data-widget_type=\"heading.default\">\n\t\t\t\t<div class=\"elementor-widget-container\">\n\t\t\t\t\t<span class=\"elementor-heading-title elementor-size-default\">IQV Agro no solo te proporciona un servicio, sino una asociaci\u00f3n estrat\u00e9gica que impulsa tu \u00e9xito en la <strong>industria qu\u00edmica<\/strong>. \u00a1Conf\u00eda en nosotros para llevar tu log\u00edstica al siguiente nivel!<\/span>\t\t\t\t<\/div>\n\t\t\t\t<\/div>\n\t\t\t\t\t<\/div>\n\t\t<\/div>\n\t\t\t\t\t<\/div>\n\t\t<\/section>\n\t\t\t\t<\/div>\n\t\t","protected":false},"excerpt":{"rendered":"<p>Log\u00edstica qu\u00edmica \u00bfListo para llevar tu log\u00edstica al siguiente nivel? Descubre c\u00f3mo IQV Agro puede ser tu aliado estrat\u00e9gico en la log\u00edstica qu\u00edmica Compa\u00f1\u00eda qu\u00edmica de confianza: L\u00edder en log\u00edstica especializada En IQV Agro, entendemos que la log\u00edstica qu\u00edmica es mucho m\u00e1s que simplemente mover productos de un lugar a otro. Somos tu compa\u00f1\u00eda qu\u00edmica [&hellip;]<\/p>\n","protected":false},"author":5,"featured_media":0,"parent":14168,"menu_order":0,"comment_status":"closed","ping_status":"closed","template":"","meta":{"_acf_changed":false,"footnotes":""},"class_list":["post-17083","page","type-page","status-publish","hentry"],"acf":[],"yoast_head":"<!-- This site is optimized with the Yoast SEO plugin v27.1.1 - https:\/\/yoast.com\/product\/yoast-seo-wordpress\/ -->\n<title>Servicios de log\u00edstica qu\u00edmica - IQV Matholding Group<\/title>\n<meta name=\"description\" content=\"Optimiza tu cadena de suministro qu\u00edmico con nuestro servicio de log\u00edstica especializada. \u00a1Eficiencia y seguridad garantizadas!\" \/>\n<meta name=\"robots\" content=\"index, follow, max-snippet:-1, max-image-preview:large, max-video-preview:-1\" \/>\n<link rel=\"canonical\" href=\"https:\/\/iqvagro.com\/servicios\/logistica-quimica\/\" \/>\n<meta property=\"og:locale\" content=\"es_ES\" \/>\n<meta property=\"og:type\" content=\"article\" \/>\n<meta property=\"og:title\" content=\"Servicios de log\u00edstica qu\u00edmica - IQV Matholding Group\" \/>\n<meta property=\"og:description\" content=\"Optimiza tu cadena de suministro qu\u00edmico con nuestro servicio de log\u00edstica especializada. \u00a1Eficiencia y seguridad garantizadas!\" \/>\n<meta property=\"og:url\" content=\"https:\/\/iqvagro.com\/servicios\/logistica-quimica\/\" \/>\n<meta property=\"og:site_name\" content=\"IQV Matholding Group\" \/>\n<meta property=\"article:publisher\" content=\"https:\/\/www.facebook.com\/iqv.cropscience\" \/>\n<meta property=\"article:modified_time\" content=\"2024-02-06T11:41:49+00:00\" \/>\n<meta name=\"twitter:card\" content=\"summary_large_image\" \/>\n<meta name=\"twitter:label1\" content=\"Est. reading time\" \/>\n\t<meta name=\"twitter:data1\" content=\"2 minutes\" \/>\n<script type=\"application\/ld+json\" class=\"yoast-schema-graph\">{\"@context\":\"https:\/\/schema.org\",\"@graph\":[{\"@type\":\"WebPage\",\"@id\":\"https:\/\/iqvagro.com\/servicios\/logistica-quimica\/\",\"url\":\"https:\/\/iqvagro.com\/servicios\/logistica-quimica\/\",\"name\":\"Servicios de log\u00edstica qu\u00edmica - IQV Matholding Group\",\"isPartOf\":{\"@id\":\"https:\/\/iqvagro.com\/#website\"},\"datePublished\":\"2023-11-10T08:31:46+00:00\",\"dateModified\":\"2024-02-06T11:41:49+00:00\",\"description\":\"Optimiza tu cadena de suministro qu\u00edmico con nuestro servicio de log\u00edstica especializada. \u00a1Eficiencia y seguridad garantizadas!\",\"breadcrumb\":{\"@id\":\"https:\/\/iqvagro.com\/servicios\/logistica-quimica\/#breadcrumb\"},\"inLanguage\":\"es-ES-ES\",\"potentialAction\":[{\"@type\":\"ReadAction\",\"target\":[\"https:\/\/iqvagro.com\/servicios\/logistica-quimica\/\"]}]},{\"@type\":\"BreadcrumbList\",\"@id\":\"https:\/\/iqvagro.com\/servicios\/logistica-quimica\/#breadcrumb\",\"itemListElement\":[{\"@type\":\"ListItem\",\"position\":1,\"name\":\"Portada\",\"item\":\"https:\/\/iqvagro.com\/es-es\/\"},{\"@type\":\"ListItem\",\"position\":2,\"name\":\"Servicios\",\"item\":\"https:\/\/iqvagro.com\/servicios\/\"},{\"@type\":\"ListItem\",\"position\":3,\"name\":\"Log\u00edstica qu\u00edmica\"}]},{\"@type\":\"WebSite\",\"@id\":\"https:\/\/iqvagro.com\/#website\",\"url\":\"https:\/\/iqvagro.com\/\",\"name\":\"IQV Matholding Group\",\"description\":\"Taking Care of Crops\",\"publisher\":{\"@id\":\"https:\/\/iqvagro.com\/#organization\"},\"potentialAction\":[{\"@type\":\"SearchAction\",\"target\":{\"@type\":\"EntryPoint\",\"urlTemplate\":\"https:\/\/iqvagro.com\/?s={search_term_string}\"},\"query-input\":{\"@type\":\"PropertyValueSpecification\",\"valueRequired\":true,\"valueName\":\"search_term_string\"}}],\"inLanguage\":\"es-ES-ES\"},{\"@type\":\"Organization\",\"@id\":\"https:\/\/iqvagro.com\/#organization\",\"name\":\"IQV Matholding Group\",\"url\":\"https:\/\/iqvagro.com\/\",\"logo\":{\"@type\":\"ImageObject\",\"inLanguage\":\"es-ES-ES\",\"@id\":\"https:\/\/iqvagro.com\/#\/schema\/logo\/image\/\",\"url\":\"https:\/\/iqvagro.com\/wp-content\/uploads\/2025\/05\/logo_IQV_new_2025.svg\",\"contentUrl\":\"https:\/\/iqvagro.com\/wp-content\/uploads\/2025\/05\/logo_IQV_new_2025.svg\",\"caption\":\"IQV Matholding Group\"},\"image\":{\"@id\":\"https:\/\/iqvagro.com\/#\/schema\/logo\/image\/\"},\"sameAs\":[\"https:\/\/www.facebook.com\/iqv.cropscience\",\"https:\/\/www.instagram.com\/iqv.cropscience\/\"]}]}<\/script>\n<!-- \/ Yoast SEO plugin. -->","yoast_head_json":{"title":"Servicios de log\u00edstica qu\u00edmica - IQV Matholding Group","description":"Optimiza tu cadena de suministro qu\u00edmico con nuestro servicio de log\u00edstica especializada. \u00a1Eficiencia y seguridad garantizadas!","robots":{"index":"index","follow":"follow","max-snippet":"max-snippet:-1","max-image-preview":"max-image-preview:large","max-video-preview":"max-video-preview:-1"},"canonical":"https:\/\/iqvagro.com\/servicios\/logistica-quimica\/","og_locale":"es_ES","og_type":"article","og_title":"Servicios de log\u00edstica qu\u00edmica - IQV Matholding Group","og_description":"Optimiza tu cadena de suministro qu\u00edmico con nuestro servicio de log\u00edstica especializada. \u00a1Eficiencia y seguridad garantizadas!","og_url":"https:\/\/iqvagro.com\/servicios\/logistica-quimica\/","og_site_name":"IQV Matholding Group","article_publisher":"https:\/\/www.facebook.com\/iqv.cropscience","article_modified_time":"2024-02-06T11:41:49+00:00","twitter_card":"summary_large_image","twitter_misc":{"Est. reading time":"2 minutes"},"schema":{"@context":"https:\/\/schema.org","@graph":[{"@type":"WebPage","@id":"https:\/\/iqvagro.com\/servicios\/logistica-quimica\/","url":"https:\/\/iqvagro.com\/servicios\/logistica-quimica\/","name":"Servicios de log\u00edstica qu\u00edmica - IQV Matholding Group","isPartOf":{"@id":"https:\/\/iqvagro.com\/#website"},"datePublished":"2023-11-10T08:31:46+00:00","dateModified":"2024-02-06T11:41:49+00:00","description":"Optimiza tu cadena de suministro qu\u00edmico con nuestro servicio de log\u00edstica especializada. \u00a1Eficiencia y seguridad garantizadas!","breadcrumb":{"@id":"https:\/\/iqvagro.com\/servicios\/logistica-quimica\/#breadcrumb"},"inLanguage":"es-ES-ES","potentialAction":[{"@type":"ReadAction","target":["https:\/\/iqvagro.com\/servicios\/logistica-quimica\/"]}]},{"@type":"BreadcrumbList","@id":"https:\/\/iqvagro.com\/servicios\/logistica-quimica\/#breadcrumb","itemListElement":[{"@type":"ListItem","position":1,"name":"Portada","item":"https:\/\/iqvagro.com\/es-es\/"},{"@type":"ListItem","position":2,"name":"Servicios","item":"https:\/\/iqvagro.com\/servicios\/"},{"@type":"ListItem","position":3,"name":"Log\u00edstica qu\u00edmica"}]},{"@type":"WebSite","@id":"https:\/\/iqvagro.com\/#website","url":"https:\/\/iqvagro.com\/","name":"IQV Matholding Group","description":"Taking Care of Crops","publisher":{"@id":"https:\/\/iqvagro.com\/#organization"},"potentialAction":[{"@type":"SearchAction","target":{"@type":"EntryPoint","urlTemplate":"https:\/\/iqvagro.com\/?s={search_term_string}"},"query-input":{"@type":"PropertyValueSpecification","valueRequired":true,"valueName":"search_term_string"}}],"inLanguage":"es-ES-ES"},{"@type":"Organization","@id":"https:\/\/iqvagro.com\/#organization","name":"IQV Matholding Group","url":"https:\/\/iqvagro.com\/","logo":{"@type":"ImageObject","inLanguage":"es-ES-ES","@id":"https:\/\/iqvagro.com\/#\/schema\/logo\/image\/","url":"https:\/\/iqvagro.com\/wp-content\/uploads\/2025\/05\/logo_IQV_new_2025.svg","contentUrl":"https:\/\/iqvagro.com\/wp-content\/uploads\/2025\/05\/logo_IQV_new_2025.svg","caption":"IQV Matholding Group"},"image":{"@id":"https:\/\/iqvagro.com\/#\/schema\/logo\/image\/"},"sameAs":["https:\/\/www.facebook.com\/iqv.cropscience","https:\/\/www.instagram.com\/iqv.cropscience\/"]}]}},"_links":{"self":[{"href":"https:\/\/iqvagro.com\/es-es\/wp-json\/wp\/v2\/pages\/17083","targetHints":{"allow":["GET"]}}],"collection":[{"href":"https:\/\/iqvagro.com\/es-es\/wp-json\/wp\/v2\/pages"}],"about":[{"href":"https:\/\/iqvagro.com\/es-es\/wp-json\/wp\/v2\/types\/page"}],"author":[{"embeddable":true,"href":"https:\/\/iqvagro.com\/es-es\/wp-json\/wp\/v2\/users\/5"}],"replies":[{"embeddable":true,"href":"https:\/\/iqvagro.com\/es-es\/wp-json\/wp\/v2\/comments?post=17083"}],"version-history":[{"count":0,"href":"https:\/\/iqvagro.com\/es-es\/wp-json\/wp\/v2\/pages\/17083\/revisions"}],"up":[{"embeddable":true,"href":"https:\/\/iqvagro.com\/es-es\/wp-json\/wp\/v2\/pages\/14168"}],"wp:attachment":[{"href":"https:\/\/iqvagro.com\/es-es\/wp-json\/wp\/v2\/media?parent=17083"}],"curies":[{"name":"wp","href":"https:\/\/api.w.org\/{rel}","templated":true}]}}