{"id":17071,"date":"2023-12-06T11:35:59","date_gmt":"2023-12-06T10:35:59","guid":{"rendered":"https:\/\/iqvagro.com\/?page_id=17071"},"modified":"2023-12-06T16:01:46","modified_gmt":"2023-12-06T15:01:46","slug":"fitosanitarios-agricolas","status":"publish","type":"page","link":"https:\/\/iqvagro.com\/es-es\/fitosanitarios-agricolas\/","title":{"rendered":"Productos fitosanitarios agr\u00edcolas"},"content":{"rendered":"\t\t<div data-elementor-type=\"wp-page\" data-elementor-id=\"17071\" class=\"elementor elementor-17071\" data-elementor-post-type=\"page\">\n\t\t\t\t\t\t<section class=\"elementor-section elementor-top-section elementor-element elementor-element-2321eb51 elementor-section-boxed elementor-section-height-default elementor-section-height-default\" data-id=\"2321eb51\" data-element_type=\"section\" data-e-type=\"section\" data-settings=\"{&quot;background_background&quot;:&quot;classic&quot;}\">\n\t\t\t\t\t\t\t<div class=\"elementor-background-overlay\"><\/div>\n\t\t\t\t\t\t\t<div class=\"elementor-container elementor-column-gap-default\">\n\t\t\t\t\t<div class=\"elementor-column elementor-col-100 elementor-top-column elementor-element elementor-element-59e544f3\" data-id=\"59e544f3\" data-element_type=\"column\" data-e-type=\"column\">\n\t\t\t<div class=\"elementor-widget-wrap elementor-element-populated\">\n\t\t\t\t\t\t<div class=\"elementor-element elementor-element-21acb775 elementor-widget elementor-widget-heading\" data-id=\"21acb775\" data-element_type=\"widget\" data-e-type=\"widget\" data-widget_type=\"heading.default\">\n\t\t\t\t<div class=\"elementor-widget-container\">\n\t\t\t\t\t<h1 class=\"elementor-heading-title elementor-size-default\">Productos fitosanitarios agr\u00edcolas<\/h1>\t\t\t\t<\/div>\n\t\t\t\t<\/div>\n\t\t\t\t<div class=\"elementor-element elementor-element-3b473a10 elementor-widget elementor-widget-heading\" data-id=\"3b473a10\" data-element_type=\"widget\" data-e-type=\"widget\" data-widget_type=\"heading.default\">\n\t\t\t\t<div class=\"elementor-widget-container\">\n\t\t\t\t\t<span class=\"elementor-heading-title elementor-size-default\">En el coraz\u00f3n de la revoluci\u00f3n agr\u00edcola se encuentran los fitosanitarios IQV Agro, dise\u00f1ados para elevar la protecci\u00f3n de tus cultivos a un nivel sin precedentes. Descubre c\u00f3mo nuestra marca l\u00edder est\u00e1 transformando la manera en que los agricultores enfrentan los desaf\u00edos fitosanitarios, asegurando cosechas m\u00e1s saludables y rendimientos sostenibles.<\/span>\t\t\t\t<\/div>\n\t\t\t\t<\/div>\n\t\t\t\t\t<\/div>\n\t\t<\/div>\n\t\t\t\t\t<\/div>\n\t\t<\/section>\n\t\t\t\t<section class=\"elementor-section elementor-top-section elementor-element elementor-element-2c6233d1 elementor-section-full_width customs-btn elementor-section-height-default elementor-section-height-default\" data-id=\"2c6233d1\" data-element_type=\"section\" data-e-type=\"section\">\n\t\t\t\t\t\t<div class=\"elementor-container elementor-column-gap-no\">\n\t\t\t\t\t<div class=\"elementor-column elementor-col-33 elementor-top-column elementor-element elementor-element-5dffb7ed\" data-id=\"5dffb7ed\" data-element_type=\"column\" data-e-type=\"column\">\n\t\t\t<div class=\"elementor-widget-wrap elementor-element-populated\">\n\t\t\t\t\t\t<div class=\"elementor-element elementor-element-78f121e8 elementor-align-center elementor-widget__width-inherit elementor-widget elementor-widget-button\" data-id=\"78f121e8\" data-element_type=\"widget\" data-e-type=\"widget\" data-widget_type=\"button.default\">\n\t\t\t\t<div class=\"elementor-widget-container\">\n\t\t\t\t\t\t\t\t\t<div class=\"elementor-button-wrapper\">\n\t\t\t\t\t<a class=\"elementor-button elementor-button-link elementor-size-lg\" href=\"https:\/\/iqvagro.com\/sales-de-cobre\/\">\n\t\t\t\t\t\t<span class=\"elementor-button-content-wrapper\">\n\t\t\t\t\t\t\t\t\t<span class=\"elementor-button-text\">SALES DE COBRE<\/span>\n\t\t\t\t\t<\/span>\n\t\t\t\t\t<\/a>\n\t\t\t\t<\/div>\n\t\t\t\t\t\t\t\t<\/div>\n\t\t\t\t<\/div>\n\t\t\t\t\t<\/div>\n\t\t<\/div>\n\t\t\t\t<div class=\"elementor-column elementor-col-33 elementor-top-column elementor-element elementor-element-3372b55\" data-id=\"3372b55\" data-element_type=\"column\" data-e-type=\"column\">\n\t\t\t<div class=\"elementor-widget-wrap elementor-element-populated\">\n\t\t\t\t\t\t<div class=\"elementor-element elementor-element-2cce34c5 elementor-align-center elementor-widget__width-inherit elementor-widget elementor-widget-button\" data-id=\"2cce34c5\" data-element_type=\"widget\" data-e-type=\"widget\" data-widget_type=\"button.default\">\n\t\t\t\t<div class=\"elementor-widget-container\">\n\t\t\t\t\t\t\t\t\t<div class=\"elementor-button-wrapper\">\n\t\t\t\t\t<a class=\"elementor-button elementor-button-link elementor-size-lg\" href=\"https:\/\/iqvagro.com\/metalaxil\/\">\n\t\t\t\t\t\t<span class=\"elementor-button-content-wrapper\">\n\t\t\t\t\t\t\t\t\t<span class=\"elementor-button-text\">METALAXIL<\/span>\n\t\t\t\t\t<\/span>\n\t\t\t\t\t<\/a>\n\t\t\t\t<\/div>\n\t\t\t\t\t\t\t\t<\/div>\n\t\t\t\t<\/div>\n\t\t\t\t\t<\/div>\n\t\t<\/div>\n\t\t\t\t<div class=\"elementor-column elementor-col-33 elementor-top-column elementor-element elementor-element-75f31250\" data-id=\"75f31250\" data-element_type=\"column\" data-e-type=\"column\">\n\t\t\t<div class=\"elementor-widget-wrap elementor-element-populated\">\n\t\t\t\t\t\t<div class=\"elementor-element elementor-element-2cc5cb8 elementor-align-center elementor-widget__width-inherit elementor-widget elementor-widget-button\" data-id=\"2cc5cb8\" data-element_type=\"widget\" data-e-type=\"widget\" data-widget_type=\"button.default\">\n\t\t\t\t<div class=\"elementor-widget-container\">\n\t\t\t\t\t\t\t\t\t<div class=\"elementor-button-wrapper\">\n\t\t\t\t\t<a class=\"elementor-button elementor-button-link elementor-size-lg\" href=\"https:\/\/iqvagro.com\/bios\/\">\n\t\t\t\t\t\t<span class=\"elementor-button-content-wrapper\">\n\t\t\t\t\t\t\t\t\t<span class=\"elementor-button-text\">BIOS<\/span>\n\t\t\t\t\t<\/span>\n\t\t\t\t\t<\/a>\n\t\t\t\t<\/div>\n\t\t\t\t\t\t\t\t<\/div>\n\t\t\t\t<\/div>\n\t\t\t\t\t<\/div>\n\t\t<\/div>\n\t\t\t\t\t<\/div>\n\t\t<\/section>\n\t\t\t\t<section class=\"elementor-section elementor-top-section elementor-element elementor-element-54198d3d elementor-section-boxed elementor-section-height-default elementor-section-height-default\" data-id=\"54198d3d\" data-element_type=\"section\" data-e-type=\"section\">\n\t\t\t\t\t\t<div class=\"elementor-container elementor-column-gap-default\">\n\t\t\t\t\t<div class=\"elementor-column elementor-col-100 elementor-top-column elementor-element elementor-element-1b43641e\" data-id=\"1b43641e\" data-element_type=\"column\" data-e-type=\"column\">\n\t\t\t<div class=\"elementor-widget-wrap elementor-element-populated\">\n\t\t\t\t\t\t<div class=\"elementor-element elementor-element-657f06c6 elementor-widget elementor-widget-heading\" data-id=\"657f06c6\" data-element_type=\"widget\" data-e-type=\"widget\" data-widget_type=\"heading.default\">\n\t\t\t\t<div class=\"elementor-widget-container\">\n\t\t\t\t\t<h2 class=\"elementor-heading-title elementor-size-default\">Productos fitosanitarios para la agricultura de IQV Agro: Un vistazo a la vanguardia<\/h2>\t\t\t\t<\/div>\n\t\t\t\t<\/div>\n\t\t\t\t<section class=\"elementor-section elementor-inner-section elementor-element elementor-element-25d4b768 elementor-section-boxed elementor-section-height-default elementor-section-height-default\" data-id=\"25d4b768\" data-element_type=\"section\" data-e-type=\"section\">\n\t\t\t\t\t\t<div class=\"elementor-container elementor-column-gap-default\">\n\t\t\t\t\t<div class=\"elementor-column elementor-col-100 elementor-inner-column elementor-element elementor-element-288f24fc\" data-id=\"288f24fc\" data-element_type=\"column\" data-e-type=\"column\">\n\t\t\t<div class=\"elementor-widget-wrap elementor-element-populated\">\n\t\t\t\t\t\t<div class=\"elementor-element elementor-element-9bd7ec4 elementor-widget elementor-widget-text-editor\" data-id=\"9bd7ec4\" data-element_type=\"widget\" data-e-type=\"widget\" data-widget_type=\"text-editor.default\">\n\t\t\t\t<div class=\"elementor-widget-container\">\n\t\t\t\t\t\t\t\t\t<p>Los Fitosanitarios Agr\u00edcolas de IQV Agro representan la c\u00faspide de la innovaci\u00f3n en la protecci\u00f3n de cultivos. Con f\u00f3rmulas exclusivas y ingredientes activos de \u00faltima generaci\u00f3n, garantizamos una eficacia inigualable en la prevenci\u00f3n y control de plagas, enfermedades y malezas.<\/p><h3>Compromiso con la Sostenibilidad<\/h3><p>En IQV Agro, entendemos la importancia de la sostenibilidad agr\u00edcola. Nuestros Fitosanitarios Agr\u00edcolas est\u00e1n formulados con un enfoque ecol\u00f3gico, minimizando el impacto ambiental y fomentando pr\u00e1cticas agr\u00edcolas responsables.<\/p>\t\t\t\t\t\t\t\t<\/div>\n\t\t\t\t<\/div>\n\t\t\t\t\t<\/div>\n\t\t<\/div>\n\t\t\t\t\t<\/div>\n\t\t<\/section>\n\t\t\t\t\t<\/div>\n\t\t<\/div>\n\t\t\t\t\t<\/div>\n\t\t<\/section>\n\t\t\t\t<section class=\"elementor-section elementor-top-section elementor-element elementor-element-65be1c26 elementor-section-boxed elementor-section-height-default elementor-section-height-default\" data-id=\"65be1c26\" data-element_type=\"section\" data-e-type=\"section\" id=\"productos\" data-settings=\"{&quot;background_background&quot;:&quot;classic&quot;}\">\n\t\t\t\t\t\t<div class=\"elementor-container elementor-column-gap-default\">\n\t\t\t\t\t<div class=\"elementor-column elementor-col-100 elementor-top-column elementor-element elementor-element-c5d13ae\" data-id=\"c5d13ae\" data-element_type=\"column\" data-e-type=\"column\">\n\t\t\t<div class=\"elementor-widget-wrap elementor-element-populated\">\n\t\t\t\t\t\t<div class=\"elementor-element elementor-element-5f8a832b elementor-widget elementor-widget-heading\" data-id=\"5f8a832b\" data-element_type=\"widget\" data-e-type=\"widget\" data-widget_type=\"heading.default\">\n\t\t\t\t<div class=\"elementor-widget-container\">\n\t\t\t\t\t<h2 class=\"elementor-heading-title elementor-size-default\">La Evoluci\u00f3n Continua de los Productos IQV Agro<\/h2>\t\t\t\t<\/div>\n\t\t\t\t<\/div>\n\t\t\t\t\t<\/div>\n\t\t<\/div>\n\t\t\t\t\t<\/div>\n\t\t<\/section>\n\t\t\t\t<section class=\"elementor-section elementor-top-section elementor-element elementor-element-59a33ca2 elementor-section-boxed elementor-section-height-default elementor-section-height-default\" data-id=\"59a33ca2\" data-element_type=\"section\" data-e-type=\"section\">\n\t\t\t\t\t\t<div class=\"elementor-container elementor-column-gap-default\">\n\t\t\t\t\t<div class=\"elementor-column elementor-col-100 elementor-top-column elementor-element elementor-element-5daddaa5\" data-id=\"5daddaa5\" data-element_type=\"column\" data-e-type=\"column\">\n\t\t\t<div class=\"elementor-widget-wrap elementor-element-populated\">\n\t\t\t\t\t\t<section class=\"elementor-section elementor-inner-section elementor-element elementor-element-72dbde9a elementor-section-boxed elementor-section-height-default elementor-section-height-default\" data-id=\"72dbde9a\" data-element_type=\"section\" data-e-type=\"section\">\n\t\t\t\t\t\t<div class=\"elementor-container elementor-column-gap-default\">\n\t\t\t\t\t<div class=\"elementor-column elementor-col-50 elementor-inner-column elementor-element elementor-element-6fed66c4\" data-id=\"6fed66c4\" data-element_type=\"column\" data-e-type=\"column\">\n\t\t\t<div class=\"elementor-widget-wrap elementor-element-populated\">\n\t\t\t\t\t\t<div class=\"elementor-element elementor-element-7860db8a elementor-widget elementor-widget-text-editor\" data-id=\"7860db8a\" data-element_type=\"widget\" data-e-type=\"widget\" data-widget_type=\"text-editor.default\">\n\t\t\t\t<div class=\"elementor-widget-container\">\n\t\t\t\t\t\t\t\t\t<p>Nuestro compromiso con la excelencia se refleja en la evoluci\u00f3n constante de nuestros productos. Desde la fase de investigaci\u00f3n hasta la aplicaci\u00f3n en el campo, cada paso est\u00e1 impulsado por la b\u00fasqueda de soluciones fitosanitarias superiores.<\/p>\t\t\t\t\t\t\t\t<\/div>\n\t\t\t\t<\/div>\n\t\t\t\t\t<\/div>\n\t\t<\/div>\n\t\t\t\t<div class=\"elementor-column elementor-col-50 elementor-inner-column elementor-element elementor-element-3eaa1ba9\" data-id=\"3eaa1ba9\" data-element_type=\"column\" data-e-type=\"column\">\n\t\t\t<div class=\"elementor-widget-wrap elementor-element-populated\">\n\t\t\t\t\t\t<div class=\"elementor-element elementor-element-79826a39 elementor-widget elementor-widget-text-editor\" data-id=\"79826a39\" data-element_type=\"widget\" data-e-type=\"widget\" data-widget_type=\"text-editor.default\">\n\t\t\t\t<div class=\"elementor-widget-container\">\n\t\t\t\t\t\t\t\t\t<p>Las herramientas tecnol\u00f3gicas m\u00e1s avanzadas respaldan la producci\u00f3n de nuestros Fitosanitarios Agr\u00edcolas. Esto nos permite ofrecer productos con mayor selectividad, reduciendo al m\u00ednimo los impactos adversos y maximizando la salud de tus cultivos.<\/p>\t\t\t\t\t\t\t\t<\/div>\n\t\t\t\t<\/div>\n\t\t\t\t\t<\/div>\n\t\t<\/div>\n\t\t\t\t\t<\/div>\n\t\t<\/section>\n\t\t\t\t\t<\/div>\n\t\t<\/div>\n\t\t\t\t\t<\/div>\n\t\t<\/section>\n\t\t\t\t<section class=\"elementor-section elementor-top-section elementor-element elementor-element-f6b3020 elementor-section-boxed elementor-section-height-default elementor-section-height-default\" data-id=\"f6b3020\" data-element_type=\"section\" data-e-type=\"section\" data-settings=\"{&quot;background_background&quot;:&quot;classic&quot;}\">\n\t\t\t\t\t\t\t<div class=\"elementor-background-overlay\"><\/div>\n\t\t\t\t\t\t\t<div class=\"elementor-container elementor-column-gap-default\">\n\t\t\t\t\t<div class=\"elementor-column elementor-col-100 elementor-top-column elementor-element elementor-element-8bafb40\" data-id=\"8bafb40\" data-element_type=\"column\" data-e-type=\"column\">\n\t\t\t<div class=\"elementor-widget-wrap elementor-element-populated\">\n\t\t\t\t\t\t<div class=\"elementor-element elementor-element-7dc9600 elementor-widget elementor-widget-heading\" data-id=\"7dc9600\" data-element_type=\"widget\" data-e-type=\"widget\" data-widget_type=\"heading.default\">\n\t\t\t\t<div class=\"elementor-widget-container\">\n\t\t\t\t\t<span class=\"elementor-heading-title elementor-size-default\">Con los fitosanitarios para agricultura de IQV Agro, estamos en una misi\u00f3n constante para mejorar la agricultura y elevar la productividad. Nuestra combinaci\u00f3n \u00fanica de innovaci\u00f3n, sostenibilidad y compromiso con los agricultores coloca a IQV Agro en la vanguardia de la protecci\u00f3n fitosanitaria.<\/span>\t\t\t\t<\/div>\n\t\t\t\t<\/div>\n\t\t\t\t\t<\/div>\n\t\t<\/div>\n\t\t\t\t\t<\/div>\n\t\t<\/section>\n\t\t\t\t<\/div>\n\t\t","protected":false},"excerpt":{"rendered":"<p>Productos fitosanitarios agr\u00edcolas En el coraz\u00f3n de la revoluci\u00f3n agr\u00edcola se encuentran los fitosanitarios IQV Agro, dise\u00f1ados para elevar la protecci\u00f3n de tus cultivos a un nivel sin precedentes. Descubre c\u00f3mo nuestra marca l\u00edder est\u00e1 transformando la manera en que los agricultores enfrentan los desaf\u00edos fitosanitarios, asegurando cosechas m\u00e1s saludables y rendimientos sostenibles. SALES DE [&hellip;]<\/p>\n","protected":false},"author":5,"featured_media":0,"parent":0,"menu_order":0,"comment_status":"closed","ping_status":"closed","template":"","meta":{"_acf_changed":false,"footnotes":""},"class_list":["post-17071","page","type-page","status-publish","hentry"],"acf":[],"yoast_head":"<!-- This site is optimized with the Yoast SEO plugin v27.1.1 - https:\/\/yoast.com\/product\/yoast-seo-wordpress\/ -->\n<title>Productos fitosanitarios para agricultura - IQV Matholding Group<\/title>\n<meta name=\"description\" content=\"Fabricamos productos fitosanitarios para una agricultura sostenible. Biopesticidas, fertilizantes, fungicidas, alimentaci\u00f3n animal.\" \/>\n<meta name=\"robots\" content=\"index, follow, max-snippet:-1, max-image-preview:large, max-video-preview:-1\" \/>\n<link rel=\"canonical\" href=\"https:\/\/iqvagro.com\/fitosanitarios-agricolas\/\" \/>\n<meta property=\"og:locale\" content=\"es_ES\" \/>\n<meta property=\"og:type\" content=\"article\" \/>\n<meta property=\"og:title\" content=\"Productos fitosanitarios para agricultura - IQV Matholding Group\" \/>\n<meta property=\"og:description\" content=\"Fabricamos productos fitosanitarios para una agricultura sostenible. Biopesticidas, fertilizantes, fungicidas, alimentaci\u00f3n animal.\" \/>\n<meta property=\"og:url\" content=\"https:\/\/iqvagro.com\/fitosanitarios-agricolas\/\" \/>\n<meta property=\"og:site_name\" content=\"IQV Matholding Group\" \/>\n<meta property=\"article:publisher\" content=\"https:\/\/www.facebook.com\/iqv.cropscience\" \/>\n<meta property=\"article:modified_time\" content=\"2023-12-06T15:01:46+00:00\" \/>\n<meta name=\"twitter:card\" content=\"summary_large_image\" \/>\n<meta name=\"twitter:label1\" content=\"Est. reading time\" \/>\n\t<meta name=\"twitter:data1\" content=\"2 minutes\" \/>\n<script type=\"application\/ld+json\" class=\"yoast-schema-graph\">{\"@context\":\"https:\/\/schema.org\",\"@graph\":[{\"@type\":\"WebPage\",\"@id\":\"https:\/\/iqvagro.com\/fitosanitarios-agricolas\/\",\"url\":\"https:\/\/iqvagro.com\/fitosanitarios-agricolas\/\",\"name\":\"Productos fitosanitarios para agricultura - IQV Matholding Group\",\"isPartOf\":{\"@id\":\"https:\/\/iqvagro.com\/#website\"},\"datePublished\":\"2023-12-06T10:35:59+00:00\",\"dateModified\":\"2023-12-06T15:01:46+00:00\",\"description\":\"Fabricamos productos fitosanitarios para una agricultura sostenible. Biopesticidas, fertilizantes, fungicidas, alimentaci\u00f3n animal.\",\"breadcrumb\":{\"@id\":\"https:\/\/iqvagro.com\/fitosanitarios-agricolas\/#breadcrumb\"},\"inLanguage\":\"es-ES-ES\",\"potentialAction\":[{\"@type\":\"ReadAction\",\"target\":[\"https:\/\/iqvagro.com\/fitosanitarios-agricolas\/\"]}]},{\"@type\":\"BreadcrumbList\",\"@id\":\"https:\/\/iqvagro.com\/fitosanitarios-agricolas\/#breadcrumb\",\"itemListElement\":[{\"@type\":\"ListItem\",\"position\":1,\"name\":\"Portada\",\"item\":\"https:\/\/iqvagro.com\/es-es\/\"},{\"@type\":\"ListItem\",\"position\":2,\"name\":\"Productos fitosanitarios agr\u00edcolas\"}]},{\"@type\":\"WebSite\",\"@id\":\"https:\/\/iqvagro.com\/#website\",\"url\":\"https:\/\/iqvagro.com\/\",\"name\":\"IQV Matholding Group\",\"description\":\"Taking Care of Crops\",\"publisher\":{\"@id\":\"https:\/\/iqvagro.com\/#organization\"},\"potentialAction\":[{\"@type\":\"SearchAction\",\"target\":{\"@type\":\"EntryPoint\",\"urlTemplate\":\"https:\/\/iqvagro.com\/?s={search_term_string}\"},\"query-input\":{\"@type\":\"PropertyValueSpecification\",\"valueRequired\":true,\"valueName\":\"search_term_string\"}}],\"inLanguage\":\"es-ES-ES\"},{\"@type\":\"Organization\",\"@id\":\"https:\/\/iqvagro.com\/#organization\",\"name\":\"IQV Matholding Group\",\"url\":\"https:\/\/iqvagro.com\/\",\"logo\":{\"@type\":\"ImageObject\",\"inLanguage\":\"es-ES-ES\",\"@id\":\"https:\/\/iqvagro.com\/#\/schema\/logo\/image\/\",\"url\":\"https:\/\/iqvagro.com\/wp-content\/uploads\/2025\/05\/logo_IQV_new_2025.svg\",\"contentUrl\":\"https:\/\/iqvagro.com\/wp-content\/uploads\/2025\/05\/logo_IQV_new_2025.svg\",\"caption\":\"IQV Matholding Group\"},\"image\":{\"@id\":\"https:\/\/iqvagro.com\/#\/schema\/logo\/image\/\"},\"sameAs\":[\"https:\/\/www.facebook.com\/iqv.cropscience\",\"https:\/\/www.instagram.com\/iqv.cropscience\/\"]}]}<\/script>\n<!-- \/ Yoast SEO plugin. -->","yoast_head_json":{"title":"Productos fitosanitarios para agricultura - IQV Matholding Group","description":"Fabricamos productos fitosanitarios para una agricultura sostenible. Biopesticidas, fertilizantes, fungicidas, alimentaci\u00f3n animal.","robots":{"index":"index","follow":"follow","max-snippet":"max-snippet:-1","max-image-preview":"max-image-preview:large","max-video-preview":"max-video-preview:-1"},"canonical":"https:\/\/iqvagro.com\/fitosanitarios-agricolas\/","og_locale":"es_ES","og_type":"article","og_title":"Productos fitosanitarios para agricultura - IQV Matholding Group","og_description":"Fabricamos productos fitosanitarios para una agricultura sostenible. Biopesticidas, fertilizantes, fungicidas, alimentaci\u00f3n animal.","og_url":"https:\/\/iqvagro.com\/fitosanitarios-agricolas\/","og_site_name":"IQV Matholding Group","article_publisher":"https:\/\/www.facebook.com\/iqv.cropscience","article_modified_time":"2023-12-06T15:01:46+00:00","twitter_card":"summary_large_image","twitter_misc":{"Est. reading time":"2 minutes"},"schema":{"@context":"https:\/\/schema.org","@graph":[{"@type":"WebPage","@id":"https:\/\/iqvagro.com\/fitosanitarios-agricolas\/","url":"https:\/\/iqvagro.com\/fitosanitarios-agricolas\/","name":"Productos fitosanitarios para agricultura - IQV Matholding Group","isPartOf":{"@id":"https:\/\/iqvagro.com\/#website"},"datePublished":"2023-12-06T10:35:59+00:00","dateModified":"2023-12-06T15:01:46+00:00","description":"Fabricamos productos fitosanitarios para una agricultura sostenible. Biopesticidas, fertilizantes, fungicidas, alimentaci\u00f3n animal.","breadcrumb":{"@id":"https:\/\/iqvagro.com\/fitosanitarios-agricolas\/#breadcrumb"},"inLanguage":"es-ES-ES","potentialAction":[{"@type":"ReadAction","target":["https:\/\/iqvagro.com\/fitosanitarios-agricolas\/"]}]},{"@type":"BreadcrumbList","@id":"https:\/\/iqvagro.com\/fitosanitarios-agricolas\/#breadcrumb","itemListElement":[{"@type":"ListItem","position":1,"name":"Portada","item":"https:\/\/iqvagro.com\/es-es\/"},{"@type":"ListItem","position":2,"name":"Productos fitosanitarios agr\u00edcolas"}]},{"@type":"WebSite","@id":"https:\/\/iqvagro.com\/#website","url":"https:\/\/iqvagro.com\/","name":"IQV Matholding Group","description":"Taking Care of Crops","publisher":{"@id":"https:\/\/iqvagro.com\/#organization"},"potentialAction":[{"@type":"SearchAction","target":{"@type":"EntryPoint","urlTemplate":"https:\/\/iqvagro.com\/?s={search_term_string}"},"query-input":{"@type":"PropertyValueSpecification","valueRequired":true,"valueName":"search_term_string"}}],"inLanguage":"es-ES-ES"},{"@type":"Organization","@id":"https:\/\/iqvagro.com\/#organization","name":"IQV Matholding Group","url":"https:\/\/iqvagro.com\/","logo":{"@type":"ImageObject","inLanguage":"es-ES-ES","@id":"https:\/\/iqvagro.com\/#\/schema\/logo\/image\/","url":"https:\/\/iqvagro.com\/wp-content\/uploads\/2025\/05\/logo_IQV_new_2025.svg","contentUrl":"https:\/\/iqvagro.com\/wp-content\/uploads\/2025\/05\/logo_IQV_new_2025.svg","caption":"IQV Matholding Group"},"image":{"@id":"https:\/\/iqvagro.com\/#\/schema\/logo\/image\/"},"sameAs":["https:\/\/www.facebook.com\/iqv.cropscience","https:\/\/www.instagram.com\/iqv.cropscience\/"]}]}},"_links":{"self":[{"href":"https:\/\/iqvagro.com\/es-es\/wp-json\/wp\/v2\/pages\/17071","targetHints":{"allow":["GET"]}}],"collection":[{"href":"https:\/\/iqvagro.com\/es-es\/wp-json\/wp\/v2\/pages"}],"about":[{"href":"https:\/\/iqvagro.com\/es-es\/wp-json\/wp\/v2\/types\/page"}],"author":[{"embeddable":true,"href":"https:\/\/iqvagro.com\/es-es\/wp-json\/wp\/v2\/users\/5"}],"replies":[{"embeddable":true,"href":"https:\/\/iqvagro.com\/es-es\/wp-json\/wp\/v2\/comments?post=17071"}],"version-history":[{"count":0,"href":"https:\/\/iqvagro.com\/es-es\/wp-json\/wp\/v2\/pages\/17071\/revisions"}],"wp:attachment":[{"href":"https:\/\/iqvagro.com\/es-es\/wp-json\/wp\/v2\/media?parent=17071"}],"curies":[{"name":"wp","href":"https:\/\/api.w.org\/{rel}","templated":true}]}}